{"id":13151,"date":"2022-05-02T18:02:32","date_gmt":"2022-05-02T18:02:32","guid":{"rendered":"https:\/\/www.anbanjia.com.cn\/product\/repose-pieds-reglable-dequipement-de-machine-de-readaptation-de-course-pour-des-accessoires-de-velo-de-readaptation\/"},"modified":"2022-05-02T18:02:32","modified_gmt":"2022-05-02T18:02:32","slug":"equipement-machine-de-readaptation-avc-repose-pieds-reglable-pour-accessoires-velo-de-readaptation","status":"publish","type":"product","link":"https:\/\/anbanjia.com.cn\/fr\/produit\/equipement-machine-de-readaptation-avc-repose-pieds-reglable-pour-accessoires-velo-de-readaptation\/","title":{"rendered":"Repose-pieds r\u00e9glable d&rsquo;\u00e9quipement de machine de r\u00e9adaptation de course pour des accessoires de v\u00e9lo de r\u00e9adaptation"},"content":{"rendered":"<div style=\"max-width: 750px; margin: 0 auto;\">\n<div id=\"detail_decorate_root\" data-magic-global=\"%7B%22bizId%22%3A3215165050%2C%22pageId%22%3A20071406683%2C%22siteId%22%3A5005610021%7D\">\n<div class=\"J_module\">\n<div class=\"icbu-pc-images magic-1\">\n<div>\n<div class=\"flex-layout-v\">\n<div class=\"flex-layout-h magic-1\">\n<div class=\"magic-2\">\n<p><a href=\"https:\/\/abj-medical.en.alibaba.com\/productlist.html?spm=a2700.icbuShop.88.17.34a644eboUUcrp\" target=\"_blank\" rel=\"noopener\"><img decoding=\"async\" class=\"magic-3\" style=\"max-width: 750;\" src=\"https:\/\/anbanjia.com.cn\/wp-content\/uploads\/2022\/05\/HTB1v2tVIQSWBuNjSszdq6zeSpXam.jpg\" data-src=\"\"><\/a><\/p>\n<div class=\"magic-6\"><span class=\"magic-7\" style=\"color: #e87474;\">Accessoires pour machines de r\u00e9\u00e9ducation<\/span><\/div>\n<div class=\"magic-8\">\n<div class=\"magic-9\">\n<div class=\"magic-10\">\n<div class=\"magic-6\"><span class=\"magic-11\">Ce produit ne convient qu&rsquo;\u00e0 la machine de r\u00e9\u00e9ducation de ce magasin. <\/span><\/div>\n<div class=\"magic-6\">\n<p><span class=\"magic-11\">Si vous utilisez d&rsquo;autres produits, veuillez d&rsquo;abord contacter Abby Su<\/span><\/p>\n<div class=\"magic-12\"><\/div>\n<\/div>\n<div class=\"magic-6\" data-spm-anchor-id=\"a2700.wholesale.0.i22.1ee438feARvgyr\">\n<p><span class=\"magic-11\">Merci <\/span><img decoding=\"async\" src=\"https:\/\/s.alicdn.com\/@sc04\/kf\/Had819b81cb754560a2a5254e5e2ff44ef\/230438700\/Had819b81cb754560a2a5254e5e2ff44ef.jpg?quality=close\"><img decoding=\"async\" src=\"https:\/\/s.alicdn.com\/@sc04\/kf\/H2bf9f08fbbd94a93aacd346cb1996d50o\/230438700\/H2bf9f08fbbd94a93aacd346cb1996d50o.png?quality=close\"><img decoding=\"async\" src=\"https:\/\/s.alicdn.com\/@sc04\/kf\/Hc113d6d84dee4a4b97e73e7db2fdfb2ee\/230438700\/Hc113d6d84dee4a4b97e73e7db2fdfb2ee.png?quality=close\"><img decoding=\"async\" src=\"https:\/\/s.alicdn.com\/@sc04\/kf\/Ha042bc38511d4017a7df1bef96472abas\/230438700\/Ha042bc38511d4017a7df1bef96472abas.jpg?quality=close\"><img decoding=\"async\" src=\"https:\/\/s.alicdn.com\/@sc04\/kf\/He71984ec78914d15a4ea65adaf90bc87h\/230438700\/He71984ec78914d15a4ea65adaf90bc87h.png?quality=close\"><img decoding=\"async\" src=\"https:\/\/s.alicdn.com\/@sc04\/kf\/Hd59e60e3e69046d6bfee228c0b9a50be6\/230438700\/Hd59e60e3e69046d6bfee228c0b9a50be6.jpg?quality=close\"><img decoding=\"async\" src=\"https:\/\/s.alicdn.com\/@sc04\/kf\/H734cae0800034adaa906d9068a6c95e6J\/230438700\/H734cae0800034adaa906d9068a6c95e6J.png?quality=close\"><\/p>\n<div class=\"magic-6\"><span class=\"magic-22\">Si vous souhaitez ajouter ces accessoires suppl\u00e9mentaires \u00e0 la machine de r\u00e9\u00e9ducation, veuillez contacter Abby Su<\/span><\/div>\n<div class=\"magic-6\" data-spm-anchor-id=\"a2700.wholesale.0.i32.1ee438feARvgyr\">\n<p><span class=\"magic-22\">Merci <\/span><img decoding=\"async\" src=\"https:\/\/s.alicdn.com\/@sc04\/kf\/H09ba62b775db47bd85c0aadd2e949b28L\/230438700\/H09ba62b775db47bd85c0aadd2e949b28L.jpg?quality=close\"><img decoding=\"async\" src=\"https:\/\/s.alicdn.com\/@sc04\/kf\/H137236235e054f4cb1a0479fd1bdc813a\/230438700\/H137236235e054f4cb1a0479fd1bdc813a.jpg?quality=close\"><img decoding=\"async\" src=\"https:\/\/s.alicdn.com\/@sc04\/kf\/Hf215f6f0e1644e2a8b1ba5a8969aed2bC\/230438700\/Hf215f6f0e1644e2a8b1ba5a8969aed2bC.jpg?quality=close\"><\/p>\n<p class=\"magic-24\"><span style=\"font-family: Arial, Helvetica; font-size: large;\">En tant que fournisseur professionnel et leader d&rsquo;\u00e9quipements m\u00e9dicaux, ABJ fournit de nombreux produits de fauteuils roulants de haute qualit\u00e9 \u00e0 la majorit\u00e9 des clients, ce qui r\u00e9pond \u00e0 leurs exigences.<br \/>\n<\/span><\/p>\n<p class=\"magic-24\"><span style=\"font-family: Arial, Helvetica; font-size: large;\">Tous les produits doivent \u00eatre inspect\u00e9s tr\u00e8s soigneusement par nous-m\u00eames avant l&rsquo;exp\u00e9dition.<br \/>\nNous fournissons aux clients une livraison rapide, un prix raisonnable, des services de haute qualit\u00e9 et \u00e0 long terme.<\/span><img decoding=\"async\" src=\"https:\/\/s.alicdn.com\/@sc01\/kf\/H3d43ab43a0f24fc7886a50fee5674fd4U\/230438700\/H3d43ab43a0f24fc7886a50fee5674fd4U.jpg?quality=close\"><img decoding=\"async\" src=\"https:\/\/s.alicdn.com\/@sc01\/kf\/HTB1xs6Ud.D.BuNjt_h7q6yNDVXat\/230438700\/HTB1xs6Ud.D.BuNjt_h7q6yNDVXat.jpg?quality=close\"><img decoding=\"async\" src=\"https:\/\/s.alicdn.com\/@sc01\/kf\/HTB1aUsdKqmWBuNjy1Xaq6xCbXXag\/230438700\/HTB1aUsdKqmWBuNjy1Xaq6xCbXXag.jpg?quality=close\">\u00c0 propos de nous:<br \/>\n1. Plus de commande, plus de remise, prix comp\u00e9titif&nbsp;!<br \/>\n2. Bienvenue \u00e0 nous contacter pour obtenir un meilleur prix&nbsp;!<br \/>\n3.Bon service, livraison rapide, et nous valons la peine d&rsquo;\u00eatre dignes de confiance.<br \/>\n4. Nous pouvons vous garantir que vous serez satisfait de nos produits.<br \/>\n5. Nous traitons les clients comme des amis et vous offrons un service consid\u00e9rable.<img decoding=\"async\" src=\"https:\/\/s.alicdn.com\/@sc04\/kf\/Hee9408d448ab460f94c285e537e347025\/230438700\/Hee9408d448ab460f94c285e537e347025.png?quality=close\"><\/p>\n<\/div>\n<\/div>\n<\/div>\n<\/div>\n<\/div>\n<\/div>\n<\/div>\n<\/div>\n<\/div>\n<\/div>\n<\/div>\n<\/div>\n<\/div>\n","protected":false},"excerpt":{"rendered":"<p>&nbsp;<\/p>\n<div style=\"width: auto;\">\n<div style=\"min-width: 300px; max-width: 300px; word-wrap: break-word; float: left;\">Propri\u00e9t\u00e9s : fournitures de th\u00e9rapie de r\u00e9adaptation.<\/div>\n<div style=\"min-width: 300px; max-width: 300px; word-wrap: break-word; float: left;\">Lieu d&rsquo;origine&nbsp;: Guangdong, Chine<\/div>\n<\/div>\n<div style=\"width: auto;\">\n<div style=\"min-width: 300px; max-width: 300px; word-wrap: break-word; float: left;\">Nom de marque:Anbanjia<\/div>\n<div style=\"min-width: 300px; max-width: 300px; word-wrap: break-word; float: left;\">Num\u00e9ro de mod\u00e8le&nbsp;: ABJ-H02<\/div>\n<\/div>\n<div style=\"width: auto;\">\n<div style=\"min-width: 300px; max-width: 300px; word-wrap: break-word; float: left;\">Type : \u00e9quipements de s\u00e9curit\u00e9 pour salle de bain.<\/div>\n<div style=\"min-width: 300px; max-width: 300px; word-wrap: break-word; float: left;\">Hauteur du produit : 38 cm<\/div>\n<\/div>\n<div style=\"width: auto;\">\n<div style=\"min-width: 300px; max-width: 300px; word-wrap: break-word; float: left;\">Longueur du produit : 25 cm<\/div>\n<div style=\"min-width: 300px; max-width: 300px; word-wrap: break-word; float: left;\">Largeur du produit : 14 cm<\/div>\n<\/div>\n<div style=\"width: auto;\">\n<div style=\"min-width: 300px; max-width: 300px; word-wrap: break-word; float: left;\">Poids net&nbsp;: 0,8&nbsp;kg<\/div>\n<div style=\"min-width: 300px; max-width: 300px; word-wrap: break-word; float: left;\">Taille de l&#8217;emballage : 25*15*42 cm<\/div>\n<\/div>\n","protected":false},"featured_media":11736,"comment_status":"closed","ping_status":"closed","template":"","meta":[],"product_cat":[153],"product_tag":[],"class_list":["post-13151","product","type-product","status-publish","has-post-thumbnail","hentry","product_cat-machine-dentrainement-de-reeducation"],"_links":{"self":[{"href":"https:\/\/anbanjia.com.cn\/fr\/wp-json\/wp\/v2\/product\/13151","targetHints":{"allow":["GET"]}}],"collection":[{"href":"https:\/\/anbanjia.com.cn\/fr\/wp-json\/wp\/v2\/product"}],"about":[{"href":"https:\/\/anbanjia.com.cn\/fr\/wp-json\/wp\/v2\/types\/product"}],"replies":[{"embeddable":true,"href":"https:\/\/anbanjia.com.cn\/fr\/wp-json\/wp\/v2\/comments?post=13151"}],"wp:featuredmedia":[{"embeddable":true,"href":"https:\/\/anbanjia.com.cn\/fr\/wp-json\/wp\/v2\/media\/11736"}],"wp:attachment":[{"href":"https:\/\/anbanjia.com.cn\/fr\/wp-json\/wp\/v2\/media?parent=13151"}],"wp:term":[{"taxonomy":"product_cat","embeddable":true,"href":"https:\/\/anbanjia.com.cn\/fr\/wp-json\/wp\/v2\/product_cat?post=13151"},{"taxonomy":"product_tag","embeddable":true,"href":"https:\/\/anbanjia.com.cn\/fr\/wp-json\/wp\/v2\/product_tag?post=13151"}],"curies":[{"name":"wp","href":"https:\/\/api.w.org\/{rel}","templated":true}]}}