{"id":13150,"date":"2022-05-02T18:02:38","date_gmt":"2022-05-02T18:02:38","guid":{"rendered":"https:\/\/www.anbanjia.com.cn\/product\/hb-301-hb-201-bandelette-de-test-de-lanalyseur-dhemoglobine\/"},"modified":"2022-05-02T18:02:38","modified_gmt":"2022-05-02T18:02:38","slug":"hb-301-hb-201-hemoglobine-analyseur-bandelette-test","status":"publish","type":"product","link":"https:\/\/anbanjia.com.cn\/fr\/produit\/hb-301-hb-201-hemoglobine-analyseur-bandelette-test\/","title":{"rendered":"Hb 301 \/ Hb 201 bandelette de test de l&rsquo;analyseur d&rsquo;h\u00e9moglobine"},"content":{"rendered":"<div style=\"max-width: 750px; margin: 0 auto;\">\n<p><span style=\"font-size: 24px;\">Bandelette de test pour analyseur d&rsquo;h\u00e9moglobine HemoCue Hb 301 \/Hb 201<\/span><\/p>\n<p><span style=\"font-size: 24px;\">HB 201<\/span><\/p>\n<p><span style=\"font-size: 24px;\">1. Principe de d\u00e9tection&nbsp;: r\u00e9action de l&rsquo;azidom\u00e9th\u00e9moglobine&nbsp;: double longueur d&rsquo;onde<\/span><br \/>\n<span style=\"font-size: 24px;\">(d\u00e9tection de 570 nm et 880 nm pour obtenir une compensation de turbidit\u00e9<\/span><\/p>\n<p><span style=\"font-size: 24px;\">2. \u00c9talonnage&nbsp;: en utilisant l&rsquo;\u00e9talonnage d&rsquo;usine (bas\u00e9 sur l&rsquo;\u00e9talon-or international ICSH)<\/span><br \/>\n<span style=\"font-size: 24px;\">Aucun autre \u00e9talonnage requis<\/span><\/p>\n<p><span style=\"font-size: 24px;\">3. \u00c9chantillons applicables : \u00e9chantillons de sang p\u00e9riph\u00e9rique, de sang total veineux ou art\u00e9riel<\/span><\/p>\n<p><span style=\"font-size: 24px;\">4. Plage de mesure : 0- -25,6 g\/dL (0- -256 g\/L, 0-15,9 mmol\/LJ<\/span><br \/>\n<span style=\"font-size: 24px;\">Rapidit\u00e9 d&rsquo;obtention des r\u00e9sultats de test : dans les 60 secondes<\/span><\/p>\n<p><span style=\"font-size: 24px;\">5. Volume d&rsquo;\u00e9chantillon&nbsp;: environ 10&nbsp;\u03bcL<\/span><br \/>\n<span style=\"font-size: 24px;\">6.<\/span><br \/>\n<span style=\"font-size: 24px;\">Taille de l&rsquo;instrument : 160 x 43 x 85 mm (6,30 x 1,69 x 3,35 pouces)<\/span><br \/>\n<span style=\"font-size: 24px;\">7.<\/span><br \/>\n<span style=\"font-size: 24px;\">Poids&nbsp;: 350&nbsp;g (0,77&nbsp;lb) avec batterie int\u00e9gr\u00e9e<\/span><\/p>\n<p><span style=\"font-size: 24px;\">8.Temp\u00e9rature de stockage : analyseur : 0&#8211;50C (32-122\u00b0F).<\/span><br \/>\n<span style=\"font-size: 24px;\">9.<\/span><br \/>\n<span style=\"font-size: 24px;\">Cellule de r\u00e9action : 15- -30C (59- -86\u00b0F) stockage herm\u00e9tique<\/span><br \/>\n<span style=\"font-size: 24px;\">Ouvert pendant 3 mois<\/span><\/p>\n<p><span style=\"font-size: 24px;\">10.Temp\u00e9rature de travail : 15- -30C (59- -86\u00b0F)<\/span><br \/>\n<span style=\"font-size: 24px;\">11.<\/span><br \/>\n<span style=\"font-size: 24px;\">Alimentation : adaptateur secteur ou 4 piles AA<\/span><br \/>\n<span style=\"font-size: 24px;\">12.<\/span><br \/>\n<span style=\"font-size: 24px;\">Interface : Imprimante dans HemoCue@ Basic ConnectTM<\/span><br \/>\n<span style=\"font-size: 24px;\">Et lecteur de code-barres en option<\/span><\/p>\n<p><span style=\"font-size: 24px;\">13.Contr\u00f4le de qualit\u00e9 : auto-test int\u00e9gr\u00e9<\/span><br \/>\n<span style=\"font-size: 24px;\">14. fonction : le contr\u00f4le de qualit\u00e9 liquide peut \u00eatre employ\u00e9<\/span><\/p>\n<p><span style=\"font-size: 24px;\">HB 301<\/span><\/p>\n<p><span style=\"font-size: 24px;\">1. Principe : Lorsque l&rsquo;absorbance du sang total est au point d&rsquo;extinction comme HbHbO2 et atteint<\/span><br \/>\n<span style=\"font-size: 24px;\"> Lorsqu&rsquo;il atteint un \u00e9tat stable, mesurez sur l&rsquo;analyseur<\/span><br \/>\n<span style=\"font-size: 24px;\"> Utilisation de la d\u00e9tection \u00e0 double longueur d&rsquo;onde (5060 et 80n0m) pour obtenir une compensation de la turbidit\u00e9<\/span><\/p>\n<p><span style=\"font-size: 24px;\">2.Sp\u00e9cimen : capillaires,<\/span><br \/>\n<span style=\"font-size: 24px;\">\u00c9chantillons de sang art\u00e9riel et veineux<\/span><\/p>\n<p><span style=\"font-size: 24px;\">3. Plage de d\u00e9tection : 0-256g\/L<\/span><\/p>\n<p><span style=\"font-size: 24px;\">4. Volume d&rsquo;\u00e9chantillon : 10\u03bcL<\/span><\/p>\n<p><span style=\"font-size: 24px;\">5. Taille&nbsp;: 160&nbsp;x&nbsp;140&nbsp;x&nbsp;70&nbsp;mm<\/span><\/p>\n<p><span style=\"font-size: 24px;\">6.Poids : 500g<\/span><\/p>\n<p><span style=\"font-size: 24px;\">7. Temp\u00e9rature de stockage&nbsp;: la temp\u00e9rature de stockage de l&rsquo;analyseur est de 0 \u00e0 50&nbsp;C et les comprim\u00e9s de r\u00e9actifs sont stock\u00e9s<\/span><\/p>\n<p><span style=\"font-size: 24px;\">8. La temp\u00e9rature est 10-40C<\/span><\/p>\n<p><span style=\"font-size: 24px;\">9. Temp\u00e9rature de fonctionnement&nbsp;: 10-40&nbsp;C<\/span><\/p>\n<p><span style=\"font-size: 24px;\">10. Alimentation : 4 piles AA ou adaptateur secteur<\/span><\/p>\n<p><span style=\"font-size: 24px;\">11.Contr\u00f4le de la qualit\u00e9&nbsp;: l&rsquo;analyseur HemoCue Hb301 dispose d&rsquo;un autocontr\u00f4le interne<\/span><br \/>\n<span style=\"font-size: 24px;\"> Fonction, \u00e0 chaque d\u00e9marrage, l&rsquo;analyseur d\u00e9tecte automatiquement la mesurabilit\u00e9<\/span><br \/>\n<span style=\"font-size: 24px;\">pouvez. HemoCue Hb301 est \u00e9galement \u00e9quip\u00e9 de trois niveaux de produits de contr\u00f4le qualit\u00e9 pour le contr\u00f4le qualit\u00e9<\/span><\/p>\n<p><span style=\"font-size: 24px;\"><img decoding=\"async\" style=\"max-width: 750;\" src=\"https:\/\/anbanjia.com.cn\/wp-content\/uploads\/2022\/05\/Hdf5e8251e21e4b2dbe584bf6d46b28655.jpg\" data-alt=\"Hb 301 \/Hb 201 Hemoglobin Analyzer test strip\" data-height=\"693\" data-src=\"\" data-width=\"693\"><\/span><\/p>\n<p><span style=\"font-size: 18px;\"><img decoding=\"async\" src=\"https:\/\/anbanjia.com.cn\/wp-content\/uploads\/2022\/05\/H5c69bd459db4494b8233557f6a4838d4k.jpg\" data-alt=\"Hb 301 \/Hb 201 Hemoglobin Analyzer test strip\" data-height=\"1435\" data-src=\"\" data-width=\"663\"><img decoding=\"async\" src=\"https:\/\/anbanjia.com.cn\/wp-content\/uploads\/2022\/05\/H7e51ae11b2194aefa1d11f951d01b4a7m.jpg\" data-alt=\"Hb 301 \/Hb 201 Hemoglobin Analyzer test strip\" data-height=\"1476\" data-src=\"\" data-width=\"664\"><img decoding=\"async\" src=\"https:\/\/anbanjia.com.cn\/wp-content\/uploads\/2022\/05\/H8c4a63d0b9364aee9a9d8742eec98b68l.png\" data-alt=\"Hb 301 \/Hb 201 Hemoglobin Analyzer test strip\" data-height=\"671\" data-src=\"\" data-width=\"671\"><img decoding=\"async\" src=\"https:\/\/anbanjia.com.cn\/wp-content\/uploads\/2022\/05\/H4a8da6818e714240a0c86752614f4634c.jpg\" data-alt=\"Hb 301 \/Hb 201 Hemoglobin Analyzer test strip\" data-height=\"523\" data-src=\"\" data-width=\"698\"><img decoding=\"async\" src=\"https:\/\/anbanjia.com.cn\/wp-content\/uploads\/2022\/05\/H263da612fdf24b5ca8aa9c0803b6c195L.png\" data-alt=\"Hb 301 \/Hb 201 Hemoglobin Analyzer test strip\" data-src=\"\"><img decoding=\"async\" src=\"https:\/\/anbanjia.com.cn\/wp-content\/uploads\/2022\/05\/Hdf5e8251e21e4b2dbe584bf6d46b28655.jpg\" data-alt=\"Hb 301 \/Hb 201 Hemoglobin Analyzer test strip\" data-src=\"\"><\/span><\/p>\n<p><span style=\"font-size: 16px;\"><img decoding=\"async\" src=\"https:\/\/anbanjia.com.cn\/wp-content\/uploads\/2022\/05\/HTB11eejSwDqK1RjSZSyq6yxEVXal.jpg\" data-alt=\"Hb 301 \/Hb 201 Hemoglobin Analyzer test strip\" data-height=\"689\" data-src=\"\" data-width=\"911\"><img decoding=\"async\" src=\"https:\/\/anbanjia.com.cn\/wp-content\/uploads\/2022\/05\/HTB1l01hSzDpK1RjSZFrq6y78VXa3.jpg\" data-alt=\"Hb 301 \/Hb 201 Hemoglobin Analyzer test strip\" data-src=\"\"><\/span><\/p>\n<p><strong><span style=\"font-size: 24px;\">Informations de contact:<\/span><\/strong><\/p>\n<p><img decoding=\"async\" src=\"https:\/\/anbanjia.com.cn\/wp-content\/uploads\/2022\/05\/HTB1vm0WR3HqK1RjSZFEq6AGMXXa6.jpg\" data-alt=\"Hb 301 \/Hb 201 Hemoglobin Analyzer test strip\" data-src=\"\"><\/p>\n<\/div>\n","protected":false},"excerpt":{"rendered":"<p>&nbsp;<\/p>\n<div style=\"width: auto;\">\n<div style=\"min-width: 300px; max-width: 300px; word-wrap: break-word; float: left;\">Lieu d&rsquo;origine&nbsp;: Guangxi, Chine<\/div>\n<div style=\"min-width: 300px; max-width: 300px; word-wrap: break-word; float: left;\">Nom de marque: OEM<\/div>\n<\/div>\n<div style=\"width: auto;\">\n<div style=\"min-width: 300px; max-width: 300px; word-wrap: break-word; float: left;\">Num\u00e9ro de mod\u00e8le&nbsp;: 12<\/div>\n<div style=\"min-width: 300px; max-width: 300px; word-wrap: break-word; float: left;\">Source d&rsquo;alimentation : Manuel<\/div>\n<\/div>\n<div style=\"width: auto;\">\n<div style=\"min-width: 300px; max-width: 300px; word-wrap: break-word; float: left;\">Garantie : AUCUNE<\/div>\n<div style=\"min-width: 300px; max-width: 300px; word-wrap: break-word; float: left;\">Service apr\u00e8s-vente : AUCUN<\/div>\n<\/div>\n<div style=\"width: auto;\">\n<div style=\"min-width: 300px; max-width: 300px; word-wrap: break-word; float: left;\">Mat\u00e9riel:Plastique<\/div>\n<div style=\"min-width: 300px; max-width: 300px; word-wrap: break-word; float: left;\">Dur\u00e9e de conservation&nbsp;: 1&nbsp;ans<\/div>\n<\/div>\n<div style=\"width: auto;\">\n<div style=\"min-width: 300px; max-width: 300px; word-wrap: break-word; float: left;\">Certificat de qualit\u00e9&nbsp;: ce<\/div>\n<div style=\"min-width: 300px; max-width: 300px; word-wrap: break-word; float: left;\">Classification des instruments&nbsp;: classe&nbsp;II<\/div>\n<\/div>\n<div style=\"width: auto;\">\n<div style=\"min-width: 300px; max-width: 300px; word-wrap: break-word; float: left;\">Norme de s\u00e9curit\u00e9&nbsp;:&nbsp;Aucune<\/div>\n<div style=\"min-width: 300px; max-width: 300px; word-wrap: break-word; float: left;\">\u00c9chantillons applicables&nbsp;: \u00e9chantillons de sang p\u00e9riph\u00e9rique, de sang total veineux ou art\u00e9riel<\/div>\n<\/div>\n<div style=\"width: auto;\">\n<div style=\"min-width: 300px; max-width: 300px; word-wrap: break-word; float: left;\">Volume d&rsquo;\u00e9chantillon&nbsp;: environ 10&nbsp;\u03bcL<\/div>\n<div style=\"min-width: 300px; max-width: 300px; word-wrap: break-word; float: left;\">Taille de l&rsquo;instrument : 160 x 43 x 85 mm (6,30 x 1,69 x 3,35 pouces)<\/div>\n<\/div>\n<div style=\"width: auto;\">\n<div style=\"min-width: 300px; max-width: 300px; word-wrap: break-word; float: left;\">Poids&nbsp;: 350&nbsp;g (0,77&nbsp;lb) avec batterie int\u00e9gr\u00e9e<\/div>\n<div style=\"min-width: 300px; max-width: 300px; word-wrap: break-word; float: left;\">Temp\u00e9rature de stockage&nbsp;: Analyseur&nbsp;: 0&#8211;50&nbsp;C (32-122&nbsp;\u00b0F)<\/div>\n<\/div>\n<div style=\"width: auto;\">\n<div style=\"min-width: 300px; max-width: 300px; word-wrap: break-word; float: left;\">Cellule de r\u00e9action : 15- -30C (59- -86\u00b0F) stockage herm\u00e9tique Ouvert pendant 3 mois<\/div>\n<div style=\"min-width: 300px; max-width: 300px; word-wrap: break-word; float: left;\">Temp\u00e9rature de fonctionnement : 15- -30C (59- -86\u00b0F)<\/div>\n<\/div>\n","protected":false},"featured_media":12661,"comment_status":"closed","ping_status":"closed","template":"","meta":[],"product_cat":[157],"product_tag":[],"class_list":["post-13150","product","type-product","status-publish","has-post-thumbnail","hentry","product_cat-bandelettes-de-test-dhemoglobine"],"_links":{"self":[{"href":"https:\/\/anbanjia.com.cn\/fr\/wp-json\/wp\/v2\/product\/13150","targetHints":{"allow":["GET"]}}],"collection":[{"href":"https:\/\/anbanjia.com.cn\/fr\/wp-json\/wp\/v2\/product"}],"about":[{"href":"https:\/\/anbanjia.com.cn\/fr\/wp-json\/wp\/v2\/types\/product"}],"replies":[{"embeddable":true,"href":"https:\/\/anbanjia.com.cn\/fr\/wp-json\/wp\/v2\/comments?post=13150"}],"wp:featuredmedia":[{"embeddable":true,"href":"https:\/\/anbanjia.com.cn\/fr\/wp-json\/wp\/v2\/media\/12661"}],"wp:attachment":[{"href":"https:\/\/anbanjia.com.cn\/fr\/wp-json\/wp\/v2\/media?parent=13150"}],"wp:term":[{"taxonomy":"product_cat","embeddable":true,"href":"https:\/\/anbanjia.com.cn\/fr\/wp-json\/wp\/v2\/product_cat?post=13150"},{"taxonomy":"product_tag","embeddable":true,"href":"https:\/\/anbanjia.com.cn\/fr\/wp-json\/wp\/v2\/product_tag?post=13150"}],"curies":[{"name":"wp","href":"https:\/\/api.w.org\/{rel}","templated":true}]}}