{"id":13147,"date":"2022-05-02T18:02:37","date_gmt":"2022-05-02T18:02:37","guid":{"rendered":"https:\/\/www.anbanjia.com.cn\/product\/fabrication-de-physiotherapie-par-pistolet-a-ondes-de-choc-chiropratiques-de-reeducation-pour-le-massage\/"},"modified":"2022-05-02T18:02:37","modified_gmt":"2022-05-02T18:02:37","slug":"fabrication-rehabilitation-chiropratique-canon-onde-de-choc-kinesitherapie-pour-massage","status":"publish","type":"product","link":"https:\/\/anbanjia.com.cn\/fr\/produit\/fabrication-rehabilitation-chiropratique-canon-onde-de-choc-kinesitherapie-pour-massage\/","title":{"rendered":"Fabrication de physioth\u00e9rapie par pistolet \u00e0 ondes de choc chiropratiques de r\u00e9\u00e9ducation pour le massage"},"content":{"rendered":"<div style=\"max-width: 750px; margin: 0 auto;\">\n<div id=\"ali-anchor-AliPostDhMb-t73n9\" class=\"mceSectionContainer\" style=\"padding-top: 8px;\" data-section=\"AliPostDhMb-t73n9\" data-section-title=\"Product Details\">\n<div id=\"ali-title-AliPostDhMb-t73n9\" style=\"padding: 8px 0; border-bottom: 1px solid #ddd;\"><span style=\"background-color: #ddd; color: #333; font-weight: bold; padding: 8px 10px; line-height: 12px;\">d\u00e9tails du produit<\/span><\/div>\n<div style=\"padding: 10px 0px; text-align: center;\">\n<p><span style=\"font-size: 24px;\">Fabrication de physioth\u00e9rapie par pistolet \u00e0 ondes de choc chiropratiques de r\u00e9\u00e9ducation pour le massage<\/span><\/p>\n<table style=\"border-collapse: collapse; border-style: solid; background-color: #ffffff; width: 80%;\" border=\"1\">\n<tbody>\n<tr>\n<td style=\"text-align: center;\"><span style=\"font-size: 18px;\">Mod\u00e8le<\/span><\/td>\n<td style=\"text-align: center;\"><span style=\"font-size: 18px;\"><strong> HL.3621<\/strong><\/span><\/td>\n<\/tr>\n<tr>\n<td style=\"text-align: center;\"><span style=\"font-size: 18px;\">Poids<\/span><\/td>\n<td style=\"text-align: center;\"><span style=\"font-size: 18px;\">0,879&nbsp;kg<\/span><\/td>\n<\/tr>\n<tr>\n<td style=\"text-align: center;\"><span style=\"font-size: 18px;\">Taille<\/span><\/td>\n<td style=\"text-align: center;\"><span style=\"font-size: 18px;\">38*29.5*10cm<\/span><\/td>\n<\/tr>\n<tr>\n<td style=\"text-align: center;\">Courant<\/td>\n<td style=\"text-align: center;\"> 2AMAX<\/td>\n<\/tr>\n<tr>\n<td style=\"text-align: center;\">Sonde de travail<\/td>\n<td style=\"text-align: center;\"><span style=\"font-size: 18px;\">7<\/span><\/td>\n<\/tr>\n<tr>\n<td style=\"text-align: center;\">Taille du produit<\/td>\n<td style=\"text-align: center;\"> 21.5*6*6 cm<\/td>\n<\/tr>\n<tr>\n<td style=\"text-align: center;\">Taille d&#8217;emballage<\/td>\n<td style=\"text-align: center;\"> 38*29.5*10cm<\/td>\n<\/tr>\n<tr>\n<td style=\"text-align: center;\">Poids net<\/td>\n<td style=\"text-align: center;\">0,879&nbsp;kg<\/td>\n<\/tr>\n<\/tbody>\n<\/table>\n<p><img decoding=\"async\" style=\"max-width: 750;\" src=\"https:\/\/anbanjia.com.cn\/wp-content\/uploads\/2022\/05\/H077b92b264954224a8ebba4e3a24820fz.png\" data-alt=\"Manufacture rehabilitation chiropractic shock wave gun physiotherapy for massage\" data-src=\"\"><img decoding=\"async\" src=\"https:\/\/anbanjia.com.cn\/wp-content\/uploads\/2022\/05\/H02d5012a7d044173af8e66acfc1ca47cr.png\" data-alt=\"Manufacture rehabilitation chiropractic shock wave gun physiotherapy for massage\" data-src=\"\"><img decoding=\"async\" src=\"https:\/\/anbanjia.com.cn\/wp-content\/uploads\/2022\/05\/Hc2506f0705f643b3b6445674eab11c08B.png\" data-alt=\"Manufacture rehabilitation chiropractic shock wave gun physiotherapy for massage\" data-src=\"\"><\/p>\n<p style=\"text-align: left;\"><strong><span style=\"font-size: 24px;\">Il en existe plusieurs mod\u00e8les :<\/span><\/strong><img decoding=\"async\" src=\"https:\/\/anbanjia.com.cn\/wp-content\/uploads\/2022\/05\/H48bcd85b51bc41dab67504c1519e6f9cQ.jpg\" data-alt=\"Manufacture rehabilitation chiropractic shock wave gun physiotherapy for massage\" data-src=\"\"><img decoding=\"async\" src=\"https:\/\/anbanjia.com.cn\/wp-content\/uploads\/2022\/05\/Hd2540cf7620c4953a010d20ec42ad4005.jpg\" data-alt=\"Manufacture rehabilitation chiropractic shock wave gun physiotherapy for massage\" data-src=\"\"><img decoding=\"async\" src=\"https:\/\/anbanjia.com.cn\/wp-content\/uploads\/2022\/05\/H9d0fbd3fc5f44f558c379b0c52fb4949H.jpg\" data-alt=\"Manufacture rehabilitation chiropractic shock wave gun physiotherapy for massage\" data-src=\"\"><img decoding=\"async\" src=\"https:\/\/anbanjia.com.cn\/wp-content\/uploads\/2022\/05\/H6bdc64f0041048b68e6f9e5eae2c1fecX.jpg\" data-alt=\"Manufacture rehabilitation chiropractic shock wave gun physiotherapy for massage\" data-src=\"\"><img decoding=\"async\" src=\"https:\/\/anbanjia.com.cn\/wp-content\/uploads\/2022\/05\/H088210f0abc8448180578074fceea8afu.jpg\" data-alt=\"Manufacture rehabilitation chiropractic shock wave gun physiotherapy for massage\" data-src=\"\"><img decoding=\"async\" src=\"https:\/\/anbanjia.com.cn\/wp-content\/uploads\/2022\/05\/Hf83267eb4b274808a3812ac12a680d14W.jpg\" data-alt=\"Manufacture rehabilitation chiropractic shock wave gun physiotherapy for massage\" data-src=\"\"><img decoding=\"async\" src=\"https:\/\/anbanjia.com.cn\/wp-content\/uploads\/2022\/05\/H88fceeaf03bc41d494c272b60f893307H.jpg\" data-alt=\"Manufacture rehabilitation chiropractic shock wave gun physiotherapy for massage\" data-src=\"\"><\/p>\n<p><img decoding=\"async\" src=\"https:\/\/anbanjia.com.cn\/wp-content\/uploads\/2022\/05\/Hf80a9e53b8974fe397e59eef75dd027bz.png\" data-alt=\"Manufacture rehabilitation chiropractic shock wave gun physiotherapy for massage\" data-src=\"\"><img decoding=\"async\" src=\"https:\/\/anbanjia.com.cn\/wp-content\/uploads\/2022\/05\/H968aa2f2473d428cbe3fd872f8a16b0aT.jpg\" data-alt=\"Manufacture rehabilitation chiropractic shock wave gun physiotherapy for massage\" data-src=\"\"><img decoding=\"async\" src=\"https:\/\/anbanjia.com.cn\/wp-content\/uploads\/2022\/05\/H08c492c1e88b496f82821b5cd57a40acy.jpg\" data-alt=\"Manufacture rehabilitation chiropractic shock wave gun physiotherapy for massage\" data-src=\"\"><img decoding=\"async\" src=\"https:\/\/anbanjia.com.cn\/wp-content\/uploads\/2022\/05\/H179b56eb8af74ca0b84d8c0c05a6814b2.png\" data-alt=\"Manufacture rehabilitation chiropractic shock wave gun physiotherapy for massage\" data-src=\"\"><\/p>\n<p><span style=\"color: #ffffff; background-color: #3366ff; font-size: 24px;\">Recommandation sp\u00e9ciale pour 7 groupes de consommateurs potentiels<\/span><\/p>\n<p style=\"text-align: left;\"><span style=\"font-size: 16px; color: #0000ff;\">1. Travailleurs : rel\u00e2cher la fatigue, rafra\u00eechir et augmenter la capacit\u00e9 physique<\/span><br \/>\n<span style=\"font-size: 16px; color: #0000ff;\">2. \u00c2g\u00e9: prolonger la vie, am\u00e9liorer l&rsquo;immunit\u00e9, pr\u00e9venir les maladies, oxyg\u00e9noth\u00e9rapie<\/span><\/p>\n<p style=\"text-align: left;\"><span style=\"font-size: 16px; color: #0000ff;\">3. Homme d&rsquo;affaires : rel\u00e2cher les tensions physiques et m\u00e9talliques, am\u00e9liorer les capacit\u00e9s physiques, r\u00e9duire l&rsquo;\u00e9tat de sous-sant\u00e9 et am\u00e9liorer l&rsquo;efficacit\u00e9 du travail.<\/span><br \/>\n<span style=\"font-size: 16px; color: #0000ff;\">4. \u00c9tudiants : am\u00e9liorer la m\u00e9moire, rafra\u00eechir et r\u00e9duire la fatigue mentale<\/span><br \/>\n<span style=\"font-size: 16px; color: #0000ff;\">5.Femmes en col blanc: soins de la peau, entretien 0 nutrition et \u00e9lasticit\u00e9 de la peau et r\u00e9duction de l&rsquo;\u00e9tat de sous-sant\u00e9<\/span><\/p>\n<\/div>\n<\/div>\n<div id=\"ali-anchor-AliPostDhMb-1edqi\" class=\"mceSectionContainer\" style=\"padding-top: 8px;\" data-section=\"AliPostDhMb-1edqi\" data-section-title=\"contact us\">\n<div id=\"ali-title-AliPostDhMb-1edqi\" style=\"padding: 8px 0; border-bottom: 1px solid #ddd;\"><span style=\"background-color: #ddd; color: #333; font-weight: bold; padding: 8px 10px; line-height: 12px;\">Nous contacter<\/span><\/div>\n<div style=\"padding: 10px 0;\"><img decoding=\"async\" src=\"https:\/\/anbanjia.com.cn\/wp-content\/uploads\/2022\/05\/HTB1E_8LXOLxK1Rjy0Ffq6zYdVXay.jpg\" data-alt=\"Manufacture rehabilitation chiropractic shock wave gun physiotherapy for massage\" data-src=\"\"><\/div>\n<div style=\"padding: 10px 0;\"><\/div>\n<\/div>\n<div id=\"ali-anchor-AliPostDhMb-b7egi\" class=\"mceSectionContainer\" style=\"padding-top: 8px;\" data-section=\"AliPostDhMb-b7egi\" data-section-title=\"certificate\">\n<div id=\"ali-title-AliPostDhMb-b7egi\" style=\"padding: 8px 0; border-bottom: 1px solid #ddd;\"><span style=\"background-color: #ddd; color: #333; font-weight: bold; padding: 8px 10px; line-height: 12px;\">certificat<\/span><\/div>\n<div style=\"padding: 10px 0;\">\n<p><img decoding=\"async\" src=\"https:\/\/anbanjia.com.cn\/wp-content\/uploads\/2022\/05\/HTB1Z1olSpXXXXctXXXXq6xXFXXXu-1.jpg\" data-alt=\"Manufacture rehabilitation chiropractic shock wave gun physiotherapy for massage\" data-src=\"\"><\/p>\n<\/div>\n<\/div>\n<div id=\"ali-anchor-AliPostDhMb-chyel\" class=\"mceSectionContainer\" style=\"padding-top: 8px;\" data-section=\"AliPostDhMb-chyel\" data-section-title=\"company information\">\n<div id=\"ali-title-AliPostDhMb-chyel\" style=\"padding: 8px 0; border-bottom: 1px solid #ddd;\"><span style=\"background-color: #ddd; color: #333; font-weight: bold; padding: 8px 10px; line-height: 12px;\">Informations sur la soci\u00e9t\u00e9<\/span><\/div>\n<div style=\"padding: 10px 0;\">\n<p> <img decoding=\"async\" src=\"https:\/\/anbanjia.com.cn\/wp-content\/uploads\/2022\/05\/Ha43def8a2df44eac925e2c3ab5a1b97b2.jpg\" data-alt=\"Manufacture rehabilitation chiropractic shock wave gun physiotherapy for massage\" data-src=\"\"><\/p>\n<\/div>\n<\/div>\n<div id=\"ali-anchor-AliPostDhMb-f7hjt\" class=\"mceSectionContainer\" style=\"padding-top: 8px;\" data-section=\"AliPostDhMb-f7hjt\" data-section-title=\"produce &amp; payment\">\n<div id=\"ali-title-AliPostDhMb-f7hjt\" style=\"padding: 8px 0; border-bottom: 1px solid #ddd;\"><span style=\"background-color: #ddd; color: #333; font-weight: bold; padding: 8px 10px; line-height: 12px;\">produire et payer<\/span><\/div>\n<div style=\"padding: 10px 0;\">\n<p><img decoding=\"async\" src=\"https:\/\/anbanjia.com.cn\/wp-content\/uploads\/2022\/05\/HTB1LlvUSpXXXXbJXVXXq6xXFXXXf-1.jpg\" data-alt=\"Manufacture rehabilitation chiropractic shock wave gun physiotherapy for massage\" data-src=\"\"><\/p>\n<\/div>\n<\/div>\n<\/div>\n","protected":false},"excerpt":{"rendered":"<p>&nbsp;<\/p>\n<div style=\"width: auto;\">\n<div style=\"min-width: 300px; max-width: 300px; word-wrap: break-word; float: left;\">Lieu d&rsquo;origine&nbsp;: Guangdong, Chine<\/div>\n<div style=\"min-width: 300px; max-width: 300px; word-wrap: break-word; float: left;\">Classification des instruments&nbsp;: classe&nbsp;II<\/div>\n<\/div>\n<div style=\"width: auto;\">\n<div style=\"min-width: 300px; max-width: 300px; word-wrap: break-word; float: left;\">Garantie : AUCUNE<\/div>\n<div style=\"min-width: 300px; max-width: 300px; word-wrap: break-word; float: left;\">Service apr\u00e8s-vente : AUCUN<\/div>\n<\/div>\n<div style=\"width: auto;\">\n<div style=\"min-width: 300px; max-width: 300px; word-wrap: break-word; float: left;\">Mod\u00e8le : HL3621<\/div>\n<div style=\"min-width: 300px; max-width: 300px; word-wrap: break-word; float: left;\">Couleur : argent + bleu<\/div>\n<\/div>\n<div style=\"width: auto;\">\n<div style=\"min-width: 300px; max-width: 300px; word-wrap: break-word; float: left;\">Fr\u00e9quence : 50Hz-60Hz<\/div>\n<div style=\"min-width: 300px; max-width: 300px; word-wrap: break-word; float: left;\">Puissance : 90WMAX<\/div>\n<\/div>\n<div style=\"width: auto;\">\n<div style=\"min-width: 300px; max-width: 300px; word-wrap: break-word; float: left;\">Volt:AC110V-AC220V<\/div>\n<div style=\"min-width: 300px; max-width: 300px; word-wrap: break-word; float: left;\">courant&nbsp;: 2&nbsp;AMAX<\/div>\n<\/div>\n<div style=\"width: auto;\">\n<div style=\"min-width: 300px; max-width: 300px; word-wrap: break-word; float: left;\">Sonde de travail&nbsp;: 7<\/div>\n<div style=\"min-width: 300px; max-width: 300px; word-wrap: break-word; float: left;\">taille du produit: 21.5*6*6cm<\/div>\n<\/div>\n<div style=\"width: auto;\">\n<div style=\"min-width: 300px; max-width: 300px; word-wrap: break-word; float: left;\">taille d&#8217;emballage: 38*29.5*10 cm<\/div>\n<div style=\"min-width: 300px; max-width: 300px; word-wrap: break-word; float: left;\">poids net&nbsp;: 0,879&nbsp;kg<\/div>\n<\/div>\n<div>Logo personnalis\u00e9(Min. Commande : 400 pi\u00e8ces)<\/div>\n<div>Emballage personnalis\u00e9(Min. Commande : 400 Pi\u00e8ces)<\/div>\n","protected":false},"featured_media":12667,"comment_status":"closed","ping_status":"closed","template":"","meta":[],"product_cat":[154],"product_tag":[],"class_list":["post-13147","product","type-product","status-publish","has-post-thumbnail","hentry","product_cat-physiotherapie-par-ondes-de-choc"],"_links":{"self":[{"href":"https:\/\/anbanjia.com.cn\/fr\/wp-json\/wp\/v2\/product\/13147","targetHints":{"allow":["GET"]}}],"collection":[{"href":"https:\/\/anbanjia.com.cn\/fr\/wp-json\/wp\/v2\/product"}],"about":[{"href":"https:\/\/anbanjia.com.cn\/fr\/wp-json\/wp\/v2\/types\/product"}],"replies":[{"embeddable":true,"href":"https:\/\/anbanjia.com.cn\/fr\/wp-json\/wp\/v2\/comments?post=13147"}],"wp:featuredmedia":[{"embeddable":true,"href":"https:\/\/anbanjia.com.cn\/fr\/wp-json\/wp\/v2\/media\/12667"}],"wp:attachment":[{"href":"https:\/\/anbanjia.com.cn\/fr\/wp-json\/wp\/v2\/media?parent=13147"}],"wp:term":[{"taxonomy":"product_cat","embeddable":true,"href":"https:\/\/anbanjia.com.cn\/fr\/wp-json\/wp\/v2\/product_cat?post=13147"},{"taxonomy":"product_tag","embeddable":true,"href":"https:\/\/anbanjia.com.cn\/fr\/wp-json\/wp\/v2\/product_tag?post=13147"}],"curies":[{"name":"wp","href":"https:\/\/api.w.org\/{rel}","templated":true}]}}