{"id":13146,"date":"2022-05-02T18:02:35","date_gmt":"2022-05-02T18:02:35","guid":{"rendered":"https:\/\/www.anbanjia.com.cn\/product\/machine-dexercice-electrique-de-doigt-de-marcheur-de-sante-de-pedale-detirement-de-bicyclette-de-maitre-de-jambe-medicale-portative-utilisee\/"},"modified":"2022-05-02T18:02:35","modified_gmt":"2022-05-02T18:02:35","slug":"portable-medical-leg-master-bicyclette-stretch-pedal-health-walker-doigt-electrique-exercice-machine-utilise","status":"publish","type":"product","link":"https:\/\/anbanjia.com.cn\/fr\/produit\/portable-medical-leg-master-bicyclette-stretch-pedal-health-walker-doigt-electrique-exercice-machine-utilise\/","title":{"rendered":"Machine d&rsquo;exercice \u00e9lectrique de doigt de marcheur de sant\u00e9 de p\u00e9dale d&rsquo;\u00e9tirement de bicyclette de ma\u00eetre de jambe m\u00e9dicale portative utilis\u00e9e"},"content":{"rendered":"<div style=\"max-width: 750px; margin: 0 auto;\">\n<p><span style=\"font-size: 24px;\">appareil d&rsquo;exercice pour les bras et les jambes \u00e0 cycle automatique multi-muscles<\/span><\/p>\n<p><span style=\"font-size: 24px;\"><img decoding=\"async\" style=\"max-width: 750;\" src=\"https:\/\/anbanjia.com.cn\/wp-content\/uploads\/2022\/05\/HTB1kZ_hbBKw3KVjSZFOq6yrDVXaC.jpg\" data-alt=\"Portable medical leg master bicycle stretch pedal health walker finger electric exercise machine used\" data-height=\"750\" data-src=\"\" data-width=\"750\"><\/span><\/p>\n<p><span style=\"font-size: 24px;\"><img decoding=\"async\" src=\"https:\/\/anbanjia.com.cn\/wp-content\/uploads\/2022\/05\/HTB1S1bkbqSs3KVjSZPiq6AsiVXaY.jpg\" data-alt=\"Portable medical leg master bicycle stretch pedal health walker finger electric exercise machine used\" data-height=\"750\" data-src=\"\" data-width=\"750\"><\/span><\/p>\n<p><span style=\"font-size: 24px;\"><img decoding=\"async\" src=\"https:\/\/anbanjia.com.cn\/wp-content\/uploads\/2022\/05\/HTB1a7vabwaH3KVjSZFjq6AFWpXai.jpg\" data-alt=\"Portable medical leg master bicycle stretch pedal health walker finger electric exercise machine used\" data-height=\"750\" data-src=\"\" data-width=\"750\"><\/span><\/p>\n<p><span style=\"font-size: 24px;\"><img decoding=\"async\" src=\"https:\/\/anbanjia.com.cn\/wp-content\/uploads\/2022\/05\/HTB1WMfcbEGF3KVjSZFvq6z_nXXau.jpg\" data-alt=\"Portable medical leg master bicycle stretch pedal health walker finger electric exercise machine used\" data-height=\"1057\" data-src=\"\" data-width=\"750\"><\/span><\/p>\n<p><span style=\"font-size: 24px;\"><img decoding=\"async\" src=\"https:\/\/anbanjia.com.cn\/wp-content\/uploads\/2022\/05\/HTB1Y4bbbvWG3KVjSZFPq6xaiXXad.jpg\" data-alt=\"Portable medical leg master bicycle stretch pedal health walker finger electric exercise machine used\" data-height=\"1708\" data-src=\"\" data-width=\"750\"><\/span><\/p>\n<p><strong><span style=\"font-size: 24px;\">Avantage<\/span><\/strong><\/p>\n<p><span style=\"font-size: 24px;\">1. Exercez et restaurez la force musculaire des membres inf\u00e9rieurs;<br \/>\n2. \u00c9limine les tensions musculaires, r\u00e9duit les spasmes musculaires des membres inf\u00e9rieurs et rend les muscles plus flexibles.<br \/>\n3. Am\u00e9liorer la mobilit\u00e9 articulaire et pr\u00e9venir la raideur articulaire&nbsp;;<br \/>\n4. Am\u00e9liorer les fonctions motrices importantes n\u00e9cessaires \u00e0 la vie quotidienne&nbsp;;<br \/>\n5. Retrouver la force musculaire r\u00e9siduelle des membres inf\u00e9rieurs ;<br \/>\n6. Am\u00e9liorer la coordination et la flexibilit\u00e9 du patient.<\/span><\/p>\n<p><span style=\"font-size: 24px;\"><img decoding=\"async\" src=\"https:\/\/anbanjia.com.cn\/wp-content\/uploads\/2022\/05\/HTB1lmjcbA5E3KVjSZFCq6zuzXXaV.jpg\" data-alt=\"Portable medical leg master bicycle stretch pedal health walker finger electric exercise machine used\" data-height=\"751\" data-src=\"\" data-width=\"751\"><\/span><\/p>\n<div id=\"ali-anchor-AliPostDhMb-fog1k\" style=\"padding-top: 8px;\" data-section=\"AliPostDhMb-fog1k\" data-section-title=\"Packaging &amp; Shipping\">\n<div id=\"ali-title-AliPostDhMb-fog1k\" style=\"padding: 8px 0; border-bottom: 1px solid #ddd;\"><span style=\"background-color: #ddd; color: #333; font-weight: bold; padding: 8px 10px; line-height: 12px;\">Emballage et exp\u00e9dition<\/span><\/div>\n<div style=\"padding: 10px 0;\">\n<p><img decoding=\"async\" src=\"https:\/\/anbanjia.com.cn\/wp-content\/uploads\/2022\/05\/HTB1axiRzFOWBuNjy0Fiq6xFxVXa5.jpg\" data-alt=\"Portable medical leg master bicycle stretch pedal health walker finger electric exercise machine used\" data-height=\"416\" data-src=\"\" data-width=\"752\"><\/p>\n<\/div>\n<\/div>\n<div id=\"ali-anchor-AliPostDhMb-85cur\" style=\"padding-top: 8px;\" data-section=\"AliPostDhMb-85cur\" data-section-title=\"Company Information\">\n<div id=\"ali-title-AliPostDhMb-85cur\" style=\"padding: 8px 0; border-bottom: 1px solid #ddd;\"><span style=\"background-color: #ddd; color: #333; font-weight: bold; padding: 8px 10px; line-height: 12px;\">Informations sur la soci\u00e9t\u00e9<\/span><\/div>\n<div style=\"padding: 10px 0;\">\n<p><img decoding=\"async\" src=\"https:\/\/anbanjia.com.cn\/wp-content\/uploads\/2022\/05\/H3d43ab43a0f24fc7886a50fee5674fd4U.jpg\" data-alt=\"Portable medical leg master bicycle stretch pedal health walker finger electric exercise machine used\" data-src=\"\"><\/p>\n<\/div>\n<\/div>\n<div id=\"ali-anchor-AliPostDhMb-lqb0v\" style=\"padding-top: 8px;\" data-section=\"AliPostDhMb-lqb0v\" data-section-title=\"contact\">\n<div id=\"ali-title-AliPostDhMb-lqb0v\" style=\"padding: 8px 0; border-bottom: 1px solid #ddd;\"><span style=\"background-color: #ddd; color: #333; font-weight: bold; padding: 8px 10px; line-height: 12px;\">prendre contact<\/span><\/div>\n<div style=\"padding: 10px 0;\">\n<p><img decoding=\"async\" src=\"https:\/\/anbanjia.com.cn\/wp-content\/uploads\/2022\/05\/H10fdde19478c4022952b6ef21b37e97bx.jpg\" data-alt=\"Portable medical leg master bicycle stretch pedal health walker finger electric exercise machine used\" data-src=\"\"><\/p>\n<\/div>\n<\/div>\n<\/div>\n","protected":false},"excerpt":{"rendered":"<p>&nbsp;<\/p>\n<div style=\"width: auto;\">\n<div style=\"min-width: 300px; max-width: 300px; word-wrap: break-word; float: left;\">Propri\u00e9t\u00e9s : fournitures de th\u00e9rapie de r\u00e9adaptation.<\/div>\n<div style=\"min-width: 300px; max-width: 300px; word-wrap: break-word; float: left;\">Lieu d&rsquo;origine&nbsp;: Guangdong, Chine<\/div>\n<\/div>\n<div style=\"width: auto;\">\n<div style=\"min-width: 300px; max-width: 300px; word-wrap: break-word; float: left;\">Nom de marque:Anbanjia<\/div>\n<div style=\"min-width: 300px; max-width: 300px; word-wrap: break-word; float: left;\">Num\u00e9ro de mod\u00e8le&nbsp;: ABJ-107-2<\/div>\n<\/div>\n<div style=\"width: auto;\">\n<div style=\"min-width: 300px; max-width: 300px; word-wrap: break-word; float: left;\">Type : \u00e9quipements de s\u00e9curit\u00e9 pour salle de bain.<\/div>\n<div style=\"min-width: 300px; max-width: 300px; word-wrap: break-word; float: left;\">Mat\u00e9riel:ABS + PP + FER<\/div>\n<\/div>\n<div style=\"width: auto;\">\n<div style=\"min-width: 300px; max-width: 300px; word-wrap: break-word; float: left;\">La couleur verte<\/div>\n<div style=\"min-width: 300px; max-width: 300px; word-wrap: break-word; float: left;\">Partie \u00e0 main&nbsp;: manuelle\/\u00e9lectrique, rotation et contre-rotation, 10&nbsp;niveaux<\/div>\n<\/div>\n<div style=\"width: auto;\">\n<div style=\"min-width: 300px; max-width: 300px; word-wrap: break-word; float: left;\">Partie pied&nbsp;: manuelle\/\u00e9lectrique, rotation et contre-rotation, 10&nbsp;niveaux<\/div>\n<div style=\"min-width: 300px; max-width: 300px; word-wrap: break-word; float: left;\">Tension&nbsp;: 220&nbsp;V\/50&nbsp;Hz<\/div>\n<\/div>\n<div style=\"width: auto;\">\n<div style=\"min-width: 300px; max-width: 300px; word-wrap: break-word; float: left;\">Moteur&nbsp;: 75&nbsp;W<\/div>\n<div style=\"min-width: 300px; max-width: 300px; word-wrap: break-word; float: left;\">Dimensions du produit : 48 x 33 x 87 cm.<\/div>\n<\/div>\n<div style=\"width: auto;\">\n<div style=\"min-width: 300px; max-width: 300px; word-wrap: break-word; float: left;\">Poids net&nbsp;: 12,0&nbsp;KG<\/div>\n<div style=\"min-width: 300px; max-width: 300px; word-wrap: break-word; float: left;\">Poids de charge maximal&nbsp;: 120&nbsp;KGS<\/div>\n<\/div>\n<div>Logo personnalis\u00e9(Min. Commande : 200 pi\u00e8ces)<\/div>\n<div>Emballage personnalis\u00e9(Min. Commande : 200 pi\u00e8ces)<\/div>\n","protected":false},"featured_media":12677,"comment_status":"closed","ping_status":"closed","template":"","meta":[],"product_cat":[153],"product_tag":[],"class_list":["post-13146","product","type-product","status-publish","has-post-thumbnail","hentry","product_cat-machine-dentrainement-de-reeducation"],"_links":{"self":[{"href":"https:\/\/anbanjia.com.cn\/fr\/wp-json\/wp\/v2\/product\/13146","targetHints":{"allow":["GET"]}}],"collection":[{"href":"https:\/\/anbanjia.com.cn\/fr\/wp-json\/wp\/v2\/product"}],"about":[{"href":"https:\/\/anbanjia.com.cn\/fr\/wp-json\/wp\/v2\/types\/product"}],"replies":[{"embeddable":true,"href":"https:\/\/anbanjia.com.cn\/fr\/wp-json\/wp\/v2\/comments?post=13146"}],"wp:featuredmedia":[{"embeddable":true,"href":"https:\/\/anbanjia.com.cn\/fr\/wp-json\/wp\/v2\/media\/12677"}],"wp:attachment":[{"href":"https:\/\/anbanjia.com.cn\/fr\/wp-json\/wp\/v2\/media?parent=13146"}],"wp:term":[{"taxonomy":"product_cat","embeddable":true,"href":"https:\/\/anbanjia.com.cn\/fr\/wp-json\/wp\/v2\/product_cat?post=13146"},{"taxonomy":"product_tag","embeddable":true,"href":"https:\/\/anbanjia.com.cn\/fr\/wp-json\/wp\/v2\/product_tag?post=13146"}],"curies":[{"name":"wp","href":"https:\/\/api.w.org\/{rel}","templated":true}]}}