{"id":13144,"date":"2022-05-02T18:02:32","date_gmt":"2022-05-02T18:02:32","guid":{"rendered":"https:\/\/www.anbanjia.com.cn\/product\/personnes-agees-handicapees-mini-pedale-magnetique-velo-dexercice-pas-cher-pied-velo-stretch-machine-dexercice-pour-lexercice\/"},"modified":"2022-05-02T18:02:32","modified_gmt":"2022-05-02T18:02:32","slug":"personnes-agees-handicapees-mini-pedale-magnetique-velo-dexercice-velo-pied-pas-cher-etirement-machine-dexercice-pour-lexercice","status":"publish","type":"product","link":"https:\/\/anbanjia.com.cn\/fr\/produit\/personnes-agees-handicapees-mini-pedale-magnetique-velo-dexercice-velo-pied-pas-cher-etirement-machine-dexercice-pour-lexercice\/","title":{"rendered":"Personnes \u00e2g\u00e9es handicap\u00e9es mini p\u00e9dale magn\u00e9tique v\u00e9lo d&rsquo;exercice pas cher pied v\u00e9lo stretch machine d&rsquo;exercice pour l&rsquo;exercice"},"content":{"rendered":"<div style=\"max-width: 750px; margin: 0 auto;\">\n<p><span style=\"font-size: 24px;\">v\u00e9lo d&rsquo;exercice pour les jambes et les bras mini cycle de r\u00e9adaptation physique<\/span><\/p>\n<p><img decoding=\"async\" style=\"max-width: 750;\" src=\"https:\/\/anbanjia.com.cn\/wp-content\/uploads\/2022\/05\/HTB1bvYsXcfrK1Rjy0Fmq6xhEXXaS.jpg\" data-alt=\"old people disabled mini pedal magnetic exercise bike cheap foot bicycle stretch exercise machine for exercise\" data-src=\"\"><img decoding=\"async\" src=\"https:\/\/anbanjia.com.cn\/wp-content\/uploads\/2022\/05\/HTB1IAfsXcvrK1Rjy0Feq6ATmVXax.jpg\" data-alt=\"old people disabled mini pedal magnetic exercise bike cheap foot bicycle stretch exercise machine for exercise\" data-src=\"\"><img decoding=\"async\" src=\"https:\/\/anbanjia.com.cn\/wp-content\/uploads\/2022\/05\/HTB1c0SEdQvoK1RjSZPfq6xPKFXaC.jpg\" data-alt=\"old people disabled mini pedal magnetic exercise bike cheap foot bicycle stretch exercise machine for exercise\" data-src=\"\"><img decoding=\"async\" src=\"https:\/\/anbanjia.com.cn\/wp-content\/uploads\/2022\/05\/HTB1o6ywdPDpK1RjSZFrq6y78VXag.jpg\" data-alt=\"old people disabled mini pedal magnetic exercise bike cheap foot bicycle stretch exercise machine for exercise\" data-src=\"\"><img decoding=\"async\" src=\"https:\/\/anbanjia.com.cn\/wp-content\/uploads\/2022\/05\/HTB1FYTsXizxK1Rjy1zkq6yHrVXaA.jpg\" data-alt=\"old people disabled mini pedal magnetic exercise bike cheap foot bicycle stretch exercise machine for exercise\" data-src=\"\"><img decoding=\"async\" src=\"https:\/\/anbanjia.com.cn\/wp-content\/uploads\/2022\/05\/HTB1M5vsXojrK1RkHFNR761SvpXal.jpg\" data-alt=\"old people disabled mini pedal magnetic exercise bike cheap foot bicycle stretch exercise machine for exercise\" data-src=\"\"><img decoding=\"async\" src=\"https:\/\/anbanjia.com.cn\/wp-content\/uploads\/2022\/05\/HTB1zQTsXcTxK1Rjy0Fgq6yovpXaW.jpg\" data-alt=\"old people disabled mini pedal magnetic exercise bike cheap foot bicycle stretch exercise machine for exercise\" data-src=\"\"><img decoding=\"async\" src=\"https:\/\/anbanjia.com.cn\/wp-content\/uploads\/2022\/05\/HTB1_avsXiDxK1Rjy1zcq6yGeXXaa.jpg\" data-alt=\"old people disabled mini pedal magnetic exercise bike cheap foot bicycle stretch exercise machine for exercise\" data-src=\"\"><img decoding=\"async\" src=\"https:\/\/anbanjia.com.cn\/wp-content\/uploads\/2022\/05\/He645f0516f83430988bc42f8595bce64i.jpg\" data-alt=\"old people disabled mini pedal magnetic exercise bike cheap foot bicycle stretch exercise machine for exercise\" data-src=\"\"><img decoding=\"async\" src=\"https:\/\/anbanjia.com.cn\/wp-content\/uploads\/2022\/05\/HTB1HW2rXfvsK1RjSspdq6AZepXaX.jpg\" data-alt=\"old people disabled mini pedal magnetic exercise bike cheap foot bicycle stretch exercise machine for exercise\" data-src=\"\"><\/p>\n<p><strong><span style=\"font-size: 32px;\">Avantage<\/span><\/strong><\/p>\n<p><span style=\"font-size: 24px;\">1. Exercez et restaurez la force musculaire des membres inf\u00e9rieurs;<\/span><br \/>\n<span style=\"font-size: 24px;\">2. \u00c9liminer les tensions musculaires, r\u00e9duire les spasmes musculaires des membres inf\u00e9rieurs et rendre les muscles plus flexibles&nbsp;;<\/span><br \/>\n<span style=\"font-size: 24px;\">3. Am\u00e9liorer la mobilit\u00e9 articulaire et pr\u00e9venir la raideur articulaire&nbsp;;<\/span><br \/>\n<span style=\"font-size: 24px;\">4. Am\u00e9liorer les fonctions motrices importantes n\u00e9cessaires \u00e0 la vie quotidienne&nbsp;;<\/span><br \/>\n<span style=\"font-size: 24px;\">5. Retrouver la force musculaire r\u00e9siduelle des membres inf\u00e9rieurs ;<\/span><br \/>\n<span style=\"font-size: 24px;\">6. Am\u00e9liorer la coordination et la flexibilit\u00e9 du patient.<\/span><\/p>\n<div id=\"ali-anchor-AliPostDhMb-0se4s\" class=\"mceSectionContainer\" style=\"padding-top: 8px;\" data-section=\"AliPostDhMb-0se4s\" data-section-title=\"Company Information\">\n<div id=\"ali-title-AliPostDhMb-0se4s\" style=\"padding: 8px 0; border-bottom: 1px solid #ddd;\"><span style=\"background-color: #ddd; color: #333; font-weight: bold; padding: 8px 10px; line-height: 12px;\">Informations sur la soci\u00e9t\u00e9<\/span><\/div>\n<div style=\"padding: 10px 0;\">\n<p> <img decoding=\"async\" src=\"https:\/\/anbanjia.com.cn\/wp-content\/uploads\/2022\/05\/H3d43ab43a0f24fc7886a50fee5674fd4U.jpg\" data-alt=\"old people disabled mini pedal magnetic exercise bike cheap foot bicycle stretch exercise machine for exercise\" data-src=\"\"><\/p>\n<\/div>\n<\/div>\n<div id=\"ali-anchor-AliPostDhMb-y1c6d\" class=\"mceSectionContainer\" style=\"padding-top: 8px;\" data-section=\"AliPostDhMb-y1c6d\" data-section-title=\"FAQ\">\n<div style=\"padding: 10px 0;\">\n<p><span style=\"font-size: 24px;\"><strong>Contacter:<\/strong><\/span><\/p>\n<p><span style=\"font-size: 24px;\"><strong><img decoding=\"async\" src=\"https:\/\/anbanjia.com.cn\/wp-content\/uploads\/2022\/05\/H10fdde19478c4022952b6ef21b37e97bx.jpg\" data-alt=\"old people disabled mini pedal magnetic exercise bike cheap foot bicycle stretch exercise machine for exercise\" data-src=\"\"><\/strong><\/span><\/p>\n<\/div>\n<\/div>\n<\/div>\n","protected":false},"excerpt":{"rendered":"<p>&nbsp;<\/p>\n<div style=\"width: auto;\">\n<div style=\"min-width: 300px; max-width: 300px; word-wrap: break-word; float: left;\">Propri\u00e9t\u00e9s : fournitures de th\u00e9rapie de r\u00e9adaptation.<\/div>\n<div style=\"min-width: 300px; max-width: 300px; word-wrap: break-word; float: left;\">Lieu d&rsquo;origine&nbsp;: Guangdong, Chine<\/div>\n<\/div>\n<div style=\"width: auto;\">\n<div style=\"min-width: 300px; max-width: 300px; word-wrap: break-word; float: left;\">Nom de marque: Anabnjia<\/div>\n<div style=\"min-width: 300px; max-width: 300px; word-wrap: break-word; float: left;\">Num\u00e9ro de mod\u00e8le : ABJ-105<\/div>\n<\/div>\n<div style=\"width: auto;\">\n<div style=\"min-width: 300px; max-width: 300px; word-wrap: break-word; float: left;\">Type : \u00e9quipements de s\u00e9curit\u00e9 pour salle de bain.<\/div>\n<div style=\"min-width: 300px; max-width: 300px; word-wrap: break-word; float: left;\">Mat\u00e9riel:ABS + PP + FER<\/div>\n<\/div>\n<div style=\"width: auto;\">\n<div style=\"min-width: 300px; max-width: 300px; word-wrap: break-word; float: left;\">Couleur bleue<\/div>\n<div style=\"min-width: 300px; max-width: 300px; word-wrap: break-word; float: left;\">Partie main: manuel, r\u00e9glage de l&rsquo;angle<\/div>\n<\/div>\n<div style=\"width: auto;\">\n<div style=\"min-width: 300px; max-width: 300px; word-wrap: break-word; float: left;\">Partie pied : manuel\/\u00e9lectrique, une voie de rotation<\/div>\n<div style=\"min-width: 300px; max-width: 300px; word-wrap: break-word; float: left;\">Tension&nbsp;: 220&nbsp;V\/50&nbsp;Hz<\/div>\n<\/div>\n<div style=\"width: auto;\">\n<div style=\"min-width: 300px; max-width: 300px; word-wrap: break-word; float: left;\">Moteur&nbsp;: 75&nbsp;W<\/div>\n<div style=\"min-width: 300px; max-width: 300px; word-wrap: break-word; float: left;\">Dimensions du produit : 52 x 34 x 87 cm.<\/div>\n<\/div>\n<div style=\"width: auto;\">\n<div style=\"min-width: 300px; max-width: 300px; word-wrap: break-word; float: left;\">Poids net&nbsp;: 8,5&nbsp;KG<\/div>\n<div style=\"min-width: 300px; max-width: 300px; word-wrap: break-word; float: left;\">Poids de charge maximal&nbsp;: 120&nbsp;KGS<\/div>\n<\/div>\n<div>Logo personnalis\u00e9(Min. Commande : 200 pi\u00e8ces)<\/div>\n<div>Emballage personnalis\u00e9(Min. Commande : 200 pi\u00e8ces)<\/div>\n","protected":false},"featured_media":12681,"comment_status":"closed","ping_status":"closed","template":"","meta":[],"product_cat":[153],"product_tag":[],"class_list":["post-13144","product","type-product","status-publish","has-post-thumbnail","hentry","product_cat-machine-dentrainement-de-reeducation"],"_links":{"self":[{"href":"https:\/\/anbanjia.com.cn\/fr\/wp-json\/wp\/v2\/product\/13144","targetHints":{"allow":["GET"]}}],"collection":[{"href":"https:\/\/anbanjia.com.cn\/fr\/wp-json\/wp\/v2\/product"}],"about":[{"href":"https:\/\/anbanjia.com.cn\/fr\/wp-json\/wp\/v2\/types\/product"}],"replies":[{"embeddable":true,"href":"https:\/\/anbanjia.com.cn\/fr\/wp-json\/wp\/v2\/comments?post=13144"}],"wp:featuredmedia":[{"embeddable":true,"href":"https:\/\/anbanjia.com.cn\/fr\/wp-json\/wp\/v2\/media\/12681"}],"wp:attachment":[{"href":"https:\/\/anbanjia.com.cn\/fr\/wp-json\/wp\/v2\/media?parent=13144"}],"wp:term":[{"taxonomy":"product_cat","embeddable":true,"href":"https:\/\/anbanjia.com.cn\/fr\/wp-json\/wp\/v2\/product_cat?post=13144"},{"taxonomy":"product_tag","embeddable":true,"href":"https:\/\/anbanjia.com.cn\/fr\/wp-json\/wp\/v2\/product_tag?post=13144"}],"curies":[{"name":"wp","href":"https:\/\/api.w.org\/{rel}","templated":true}]}}