{"id":13142,"date":"2022-05-02T18:02:32","date_gmt":"2022-05-02T18:02:32","guid":{"rendered":"https:\/\/www.anbanjia.com.cn\/product\/aider-le-dispositif-dentrainement-de-readaptation-des-membres-superieurs-et-inferieurs-pour-les-accessoires-de-machine-de-readaptation-dhemiplegie-daccident-vasculaire-cerebral\/"},"modified":"2022-05-02T18:02:32","modified_gmt":"2022-05-02T18:02:32","slug":"appareil-dentrainement-de-readaptation-des-membres-superieurs-et-inferieurs-pour-hemiplegie-avc-machine-de-reeducation-accessoires","status":"publish","type":"product","link":"https:\/\/anbanjia.com.cn\/fr\/produit\/appareil-dentrainement-de-readaptation-des-membres-superieurs-et-inferieurs-pour-hemiplegie-avc-machine-de-reeducation-accessoires\/","title":{"rendered":"Aider le dispositif d&rsquo;entra\u00eenement de r\u00e9adaptation des membres sup\u00e9rieurs et inf\u00e9rieurs pour les accessoires de Machine de r\u00e9adaptation d&rsquo;h\u00e9mipl\u00e9gie d&rsquo;accident vasculaire c\u00e9r\u00e9bral"},"content":{"rendered":"<div style=\"max-width: 750px; margin: 0 auto;\">\n<div id=\"detail_decorate_root\" data-magic-global=\"%7B%22bizId%22%3A3215165050%2C%22pageId%22%3A20070996463%2C%22siteId%22%3A5005610021%7D\">\n<div class=\"J_module\">\n<div class=\"icbu-pc-images magic-1\">\n<div>\n<div class=\"flex-layout-v\">\n<div class=\"flex-layout-h magic-1\">\n<div class=\"magic-2\"><a href=\"https:\/\/abj-medical.en.alibaba.com\/productlist.html?spm=a2700.icbuShop.88.17.34a644eboUUcrp\" target=\"_blank\" rel=\"noopener\"><img decoding=\"async\" class=\"magic-3\" style=\"max-width: 750;\" src=\"https:\/\/anbanjia.com.cn\/wp-content\/uploads\/2022\/05\/HTB1v2tVIQSWBuNjSszdq6zeSpXam.jpg\" data-src=\"\"><\/a><\/div>\n<div>\n<div class=\"magic-6\"><span class=\"magic-7\" style=\"color: #e87474;\"><span data-spm-anchor-id=\"a2700.wholesale.0.i23.25bf6d9aIC21In\">Accessoires pour machines de r\u00e9\u00e9ducation<\/span><\/span><\/div>\n<div class=\"magic-8\">\n<div class=\"magic-9\">\n<div class=\"magic-10\">\n<div class=\"magic-11\"><\/div>\n<div class=\"magic-6\"><span class=\"magic-12\">Ce produit ne convient qu&rsquo;\u00e0 la machine de r\u00e9\u00e9ducation de ce magasin. <\/span><\/div>\n<div class=\"magic-6\"><span class=\"magic-12\">Si vous voulez d&rsquo;autres produits,<\/span> <span class=\"magic-12\">veuillez d&rsquo;abord contacter Abby Su<\/span><\/div>\n<div class=\"magic-6\">\n<div class=\"magic-11\"><\/div>\n<\/div>\n<div class=\"magic-6\"><span class=\"magic-12\">Merci <\/span><\/div>\n<div><img decoding=\"async\" src=\"https:\/\/s.alicdn.com\/@sc04\/kf\/Hf967d6f3a53b4ba09076308078e5c154R\/230438700\/Hf967d6f3a53b4ba09076308078e5c154R.png?quality=close\"><\/div>\n<div><img decoding=\"async\" src=\"https:\/\/s.alicdn.com\/@sc04\/kf\/Hab4b3e5791cf4b4e968edca5d65b7d33s\/230438700\/Hab4b3e5791cf4b4e968edca5d65b7d33s.jpg?quality=close\"><\/div>\n<div><img decoding=\"async\" src=\"https:\/\/s.alicdn.com\/@sc04\/kf\/Hc113d6d84dee4a4b97e73e7db2fdfb2ee\/230438700\/Hc113d6d84dee4a4b97e73e7db2fdfb2ee.png?quality=close\"><\/div>\n<div><img decoding=\"async\" src=\"https:\/\/s.alicdn.com\/@sc04\/kf\/H2bf9f08fbbd94a93aacd346cb1996d50o\/230438700\/H2bf9f08fbbd94a93aacd346cb1996d50o.png?quality=close\"><\/div>\n<div><img decoding=\"async\" src=\"https:\/\/s.alicdn.com\/@sc04\/kf\/Ha042bc38511d4017a7df1bef96472abas\/230438700\/Ha042bc38511d4017a7df1bef96472abas.jpg?quality=close\"><\/div>\n<div><img decoding=\"async\" src=\"https:\/\/s.alicdn.com\/@sc04\/kf\/He71984ec78914d15a4ea65adaf90bc87h\/230438700\/He71984ec78914d15a4ea65adaf90bc87h.png?quality=close\"><\/div>\n<div><img decoding=\"async\" src=\"https:\/\/s.alicdn.com\/@sc04\/kf\/Hd59e60e3e69046d6bfee228c0b9a50be6\/230438700\/Hd59e60e3e69046d6bfee228c0b9a50be6.jpg?quality=close\"><\/div>\n<div><img decoding=\"async\" src=\"https:\/\/s.alicdn.com\/@sc04\/kf\/H2521daba5e1d4a209e729244b28f33f4h\/230438700\/H2521daba5e1d4a209e729244b28f33f4h.png?quality=close\"><\/div>\n<div><img decoding=\"async\" src=\"https:\/\/s.alicdn.com\/@sc04\/kf\/Haed2aec8fdf64607bb444d49846545e8j\/230438700\/Haed2aec8fdf64607bb444d49846545e8j.png?quality=close\"><\/div>\n<div><img decoding=\"async\" src=\"https:\/\/s.alicdn.com\/@sc04\/kf\/Hb4f1e535fcaa4aedbeb0f01bfc9d60d8l\/230438700\/Hb4f1e535fcaa4aedbeb0f01bfc9d60d8l.png?quality=close\"><\/div>\n<div>\n<div class=\"magic-6\"><span class=\"magic-12\">Si vous souhaitez ajouter ces accessoires suppl\u00e9mentaires \u00e0 la machine de r\u00e9\u00e9ducation, veuillez contacter Abby Su<\/span><\/div>\n<div class=\"magic-6\" data-spm-anchor-id=\"a2700.wholesale.0.i35.25bf6d9aIC21In\"><span class=\"magic-12\">Merci<\/span><\/div>\n<div data-spm-anchor-id=\"a2700.wholesale.0.i35.25bf6d9aIC21In\"><img decoding=\"async\" src=\"https:\/\/s.alicdn.com\/@sc04\/kf\/H09ba62b775db47bd85c0aadd2e949b28L\/230438700\/H09ba62b775db47bd85c0aadd2e949b28L.jpg?quality=close\"><\/div>\n<div data-spm-anchor-id=\"a2700.wholesale.0.i35.25bf6d9aIC21In\"><img decoding=\"async\" src=\"https:\/\/s.alicdn.com\/@sc04\/kf\/H137236235e054f4cb1a0479fd1bdc813a\/230438700\/H137236235e054f4cb1a0479fd1bdc813a.jpg?quality=close\"><\/div>\n<div data-spm-anchor-id=\"a2700.wholesale.0.i35.25bf6d9aIC21In\"><img decoding=\"async\" src=\"https:\/\/s.alicdn.com\/@sc04\/kf\/He7c48d311cc84b8aacf946ba96c8faa8v\/230438700\/He7c48d311cc84b8aacf946ba96c8faa8v.jpg?quality=close\"><\/div>\n<div data-spm-anchor-id=\"a2700.wholesale.0.i35.25bf6d9aIC21In\">\n<p class=\"magic-29\"><span style=\"font-family: Arial, Helvetica; font-size: large;\">En tant que fournisseur professionnel et leader d&rsquo;\u00e9quipements m\u00e9dicaux, ABJ fournit de nombreux produits de fauteuils roulants de haute qualit\u00e9 \u00e0 la majorit\u00e9 des clients, ce qui r\u00e9pond \u00e0 leurs exigences.<br \/>\n<\/span><\/p>\n<p class=\"magic-29\" data-spm-anchor-id=\"a2700.wholesale.0.i38.25bf6d9aIC21In\"><span style=\"font-family: Arial, Helvetica; font-size: large;\">Tous les produits doivent \u00eatre inspect\u00e9s tr\u00e8s soigneusement par nous-m\u00eames avant l&rsquo;exp\u00e9dition.<br \/>\nNous fournissons aux clients une livraison rapide, un prix raisonnable, des services de haute qualit\u00e9 et \u00e0 long terme.<\/span><\/p>\n<p data-spm-anchor-id=\"a2700.wholesale.0.i38.25bf6d9aIC21In\"><img decoding=\"async\" src=\"https:\/\/s.alicdn.com\/@sc01\/kf\/H3d43ab43a0f24fc7886a50fee5674fd4U\/230438700\/H3d43ab43a0f24fc7886a50fee5674fd4U.jpg?quality=close\"><\/p>\n<p data-spm-anchor-id=\"a2700.wholesale.0.i38.25bf6d9aIC21In\"><img decoding=\"async\" src=\"https:\/\/s.alicdn.com\/@sc01\/kf\/HTB1xs6Ud.D.BuNjt_h7q6yNDVXat\/230438700\/HTB1xs6Ud.D.BuNjt_h7q6yNDVXat.jpg?quality=close\"><\/p>\n<p data-spm-anchor-id=\"a2700.wholesale.0.i38.25bf6d9aIC21In\"><img decoding=\"async\" src=\"https:\/\/s.alicdn.com\/@sc01\/kf\/HTB1aUsdKqmWBuNjy1Xaq6xCbXXag\/230438700\/HTB1aUsdKqmWBuNjy1Xaq6xCbXXag.jpg?quality=close\"><\/p>\n<p data-spm-anchor-id=\"a2700.wholesale.0.i38.25bf6d9aIC21In\">\u00c0 propos de nous:<br \/>\n1. Plus de commande, plus de remise, prix comp\u00e9titif&nbsp;!<br \/>\n2. Bienvenue \u00e0 nous contacter pour obtenir un meilleur prix&nbsp;!<br \/>\n3.Bon service, livraison rapide, et nous valons la peine d&rsquo;\u00eatre dignes de confiance.<br \/>\n4. Nous pouvons vous garantir que vous serez satisfait de nos produits.<br \/>\n5. Nous traitons les clients comme des amis et vous offrons un service consid\u00e9rable.<\/p>\n<p data-spm-anchor-id=\"a2700.wholesale.0.i38.25bf6d9aIC21In\"><img decoding=\"async\" src=\"https:\/\/s.alicdn.com\/@sc04\/kf\/Hee9408d448ab460f94c285e537e347025\/230438700\/Hee9408d448ab460f94c285e537e347025.png?quality=close\"><\/p>\n<\/div>\n<\/div>\n<\/div>\n<\/div>\n<\/div>\n<\/div>\n<\/div>\n<\/div>\n<\/div>\n<\/div>\n<\/div>\n<\/div>\n<\/div>\n","protected":false},"excerpt":{"rendered":"<p>&nbsp;<\/p>\n<div style=\"width: auto;\">\n<div style=\"min-width: 300px; max-width: 300px; word-wrap: break-word; float: left;\">Propri\u00e9t\u00e9s : fournitures de th\u00e9rapie de r\u00e9adaptation.<\/div>\n<div style=\"min-width: 300px; max-width: 300px; word-wrap: break-word; float: left;\">Lieu d&rsquo;origine&nbsp;: Guangdong, Chine<\/div>\n<\/div>\n<div style=\"width: auto;\">\n<div style=\"min-width: 300px; max-width: 300px; word-wrap: break-word; float: left;\">Nom de marque:Anbanjia<\/div>\n<div style=\"min-width: 300px; max-width: 300px; word-wrap: break-word; float: left;\">Num\u00e9ro de mod\u00e8le&nbsp;: ABJ-H02<\/div>\n<\/div>\n<div style=\"width: auto;\">\n<div style=\"min-width: 300px; max-width: 300px; word-wrap: break-word; float: left;\">Type : \u00e9quipements de s\u00e9curit\u00e9 pour salle de bain.<\/div>\n<div style=\"min-width: 300px; max-width: 300px; word-wrap: break-word; float: left;\">Hauteur du produit : 38 cm<\/div>\n<\/div>\n<div style=\"width: auto;\">\n<div style=\"min-width: 300px; max-width: 300px; word-wrap: break-word; float: left;\">Longueur du produit : 25 cm<\/div>\n<div style=\"min-width: 300px; max-width: 300px; word-wrap: break-word; float: left;\">Largeur du produit : 14 cm<\/div>\n<\/div>\n<div style=\"width: auto;\">\n<div style=\"min-width: 300px; max-width: 300px; word-wrap: break-word; float: left;\">Poids net&nbsp;: 0,8&nbsp;kg<\/div>\n<div style=\"min-width: 300px; max-width: 300px; word-wrap: break-word; float: left;\">Taille de l&#8217;emballage : 25*15*42 cm<\/div>\n<\/div>\n","protected":false},"featured_media":11728,"comment_status":"closed","ping_status":"closed","template":"","meta":[],"product_cat":[153],"product_tag":[],"class_list":["post-13142","product","type-product","status-publish","has-post-thumbnail","hentry","product_cat-machine-dentrainement-de-reeducation"],"_links":{"self":[{"href":"https:\/\/anbanjia.com.cn\/fr\/wp-json\/wp\/v2\/product\/13142","targetHints":{"allow":["GET"]}}],"collection":[{"href":"https:\/\/anbanjia.com.cn\/fr\/wp-json\/wp\/v2\/product"}],"about":[{"href":"https:\/\/anbanjia.com.cn\/fr\/wp-json\/wp\/v2\/types\/product"}],"replies":[{"embeddable":true,"href":"https:\/\/anbanjia.com.cn\/fr\/wp-json\/wp\/v2\/comments?post=13142"}],"wp:featuredmedia":[{"embeddable":true,"href":"https:\/\/anbanjia.com.cn\/fr\/wp-json\/wp\/v2\/media\/11728"}],"wp:attachment":[{"href":"https:\/\/anbanjia.com.cn\/fr\/wp-json\/wp\/v2\/media?parent=13142"}],"wp:term":[{"taxonomy":"product_cat","embeddable":true,"href":"https:\/\/anbanjia.com.cn\/fr\/wp-json\/wp\/v2\/product_cat?post=13142"},{"taxonomy":"product_tag","embeddable":true,"href":"https:\/\/anbanjia.com.cn\/fr\/wp-json\/wp\/v2\/product_tag?post=13142"}],"curies":[{"name":"wp","href":"https:\/\/api.w.org\/{rel}","templated":true}]}}