{"id":13140,"date":"2022-05-02T18:02:31","date_gmt":"2022-05-02T18:02:31","guid":{"rendered":"https:\/\/www.anbanjia.com.cn\/product\/configuration-des-velos-dexercice-de-reeducation-des-haut-parleurs-pour-lentrainement-de-reeducation-des-mains-et-des-pieds\/"},"modified":"2022-05-02T18:02:31","modified_gmt":"2022-05-02T18:02:31","slug":"configuration-haut-parleur-rehabilitation-velos-dexercice-pour-entrainement-reeducation-main-pied","status":"publish","type":"product","link":"https:\/\/anbanjia.com.cn\/fr\/produit\/configuration-haut-parleur-rehabilitation-velos-dexercice-pour-entrainement-reeducation-main-pied\/","title":{"rendered":"Configuration des v\u00e9los d&rsquo;exercice de r\u00e9\u00e9ducation des haut-parleurs pour l&rsquo;entra\u00eenement de r\u00e9\u00e9ducation des mains et des pieds"},"content":{"rendered":"<div style=\"max-width: 750px; margin: 0 auto;\">\n<div id=\"detail_decorate_root\" data-magic-global=\"%7B%22bizId%22%3A3215165050%2C%22pageId%22%3A20065860827%2C%22siteId%22%3A5005610021%7D\">\n<div class=\"J_module\">\n<div class=\"icbu-pc-images magic-1\">\n<div>\n<div class=\"flex-layout-v\">\n<div class=\"flex-layout-h magic-1\">\n<div class=\"magic-2\"><a href=\"https:\/\/abj-medical.en.alibaba.com\/productlist.html?spm=a2700.icbuShop.88.17.34a644eboUUcrp\" target=\"_blank\" rel=\"noopener\"><img decoding=\"async\" class=\"magic-3\" style=\"max-width: 750;\" src=\"https:\/\/anbanjia.com.cn\/wp-content\/uploads\/2022\/05\/HTB1v2tVIQSWBuNjSszdq6zeSpXam.jpg\" data-src=\"\"><\/a><\/div>\n<div>\n<div class=\"magic-6\"><span class=\"magic-7\" style=\"color: #e87474;\"> appareil de r\u00e9\u00e9ducation bluetooth <\/span><\/div>\n<div class=\"magic-8\">\n<div class=\"magic-9\">\n<div class=\"magic-10\">\n<div class=\"magic-11\"><span class=\"magic-13\">Il s&rsquo;agit d&rsquo;une machine de r\u00e9\u00e9ducation qui peut \u00eatre connect\u00e9e \u00e0 un t\u00e9l\u00e9phone portable.<\/span><\/div>\n<div class=\"magic-11\" data-spm-anchor-id=\"a2700.wholesale.0.i21.674378a4C8HBP4\"> <span class=\"magic-13\">Vous pouvez \u00e9couter de la musique pendant l&rsquo;entra\u00eenement.<\/span> <span class=\"magic-13\">D\u00e9tendez-vous l&rsquo;esprit et le corps.<\/span><img decoding=\"async\" src=\"https:\/\/s.alicdn.com\/@sc04\/kf\/H38ecfeb37c2043d28656f462810f0476Q\/230438700\/H38ecfeb37c2043d28656f462810f0476Q.jpg?quality=close\"><\/div>\n<div data-spm-anchor-id=\"a2700.wholesale.0.i21.674378a4C8HBP4\"><img decoding=\"async\" src=\"https:\/\/s.alicdn.com\/@sc04\/kf\/Hf34bbc510e0c4075bb2b36588102f6e5e\/230438700\/Hf34bbc510e0c4075bb2b36588102f6e5e.png?quality=close\"><\/div>\n<div data-spm-anchor-id=\"a2700.wholesale.0.i21.674378a4C8HBP4\"><img decoding=\"async\" src=\"https:\/\/s.alicdn.com\/@sc04\/kf\/H6822f9f941be448a9b84f5f028ae48b76\/230438700\/H6822f9f941be448a9b84f5f028ae48b76.png?quality=close\"><\/div>\n<div data-spm-anchor-id=\"a2700.wholesale.0.i21.674378a4C8HBP4\"><img decoding=\"async\" src=\"https:\/\/s.alicdn.com\/@sc04\/kf\/He590cd6cf57a42aaa167b83cb82feab4g\/230438700\/He590cd6cf57a42aaa167b83cb82feab4g.png?quality=close\"><\/div>\n<div data-spm-anchor-id=\"a2700.wholesale.0.i21.674378a4C8HBP4\">Si vous souhaitez ajouter ces accessoires suppl\u00e9mentaires \u00e0 la machine de r\u00e9\u00e9ducation, veuillez contacter Abby Su<\/div>\n<div data-spm-anchor-id=\"a2700.wholesale.0.i21.674378a4C8HBP4\"><img decoding=\"async\" src=\"https:\/\/s.alicdn.com\/@sc04\/kf\/H13265fe150c848f89583687efc64884eC\/230438700\/H13265fe150c848f89583687efc64884eC.jpg?quality=close\"><\/div>\n<div data-spm-anchor-id=\"a2700.wholesale.0.i21.674378a4C8HBP4\"><img decoding=\"async\" src=\"https:\/\/s.alicdn.com\/@sc04\/kf\/H137236235e054f4cb1a0479fd1bdc813a\/230438700\/H137236235e054f4cb1a0479fd1bdc813a.jpg?quality=close\"><\/div>\n<div data-spm-anchor-id=\"a2700.wholesale.0.i21.674378a4C8HBP4\"><img decoding=\"async\" src=\"https:\/\/s.alicdn.com\/@sc04\/kf\/He7c48d311cc84b8aacf946ba96c8faa8v\/230438700\/He7c48d311cc84b8aacf946ba96c8faa8v.jpg?quality=close\"><\/div>\n<div data-spm-anchor-id=\"a2700.wholesale.0.i21.674378a4C8HBP4\">\n<p class=\"magic-22\"><span style=\"font-family: Arial, Helvetica; font-size: large;\">En tant que fournisseur professionnel et leader d&rsquo;\u00e9quipements m\u00e9dicaux, ABJ fournit de nombreux produits de fauteuils roulants de haute qualit\u00e9 \u00e0 la majorit\u00e9 des clients, ce qui r\u00e9pond \u00e0 leurs exigences.<br \/>\n<\/span><\/p>\n<p class=\"magic-22\" data-spm-anchor-id=\"a2700.wholesale.0.i30.674378a4C8HBP4\"><span style=\"font-family: Arial, Helvetica; font-size: large;\">Tous les produits doivent \u00eatre inspect\u00e9s tr\u00e8s soigneusement par nous-m\u00eames avant l&rsquo;exp\u00e9dition.<br \/>\nNous fournissons aux clients une livraison rapide, un prix raisonnable, des services de haute qualit\u00e9 et \u00e0 long terme.<\/span><\/p>\n<p data-spm-anchor-id=\"a2700.wholesale.0.i30.674378a4C8HBP4\"><img decoding=\"async\" src=\"https:\/\/s.alicdn.com\/@sc01\/kf\/H3d43ab43a0f24fc7886a50fee5674fd4U\/230438700\/H3d43ab43a0f24fc7886a50fee5674fd4U.jpg?quality=close\"><\/p>\n<p data-spm-anchor-id=\"a2700.wholesale.0.i30.674378a4C8HBP4\"><img decoding=\"async\" src=\"https:\/\/s.alicdn.com\/@sc01\/kf\/HTB1xs6Ud.D.BuNjt_h7q6yNDVXat\/230438700\/HTB1xs6Ud.D.BuNjt_h7q6yNDVXat.jpg?quality=close\"><\/p>\n<p data-spm-anchor-id=\"a2700.wholesale.0.i30.674378a4C8HBP4\"><img decoding=\"async\" src=\"https:\/\/s.alicdn.com\/@sc01\/kf\/HTB1aUsdKqmWBuNjy1Xaq6xCbXXag\/230438700\/HTB1aUsdKqmWBuNjy1Xaq6xCbXXag.jpg?quality=close\"><\/p>\n<p data-spm-anchor-id=\"a2700.wholesale.0.i30.674378a4C8HBP4\">\u00c0 propos de nous:<br \/>\n1. Plus de commande, plus de remise, prix comp\u00e9titif&nbsp;!<br \/>\n2. Bienvenue \u00e0 nous contacter pour obtenir un meilleur prix&nbsp;!<br \/>\n3.Bon service, livraison rapide, et nous valons la peine d&rsquo;\u00eatre dignes de confiance.<br \/>\n4. Nous pouvons vous garantir que vous serez satisfait de nos produits.<br \/>\n5. Nous traitons les clients comme des amis et vous offrons un service consid\u00e9rable.<\/p>\n<p data-spm-anchor-id=\"a2700.wholesale.0.i30.674378a4C8HBP4\"><img decoding=\"async\" src=\"https:\/\/s.alicdn.com\/@sc04\/kf\/Hee9408d448ab460f94c285e537e347025\/230438700\/Hee9408d448ab460f94c285e537e347025.png?quality=close\"><\/p>\n<\/div>\n<\/div>\n<\/div>\n<\/div>\n<\/div>\n<\/div>\n<\/div>\n<\/div>\n<\/div>\n<\/div>\n<\/div>\n<\/div>\n","protected":false},"excerpt":{"rendered":"<p>&nbsp;<\/p>\n<div style=\"width: auto;\">\n<div style=\"min-width: 300px; max-width: 300px; word-wrap: break-word; float: left;\">Propri\u00e9t\u00e9s : fournitures de th\u00e9rapie de r\u00e9adaptation.<\/div>\n<div style=\"min-width: 300px; max-width: 300px; word-wrap: break-word; float: left;\">Lieu d&rsquo;origine&nbsp;: Guangdong, Chine<\/div>\n<\/div>\n<div style=\"width: auto;\">\n<div style=\"min-width: 300px; max-width: 300px; word-wrap: break-word; float: left;\">Nom de marque:Anbanjia<\/div>\n<div style=\"min-width: 300px; max-width: 300px; word-wrap: break-word; float: left;\">Num\u00e9ro de mod\u00e8le : ABJ-108<\/div>\n<\/div>\n<div style=\"width: auto;\">\n<div style=\"min-width: 300px; max-width: 300px; word-wrap: break-word; float: left;\">Type : \u00e9quipements de s\u00e9curit\u00e9 pour salle de bain.<\/div>\n<div style=\"min-width: 300px; max-width: 300px; word-wrap: break-word; float: left;\">Mat\u00e9riel:ABS + PP + FER<\/div>\n<\/div>\n<div style=\"width: auto;\">\n<div style=\"min-width: 300px; max-width: 300px; word-wrap: break-word; float: left;\">Couleur : gris<\/div>\n<div style=\"min-width: 300px; max-width: 300px; word-wrap: break-word; float: left;\">Dimensions du produit : 48 x 35 x 75-104 cm.<\/div>\n<\/div>\n<div style=\"width: auto;\">\n<div style=\"min-width: 300px; max-width: 300px; word-wrap: break-word; float: left;\">Tension&nbsp;: 220&nbsp;V\/50&nbsp;Hz<\/div>\n<div style=\"min-width: 300px; max-width: 300px; word-wrap: break-word; float: left;\">Moteur&nbsp;: 250&nbsp;w<\/div>\n<\/div>\n<div style=\"width: auto;\">\n<div style=\"min-width: 300px; max-width: 300px; word-wrap: break-word; float: left;\">Poids net&nbsp;: 13&nbsp;KG<\/div>\n<div style=\"min-width: 300px; max-width: 300px; word-wrap: break-word; float: left;\">Poids de charge maximal&nbsp;: 120&nbsp;KGS<\/div>\n<\/div>\n<div style=\"width: auto;\">\n<div style=\"min-width: 300px; max-width: 300px; word-wrap: break-word; float: left;\">Dimensions d&#8217;emballage : 52,5 x 34 x 81 cm.<\/div>\n<div style=\"min-width: 300px; max-width: 300px; word-wrap: break-word; float: left;\">Partie pied :: manuel\/\u00e9lectrique, rotation et contre-rotation, 10 niveaux<\/div>\n<\/div>\n<div>Logo personnalis\u00e9(Min. Commande : 200 pi\u00e8ces)<\/div>\n<div>Personnalisation graphique(Min. Commande : 200 Pi\u00e8ces)<\/div>\n","protected":false},"featured_media":5501,"comment_status":"closed","ping_status":"closed","template":"","meta":[],"product_cat":[153],"product_tag":[],"class_list":["post-13140","product","type-product","status-publish","has-post-thumbnail","hentry","product_cat-machine-dentrainement-de-reeducation"],"_links":{"self":[{"href":"https:\/\/anbanjia.com.cn\/fr\/wp-json\/wp\/v2\/product\/13140","targetHints":{"allow":["GET"]}}],"collection":[{"href":"https:\/\/anbanjia.com.cn\/fr\/wp-json\/wp\/v2\/product"}],"about":[{"href":"https:\/\/anbanjia.com.cn\/fr\/wp-json\/wp\/v2\/types\/product"}],"replies":[{"embeddable":true,"href":"https:\/\/anbanjia.com.cn\/fr\/wp-json\/wp\/v2\/comments?post=13140"}],"wp:featuredmedia":[{"embeddable":true,"href":"https:\/\/anbanjia.com.cn\/fr\/wp-json\/wp\/v2\/media\/5501"}],"wp:attachment":[{"href":"https:\/\/anbanjia.com.cn\/fr\/wp-json\/wp\/v2\/media?parent=13140"}],"wp:term":[{"taxonomy":"product_cat","embeddable":true,"href":"https:\/\/anbanjia.com.cn\/fr\/wp-json\/wp\/v2\/product_cat?post=13140"},{"taxonomy":"product_tag","embeddable":true,"href":"https:\/\/anbanjia.com.cn\/fr\/wp-json\/wp\/v2\/product_tag?post=13140"}],"curies":[{"name":"wp","href":"https:\/\/api.w.org\/{rel}","templated":true}]}}