{"id":13137,"date":"2022-05-02T18:02:38","date_gmt":"2022-05-02T18:02:38","guid":{"rendered":"https:\/\/www.anbanjia.com.cn\/product\/bandes-de-systeme-de-test-dequipement-de-test-de-compteur-dhemoglobine-portable-urit-12-hb-fabriquant-de-haute-precision\/"},"modified":"2022-05-02T18:02:38","modified_gmt":"2022-05-02T18:02:38","slug":"haute-precision-portable-urit-12-hb-fabriquant-hemoglobino-meter-test-equipment-testing-system-strips","status":"publish","type":"product","link":"https:\/\/anbanjia.com.cn\/fr\/produit\/haute-precision-portable-urit-12-hb-fabriquant-hemoglobino-meter-test-equipment-testing-system-strips\/","title":{"rendered":"Bandes de syst\u00e8me de test d&rsquo;\u00e9quipement de test de compteur d&rsquo;h\u00e9moglobine portable Urit-12 hb fabriquant de haute pr\u00e9cision"},"content":{"rendered":"<div style=\"max-width: 750px;margin: 0 auto;\">\n<div data-magic-global=\"%7B%22bizId%22%3A3215165050%2C%22pageId%22%3A20150639803%2C%22siteId%22%3A5005610021%7D\" id=\"detail_decorate_root\">\n<div class=\"J_module\" module-id=\"24721668428\" module-title=\"detailTextContent\" render=\"true\">\n<div class=\"detail-decorate-json-renderer-container\">\n<div class=\"magic-1\">\n<div class=\"magic-2\">\n<div class=\"magic-3\">\n<div class=\"magic-4\">\n<div class=\"magic-5\"><font class=\"magic-6\"><b><br \/><\/b><\/font><\/div>\n<div class=\"magic-5\"><font class=\"magic-6\"><b> <font class=\"magic-7\">Bandelettes de test de syst\u00e8me de test d&rsquo;h\u00e9moglobine de compteur portable Urit -12 HB de haute pr\u00e9cision<\/font><\/b><\/font><\/div>\n<div class=\"magic-5\"><font class=\"magic-6\"><font class=\"magic-7\"><br \/><\/font><\/font><\/div>\n<\/div>\n<\/div>\n<\/div>\n<\/div>\n<\/div>\n<\/div>\n<div class=\"J_module\" module-id=\"24688128724\" module-title=\"detailManyImage\" render=\"true\">\n<div class=\"icbu-pc-detailManyImage magic-8\">\n<div class=\"magic-9\"><img decoding=\"async\" class=\"magic-10\" data-src=\"\" src=\"https:\/\/anbanjia.com.cn\/wp-content\/uploads\/2022\/05\/H7bd18034bbad40bbac78a66d0e861e8dd.jpg\" style=\"max-width: 750;\"><\/div>\n<div class=\"magic-9\"><img decoding=\"async\" class=\"magic-10\" data-src=\"\" src=\"https:\/\/anbanjia.com.cn\/wp-content\/uploads\/2022\/05\/H439c791608e140f4800cfa9d3cf5dc98q.png\"><\/div>\n<div class=\"magic-9\"><img decoding=\"async\" class=\"magic-10\" data-src=\"\" src=\"https:\/\/anbanjia.com.cn\/wp-content\/uploads\/2022\/05\/H623dc6ae6b4c4cc0bfe0ebf7b63a0280R.jpg\"><\/div>\n<div class=\"magic-9\"><img decoding=\"async\" class=\"magic-10\" data-src=\"\" src=\"https:\/\/anbanjia.com.cn\/wp-content\/uploads\/2022\/05\/Hb158e7f0977f4566a9b04e8a2208643b4.png\"><\/div>\n<div class=\"magic-9\"><img decoding=\"async\" class=\"magic-10\" data-src=\"\" src=\"https:\/\/anbanjia.com.cn\/wp-content\/uploads\/2022\/05\/H9cf73549ee14494fbdffe548af68d739o.jpg\"><\/div>\n<\/div>\n<\/div>\n<div class=\"J_module\" module-id=\"24721668429\" module-title=\"detailTextContent\" render=\"true\">\n<div class=\"detail-decorate-json-renderer-container\">\n<div class=\"magic-1\">\n<div class=\"magic-2\">\n<div class=\"magic-3\">\n<div class=\"magic-4\">\n<div class=\"magic-11\">COMPTEUR : H\u00e9moglobine dans le sang frais<\/div>\n<p><span><\/p>\n<div class=\"magic-11\">Principe de mesure&nbsp;: R\u00e9flectance optique <\/div>\n<div class=\"magic-11\">Bande: Bandelettes de test d&rsquo;h\u00e9moglobine H12<\/div>\n<div class=\"magic-11\">Plage de mesure : 4,0 g\/dL ~ 24,0 g\/dL. <\/div>\n<div class=\"magic-11\">Les r\u00e9sultats inf\u00e9rieurs \u00e0 4,0&nbsp;g\/dL et sup\u00e9rieurs \u00e0 24,0&nbsp;g\/dL s&rsquo;affichent respectivement sous la forme \u00ab\u00a0Lo\u00a0\u00bb et \u00ab\u00a0Hi\u00a0\u00bb afin d&rsquo;indiquer le r\u00e9sultat qui est hors plage.<\/div>\n<div class=\"magic-11\">Temps de mesure : Moins de 30 secondes<\/div>\n<div class=\"magic-11\">Masse:&lt; 58g (Batterie incluse)<\/div>\n<div class=\"magic-11\">Affichage&nbsp;: LCD, r\u00e9sultat du test affich\u00e9 en SI<\/div>\n<p>Dimensions ext\u00e9rieures : 102 mm \u00d7 50 mm \u00d7 19 mm<\/p>\n<div class=\"magic-11\">Plages de fonctionnement : 15 ~ 30 \u00b0C ; HR \u226480% sans condensation<\/div>\n<div class=\"magic-11\">Alimentation : DC 6 V (deux piles CR2032)<\/div>\n<div class=\"magic-11\">Plages ultimes : -20 ~ 55 \u00b0C ; HR&lt; 90% sans condensation<\/div>\n<div class=\"magic-11\">Dur\u00e9e de vie disponible : 8 ans<\/div>\n<div class=\"magic-11\">Autres&nbsp;: v\u00e9rification et affichage des probl\u00e8mes internes<\/div>\n<p><\/span><\/div>\n<\/div>\n<\/div>\n<\/div>\n<\/div>\n<\/div><\/div>\n<\/div>\n","protected":false},"excerpt":{"rendered":"<div style=\"width:auto\">\n<div style=\"min-width: 300px;max-width: 300px;word-wrap: break-word;float: left\">Lieu d&rsquo;origine&nbsp;: Zhejiang, Chine <\/div>\n<div style=\"min-width: 300px;max-width: 300px;word-wrap: break-word;float: left\">Nom de marque : marque OEM.<\/div>\n<\/p><\/div>\n<div style=\"width:auto\">\n<div style=\"min-width: 300px;max-width: 300px;word-wrap: break-word;float: left\">Num\u00e9ro de mod\u00e8le :Plus <\/div>\n<div style=\"min-width: 300px;max-width: 300px;word-wrap: break-word;float: left\">Type de d\u00e9sinfection&nbsp;: OZONE<\/div>\n<\/p><\/div>\n<div style=\"width:auto\">\n<div style=\"min-width: 300px;max-width: 300px;word-wrap: break-word;float: left\">Propri\u00e9t\u00e9s&nbsp;: analyse de sang <\/div>\n<div style=\"min-width: 300px;max-width: 300px;word-wrap: break-word;float: left\">Taille:4*0.5cm<\/div>\n<\/p><\/div>\n<div style=\"width:auto\">\n<div style=\"min-width: 300px;max-width: 300px;word-wrap: break-word;float: left\">Action&nbsp;:&nbsp;Oui <\/div>\n<div style=\"min-width: 300px;max-width: 300px;word-wrap: break-word;float: left\">Dur\u00e9e de conservation&nbsp;: 1&nbsp;ans<\/div>\n<\/p><\/div>\n<div style=\"width:auto\">\n<div style=\"min-width: 300px;max-width: 300px;word-wrap: break-word;float: left\">Mat\u00e9riau&nbsp;: 100&nbsp;% nylon <\/div>\n<div style=\"min-width: 300px;max-width: 300px;word-wrap: break-word;float: left\">Certificat de qualit\u00e9&nbsp;: ce<\/div>\n<\/p><\/div>\n<div style=\"width:auto\">\n<div style=\"min-width: 300px;max-width: 300px;word-wrap: break-word;float: left\">Classification des instruments&nbsp;: classe&nbsp;II <\/div>\n<div style=\"min-width: 300px;max-width: 300px;word-wrap: break-word;float: left\">Norme de s\u00e9curit\u00e9&nbsp;:&nbsp;Aucune<\/div>\n<\/p><\/div>\n<div style=\"width:auto\">\n<div style=\"min-width: 300px;max-width: 300px;word-wrap: break-word;float: left\">Nom du produit: bandelettes de test d&rsquo;h\u00e9moglobine <\/div>\n<div style=\"min-width: 300px;max-width: 300px;word-wrap: break-word;float: left\">Caract\u00e9ristique:Tester l&rsquo;h\u00e9moglobine<\/div>\n<\/p><\/div>\n<div style=\"width:auto\">\n<div style=\"min-width: 300px;max-width: 300px;word-wrap: break-word;float: left\">Paquet: 50 pi\u00e8ces\/bo\u00eete <\/div>\n<div style=\"min-width: 300px;max-width: 300px;word-wrap: break-word;float: left\">Plage de mesure : 4,0 g\/dL ~ 24,0 g\/dL<\/div>\n<\/p><\/div>\n","protected":false},"featured_media":5877,"comment_status":"closed","ping_status":"closed","template":"","meta":[],"product_cat":[157],"product_tag":[],"class_list":["post-13137","product","type-product","status-publish","has-post-thumbnail","hentry","product_cat-bandelettes-de-test-dhemoglobine"],"_links":{"self":[{"href":"https:\/\/anbanjia.com.cn\/fr\/wp-json\/wp\/v2\/product\/13137","targetHints":{"allow":["GET"]}}],"collection":[{"href":"https:\/\/anbanjia.com.cn\/fr\/wp-json\/wp\/v2\/product"}],"about":[{"href":"https:\/\/anbanjia.com.cn\/fr\/wp-json\/wp\/v2\/types\/product"}],"replies":[{"embeddable":true,"href":"https:\/\/anbanjia.com.cn\/fr\/wp-json\/wp\/v2\/comments?post=13137"}],"wp:featuredmedia":[{"embeddable":true,"href":"https:\/\/anbanjia.com.cn\/fr\/wp-json\/wp\/v2\/media\/5877"}],"wp:attachment":[{"href":"https:\/\/anbanjia.com.cn\/fr\/wp-json\/wp\/v2\/media?parent=13137"}],"wp:term":[{"taxonomy":"product_cat","embeddable":true,"href":"https:\/\/anbanjia.com.cn\/fr\/wp-json\/wp\/v2\/product_cat?post=13137"},{"taxonomy":"product_tag","embeddable":true,"href":"https:\/\/anbanjia.com.cn\/fr\/wp-json\/wp\/v2\/product_tag?post=13137"}],"curies":[{"name":"wp","href":"https:\/\/api.w.org\/{rel}","templated":true}]}}