{"id":13136,"date":"2022-05-02T18:02:34","date_gmt":"2022-05-02T18:02:34","guid":{"rendered":"https:\/\/www.anbanjia.com.cn\/product\/mini-velo-dexercice-de-jambe-et-de-bras-de-cycle-de-readaptation-physique-motorise-dinterieur-a-la-maison-pour-handicape\/"},"modified":"2022-05-02T18:02:34","modified_gmt":"2022-05-02T18:02:34","slug":"home-indoor-motorized-physical-rehabilitation-mini-cycle-leg-and-arm-exercise-bike-for-handicape","status":"publish","type":"product","link":"https:\/\/anbanjia.com.cn\/fr\/produit\/home-indoor-motorized-physical-rehabilitation-mini-cycle-leg-and-arm-exercise-bike-for-handicape\/","title":{"rendered":"Mini v\u00e9lo d&rsquo;exercice de jambe et de bras de cycle de r\u00e9adaptation physique motoris\u00e9 d&rsquo;int\u00e9rieur \u00e0 la maison pour handicap\u00e9"},"content":{"rendered":"<div style=\"max-width: 750px;margin: 0 auto;\">\n<div data-magic-global=\"%7B%22bizId%22%3A3215165050%2C%22pageId%22%3A21026116115%2C%22siteId%22%3A5005610021%7D\" id=\"detail_decorate_root\">\n<div class=\"J_module\" module-id=\"27799064666\" module-title=\"detailTextContent\" render=\"true\">\n<div class=\"detail-decorate-json-renderer-container\">\n<div class=\"magic-1\">\n<div class=\"magic-2\">\n<div class=\"magic-3\">\n<div class=\"magic-4\">\n<div class=\"magic-5\"><font class=\"magic-6\">V\u00e9lo d&rsquo;exercice pour jambes et bras Mini Cycle de r\u00e9adaptation physique<\/font><\/div>\n<div><span><br \/><\/span><\/div>\n<div><span><b><font class=\"magic-6\">Avantage:<\/font><\/b><br \/>\n1. Exercez et restaurez la force musculaire des membres inf\u00e9rieurs;<br \/>\n2. \u00c9limine les tensions musculaires, r\u00e9duit les spasmes musculaires des membres inf\u00e9rieurs et rend les muscles plus flexibles.<br \/>\n3. Am\u00e9liorer la mobilit\u00e9 articulaire et pr\u00e9venir la raideur articulaire&nbsp;;<br \/>\n4. Am\u00e9liorer les fonctions motrices importantes n\u00e9cessaires \u00e0 la vie quotidienne&nbsp;;<br \/>\n5. Retrouver la force musculaire r\u00e9siduelle des membres inf\u00e9rieurs ;<br \/>\n6. Am\u00e9liorer la coordination et la flexibilit\u00e9 du patient.<\/span><\/div>\n<\/div>\n<\/div>\n<\/div>\n<\/div>\n<\/div>\n<\/div>\n<div class=\"J_module\" module-id=\"27799064667\" module-title=\"detailManyImage\" render=\"true\">\n<div class=\"icbu-pc-detailManyImage magic-7\">\n<div class=\"magic-8\"><img decoding=\"async\" class=\"magic-9\" data-src=\"\" src=\"https:\/\/anbanjia.com.cn\/wp-content\/uploads\/2022\/05\/H0b1cb6f33d7f4b06a8ad4736dff06ceaG.png\" style=\"max-width: 750;\"><\/div>\n<div class=\"magic-8\"><img decoding=\"async\" class=\"magic-9\" data-src=\"\" src=\"https:\/\/anbanjia.com.cn\/wp-content\/uploads\/2022\/05\/HTB1S1bkbqSs3KVjSZPiq6AsiVXaY.jpg\"><\/div>\n<div class=\"magic-8\"><img decoding=\"async\" class=\"magic-9\" data-src=\"\" src=\"https:\/\/anbanjia.com.cn\/wp-content\/uploads\/2022\/05\/HTB1lmjcbA5E3KVjSZFCq6zuzXXaV.jpg\"><\/div>\n<div class=\"magic-8\"><img decoding=\"async\" class=\"magic-9\" data-src=\"\" src=\"https:\/\/anbanjia.com.cn\/wp-content\/uploads\/2022\/05\/HTB1kZ_hbBKw3KVjSZFOq6yrDVXaC.jpg\"><\/div>\n<div class=\"magic-8\"><img decoding=\"async\" class=\"magic-9\" data-src=\"\" src=\"https:\/\/anbanjia.com.cn\/wp-content\/uploads\/2022\/05\/HTB1Y4bbbvWG3KVjSZFPq6xaiXXad.jpg\"><\/div>\n<div class=\"magic-8\"><img decoding=\"async\" class=\"magic-9\" data-src=\"\" src=\"https:\/\/anbanjia.com.cn\/wp-content\/uploads\/2022\/05\/HTB1WMfcbEGF3KVjSZFvq6z_nXXau.jpg\"><\/div>\n<div class=\"magic-8\"><img decoding=\"async\" class=\"magic-9\" data-src=\"\" src=\"https:\/\/anbanjia.com.cn\/wp-content\/uploads\/2022\/05\/HTB1_avsXiDxK1Rjy1zcq6yGeXXaa.jpg\"><\/div>\n<div class=\"magic-8\"><img decoding=\"async\" class=\"magic-9\" data-src=\"\" src=\"https:\/\/anbanjia.com.cn\/wp-content\/uploads\/2022\/05\/HTB1gUgBcoGF3KVjSZFvq6z_nXXaS.jpg\"><\/div>\n<\/div>\n<\/div><\/div>\n<\/div>\n","protected":false},"excerpt":{"rendered":"<div style=\"width:auto\">\n<div style=\"min-width: 300px;max-width: 300px;word-wrap: break-word;float: left\">Propri\u00e9t\u00e9s : fournitures de th\u00e9rapie de r\u00e9adaptation. <\/div>\n<div style=\"min-width: 300px;max-width: 300px;word-wrap: break-word;float: left\">Lieu d&rsquo;origine&nbsp;: Guangdong, Chine<\/div>\n<\/p><\/div>\n<div style=\"width:auto\">\n<div style=\"min-width: 300px;max-width: 300px;word-wrap: break-word;float: left\">Nom de marque: Anabnjia <\/div>\n<div style=\"min-width: 300px;max-width: 300px;word-wrap: break-word;float: left\">Num\u00e9ro de mod\u00e8le&nbsp;: ABJ-107-2<\/div>\n<\/p><\/div>\n<div style=\"width:auto\">\n<div style=\"min-width: 300px;max-width: 300px;word-wrap: break-word;float: left\">Type : \u00e9quipements de s\u00e9curit\u00e9 pour salle de bain. <\/div>\n<div style=\"min-width: 300px;max-width: 300px;word-wrap: break-word;float: left\">Mat\u00e9riel:ABS + PP + FER<\/div>\n<\/p><\/div>\n<div style=\"width:auto\">\n<div style=\"min-width: 300px;max-width: 300px;word-wrap: break-word;float: left\">La couleur verte <\/div>\n<div style=\"min-width: 300px;max-width: 300px;word-wrap: break-word;float: left\">Partie main: manuel, r\u00e9glage de l&rsquo;angle<\/div>\n<\/p><\/div>\n<div style=\"width:auto\">\n<div style=\"min-width: 300px;max-width: 300px;word-wrap: break-word;float: left\">Partie pied : manuel\/\u00e9lectrique, une voie de rotation <\/div>\n<div style=\"min-width: 300px;max-width: 300px;word-wrap: break-word;float: left\">Tension&nbsp;: 220&nbsp;V\/50&nbsp;Hz<\/div>\n<\/p><\/div>\n<div style=\"width:auto\">\n<div style=\"min-width: 300px;max-width: 300px;word-wrap: break-word;float: left\">Moteur&nbsp;: 75&nbsp;W*2 <\/div>\n<div style=\"min-width: 300px;max-width: 300px;word-wrap: break-word;float: left\">Dimensions du produit : 52 x 34 x 87 cm.<\/div>\n<\/p><\/div>\n<div style=\"width:auto\">\n<div style=\"min-width: 300px;max-width: 300px;word-wrap: break-word;float: left\">Poids net : 12 kg <\/div>\n<div style=\"min-width: 300px;max-width: 300px;word-wrap: break-word;float: left\">Poids de charge maximal&nbsp;: 120&nbsp;KG<\/div>\n<\/p><\/div>\n<div>Emballage personnalis\u00e9(Min. Commande : 500 Pi\u00e8ces)<\/div>\n","protected":false},"featured_media":5719,"comment_status":"closed","ping_status":"closed","template":"","meta":[],"product_cat":[153],"product_tag":[],"class_list":["post-13136","product","type-product","status-publish","has-post-thumbnail","hentry","product_cat-machine-dentrainement-de-reeducation"],"_links":{"self":[{"href":"https:\/\/anbanjia.com.cn\/fr\/wp-json\/wp\/v2\/product\/13136","targetHints":{"allow":["GET"]}}],"collection":[{"href":"https:\/\/anbanjia.com.cn\/fr\/wp-json\/wp\/v2\/product"}],"about":[{"href":"https:\/\/anbanjia.com.cn\/fr\/wp-json\/wp\/v2\/types\/product"}],"replies":[{"embeddable":true,"href":"https:\/\/anbanjia.com.cn\/fr\/wp-json\/wp\/v2\/comments?post=13136"}],"wp:featuredmedia":[{"embeddable":true,"href":"https:\/\/anbanjia.com.cn\/fr\/wp-json\/wp\/v2\/media\/5719"}],"wp:attachment":[{"href":"https:\/\/anbanjia.com.cn\/fr\/wp-json\/wp\/v2\/media?parent=13136"}],"wp:term":[{"taxonomy":"product_cat","embeddable":true,"href":"https:\/\/anbanjia.com.cn\/fr\/wp-json\/wp\/v2\/product_cat?post=13136"},{"taxonomy":"product_tag","embeddable":true,"href":"https:\/\/anbanjia.com.cn\/fr\/wp-json\/wp\/v2\/product_tag?post=13136"}],"curies":[{"name":"wp","href":"https:\/\/api.w.org\/{rel}","templated":true}]}}