{"id":13118,"date":"2022-05-02T18:02:36","date_gmt":"2022-05-02T18:02:36","guid":{"rendered":"https:\/\/www.anbanjia.com.cn\/product\/cycle-dinterieur-pliant-chine-electrique-physique-sous-le-bureau-magnetique-mini-exercice-de-velo\/"},"modified":"2022-05-02T18:02:36","modified_gmt":"2022-05-02T18:02:36","slug":"velo-interieur-pliant-chine-electrique-physique-sous-bureau-magnetique-mini-velo-exercice","status":"publish","type":"product","link":"https:\/\/anbanjia.com.cn\/fr\/produit\/velo-interieur-pliant-chine-electrique-physique-sous-bureau-magnetique-mini-velo-exercice\/","title":{"rendered":"Cycle d&rsquo;int\u00e9rieur pliant chine \u00e9lectrique physique sous le bureau magn\u00e9tique mini exercice de v\u00e9lo"},"content":{"rendered":"<div style=\"max-width: 750px; margin: 0 auto;\">\n<div id=\"ali-anchor-AliPostDhMb-2pui4\" style=\"padding-top: 8px;\" data-section=\"AliPostDhMb-2pui4\" data-section-title=\"Product Description\">\n<div id=\"ali-title-AliPostDhMb-2pui4\" style=\"padding: 8px 0; border-bottom: 1px solid #ddd;\"><span style=\"background-color: #ddd; color: #333; font-weight: bold; padding: 8px 10px; line-height: 12px;\">Description du produit<\/span><\/div>\n<div style=\"padding: 10px 0;\">\n<p><img decoding=\"async\" style=\"max-width: 750;\" src=\"https:\/\/anbanjia.com.cn\/wp-content\/uploads\/2022\/05\/HTB1TN3GclKw3KVjSZFOq6yrDVXan.jpg\" data-alt=\"folding indoor cycle china electric physical under desk magnetic mini bike exercise\" data-height=\"750\" data-src=\"\" data-width=\"750\"><\/p>\n<p><img decoding=\"async\" src=\"https:\/\/anbanjia.com.cn\/wp-content\/uploads\/2022\/05\/HTB11lQDclWD3KVjSZKPq6yp7FXa1.jpg\" data-alt=\"folding indoor cycle china electric physical under desk magnetic mini bike exercise\" data-height=\"750\" data-src=\"\" data-width=\"750\"><\/p>\n<p><span style=\"color: #ff0000; font-size: 48px;\"><strong>Avantage<\/strong><\/span><\/p>\n<p><span style=\"font-size: 24px;\">1. Exercez et restaurez la force musculaire des membres inf\u00e9rieurs;<\/span><br \/>\n<span style=\"font-size: 24px;\">2. \u00c9limine les tensions musculaires, r\u00e9duit les spasmes musculaires des membres inf\u00e9rieurs et rend les muscles plus flexibles.<\/span><br \/>\n<span style=\"font-size: 24px;\">3. Am\u00e9liorer la mobilit\u00e9 articulaire et pr\u00e9venir la raideur articulaire&nbsp;;<\/span><br \/>\n<span style=\"font-size: 24px;\">4. Am\u00e9liorer les fonctions motrices importantes n\u00e9cessaires \u00e0 la vie quotidienne&nbsp;;<\/span><br \/>\n<span style=\"font-size: 24px;\">5. Retrouver la force musculaire r\u00e9siduelle des membres inf\u00e9rieurs ;<\/span><br \/>\n<span style=\"font-size: 24px;\">6. Am\u00e9liorer la coordination et la flexibilit\u00e9 du patient.<\/span><\/p>\n<p><img decoding=\"async\" src=\"https:\/\/anbanjia.com.cn\/wp-content\/uploads\/2022\/05\/HTB1YIIAcoKF3KVjSZFEq6xExFXaL.jpg\" data-alt=\"folding indoor cycle china electric physical under desk magnetic mini bike exercise\" data-height=\"750\" data-src=\"\" data-width=\"750\"><\/p>\n<p><img decoding=\"async\" src=\"https:\/\/anbanjia.com.cn\/wp-content\/uploads\/2022\/05\/HTB1d63BcmSD3KVjSZFKq6z10VXaH.jpg\" data-alt=\"folding indoor cycle china electric physical under desk magnetic mini bike exercise\" data-height=\"750\" data-src=\"\" data-width=\"750\"><\/p>\n<p><img decoding=\"async\" src=\"https:\/\/anbanjia.com.cn\/wp-content\/uploads\/2022\/05\/HTB18TMzcf1H3KVjSZFBq6zSMXXaB.jpg\" data-alt=\"folding indoor cycle china electric physical under desk magnetic mini bike exercise\" data-height=\"662\" data-src=\"\" data-width=\"750\"><\/p>\n<p><img decoding=\"async\" src=\"https:\/\/anbanjia.com.cn\/wp-content\/uploads\/2022\/05\/HTB1JlEBcf1G3KVjSZFkq6yK4XXaa.jpg\" data-alt=\"folding indoor cycle china electric physical under desk magnetic mini bike exercise\" data-height=\"750\" data-src=\"\" data-width=\"750\"><\/p>\n<p><img decoding=\"async\" src=\"https:\/\/anbanjia.com.cn\/wp-content\/uploads\/2022\/05\/HTB1aEZIclCw3KVjSZR0q6zcUpXac.jpg\" data-alt=\"folding indoor cycle china electric physical under desk magnetic mini bike exercise\" data-height=\"483\" data-src=\"\" data-width=\"750\"><\/p>\n<p><img decoding=\"async\" src=\"https:\/\/anbanjia.com.cn\/wp-content\/uploads\/2022\/05\/HTB1Tw3HclKw3KVjSZFOq6yrDVXak.jpg\" data-alt=\"folding indoor cycle china electric physical under desk magnetic mini bike exercise\" data-height=\"455\" data-src=\"\" data-width=\"751\"><\/p>\n<p><span style=\"font-size: 24px;\">Nous avons les pi\u00e8ces de rechange comme ci-dessous, <span style=\"color: #ff0000;\">le support de pied et le support inf\u00e9rieur<\/span> . si vous en avez besoin, veuillez contacter le vendeur<\/span><\/p>\n<p><img decoding=\"async\" src=\"https:\/\/anbanjia.com.cn\/wp-content\/uploads\/2022\/05\/HTB1lFgCcoGF3KVjSZFmq6zqPXXaz.jpg\" data-alt=\"folding indoor cycle china electric physical under desk magnetic mini bike exercise\" data-height=\"335\" data-src=\"\" data-width=\"302\"><\/p>\n<\/div>\n<\/div>\n<div id=\"ali-anchor-AliPostDhMb-97dh3\" style=\"padding-top: 8px;\" data-section=\"AliPostDhMb-97dh3\" data-section-title=\"Company Information\">\n<div id=\"ali-title-AliPostDhMb-97dh3\" style=\"padding: 8px 0; border-bottom: 1px solid #ddd;\"><span style=\"background-color: #ddd; color: #333; font-weight: bold; padding: 8px 10px; line-height: 12px;\">Informations sur la soci\u00e9t\u00e9<\/span><\/div>\n<div style=\"padding: 10px 0;\">\n<p><img decoding=\"async\" src=\"https:\/\/anbanjia.com.cn\/wp-content\/uploads\/2022\/05\/H3d43ab43a0f24fc7886a50fee5674fd4U.jpg\" data-alt=\"folding indoor cycle china electric physical under desk magnetic mini bike exercise\" data-src=\"\"><\/p>\n<\/div>\n<\/div>\n<div id=\"ali-anchor-AliPostDhMb-v2iq4\" style=\"padding-top: 8px;\" data-section=\"AliPostDhMb-v2iq4\" data-section-title=\"FAQ\">\n<div style=\"padding: 10px 0;\">\n<p><span style=\"font-size: 24px;\"><strong>Contacter:<\/strong><\/span><\/p>\n<p><span style=\"font-size: 24px;\"><strong><img decoding=\"async\" src=\"https:\/\/anbanjia.com.cn\/wp-content\/uploads\/2022\/05\/H10fdde19478c4022952b6ef21b37e97bx.jpg\" data-alt=\"folding indoor cycle china electric physical under desk magnetic mini bike exercise\" data-src=\"\"><\/strong><\/span><\/p>\n<\/div>\n<\/div>\n<\/div>\n","protected":false},"excerpt":{"rendered":"<p>&nbsp;<\/p>\n<div style=\"width: auto;\">\n<div style=\"min-width: 300px; max-width: 300px; word-wrap: break-word; float: left;\">Propri\u00e9t\u00e9s : fournitures de th\u00e9rapie de r\u00e9adaptation.<\/div>\n<div style=\"min-width: 300px; max-width: 300px; word-wrap: break-word; float: left;\">Lieu d&rsquo;origine&nbsp;: Guangdong, Chine<\/div>\n<\/div>\n<div style=\"width: auto;\">\n<div style=\"min-width: 300px; max-width: 300px; word-wrap: break-word; float: left;\">Nom de marque:Anbanjia<\/div>\n<div style=\"min-width: 300px; max-width: 300px; word-wrap: break-word; float: left;\">Num\u00e9ro de mod\u00e8le : ABJ-107<\/div>\n<\/div>\n<div style=\"width: auto;\">\n<div style=\"min-width: 300px; max-width: 300px; word-wrap: break-word; float: left;\">Type : \u00e9quipements de s\u00e9curit\u00e9 pour salle de bain.<\/div>\n<div style=\"min-width: 300px; max-width: 300px; word-wrap: break-word; float: left;\">Mat\u00e9riel:ABS + PP + FER<\/div>\n<\/div>\n<div style=\"width: auto;\">\n<div style=\"min-width: 300px; max-width: 300px; word-wrap: break-word; float: left;\">La couleur verte<\/div>\n<div style=\"min-width: 300px; max-width: 300px; word-wrap: break-word; float: left;\">Tension&nbsp;: 220&nbsp;V\/50&nbsp;Hz<\/div>\n<\/div>\n<div style=\"width: auto;\">\n<div style=\"min-width: 300px; max-width: 300px; word-wrap: break-word; float: left;\">Moteur&nbsp;: 75&nbsp;W<\/div>\n<div style=\"min-width: 300px; max-width: 300px; word-wrap: break-word; float: left;\">Dimensions du produit : 45 x 32 x 32 cm.<\/div>\n<\/div>\n<div style=\"width: auto;\">\n<div style=\"min-width: 300px; max-width: 300px; word-wrap: break-word; float: left;\">Dimensions d&#8217;emballage : 50 x 35 x 38 cm.<\/div>\n<div style=\"min-width: 300px; max-width: 300px; word-wrap: break-word; float: left;\">Poids net&nbsp;: 8,0&nbsp;KG<\/div>\n<\/div>\n<div style=\"width: auto;\">\n<div style=\"min-width: 300px; max-width: 300px; word-wrap: break-word; float: left;\">Poids de charge maximal&nbsp;: 120&nbsp;KGS<\/div>\n<div style=\"min-width: 300px; max-width: 300px; word-wrap: break-word; float: left;\">Partie pied&nbsp;: manuelle\/\u00e9lectrique, rotation et contre-rotation, 10&nbsp;niveaux<\/div>\n<\/div>\n<div>Logo personnalis\u00e9(Min. Commande : 200 pi\u00e8ces)<\/div>\n<div>Personnalisation graphique(Min. Commande : 200 Pi\u00e8ces)<\/div>\n","protected":false},"featured_media":11784,"comment_status":"closed","ping_status":"closed","template":"","meta":[],"product_cat":[153],"product_tag":[],"class_list":["post-13118","product","type-product","status-publish","has-post-thumbnail","hentry","product_cat-machine-dentrainement-de-reeducation"],"_links":{"self":[{"href":"https:\/\/anbanjia.com.cn\/fr\/wp-json\/wp\/v2\/product\/13118","targetHints":{"allow":["GET"]}}],"collection":[{"href":"https:\/\/anbanjia.com.cn\/fr\/wp-json\/wp\/v2\/product"}],"about":[{"href":"https:\/\/anbanjia.com.cn\/fr\/wp-json\/wp\/v2\/types\/product"}],"replies":[{"embeddable":true,"href":"https:\/\/anbanjia.com.cn\/fr\/wp-json\/wp\/v2\/comments?post=13118"}],"wp:featuredmedia":[{"embeddable":true,"href":"https:\/\/anbanjia.com.cn\/fr\/wp-json\/wp\/v2\/media\/11784"}],"wp:attachment":[{"href":"https:\/\/anbanjia.com.cn\/fr\/wp-json\/wp\/v2\/media?parent=13118"}],"wp:term":[{"taxonomy":"product_cat","embeddable":true,"href":"https:\/\/anbanjia.com.cn\/fr\/wp-json\/wp\/v2\/product_cat?post=13118"},{"taxonomy":"product_tag","embeddable":true,"href":"https:\/\/anbanjia.com.cn\/fr\/wp-json\/wp\/v2\/product_tag?post=13118"}],"curies":[{"name":"wp","href":"https:\/\/api.w.org\/{rel}","templated":true}]}}