{"id":13117,"date":"2022-05-02T18:02:33","date_gmt":"2022-05-02T18:02:33","guid":{"rendered":"https:\/\/www.anbanjia.com.cn\/product\/prix-pas-cher-mini-cycle-genou-puissance-plaque-assis-pedale-machine-dexercice-et-equipement-pour-personnes-agees\/"},"modified":"2022-05-02T18:02:33","modified_gmt":"2022-05-02T18:02:33","slug":"prix-pas-cher-mini-cycle-genou-power-plate-assis-pied-pedale-machine-et-equipement-dexercice-pour-personnes-agees","status":"publish","type":"product","link":"https:\/\/anbanjia.com.cn\/fr\/produit\/prix-pas-cher-mini-cycle-genou-power-plate-assis-pied-pedale-machine-et-equipement-dexercice-pour-personnes-agees\/","title":{"rendered":"Prix pas cher mini cycle genou puissance plaque assis p\u00e9dale machine d&rsquo;exercice et \u00e9quipement pour personnes \u00e2g\u00e9es"},"content":{"rendered":"<div style=\"max-width: 750px; margin: 0 auto;\">\n<div id=\"ali-anchor-AliPostDhMb-7se4z\" class=\"mceSectionContainer\" style=\"padding-top: 8px;\" data-section=\"AliPostDhMb-7se4z\" data-section-title=\"Product Description\">\n<div id=\"ali-title-AliPostDhMb-7se4z\" style=\"padding: 8px 0; border-bottom: 1px solid #ddd;\"><span style=\"background-color: #ddd; color: #333; font-weight: bold; padding: 8px 10px; line-height: 12px;\">Description du produit<\/span><\/div>\n<div style=\"padding: 10px 0;\">\n<p><img decoding=\"async\" style=\"max-width: 750;\" src=\"https:\/\/anbanjia.com.cn\/wp-content\/uploads\/2022\/05\/HTB1bvYsXcfrK1Rjy0Fmq6xhEXXaS.jpg\" data-alt=\"Cheap price mini cycle knee power plate sitting foot pedal exercise machine and equipment for elderly people\" data-src=\"\"><img decoding=\"async\" src=\"https:\/\/anbanjia.com.cn\/wp-content\/uploads\/2022\/05\/HTB1c0SEdQvoK1RjSZPfq6xPKFXaC.jpg\" data-alt=\"Cheap price mini cycle knee power plate sitting foot pedal exercise machine and equipment for elderly people\" data-src=\"\"><img decoding=\"async\" src=\"https:\/\/anbanjia.com.cn\/wp-content\/uploads\/2022\/05\/HTB1FYTsXizxK1Rjy1zkq6yHrVXaA.jpg\" data-alt=\"Cheap price mini cycle knee power plate sitting foot pedal exercise machine and equipment for elderly people\" data-src=\"\"><img decoding=\"async\" src=\"https:\/\/anbanjia.com.cn\/wp-content\/uploads\/2022\/05\/HTB1M5vsXojrK1RkHFNR761SvpXal.jpg\" data-alt=\"Cheap price mini cycle knee power plate sitting foot pedal exercise machine and equipment for elderly people\" data-src=\"\"><img decoding=\"async\" src=\"https:\/\/anbanjia.com.cn\/wp-content\/uploads\/2022\/05\/HTB1zQTsXcTxK1Rjy0Fgq6yovpXaW.jpg\" data-alt=\"Cheap price mini cycle knee power plate sitting foot pedal exercise machine and equipment for elderly people\" data-src=\"\"><img decoding=\"async\" src=\"https:\/\/anbanjia.com.cn\/wp-content\/uploads\/2022\/05\/HTB1_avsXiDxK1Rjy1zcq6yGeXXaa.jpg\" data-alt=\"Cheap price mini cycle knee power plate sitting foot pedal exercise machine and equipment for elderly people\" data-src=\"\"><img decoding=\"async\" src=\"https:\/\/anbanjia.com.cn\/wp-content\/uploads\/2022\/05\/He645f0516f83430988bc42f8595bce64i.jpg\" data-alt=\"Cheap price mini cycle knee power plate sitting foot pedal exercise machine and equipment for elderly people\" data-src=\"\"><img decoding=\"async\" src=\"https:\/\/anbanjia.com.cn\/wp-content\/uploads\/2022\/05\/HTB1HW2rXfvsK1RjSspdq6AZepXaX.jpg\" data-alt=\"Cheap price mini cycle knee power plate sitting foot pedal exercise machine and equipment for elderly people\" data-src=\"\"><img decoding=\"async\" src=\"https:\/\/anbanjia.com.cn\/wp-content\/uploads\/2022\/05\/HTB1bvYsXcfrK1Rjy0Fmq6xhEXXaS.jpg\" data-alt=\"Cheap price mini cycle knee power plate sitting foot pedal exercise machine and equipment for elderly people\" data-src=\"\"><\/p>\n<p style=\"text-align: center;\"><span style=\"background-color: #ffffff; color: #ff0000;\"><strong><span style=\"font-size: 32px;\">Avantage<\/span><\/strong><\/span><\/p>\n<p><span style=\"font-size: 24px;\">1. Exercez et restaurez la force musculaire des membres inf\u00e9rieurs;<\/span><br \/>\n<span style=\"font-size: 24px;\">2. \u00c9limine les tensions musculaires, r\u00e9duit les spasmes musculaires des membres inf\u00e9rieurs et rend les muscles plus flexibles.<\/span><br \/>\n<span style=\"font-size: 24px;\">3. Am\u00e9liorer la mobilit\u00e9 articulaire et pr\u00e9venir la raideur articulaire&nbsp;;<\/span><br \/>\n<span style=\"font-size: 24px;\">4. Am\u00e9liorer les fonctions motrices importantes n\u00e9cessaires \u00e0 la vie quotidienne&nbsp;;<\/span><br \/>\n<span style=\"font-size: 24px;\">5. Retrouver la force musculaire r\u00e9siduelle des membres inf\u00e9rieurs ;<\/span><br \/>\n<span style=\"font-size: 24px;\">6. Am\u00e9liorer la coordination et la flexibilit\u00e9 du patient.<\/span><\/p>\n<\/div>\n<\/div>\n<div id=\"ali-anchor-AliPostDhMb-vykgm\" class=\"mceSectionContainer\" style=\"padding-top: 8px;\" data-section=\"AliPostDhMb-vykgm\" data-section-title=\"Company Information\">\n<div id=\"ali-title-AliPostDhMb-vykgm\" style=\"padding: 8px 0; border-bottom: 1px solid #ddd;\"><span style=\"background-color: #ddd; color: #333; font-weight: bold; padding: 8px 10px; line-height: 12px;\">Informations sur la soci\u00e9t\u00e9<\/span><\/div>\n<div style=\"padding: 10px 0;\">\n<p><img decoding=\"async\" src=\"https:\/\/anbanjia.com.cn\/wp-content\/uploads\/2022\/05\/H3d43ab43a0f24fc7886a50fee5674fd4U.jpg\" data-alt=\"Cheap price mini cycle knee power plate sitting foot pedal exercise machine and equipment for elderly people\" data-src=\"\"><\/p>\n<\/div>\n<\/div>\n<div id=\"ali-anchor-AliPostDhMb-y0jml\" class=\"mceSectionContainer\" style=\"padding-top: 8px;\" data-section=\"AliPostDhMb-y0jml\" data-section-title=\"contact\">\n<div id=\"ali-title-AliPostDhMb-y0jml\" style=\"padding: 8px 0; border-bottom: 1px solid #ddd;\"><span style=\"background-color: #ddd; color: #333; font-weight: bold; padding: 8px 10px; line-height: 12px;\">prendre contact<\/span><\/div>\n<div style=\"padding: 10px 0;\">\n<p><img decoding=\"async\" src=\"https:\/\/anbanjia.com.cn\/wp-content\/uploads\/2022\/05\/H10fdde19478c4022952b6ef21b37e97bx.jpg\" data-alt=\"Cheap price mini cycle knee power plate sitting foot pedal exercise machine and equipment for elderly people\" data-src=\"\"><\/p>\n<\/div>\n<\/div>\n<\/div>\n","protected":false},"excerpt":{"rendered":"<p>&nbsp;<\/p>\n<div style=\"width: auto;\">\n<div style=\"min-width: 300px; max-width: 300px; word-wrap: break-word; float: left;\">Propri\u00e9t\u00e9s : fournitures de th\u00e9rapie de r\u00e9adaptation.<\/div>\n<div style=\"min-width: 300px; max-width: 300px; word-wrap: break-word; float: left;\">Lieu d&rsquo;origine&nbsp;: Guangdong, Chine<\/div>\n<\/div>\n<div style=\"width: auto;\">\n<div style=\"min-width: 300px; max-width: 300px; word-wrap: break-word; float: left;\">Nom de marque:Anbanjia<\/div>\n<div style=\"min-width: 300px; max-width: 300px; word-wrap: break-word; float: left;\">Num\u00e9ro de mod\u00e8le&nbsp;: ABJ-106K<\/div>\n<\/div>\n<div style=\"width: auto;\">\n<div style=\"min-width: 300px; max-width: 300px; word-wrap: break-word; float: left;\">Type : \u00e9quipements de s\u00e9curit\u00e9 pour salle de bain.<\/div>\n<div style=\"min-width: 300px; max-width: 300px; word-wrap: break-word; float: left;\">Mat\u00e9riel:ABS + PP + FER<\/div>\n<\/div>\n<div style=\"width: auto;\">\n<div style=\"min-width: 300px; max-width: 300px; word-wrap: break-word; float: left;\">Couleur rose<\/div>\n<div style=\"min-width: 300px; max-width: 300px; word-wrap: break-word; float: left;\">Dimensions du produit : 54 x 36 x 33 cm.<\/div>\n<\/div>\n<div style=\"width: auto;\">\n<div style=\"min-width: 300px; max-width: 300px; word-wrap: break-word; float: left;\">Dimensions d&#8217;emballage : 58 x 40 x 38 cm.<\/div>\n<div style=\"min-width: 300px; max-width: 300px; word-wrap: break-word; float: left;\">Tension&nbsp;: 220&nbsp;V\/50&nbsp;Hz<\/div>\n<\/div>\n<div style=\"width: auto;\">\n<div style=\"min-width: 300px; max-width: 300px; word-wrap: break-word; float: left;\">Moteur&nbsp;: 75&nbsp;W<\/div>\n<div style=\"min-width: 300px; max-width: 300px; word-wrap: break-word; float: left;\">Poids net&nbsp;: 6,4&nbsp;KG<\/div>\n<\/div>\n<div style=\"width: auto;\">\n<div style=\"min-width: 300px; max-width: 300px; word-wrap: break-word; float: left;\">Poids de charge maximal&nbsp;: 120&nbsp;KGS<\/div>\n<div style=\"min-width: 300px; max-width: 300px; word-wrap: break-word; float: left;\">Partie pied&nbsp;:&nbsp;Manuel\/\u00e9lectrique, un sens de rotation<\/div>\n<\/div>\n<div>Logo personnalis\u00e9(Min. Commande : 200 pi\u00e8ces)<\/div>\n<div>Emballage personnalis\u00e9(Min. Commande : 200 pi\u00e8ces)<\/div>\n","protected":false},"featured_media":12681,"comment_status":"closed","ping_status":"closed","template":"","meta":[],"product_cat":[153],"product_tag":[],"class_list":["post-13117","product","type-product","status-publish","has-post-thumbnail","hentry","product_cat-machine-dentrainement-de-reeducation"],"_links":{"self":[{"href":"https:\/\/anbanjia.com.cn\/fr\/wp-json\/wp\/v2\/product\/13117","targetHints":{"allow":["GET"]}}],"collection":[{"href":"https:\/\/anbanjia.com.cn\/fr\/wp-json\/wp\/v2\/product"}],"about":[{"href":"https:\/\/anbanjia.com.cn\/fr\/wp-json\/wp\/v2\/types\/product"}],"replies":[{"embeddable":true,"href":"https:\/\/anbanjia.com.cn\/fr\/wp-json\/wp\/v2\/comments?post=13117"}],"wp:featuredmedia":[{"embeddable":true,"href":"https:\/\/anbanjia.com.cn\/fr\/wp-json\/wp\/v2\/media\/12681"}],"wp:attachment":[{"href":"https:\/\/anbanjia.com.cn\/fr\/wp-json\/wp\/v2\/media?parent=13117"}],"wp:term":[{"taxonomy":"product_cat","embeddable":true,"href":"https:\/\/anbanjia.com.cn\/fr\/wp-json\/wp\/v2\/product_cat?post=13117"},{"taxonomy":"product_tag","embeddable":true,"href":"https:\/\/anbanjia.com.cn\/fr\/wp-json\/wp\/v2\/product_tag?post=13117"}],"curies":[{"name":"wp","href":"https:\/\/api.w.org\/{rel}","templated":true}]}}