{"id":13115,"date":"2022-05-02T18:02:31","date_gmt":"2022-05-02T18:02:31","guid":{"rendered":"https:\/\/www.anbanjia.com.cn\/product\/exerciseur-de-pedale-de-velo-dexercice-de-readaptation-de-pied-handicape-de-force-de-petit-corps-a-vendre\/"},"modified":"2022-05-02T18:02:31","modified_gmt":"2022-05-02T18:02:31","slug":"petit-corps-force-rehabilitation-pied-handicape-velo-dexercice-pedale-exerciseur-en-vente","status":"publish","type":"product","link":"https:\/\/anbanjia.com.cn\/fr\/produit\/petit-corps-force-rehabilitation-pied-handicape-velo-dexercice-pedale-exerciseur-en-vente\/","title":{"rendered":"Exerciseur de p\u00e9dale de v\u00e9lo d&rsquo;exercice de r\u00e9adaptation de pied handicap\u00e9 de force de petit corps \u00e0 vendre"},"content":{"rendered":"<div style=\"max-width: 750px; margin: 0 auto;\">\n<div id=\"detail_decorate_root\" data-magic-global=\"%7B%22bizId%22%3A3215165050%2C%22pageId%22%3A20073122853%2C%22siteId%22%3A5005610021%7D\">\n<div class=\"J_module\">\n<div class=\"icbu-pc-images magic-1\">\n<div>\n<div class=\"flex-layout-v\">\n<div class=\"flex-layout-h magic-1\">\n<div class=\"magic-2\"><a href=\"https:\/\/abj-medical.en.alibaba.com\/product\/60804806220-911602023\/Rehabilitation_Therapy_Supplies_Physical_Rehabilitation_Disabled_Automatic_Lightweight_Mini_Pedal_Exercise_Bike.html\" target=\"_blank\" rel=\"noopener\"><img decoding=\"async\" class=\"magic-3\" style=\"max-width: 750;\" src=\"https:\/\/anbanjia.com.cn\/wp-content\/uploads\/2022\/05\/Hbe52ab388a3945439628ab53a7388fc81.jpg\" data-src=\"\"><\/a><\/div>\n<div class=\"magic-4\"><a href=\"https:\/\/abj-medical.en.alibaba.com\/product\/1600463261901-911602023\/Rehabilitation_Training_Machine_Portable_Folding_Lightweight_Stationary_Pedal_Exercise_Bike.html\" target=\"_blank\" rel=\"noopener\"><img decoding=\"async\" class=\"magic-5\" src=\"https:\/\/anbanjia.com.cn\/wp-content\/uploads\/2022\/05\/H234f9e37378b4f7699336abaabf33ef09.png\" data-src=\"\"><\/a><\/div>\n<div>\n<div class=\"magic-8\"><span class=\"magic-9\" style=\"color: #e87474;\">Appareil de r\u00e9\u00e9ducation <\/span><\/div>\n<div class=\"magic-10\">\n<div class=\"magic-11\">\n<div class=\"magic-12\">\n<div class=\"magic-8\"><span class=\"magic-13\">Nous avons toutes sortes de mod\u00e8les, si vous en avez besoin ou si vous voulez plus de d\u00e9tails<\/span><\/div>\n<div class=\"magic-8\">\n<p><span class=\"magic-13\"> veuillez contacter Shmily.<\/span><\/p>\n<div class=\"magic-14\"><\/div>\n<\/div>\n<div class=\"magic-8\"><span class=\"magic-13\">Whatsapp:+86 13246918260<\/span><\/div>\n<div class=\"magic-8\" data-spm-anchor-id=\"a2700.wholesale.0.i25.36d73006YPjjAK\"><span class=\"magic-13\">Merci <\/span><\/div>\n<div data-spm-anchor-id=\"a2700.wholesale.0.i25.36d73006YPjjAK\"><img decoding=\"async\" src=\"https:\/\/s.alicdn.com\/@sc04\/kf\/H0b1cb6f33d7f4b06a8ad4736dff06ceaG\/230438700\/H0b1cb6f33d7f4b06a8ad4736dff06ceaG.jpg?quality=close\"><\/div>\n<div data-spm-anchor-id=\"a2700.wholesale.0.i25.36d73006YPjjAK\"><img decoding=\"async\" src=\"https:\/\/s.alicdn.com\/@sc04\/kf\/H0b1cb6f33d7f4b06a8ad4736dff06ceaG\/230438700\/H0b1cb6f33d7f4b06a8ad4736dff06ceaG.jpg?quality=close\"><\/div>\n<div data-spm-anchor-id=\"a2700.wholesale.0.i25.36d73006YPjjAK\"><img decoding=\"async\" src=\"https:\/\/s.alicdn.com\/@sc04\/kf\/H1cb7250988804555951be7b4cfd92877x\/230438700\/H1cb7250988804555951be7b4cfd92877x.jpg?quality=close\"><\/div>\n<div data-spm-anchor-id=\"a2700.wholesale.0.i25.36d73006YPjjAK\"><img decoding=\"async\" src=\"https:\/\/s.alicdn.com\/@sc04\/kf\/H95590a6f0b024b5d8858f39d7f896294q\/230438700\/H95590a6f0b024b5d8858f39d7f896294q.png?quality=close\"><\/div>\n<div data-spm-anchor-id=\"a2700.wholesale.0.i25.36d73006YPjjAK\"><img decoding=\"async\" src=\"https:\/\/s.alicdn.com\/@sc04\/kf\/H39c4f83e58de4371b41414aaf4583156P\/230438700\/H39c4f83e58de4371b41414aaf4583156P.png?quality=close\"><\/div>\n<div data-spm-anchor-id=\"a2700.wholesale.0.i25.36d73006YPjjAK\"><img decoding=\"async\" src=\"https:\/\/s.alicdn.com\/@sc04\/kf\/H9d7550bb1d874b83950ecdbaec49b35d7\/230438700\/H9d7550bb1d874b83950ecdbaec49b35d7.png?quality=close\"><\/div>\n<div data-spm-anchor-id=\"a2700.wholesale.0.i25.36d73006YPjjAK\"><img decoding=\"async\" src=\"https:\/\/s.alicdn.com\/@sc04\/kf\/H430b326c735b49f087b084797546e86fB\/230438700\/H430b326c735b49f087b084797546e86fB.png?quality=close\"><\/div>\n<div data-spm-anchor-id=\"a2700.wholesale.0.i25.36d73006YPjjAK\"><img decoding=\"async\" src=\"https:\/\/s.alicdn.com\/@sc04\/kf\/H0fe4d5fa9821468a88139d014ff57d01L\/230438700\/H0fe4d5fa9821468a88139d014ff57d01L.png?quality=close\"><\/div>\n<div data-spm-anchor-id=\"a2700.wholesale.0.i25.36d73006YPjjAK\"><img decoding=\"async\" src=\"https:\/\/s.alicdn.com\/@sc04\/kf\/H288f85a19b564a5583b9ee68598473532\/230438700\/H288f85a19b564a5583b9ee68598473532.png?quality=close\"><\/div>\n<div data-spm-anchor-id=\"a2700.wholesale.0.i25.36d73006YPjjAK\"><img decoding=\"async\" src=\"https:\/\/s.alicdn.com\/@sc04\/kf\/H1f09620faa5945ab8f59bb530d78f74bJ\/230438700\/H1f09620faa5945ab8f59bb530d78f74bJ.png?quality=close\"><\/div>\n<div data-spm-anchor-id=\"a2700.wholesale.0.i25.36d73006YPjjAK\"><img decoding=\"async\" src=\"https:\/\/s.alicdn.com\/@sc04\/kf\/H9559271b82824d48803be8926a5cf367W\/230438700\/H9559271b82824d48803be8926a5cf367W.png?quality=close\"><\/div>\n<div data-spm-anchor-id=\"a2700.wholesale.0.i25.36d73006YPjjAK\"><img decoding=\"async\" src=\"https:\/\/s.alicdn.com\/@sc04\/kf\/Hab4b3e5791cf4b4e968edca5d65b7d33s\/230438700\/Hab4b3e5791cf4b4e968edca5d65b7d33s.jpg?quality=close\"><\/div>\n<div data-spm-anchor-id=\"a2700.wholesale.0.i25.36d73006YPjjAK\">\n<div class=\"magic-8\"><span class=\"magic-22\">Si vous souhaitez ajouter ces accessoires suppl\u00e9mentaires \u00e0 la machine de r\u00e9\u00e9ducation, veuillez contacter Abby Su<\/span><\/div>\n<div class=\"magic-8\" data-spm-anchor-id=\"a2700.wholesale.0.i37.36d73006YPjjAK\"><span class=\"magic-22\">Merci <\/span><\/div>\n<div data-spm-anchor-id=\"a2700.wholesale.0.i37.36d73006YPjjAK\"><img decoding=\"async\" src=\"https:\/\/s.alicdn.com\/@sc04\/kf\/Hd8341a65a281494891edcf4ced54891cr\/230438700\/Hd8341a65a281494891edcf4ced54891cr.png?quality=close\"><\/div>\n<div data-spm-anchor-id=\"a2700.wholesale.0.i37.36d73006YPjjAK\"><img decoding=\"async\" src=\"https:\/\/s.alicdn.com\/@sc04\/kf\/H137236235e054f4cb1a0479fd1bdc813a\/230438700\/H137236235e054f4cb1a0479fd1bdc813a.jpg?quality=close\"><\/div>\n<div data-spm-anchor-id=\"a2700.wholesale.0.i37.36d73006YPjjAK\"><img decoding=\"async\" src=\"https:\/\/s.alicdn.com\/@sc04\/kf\/H09ba62b775db47bd85c0aadd2e949b28L\/230438700\/H09ba62b775db47bd85c0aadd2e949b28L.jpg?quality=close\"><\/div>\n<div data-spm-anchor-id=\"a2700.wholesale.0.i37.36d73006YPjjAK\"><img decoding=\"async\" src=\"https:\/\/s.alicdn.com\/@sc04\/kf\/Hf215f6f0e1644e2a8b1ba5a8969aed2bC\/230438700\/Hf215f6f0e1644e2a8b1ba5a8969aed2bC.jpg?quality=close\"><\/div>\n<div data-spm-anchor-id=\"a2700.wholesale.0.i37.36d73006YPjjAK\">\n<p class=\"magic-30\"><span style=\"font-family: Arial, Helvetica; font-size: large;\">En tant que fournisseur professionnel et leader d&rsquo;\u00e9quipements m\u00e9dicaux, ABJ fournit de nombreux produits de fauteuils roulants de haute qualit\u00e9 \u00e0 la majorit\u00e9 des clients, ce qui r\u00e9pond \u00e0 leurs exigences.<br \/>\n<\/span><\/p>\n<p class=\"magic-30\" data-spm-anchor-id=\"a2700.wholesale.0.i42.36d73006YPjjAK\"><span style=\"font-family: Arial, Helvetica; font-size: large;\">Tous les produits doivent \u00eatre inspect\u00e9s tr\u00e8s soigneusement par nous-m\u00eames avant l&rsquo;exp\u00e9dition.<br \/>\nNous fournissons aux clients une livraison rapide, un prix raisonnable, des services de haute qualit\u00e9 et \u00e0 long terme.<\/span><\/p>\n<p data-spm-anchor-id=\"a2700.wholesale.0.i42.36d73006YPjjAK\"><img decoding=\"async\" src=\"https:\/\/s.alicdn.com\/@sc01\/kf\/H3d43ab43a0f24fc7886a50fee5674fd4U\/230438700\/H3d43ab43a0f24fc7886a50fee5674fd4U.jpg?quality=close\"><\/p>\n<p data-spm-anchor-id=\"a2700.wholesale.0.i42.36d73006YPjjAK\"><img decoding=\"async\" src=\"https:\/\/s.alicdn.com\/@sc01\/kf\/HTB1xs6Ud.D.BuNjt_h7q6yNDVXat\/230438700\/HTB1xs6Ud.D.BuNjt_h7q6yNDVXat.jpg?quality=close\"><\/p>\n<p data-spm-anchor-id=\"a2700.wholesale.0.i42.36d73006YPjjAK\"><img decoding=\"async\" src=\"https:\/\/s.alicdn.com\/@sc01\/kf\/HTB1aUsdKqmWBuNjy1Xaq6xCbXXag\/230438700\/HTB1aUsdKqmWBuNjy1Xaq6xCbXXag.jpg?quality=close\"><\/p>\n<p data-spm-anchor-id=\"a2700.wholesale.0.i42.36d73006YPjjAK\">\u00c0 propos de nous:<br \/>\n1. Plus de commande, plus de remise, prix comp\u00e9titif&nbsp;!<br \/>\n2. Bienvenue \u00e0 nous contacter pour obtenir un meilleur prix&nbsp;!<br \/>\n3.Bon service, livraison rapide, et nous valons la peine d&rsquo;\u00eatre dignes de confiance.<br \/>\n4. Nous pouvons vous garantir que vous serez satisfait de nos produits.<br \/>\n5. Nous traitons les clients comme des amis et vous offrons un service consid\u00e9rable.<\/p>\n<p data-spm-anchor-id=\"a2700.wholesale.0.i42.36d73006YPjjAK\"><img decoding=\"async\" src=\"https:\/\/s.alicdn.com\/@sc04\/kf\/H94a6fa43acb244a691368ee89d0bb0dft\/230438700\/H94a6fa43acb244a691368ee89d0bb0dft.png?quality=close\"><\/p>\n<\/div>\n<\/div>\n<\/div>\n<\/div>\n<\/div>\n<\/div>\n<\/div>\n<\/div>\n<\/div>\n<\/div>\n<\/div>\n<\/div>\n<\/div>\n","protected":false},"excerpt":{"rendered":"<p>&nbsp;<\/p>\n<div style=\"width: auto;\">\n<div style=\"min-width: 300px; max-width: 300px; word-wrap: break-word; float: left;\">Propri\u00e9t\u00e9s : fournitures de th\u00e9rapie de r\u00e9adaptation.<\/div>\n<div style=\"min-width: 300px; max-width: 300px; word-wrap: break-word; float: left;\">Lieu d&rsquo;origine&nbsp;: Guangdong, Chine<\/div>\n<\/div>\n<div style=\"width: auto;\">\n<div style=\"min-width: 300px; max-width: 300px; word-wrap: break-word; float: left;\">Nom de marque:Anbanjia<\/div>\n<div style=\"min-width: 300px; max-width: 300px; word-wrap: break-word; float: left;\">Num\u00e9ro de mod\u00e8le&nbsp;: ABJ-108-2<\/div>\n<\/div>\n<div style=\"width: auto;\">\n<div style=\"min-width: 300px; max-width: 300px; word-wrap: break-word; float: left;\">Type : \u00e9quipements de s\u00e9curit\u00e9 pour salle de bain.<\/div>\n<div style=\"min-width: 300px; max-width: 300px; word-wrap: break-word; float: left;\">mod\u00e8le&nbsp;: ABJ-108-2<\/div>\n<\/div>\n<div style=\"width: auto;\">\n<div style=\"min-width: 300px; max-width: 300px; word-wrap: break-word; float: left;\">Puissance du moteur&nbsp;: 125&nbsp;W*1<\/div>\n<div style=\"min-width: 300px; max-width: 300px; word-wrap: break-word; float: left;\">Tension&nbsp;: 220&nbsp;V\/50&nbsp;Hz<\/div>\n<\/div>\n<div style=\"width: auto;\">\n<div style=\"min-width: 300px; max-width: 300px; word-wrap: break-word; float: left;\">Poids brut&nbsp;: 8&nbsp;kg<\/div>\n<div style=\"min-width: 300px; max-width: 300px; word-wrap: break-word; float: left;\">Poids net&nbsp;: 6,5&nbsp;kg<\/div>\n<\/div>\n<div style=\"width: auto;\">\n<div style=\"min-width: 300px; max-width: 300px; word-wrap: break-word; float: left;\">Taille du produit : 48*33*32 cm<\/div>\n<div style=\"min-width: 300px; max-width: 300px; word-wrap: break-word; float: left;\">Taille de l&#8217;emballage : 53*34*38 cm<\/div>\n<\/div>\n<div>Emballage personnalis\u00e9(Min. Commande : 100 pi\u00e8ces)<\/div>\n","protected":false},"featured_media":12685,"comment_status":"closed","ping_status":"closed","template":"","meta":[],"product_cat":[153],"product_tag":[],"class_list":["post-13115","product","type-product","status-publish","has-post-thumbnail","hentry","product_cat-machine-dentrainement-de-reeducation"],"_links":{"self":[{"href":"https:\/\/anbanjia.com.cn\/fr\/wp-json\/wp\/v2\/product\/13115","targetHints":{"allow":["GET"]}}],"collection":[{"href":"https:\/\/anbanjia.com.cn\/fr\/wp-json\/wp\/v2\/product"}],"about":[{"href":"https:\/\/anbanjia.com.cn\/fr\/wp-json\/wp\/v2\/types\/product"}],"replies":[{"embeddable":true,"href":"https:\/\/anbanjia.com.cn\/fr\/wp-json\/wp\/v2\/comments?post=13115"}],"wp:featuredmedia":[{"embeddable":true,"href":"https:\/\/anbanjia.com.cn\/fr\/wp-json\/wp\/v2\/media\/12685"}],"wp:attachment":[{"href":"https:\/\/anbanjia.com.cn\/fr\/wp-json\/wp\/v2\/media?parent=13115"}],"wp:term":[{"taxonomy":"product_cat","embeddable":true,"href":"https:\/\/anbanjia.com.cn\/fr\/wp-json\/wp\/v2\/product_cat?post=13115"},{"taxonomy":"product_tag","embeddable":true,"href":"https:\/\/anbanjia.com.cn\/fr\/wp-json\/wp\/v2\/product_tag?post=13115"}],"curies":[{"name":"wp","href":"https:\/\/api.w.org\/{rel}","templated":true}]}}