{"id":13107,"date":"2022-05-02T18:02:46","date_gmt":"2022-05-02T18:02:46","guid":{"rendered":"https:\/\/www.anbanjia.com.cn\/product\/fabrication-de-compteur-de-cholesterol-compteur-de-lipides-analyseur-5-en-1-testeur-de-glucose\/"},"modified":"2022-05-02T18:02:46","modified_gmt":"2022-05-02T18:02:46","slug":"fabrication-cholesterol-metre-lipide-metre-analyseur-5-en-1-test-glucose-metre","status":"publish","type":"product","link":"https:\/\/anbanjia.com.cn\/fr\/produit\/fabrication-cholesterol-metre-lipide-metre-analyseur-5-en-1-test-glucose-metre\/","title":{"rendered":"Fabrication de compteur de cholest\u00e9rol compteur de lipides analyseur 5 en 1 testeur de glucose"},"content":{"rendered":"<div style=\"max-width: 750px; margin: 0 auto;\">\n<div id=\"detail_decorate_root\" data-magic-global=\"%7B%22bizId%22%3A3215165050%2C%22pageId%22%3A21020366103%2C%22siteId%22%3A5005610021%7D\">\n<div class=\"J_module\">\n<div class=\"detail-decorate-json-renderer-container\">\n<div class=\"magic-1\">\n<div class=\"magic-2\">\n<div class=\"magic-3\">\n<div class=\"magic-4\">\n<div class=\"magic-5\"><b><span class=\"magic-6\">Fabrication de compteur de cholest\u00e9rol Lipid Meter 5 en 1 analyseur testeur de glucose<\/span><\/b><\/div>\n<\/div>\n<\/div>\n<\/div>\n<\/div>\n<\/div>\n<\/div>\n<div class=\"J_module\">\n<div class=\"detail-decorate-json-renderer-container\">\n<div class=\"magic-1\">\n<div class=\"magic-2\">\n<div class=\"magic-3\">\n<div class=\"magic-4\">\n<div class=\"magic-5\"><span class=\"magic-7\">Si vous avez des questions, veuillez contacter le vendeur, ou vous pouvez contacter sur WhatsApp : +86 13660866055, merci <\/span><\/div>\n<\/div>\n<\/div>\n<\/div>\n<\/div>\n<\/div>\n<\/div>\n<div class=\"J_module\">\n<div class=\"icbu-pc-images magic-8\">\n<div>\n<div class=\"flex-layout-v\">\n<div class=\"flex-layout-h magic-8\">\n<div class=\"magic-9\"><img decoding=\"async\" class=\"magic-10\" style=\"max-width: 750;\" src=\"https:\/\/anbanjia.com.cn\/wp-content\/uploads\/2022\/05\/H78a19b7d51a14fc1bec6da9a7e26fc109.jpg\" data-src=\"\"><\/div>\n<div><img decoding=\"async\" src=\"https:\/\/s.alicdn.com\/@sc04\/kf\/H67dd898ad08a4421b20a391d2bbac1a4r\/230438700\/H67dd898ad08a4421b20a391d2bbac1a4r.jpg?quality=close\"><img decoding=\"async\" src=\"https:\/\/s.alicdn.com\/@sc04\/kf\/H843a7fca9d0f4ab09066e56076d153e08\/230438700\/H843a7fca9d0f4ab09066e56076d153e08.jpg?quality=close\"><img decoding=\"async\" src=\"https:\/\/s.alicdn.com\/@sc04\/kf\/Hb04f683ba8964ac0b6e72cd211bf36cep\/230438700\/Hb04f683ba8964ac0b6e72cd211bf36cep.png?quality=close\"><\/p>\n<div class=\"J_module\">\n<div class=\"detail-decorate-json-renderer-container\">\n<div class=\"magic-1\">\n<div class=\"magic-2\" data-spm-anchor-id=\"a2700.details.0.i24.13e939c4mZ2kRv\">\n<div class=\"magic-3\">\n<div class=\"magic-4\" data-spm-anchor-id=\"a2700.details.0.i25.13e939c4mZ2kRv\">\n<div><b><span class=\"magic-7\">Caract\u00e9ristiques :<\/span><\/b><\/div>\n<p>1. Flexible et efficace ; Plage de d\u00e9tection ultra-large&nbsp;; Peut \u00eatre une d\u00e9tection unique (carte \u00e0 un seul article) ou quatre d\u00e9tections simultan\u00e9es (cartes multiples). 2. Pratique et rapide ; Peut d\u00e9tecter une vari\u00e9t\u00e9 de types d&rsquo;\u00e9chantillons (sang total du bout des doigts, sang total veineux, s\u00e9rum, plasma) sans pr\u00e9traitement&nbsp;; Une seule carte ne n\u00e9cessite que 10 \u03bcL d&rsquo;\u00e9chantillon de sang (plusieurs cartes ne n\u00e9cessitent que 35 \u03bcL d&rsquo;\u00e9chantillon de sang) et les r\u00e9sultats peuvent \u00eatre obtenus en 2 minutes. 3. Gestion des donn\u00e9es&nbsp;: peut effectuer une \u00e9valuation des risques de maladie coronarienne (CHD) dans les 10&nbsp;ans&nbsp;; Prend en charge le transfert USB, peut \u00eatre directement connect\u00e9 \u00e0 l&rsquo;imprimante ou \u00e0 l&rsquo;ordinateur. Contenu de l&#8217;emballage : 1 syst\u00e8me de surveillance 20 panneaux lipidiques.<\/p><\/div>\n<\/div>\n<\/div>\n<\/div>\n<\/div>\n<\/div>\n<div class=\"J_module\">\n<div class=\"detail-decorate-json-renderer-container\">\n<div class=\"magic-1\">\n<h3 class=\"magic-14\"><\/h3>\n<div class=\"magic-2\">\n<div class=\"magic-3\">\n<div class=\"magic-4\" data-spm-anchor-id=\"a2700.details.0.i26.13e939c4mZ2kRv\"><b><span class=\"magic-6\">Nous avons de nombreuses bandelettes de test, vous pouvez v\u00e9rifier.<\/span><\/b><\/div>\n<div data-spm-anchor-id=\"a2700.details.0.i26.13e939c4mZ2kRv\"><img decoding=\"async\" src=\"https:\/\/s.alicdn.com\/@sc04\/kf\/H67dd898ad08a4421b20a391d2bbac1a4r\/230438700\/H67dd898ad08a4421b20a391d2bbac1a4r.jpg?quality=close\"><img decoding=\"async\" src=\"https:\/\/s.alicdn.com\/@sc04\/kf\/H623dc6ae6b4c4cc0bfe0ebf7b63a0280R\/230438700\/H623dc6ae6b4c4cc0bfe0ebf7b63a0280R.jpg?quality=close\"><img decoding=\"async\" src=\"https:\/\/s.alicdn.com\/@sc04\/kf\/H7bd18034bbad40bbac78a66d0e861e8dd\/230438700\/H7bd18034bbad40bbac78a66d0e861e8dd.jpg?quality=close\"><img decoding=\"async\" class=\"\" src=\"https:\/\/s.alicdn.com\/@sc04\/kf\/H439c791608e140f4800cfa9d3cf5dc98q\/230438700\/H439c791608e140f4800cfa9d3cf5dc98q.png?quality=close\" width=\"662\" height=\"641\"><\/div>\n<div data-spm-anchor-id=\"a2700.details.0.i26.13e939c4mZ2kRv\"><img decoding=\"async\" src=\"https:\/\/s.alicdn.com\/@sc04\/kf\/HTB1ejKGU7PoK1RjSZKbq6x1IXXa1\/230438700\/HTB1ejKGU7PoK1RjSZKbq6x1IXXa1.jpg?quality=close\"><\/div>\n<div data-spm-anchor-id=\"a2700.details.0.i26.13e939c4mZ2kRv\"><img decoding=\"async\" src=\"https:\/\/s.alicdn.com\/@sc04\/kf\/HTB1OWXfVkvoK1RjSZFwq6AiCFXaJ\/230438700\/HTB1OWXfVkvoK1RjSZFwq6AiCFXaJ.jpg?quality=close\"><\/div>\n<div data-spm-anchor-id=\"a2700.details.0.i26.13e939c4mZ2kRv\"><img decoding=\"async\" class=\"\" src=\"https:\/\/s.alicdn.com\/@sc04\/kf\/HTB1u8k_U3HqK1RjSZFPq6AwapXat\/230438700\/HTB1u8k_U3HqK1RjSZFPq6AwapXat.jpg?quality=close\" width=\"757\" height=\"507\"><\/div>\n<div data-spm-anchor-id=\"a2700.details.0.i26.13e939c4mZ2kRv\"><img decoding=\"async\" src=\"https:\/\/s.alicdn.com\/@sc04\/kf\/H9cf73549ee14494fbdffe548af68d739o\/230438700\/H9cf73549ee14494fbdffe548af68d739o.jpg?quality=close\"><img decoding=\"async\" src=\"https:\/\/s.alicdn.com\/@sc04\/kf\/H59936e4bf8a84365bae0850709889b3cH\/230438700\/H59936e4bf8a84365bae0850709889b3cH.jpg?quality=close\"><\/div>\n<div data-spm-anchor-id=\"a2700.details.0.i26.13e939c4mZ2kRv\"><img decoding=\"async\" src=\"https:\/\/s.alicdn.com\/@sc04\/kf\/H10fdde19478c4022952b6ef21b37e97bx\/230438700\/H10fdde19478c4022952b6ef21b37e97bx.jpg?quality=close\"><\/div>\n<div data-spm-anchor-id=\"a2700.details.0.i26.13e939c4mZ2kRv\"><\/div>\n<\/div>\n<\/div>\n<\/div>\n<\/div>\n<\/div>\n<\/div>\n<\/div>\n<\/div>\n<\/div>\n<\/div>\n<\/div>\n<\/div>\n<\/div>\n","protected":false},"excerpt":{"rendered":"<p>&nbsp;<\/p>\n<div style=\"width: auto;\">\n<div style=\"min-width: 300px; max-width: 300px; word-wrap: break-word; float: left;\">Lieu d&rsquo;origine&nbsp;: Guangdong, Chine<\/div>\n<div style=\"min-width: 300px; max-width: 300px; word-wrap: break-word; float: left;\">Nom de marque : AUCUN<\/div>\n<\/div>\n<div style=\"width: auto;\">\n<div style=\"min-width: 300px; max-width: 300px; word-wrap: break-word; float: left;\">Num\u00e9ro de mod\u00e8le&nbsp;: CCS-114<\/div>\n<div style=\"min-width: 300px; max-width: 300px; word-wrap: break-word; float: left;\">Source d&rsquo;alimentation&nbsp;: \u00e9lectrique<\/div>\n<\/div>\n<div style=\"width: auto;\">\n<div style=\"min-width: 300px; max-width: 300px; word-wrap: break-word; float: left;\">Garantie 1 ann\u00e9e<\/div>\n<div style=\"min-width: 300px; max-width: 300px; word-wrap: break-word; float: left;\">Service apr\u00e8s-vente : AUCUN<\/div>\n<\/div>\n<div style=\"width: auto;\">\n<div style=\"min-width: 300px; max-width: 300px; word-wrap: break-word; float: left;\">Mode d&rsquo;alimentation&nbsp;: batterie int\u00e9gr\u00e9e<\/div>\n<div style=\"min-width: 300px; max-width: 300px; word-wrap: break-word; float: left;\">Mat\u00e9riel:Plastique<\/div>\n<\/div>\n<div style=\"width: auto;\">\n<div style=\"min-width: 300px; max-width: 300px; word-wrap: break-word; float: left;\">Dur\u00e9e de conservation&nbsp;: 1&nbsp;ans<\/div>\n<div style=\"min-width: 300px; max-width: 300px; word-wrap: break-word; float: left;\">Certificat de qualit\u00e9&nbsp;: ce<\/div>\n<\/div>\n<div style=\"width: auto;\">\n<div style=\"min-width: 300px; max-width: 300px; word-wrap: break-word; float: left;\">Classification des instruments&nbsp;: classe&nbsp;II<\/div>\n<div style=\"min-width: 300px; max-width: 300px; word-wrap: break-word; float: left;\">Norme de s\u00e9curit\u00e9&nbsp;:&nbsp;Aucune<\/div>\n<\/div>\n<div style=\"width: auto;\">\n<div style=\"min-width: 300px; max-width: 300px; word-wrap: break-word; float: left;\">Type d&rsquo;\u00e9chantillon&nbsp;: sang total, s\u00e9rum ou plasma<\/div>\n<div style=\"min-width: 300px; max-width: 300px; word-wrap: break-word; float: left;\">Temps d&rsquo;essai :\u2264120 secondes<\/div>\n<\/div>\n<div style=\"width: auto;\">\n<div style=\"min-width: 300px; max-width: 300px; word-wrap: break-word; float: left;\">Valeur de m\u00e9moire&nbsp;: 200&nbsp;r\u00e9sultats de test<\/div>\n<div style=\"min-width: 300px; max-width: 300px; word-wrap: break-word; float: left;\">Temp\u00e9rature de fonctionnement : 15-35 \u00b0C, \u2264 80 % d&rsquo;humidit\u00e9<\/div>\n<\/div>\n","protected":false},"featured_media":13334,"comment_status":"closed","ping_status":"closed","template":"","meta":[],"product_cat":[76],"product_tag":[],"class_list":["post-13107","product","type-product","status-publish","has-post-thumbnail","hentry","product_cat-shock-wave-physiotherapy"],"_links":{"self":[{"href":"https:\/\/anbanjia.com.cn\/fr\/wp-json\/wp\/v2\/product\/13107","targetHints":{"allow":["GET"]}}],"collection":[{"href":"https:\/\/anbanjia.com.cn\/fr\/wp-json\/wp\/v2\/product"}],"about":[{"href":"https:\/\/anbanjia.com.cn\/fr\/wp-json\/wp\/v2\/types\/product"}],"replies":[{"embeddable":true,"href":"https:\/\/anbanjia.com.cn\/fr\/wp-json\/wp\/v2\/comments?post=13107"}],"wp:featuredmedia":[{"embeddable":true,"href":"https:\/\/anbanjia.com.cn\/fr\/wp-json\/wp\/v2\/media\/13334"}],"wp:attachment":[{"href":"https:\/\/anbanjia.com.cn\/fr\/wp-json\/wp\/v2\/media?parent=13107"}],"wp:term":[{"taxonomy":"product_cat","embeddable":true,"href":"https:\/\/anbanjia.com.cn\/fr\/wp-json\/wp\/v2\/product_cat?post=13107"},{"taxonomy":"product_tag","embeddable":true,"href":"https:\/\/anbanjia.com.cn\/fr\/wp-json\/wp\/v2\/product_tag?post=13107"}],"curies":[{"name":"wp","href":"https:\/\/api.w.org\/{rel}","templated":true}]}}