{"id":13103,"date":"2022-05-02T18:02:48","date_gmt":"2022-05-02T18:02:48","guid":{"rendered":"https:\/\/www.anbanjia.com.cn\/product\/urit-g26-lecteur-de-glycemie-bandelette-de-test-de-glycemie\/"},"modified":"2022-05-02T18:02:48","modified_gmt":"2022-05-02T18:02:48","slug":"urit-g26-lecteur-de-glucose-sanguin-bandelette-de-test-de-glycemie","status":"publish","type":"product","link":"https:\/\/anbanjia.com.cn\/fr\/produit\/urit-g26-lecteur-de-glucose-sanguin-bandelette-de-test-de-glycemie\/","title":{"rendered":"URIT G26 lecteur de glyc\u00e9mie bandelette de test de glyc\u00e9mie"},"content":{"rendered":"<div style=\"max-width: 750px; margin: 0 auto;\">\n<div id=\"detail_decorate_root\" data-magic-global=\"%7B%22bizId%22%3A3215165050%2C%22pageId%22%3A20168504357%2C%22siteId%22%3A5005610021%7D\">\n<div class=\"J_module\">\n<div class=\"detail-decorate-json-renderer-container\">\n<div class=\"magic-1\">\n<div class=\"magic-2\">\n<div class=\"magic-3\">\n<div class=\"magic-4\">\n<div class=\"magic-5\"><b><span class=\"magic-6\">URIT G26 lecteur de glyc\u00e9mie bandelette de test de glyc\u00e9mie<\/span><\/b><\/div>\n<\/div>\n<\/div>\n<\/div>\n<\/div>\n<\/div>\n<\/div>\n<div class=\"J_module\">\n<div class=\"detail-decorate-json-renderer-container\">\n<div class=\"magic-1\">\n<div class=\"magic-2\">\n<div class=\"magic-3\">\n<div class=\"magic-4\">\n<div class=\"magic-5\">\n<p><span class=\"magic-6\"><span class=\"magic-6\">Si vous avez des questions, veuillez contacter le vendeur, ou vous pouvez contacter sur WhatsApp : +86 13246918260, merci<img decoding=\"async\" src=\"https:\/\/s.alicdn.com\/@sc04\/kf\/H8fc62d3b5534408596b54913891da8b78\/230438700\/H8fc62d3b5534408596b54913891da8b78.png?quality=close\"><img decoding=\"async\" src=\"https:\/\/s.alicdn.com\/@sc04\/kf\/H8fc62d3b5534408596b54913891da8b78\/230438700\/H8fc62d3b5534408596b54913891da8b78.png?quality=close\"><img decoding=\"async\" src=\"https:\/\/s.alicdn.com\/@sc04\/kf\/H2b6bc93479224584a0160bc1b9ae0cffT\/230438700\/H2b6bc93479224584a0160bc1b9ae0cffT.png?quality=close\"><img decoding=\"async\" src=\"https:\/\/s.alicdn.com\/@sc04\/kf\/H797a3be078194027b1af989540f55e4ee\/230438700\/H797a3be078194027b1af989540f55e4ee.jpg?quality=close\"><img decoding=\"async\" src=\"https:\/\/s.alicdn.com\/@sc04\/kf\/H93c74cda5e42401cae7c42fa075831d53\/230438700\/H93c74cda5e42401cae7c42fa075831d53.png?quality=close\"><img decoding=\"async\" src=\"https:\/\/s.alicdn.com\/@sc04\/kf\/H35cdc8b3e8534abdbf3063ccad2caf96O\/230438700\/H35cdc8b3e8534abdbf3063ccad2caf96O.png?quality=close\"><img decoding=\"async\" class=\"\" src=\"https:\/\/s.alicdn.com\/@sc04\/kf\/H946499dba7444fff9e67fb72e5033a8ap\/230438700\/H946499dba7444fff9e67fb72e5033a8ap.jpg?quality=close\" width=\"559\" height=\"559\"><\/span><\/span><\/p>\n<div class=\"J_module\">\n<div class=\"detail-decorate-json-renderer-container\">\n<div class=\"magic-1\">\n<div class=\"magic-2\">\n<div class=\"magic-3\">\n<div class=\"magic-4\"><span class=\"magic-14\" data-spm-anchor-id=\"a2700.wholesale.0.i30.625914d6YYigGq\">Dur\u00e9e du test : 6 secondes Volume sanguin : environ 0,6 ml Autonomie de la batterie : 1 000 fois \u00c9chantillon de test : sang total capillaire\/veineux Plage de test : 1,1 mmol\/L-33,3 mmol\/L<\/span><\/div>\n<\/div>\n<\/div>\n<\/div>\n<\/div>\n<\/div>\n<div class=\"J_module\">\n<div class=\"detail-decorate-json-renderer-container\">\n<div class=\"magic-1\">\n<div class=\"magic-2\">\n<div class=\"magic-3\">\n<div class=\"magic-4\">\n<div class=\"magic-5\">\n<p><b><span class=\"magic-15\">Si vous avez besoin de la bandelette de test d&rsquo;h\u00e9moglobine ou du lecteur, vous pouvez contacter le vendeur.<\/span><\/b><img decoding=\"async\" src=\"https:\/\/s.alicdn.com\/@sc04\/kf\/HTB19fUGSYrpK1RjSZTEq6AWAVXap\/230438700\/HTB19fUGSYrpK1RjSZTEq6AWAVXap.jpg?quality=close\"><img decoding=\"async\" src=\"https:\/\/s.alicdn.com\/@sc04\/kf\/HTB1SM7ES6TpK1RjSZKPq6y3UpXae\/230438700\/HTB1SM7ES6TpK1RjSZKPq6y3UpXae.jpg?quality=close\"><img decoding=\"async\" src=\"https:\/\/s.alicdn.com\/@sc04\/kf\/HTB1u.MES7voK1RjSZFNq6AxMVXas\/230438700\/HTB1u.MES7voK1RjSZFNq6AxMVXas.jpg?quality=close\"><img decoding=\"async\" src=\"https:\/\/s.alicdn.com\/@sc04\/kf\/Hd5d507f7743a475f8e8aeb772518423c2\/230438700\/Hd5d507f7743a475f8e8aeb772518423c2.jpg?quality=close\"><\/p>\n<div><b><span class=\"magic-6\" data-spm-anchor-id=\"a2700.wholesale.0.i36.625914d6YYigGq\">Caract\u00e9ristiques :<\/span><\/b><\/div>\n<p>COMPTEUR : H\u00e9moglobine dans le sang frais Principe de mesure : R\u00e9flectance optique Bandelette : Bandelettes de test d&rsquo;h\u00e9moglobine H12 Temps de mesure : Moins de 30 secondes Plage de mesure : 4,0 g\/dL ~ 24,0 g\/dL. Les r\u00e9sultats inf\u00e9rieurs \u00e0 4,0&nbsp;g\/dL et sup\u00e9rieurs \u00e0 24,0&nbsp;g\/dL s&rsquo;affichent respectivement sous la forme \u00ab\u00a0Lo\u00a0\u00bb et \u00ab\u00a0Hi\u00a0\u00bb afin d&rsquo;indiquer le r\u00e9sultat qui est hors plage. Affichage : LCD, r\u00e9sultat du test affich\u00e9 en SI&lt; 58 g (pile incluse) Dimensions ext\u00e9rieures : 102 mm \u00d7 50 mm \u00d7 19 mm Alimentation : DC 6 V (deux piles CR2032) Plages de fonctionnement : 15 ~ 30 \u00b0C ; RH \u226480% Plages ultimes sans condensation : -20 ~55\u00b0C ; HR&lt; 90 % sans condensation Autres : v\u00e9rification et affichage des probl\u00e8mes internes Dur\u00e9e de vie disponible : 8 ans<img decoding=\"async\" src=\"https:\/\/s.alicdn.com\/@sc04\/kf\/H623dc6ae6b4c4cc0bfe0ebf7b63a0280R\/230438700\/H623dc6ae6b4c4cc0bfe0ebf7b63a0280R.jpg?quality=close\"><img decoding=\"async\" src=\"https:\/\/s.alicdn.com\/@sc04\/kf\/H7bd18034bbad40bbac78a66d0e861e8dd\/230438700\/H7bd18034bbad40bbac78a66d0e861e8dd.jpg?quality=close\"><img decoding=\"async\" src=\"https:\/\/s.alicdn.com\/@sc04\/kf\/HTB1ejKGU7PoK1RjSZKbq6x1IXXa1\/230438700\/HTB1ejKGU7PoK1RjSZKbq6x1IXXa1.jpg?quality=close\"><\/p>\n<\/div>\n<div><img decoding=\"async\" src=\"https:\/\/s.alicdn.com\/@sc04\/kf\/HTB1OWXfVkvoK1RjSZFwq6AiCFXaJ\/230438700\/HTB1OWXfVkvoK1RjSZFwq6AiCFXaJ.jpg?quality=close\"><\/div>\n<div><img decoding=\"async\" class=\"\" src=\"https:\/\/s.alicdn.com\/@sc04\/kf\/HTB1u8k_U3HqK1RjSZFPq6AwapXat\/230438700\/HTB1u8k_U3HqK1RjSZFPq6AwapXat.jpg?quality=close\" width=\"766\" height=\"513\"><\/div>\n<div><img decoding=\"async\" src=\"https:\/\/s.alicdn.com\/@sc04\/kf\/H9cf73549ee14494fbdffe548af68d739o\/230438700\/H9cf73549ee14494fbdffe548af68d739o.jpg?quality=close\"><\/div>\n<div><img decoding=\"async\" src=\"https:\/\/s.alicdn.com\/@sc04\/kf\/H59936e4bf8a84365bae0850709889b3cH\/230438700\/H59936e4bf8a84365bae0850709889b3cH.jpg?quality=close\"><img decoding=\"async\" src=\"https:\/\/s.alicdn.com\/@sc04\/kf\/H59936e4bf8a84365bae0850709889b3cH\/230438700\/H59936e4bf8a84365bae0850709889b3cH.jpg?quality=close\"><img decoding=\"async\" src=\"https:\/\/s.alicdn.com\/@sc04\/kf\/H59936e4bf8a84365bae0850709889b3cH\/230438700\/H59936e4bf8a84365bae0850709889b3cH.jpg?quality=close\"><img decoding=\"async\" src=\"https:\/\/s.alicdn.com\/@sc04\/kf\/Hb6aea77a05ac40ebaaa95ed77e40a245S\/230438700\/Hb6aea77a05ac40ebaaa95ed77e40a245S.png?quality=close\"><\/div>\n<\/div>\n<\/div>\n<\/div>\n<\/div>\n<\/div>\n<\/div>\n<\/div>\n<\/div>\n<\/div>\n<\/div>\n<\/div>\n<\/div>\n<\/div>\n<\/div>\n<\/div>\n","protected":false},"excerpt":{"rendered":"<p>&nbsp;<\/p>\n<div style=\"width: auto;\">\n<div style=\"min-width: 300px; max-width: 300px; word-wrap: break-word; float: left;\">Lieu d&rsquo;origine&nbsp;: Guangdong, Chine<\/div>\n<div style=\"min-width: 300px; max-width: 300px; word-wrap: break-word; float: left;\">Nom de marque:urit<\/div>\n<\/div>\n<div style=\"width: auto;\">\n<div style=\"min-width: 300px; max-width: 300px; word-wrap: break-word; float: left;\">Num\u00e9ro de mod\u00e8le : G26<\/div>\n<div style=\"min-width: 300px; max-width: 300px; word-wrap: break-word; float: left;\">Source d&rsquo;alimentation&nbsp;: \u00e9lectrique<\/div>\n<\/div>\n<div style=\"width: auto;\">\n<div style=\"min-width: 300px; max-width: 300px; word-wrap: break-word; float: left;\">Garantie : AUCUNE<\/div>\n<div style=\"min-width: 300px; max-width: 300px; word-wrap: break-word; float: left;\">Service apr\u00e8s-vente : AUCUN<\/div>\n<\/div>\n<div style=\"width: auto;\">\n<div style=\"min-width: 300px; max-width: 300px; word-wrap: break-word; float: left;\">Mode d&rsquo;alimentation&nbsp;: batterie int\u00e9gr\u00e9e<\/div>\n<div style=\"min-width: 300px; max-width: 300px; word-wrap: break-word; float: left;\">Mat\u00e9riel:Plastique<\/div>\n<\/div>\n<div style=\"width: auto;\">\n<div style=\"min-width: 300px; max-width: 300px; word-wrap: break-word; float: left;\">Dur\u00e9e de conservation&nbsp;: 1&nbsp;ans<\/div>\n<div style=\"min-width: 300px; max-width: 300px; word-wrap: break-word; float: left;\">Certificat de qualit\u00e9&nbsp;: ce<\/div>\n<\/div>\n<div style=\"width: auto;\">\n<div style=\"min-width: 300px; max-width: 300px; word-wrap: break-word; float: left;\">Classification des instruments&nbsp;: classe&nbsp;II<\/div>\n<div style=\"min-width: 300px; max-width: 300px; word-wrap: break-word; float: left;\">Norme de s\u00e9curit\u00e9&nbsp;:&nbsp;Aucune<\/div>\n<\/div>\n<div style=\"width: auto;\">\n<div style=\"min-width: 300px; max-width: 300px; word-wrap: break-word; float: left;\">Type&nbsp;: \u00e9quipements de test sanguin<\/div>\n<div style=\"min-width: 300px; max-width: 300px; word-wrap: break-word; float: left;\">Plage de mesure&nbsp;: 1,1&nbsp;mmol\/L-33,3&nbsp;mmol\/L<\/div>\n<\/div>\n<div style=\"width: auto;\">\n<div style=\"min-width: 300px; max-width: 300px; word-wrap: break-word; float: left;\">Param\u00e8tre&nbsp;: glyc\u00e9mie<\/div>\n<div style=\"min-width: 300px; max-width: 300px; word-wrap: break-word; float: left;\">Sp\u00e9cimen&nbsp;:\/sang total veineux<\/div>\n<\/div>\n<div style=\"width: auto;\">\n<div style=\"min-width: 300px; max-width: 300px; word-wrap: break-word; float: left;\">Vitesse d&rsquo;essai : \u22645 secondes<\/div>\n<div style=\"min-width: 300px; max-width: 300px; word-wrap: break-word; float: left;\">Autonomie de la batterie : 1000 fois<\/div>\n<\/div>\n","protected":false},"featured_media":6345,"comment_status":"closed","ping_status":"closed","template":"","meta":[],"product_cat":[149],"product_tag":[],"class_list":["post-13103","product","type-product","status-publish","has-post-thumbnail","hentry","product_cat-bandelette-de-test-de-glycemie-fr"],"_links":{"self":[{"href":"https:\/\/anbanjia.com.cn\/fr\/wp-json\/wp\/v2\/product\/13103","targetHints":{"allow":["GET"]}}],"collection":[{"href":"https:\/\/anbanjia.com.cn\/fr\/wp-json\/wp\/v2\/product"}],"about":[{"href":"https:\/\/anbanjia.com.cn\/fr\/wp-json\/wp\/v2\/types\/product"}],"replies":[{"embeddable":true,"href":"https:\/\/anbanjia.com.cn\/fr\/wp-json\/wp\/v2\/comments?post=13103"}],"wp:featuredmedia":[{"embeddable":true,"href":"https:\/\/anbanjia.com.cn\/fr\/wp-json\/wp\/v2\/media\/6345"}],"wp:attachment":[{"href":"https:\/\/anbanjia.com.cn\/fr\/wp-json\/wp\/v2\/media?parent=13103"}],"wp:term":[{"taxonomy":"product_cat","embeddable":true,"href":"https:\/\/anbanjia.com.cn\/fr\/wp-json\/wp\/v2\/product_cat?post=13103"},{"taxonomy":"product_tag","embeddable":true,"href":"https:\/\/anbanjia.com.cn\/fr\/wp-json\/wp\/v2\/product_tag?post=13103"}],"curies":[{"name":"wp","href":"https:\/\/api.w.org\/{rel}","templated":true}]}}