{"id":13093,"date":"2022-05-02T18:02:53","date_gmt":"2022-05-02T18:02:53","guid":{"rendered":"https:\/\/www.anbanjia.com.cn\/product\/nouvel-usage-domestique-pas-cher-prix-ce-approbation-portable-equipement-dechographie-doppler-bebe-moniteur-de-frequence-cardiaque-foetale\/"},"modified":"2022-05-02T18:02:53","modified_gmt":"2022-05-02T18:02:53","slug":"nouveau-usage-domicile-bon-prix-homologue-ce-appareil-portable-doppler-echographie-moniteur-de-frequence-cardiaque-foetal-pour-bebe","status":"publish","type":"product","link":"https:\/\/anbanjia.com.cn\/fr\/produit\/nouveau-usage-domicile-bon-prix-homologue-ce-appareil-portable-doppler-echographie-moniteur-de-frequence-cardiaque-foetal-pour-bebe\/","title":{"rendered":"Nouvel usage domestique pas cher prix CE approbation portable \u00e9quipement d&rsquo;\u00e9chographie doppler b\u00e9b\u00e9 moniteur de fr\u00e9quence cardiaque f\u0153tale"},"content":{"rendered":"<div style=\"max-width: 750px; margin: 0 auto;\">\n<div id=\"detail_decorate_root\" data-host=\"111525417\" data-id=\"detail_decorate_root\">\n<div id=\"_root\" class=\"engine-app\" data-reactroot=\"\">\n<div id=\"ali-anchor-AliMagic-z03md4\" class=\"magic-0\" data-section=\"AliMagic-z03md4\" data-section-title=\"Product Description\">Description du produit<\/div>\n<div class=\"icbu-pc-images magic-1\">\n<div>\n<div class=\"flex-layout-v\">\n<div class=\"flex-layout-h magic-1\">\n<div class=\"magic-2\"><a href=\"https:\/\/abj-medical.en.alibaba.com\/product\/60797930324-804757852\/Advanced_design_travelling_portable_lightweight_rechargeable_oxygen_concentrator_for_elderly.html?spm=a2700.icbuShop.prewdfa4cf.7.74cb63e3qWj40z\" target=\"_blank\" rel=\"noopener noreferrer\"><img decoding=\"async\" class=\"magic-3\" style=\"max-width: 750;\" src=\"https:\/\/anbanjia.com.cn\/wp-content\/uploads\/2022\/05\/HTB16GafKuySBuNjy1zd760PxFXaR.jpg\" data-src=\"\"><\/a><\/div>\n<\/div>\n<\/div>\n<\/div>\n<\/div>\n<div id=\"ali-anchor-AliMagic-bdzt9u\" class=\"magic-0\" data-section=\"AliMagic-bdzt9u\" data-section-title=\"Detailed Images\">Images d\u00e9taill\u00e9es<\/div>\n<div class=\"icbu-pc-images magic-1\">\n<div>\n<div class=\"flex-layout-v\">\n<div class=\"flex-layout-h magic-1\">\n<div class=\"magic-4\"><img decoding=\"async\" class=\"magic-5\" src=\"https:\/\/anbanjia.com.cn\/wp-content\/uploads\/2022\/05\/HTB1SDvzXInrK1RjSspkq6yuvXXal.jpg\" data-src=\"\"><\/div>\n<\/div>\n<\/div>\n<\/div>\n<\/div>\n<div class=\"icbu-pc-images magic-1\">\n<div>\n<div class=\"flex-layout-v\">\n<div class=\"flex-layout-h magic-1\">\n<div class=\"magic-4\"><img decoding=\"async\" class=\"magic-5\" src=\"https:\/\/anbanjia.com.cn\/wp-content\/uploads\/2022\/05\/HTB1vPnwXIfrK1Rjy0Fmq6xhEXXaC.jpg\" data-src=\"\"><\/div>\n<\/div>\n<\/div>\n<\/div>\n<\/div>\n<div class=\"icbu-pc-images magic-1\">\n<div>\n<div class=\"flex-layout-h\">\n<div class=\"text-wrapper magic-6\">\n<div class=\"text-wrapper-left text-theme-light text-align-left\">\n<div class=\"text-title\" data-id=\"left-title\"><b><span style=\"font-size: x-large;\">703 types d&rsquo;introductions d\u00e9taill\u00e9es&nbsp;:<\/span><\/b><\/div>\n<div class=\"text-content\" data-id=\"left-content\">\n<p class=\"magic-7\"><span style=\"font-size: large;\">01. Sonde doppler haute sensibilit\u00e9, d\u00e9tection FHR pr\u00e9cise<br \/>\n02. Faible puissance ultrasonore, sans danger pour le f\u0153tus<br \/>\n03. \u00c9cran d&rsquo;affichage en option (valeur\/diagramme)<br \/>\n04.Arr\u00eat automatique en 1 minute<br \/>\n05.Affichage&nbsp;: 1,77&nbsp;pouces TFT<br \/>\nFr\u00e9quence 06.ltrasound: 2.125MHZ-2.875MHZ<br \/>\n07. Sensibilit\u00e9 compl\u00e8te&nbsp;:&gt; 90dB<br \/>\nGamme 08.FHR&nbsp;: 50\/min ~ 210\/min<br \/>\n09.R\u00e9solution d&rsquo;affichage : 1bpm<br \/>\n10.D\u00e9viation de d\u00e9tection FHR&nbsp;:-2\/min~+2\/min<br \/>\n11. La sonde et le doppler sont s\u00e9par\u00e9s, plus faciles \u00e0 utiliser<br \/>\n12. Sonde \u00e9tanche<\/span><\/p>\n<\/div>\n<\/div>\n<\/div>\n<div class=\"flex-layout-v magic-8\">\n<div class=\"magic-9\"><img decoding=\"async\" class=\"magic-10\" src=\"https:\/\/anbanjia.com.cn\/wp-content\/uploads\/2022\/05\/HTB1gCbzXJfvK1RjSszhq6AcGFXaf.jpg\" data-id=\"child-image-0\" data-src=\"\"><\/div>\n<\/div>\n<\/div>\n<\/div>\n<\/div>\n<div class=\"icbu-pc-images magic-1\">\n<div>\n<div class=\"flex-layout-v\">\n<div class=\"flex-layout-h magic-1\">\n<div class=\"magic-11\"><img decoding=\"async\" class=\"magic-12\" src=\"https:\/\/anbanjia.com.cn\/wp-content\/uploads\/2022\/05\/HTB1HobBXIrrK1Rjy1zeq6xalFXaX.jpg\" data-src=\"\"><\/div>\n<\/div>\n<\/div>\n<\/div>\n<\/div>\n<div class=\"icbu-pc-images magic-1\">\n<div>\n<div class=\"flex-layout-v\">\n<div class=\"flex-layout-h magic-1\">\n<div class=\"magic-4\"><img decoding=\"async\" class=\"magic-5\" src=\"https:\/\/anbanjia.com.cn\/wp-content\/uploads\/2022\/05\/HTB1uY_xXOLxK1Rjy0Ffq6zYdVXaz.jpg\" data-src=\"\"><\/div>\n<\/div>\n<\/div>\n<\/div>\n<\/div>\n<div class=\"detail-decorate-json-renderer-container\">\n<div class=\"magic-13\">\n<div class=\"magic-14\">\n<div class=\"magic-15\">\n<div class=\"magic-16\"><b><span style=\"color: #9f0000; font-size: large;\">Nos doppler f\u0153taux se d\u00e9clinent en 4 mod\u00e8les : 703,703L,706, 706L <\/span><\/b><\/div>\n<\/div>\n<\/div>\n<\/div>\n<\/div>\n<div class=\"icbu-pc-images magic-1\">\n<div>\n<div class=\"flex-layout-v\">\n<div class=\"flex-layout-h magic-1\">\n<div class=\"magic-17\"><img decoding=\"async\" class=\"magic-18\" src=\"https:\/\/anbanjia.com.cn\/wp-content\/uploads\/2022\/05\/HTB1EifAXPDuK1Rjy1zjq6zraFXa5.jpg\" data-id=\"child-image-0\" data-src=\"\"><\/div>\n<div class=\"magic-19\"><img decoding=\"async\" class=\"magic-20\" src=\"https:\/\/anbanjia.com.cn\/wp-content\/uploads\/2022\/05\/HTB1QBYAXPnuK1RkSmFPq6AuzFXaK.jpg\" data-id=\"child-image-1\" data-src=\"\"><\/div>\n<\/div>\n<\/div>\n<\/div>\n<\/div>\n<div class=\"icbu-pc-images magic-1\">\n<div>\n<div class=\"flex-layout-v\">\n<div class=\"flex-layout-h magic-1\">\n<div class=\"magic-17\"><img decoding=\"async\" class=\"magic-20\" src=\"https:\/\/anbanjia.com.cn\/wp-content\/uploads\/2022\/05\/HTB1AMrwXODxK1Rjy1zcq6yGeXXag.jpg\" data-id=\"child-image-0\" data-src=\"\"><\/div>\n<div class=\"magic-19\"><img decoding=\"async\" class=\"magic-20\" src=\"https:\/\/anbanjia.com.cn\/wp-content\/uploads\/2022\/05\/HTB1RZrxXOLxK1Rjy0Ffq6zYdVXaH.jpg\" data-id=\"child-image-1\" data-src=\"\"><\/div>\n<\/div>\n<\/div>\n<\/div>\n<\/div>\n<div class=\"icbu-pc-images magic-1\">\n<div class=\"flex-layout-v\">\n<div class=\"flex-layout-h magic-1\">\n<div class=\"magic-17\"><img decoding=\"async\" src=\"https:\/\/s.alicdn.com\/@sc02\/kf\/HTB1.h_EXLjsK1Rjy1Xaq6zispXaI\/230438700\/HTB1.h_EXLjsK1Rjy1Xaq6zispXaI.jpg?quality=close\"><\/div>\n<div class=\"magic-19\"><img decoding=\"async\" class=\"magic-21\" src=\"https:\/\/anbanjia.com.cn\/wp-content\/uploads\/2022\/05\/HTB1gCbzXJfvK1RjSszhq6AcGFXaf.jpg\" data-id=\"child-image-1\" data-src=\"\"><\/div>\n<\/div>\n<\/div>\n<\/div>\n<div class=\"detail-decorate-json-renderer-container\">\n<div class=\"magic-13\">\n<h3 class=\"magic-22\" data-id=\"title0\"><\/h3>\n<h3 class=\"magic-23\"><span style=\"font-size: x-large;\">Caract\u00e9ristiques du doppler f\u0153tal \u00e0 ultrasons&nbsp;:<\/span><\/h3>\n<div class=\"magic-14\">\n<div class=\"magic-15\">\n<div class=\"magic-16\" data-id=\"paragraph0\">\n<p class=\"magic-7\"><span style=\"font-size: large;\">S\u00fbr&nbsp;: le dosage des ultrasons est inf\u00e9rieur \u00e0 50&nbsp;% de la norme nationale<br \/>\nCommodit\u00e9&nbsp;: petite taille, pratique pour la surveillance de plusieurs lits et le diagnostic ext\u00e9rieur<br \/>\nSensibilit\u00e9&nbsp;: surveiller 12&nbsp;semaines au-dessus du rythme cardiaque f\u0153tal \u00e0 na\u00eetre.<br \/>\n\u00c9conomique : adoptez avec une batterie de recharge professionnelle, pour une \u00e9conomie efficace et peut \u00e9galement utiliser des piles diaposables de 9,6 V.<br \/>\nPratique : service de terminal r\u00e9seau unique, peut connecter le r\u00e9seau central \u00e0 l&rsquo;h\u00f4pital via une connexion commut\u00e9e \u00e0 domicile, plus rapide, fiable et pr\u00e9cis pour la surveillance f\u0153tale.<\/span><\/p>\n<\/div>\n<\/div>\n<\/div>\n<\/div>\n<\/div>\n<div id=\"ali-anchor-AliMagic-mymm12\" class=\"magic-0\" data-section=\"AliMagic-mymm12\" data-section-title=\"Our Company\">Notre compagnie<\/div>\n<div class=\"icbu-pc-images magic-1\">\n<div>\n<div class=\"flex-layout-v\">\n<div class=\"flex-layout-h magic-1\">\n<div class=\"magic-24\"><img decoding=\"async\" class=\"magic-25\" src=\"https:\/\/anbanjia.com.cn\/wp-content\/uploads\/2022\/05\/H3d43ab43a0f24fc7886a50fee5674fd4U.jpg\" data-src=\"\"><\/div>\n<\/div>\n<\/div>\n<\/div>\n<\/div>\n<div class=\"icbu-pc-images magic-1\">\n<div>\n<div class=\"flex-layout-v\">\n<div class=\"flex-layout-h magic-1\">\n<div class=\"magic-26\"><img decoding=\"async\" class=\"magic-27\" src=\"https:\/\/anbanjia.com.cn\/wp-content\/uploads\/2022\/05\/HTB13r6WzOCYBuNkSnaVq6AMsVXae.jpg\" data-src=\"\"><\/div>\n<\/div>\n<\/div>\n<\/div>\n<\/div>\n<div id=\"ali-anchor-AliMagic-o51cc0\" class=\"magic-0\" data-section=\"AliMagic-o51cc0\" data-section-title=\"Contact Us\">Nous contacter<\/div>\n<div class=\"icbu-pc-images magic-1\">\n<div>\n<div class=\"flex-layout-v\">\n<div class=\"flex-layout-h magic-1\">\n<div class=\"magic-28\"><img decoding=\"async\" class=\"magic-29\" src=\"https:\/\/anbanjia.com.cn\/wp-content\/uploads\/2022\/05\/H10fdde19478c4022952b6ef21b37e97bx.jpg\" data-src=\"\"><\/div>\n<\/div>\n<\/div>\n<\/div>\n<\/div>\n<\/div>\n<\/div>\n<\/div>\n","protected":false},"excerpt":{"rendered":"<p>&nbsp;<\/p>\n<div style=\"width: auto;\">\n<div style=\"min-width: 300px; max-width: 300px; word-wrap: break-word; float: left;\">Lieu d&rsquo;origine&nbsp;: Guangdong, Chine<\/div>\n<div style=\"min-width: 300px; max-width: 300px; word-wrap: break-word; float: left;\">Nom de marque:OEM ODM<\/div>\n<\/div>\n<div style=\"width: auto;\">\n<div style=\"min-width: 300px; max-width: 300px; word-wrap: break-word; float: left;\">Num\u00e9ro de mod\u00e8le : ABJ-703<\/div>\n<div style=\"min-width: 300px; max-width: 300px; word-wrap: break-word; float: left;\">Garantie : AUCUNE<\/div>\n<\/div>\n<div style=\"width: auto;\">\n<div style=\"min-width: 300px; max-width: 300px; word-wrap: break-word; float: left;\">Service apr\u00e8s-vente : AUCUN<\/div>\n<div style=\"min-width: 300px; max-width: 300px; word-wrap: break-word; float: left;\">Classification des instruments&nbsp;: classe&nbsp;II<\/div>\n<\/div>\n<div style=\"width: auto;\">\n<div style=\"min-width: 300px; max-width: 300px; word-wrap: break-word; float: left;\">Type&nbsp;: \u00e9quipement d&rsquo;\u00e9chographie Doppler<\/div>\n<div style=\"min-width: 300px; max-width: 300px; word-wrap: break-word; float: left;\">Nom du produit: \u00e9quipement \u00e0 ultrasons Doppler<\/div>\n<\/div>\n<div style=\"width: auto;\">\n<div style=\"min-width: 300px; max-width: 300px; word-wrap: break-word; float: left;\">Application&nbsp;: moniteur cardiaque f\u0153tal<\/div>\n<div style=\"min-width: 300px; max-width: 300px; word-wrap: break-word; float: left;\">Certificat&nbsp;:&nbsp;CE<\/div>\n<\/div>\n<div style=\"width: auto;\">\n<div style=\"min-width: 300px; max-width: 300px; word-wrap: break-word; float: left;\">Caract\u00e9ristique: sonde \u00e9tanche \u00e0 l&rsquo;eau<\/div>\n<div style=\"min-width: 300px; max-width: 300px; word-wrap: break-word; float: left;\">Plage FHR&nbsp;: 50\/min~210\/min<\/div>\n<\/div>\n<div style=\"width: auto;\">\n<div style=\"min-width: 300px; max-width: 300px; word-wrap: break-word; float: left;\">R\u00e9solution d&rsquo;affichage : 1bpm<\/div>\n<div style=\"min-width: 300px; max-width: 300px; word-wrap: break-word; float: left;\">Sensibilit\u00e9 globale :&gt; 90dB<\/div>\n<\/div>\n<div style=\"width: auto;\">\n<div style=\"min-width: 300px; max-width: 300px; word-wrap: break-word; float: left;\">Fr\u00e9quence ltrasound: 2.125MHZ-2.875MHZ<\/div>\n<div style=\"min-width: 300px; max-width: 300px; word-wrap: break-word; float: left;\">Mode d&rsquo;affichage : TFT<\/div>\n<\/div>\n<div>Logo personnalis\u00e9(Min. Commande : 200 pi\u00e8ces)<\/div>\n<div>Emballage personnalis\u00e9(Min. Commande : 200 pi\u00e8ces)<\/div>\n","protected":false},"featured_media":12603,"comment_status":"closed","ping_status":"closed","template":"","meta":[],"product_cat":[145],"product_tag":[],"class_list":["post-13093","product","type-product","status-publish","has-post-thumbnail","hentry","product_cat-doppler-foetal"],"_links":{"self":[{"href":"https:\/\/anbanjia.com.cn\/fr\/wp-json\/wp\/v2\/product\/13093","targetHints":{"allow":["GET"]}}],"collection":[{"href":"https:\/\/anbanjia.com.cn\/fr\/wp-json\/wp\/v2\/product"}],"about":[{"href":"https:\/\/anbanjia.com.cn\/fr\/wp-json\/wp\/v2\/types\/product"}],"replies":[{"embeddable":true,"href":"https:\/\/anbanjia.com.cn\/fr\/wp-json\/wp\/v2\/comments?post=13093"}],"wp:featuredmedia":[{"embeddable":true,"href":"https:\/\/anbanjia.com.cn\/fr\/wp-json\/wp\/v2\/media\/12603"}],"wp:attachment":[{"href":"https:\/\/anbanjia.com.cn\/fr\/wp-json\/wp\/v2\/media?parent=13093"}],"wp:term":[{"taxonomy":"product_cat","embeddable":true,"href":"https:\/\/anbanjia.com.cn\/fr\/wp-json\/wp\/v2\/product_cat?post=13093"},{"taxonomy":"product_tag","embeddable":true,"href":"https:\/\/anbanjia.com.cn\/fr\/wp-json\/wp\/v2\/product_tag?post=13093"}],"curies":[{"name":"wp","href":"https:\/\/api.w.org\/{rel}","templated":true}]}}