{"id":13090,"date":"2022-05-02T18:02:46","date_gmt":"2022-05-02T18:02:46","guid":{"rendered":"https:\/\/www.anbanjia.com.cn\/product\/verification-rapide-bandelette-de-test-de-glycemie-test-de-glucose-bandelette-de-test-de-glucometre-glucometre-avec-bandelette-de-test-bandelette-de-test-de-diabete-sang\/"},"modified":"2022-05-02T18:02:46","modified_gmt":"2022-05-02T18:02:46","slug":"verification-rapide-bandelette-de-test-de-glycemie-test-de-glucose-glucometre-bandelette-test-glucometre-avec-bandelette-test-diabete-bandelette-test-sang","status":"publish","type":"product","link":"https:\/\/anbanjia.com.cn\/fr\/produit\/verification-rapide-bandelette-de-test-de-glycemie-test-de-glucose-glucometre-bandelette-test-glucometre-avec-bandelette-test-diabete-bandelette-test-sang\/","title":{"rendered":"v\u00e9rification rapide bandelette de test de glyc\u00e9mie test de glucose, bandelette de test de glucom\u00e8tre, glucom\u00e8tre avec bandelette de test bandelette de test de diab\u00e8te sang"},"content":{"rendered":"<div style=\"max-width: 750px;margin: 0 auto;\">\n<p><span style=\"font-size: 32px;\"> lecteur de glyc\u00e9mie et bandelettes de test pour le diab\u00e8te bandelette de test de glyc\u00e9mie sans code<\/span><\/p>\n<p><span style=\"font-size: 32px;\"><img decoding=\"async\" data-alt=\"quick check blood glucose test strip glucose test, glucometer test strip, glucometer with test strip diabetes test strip blood\" data-src=\"\" ori-height=\"800\" ori-width=\"800\" src=\"https:\/\/anbanjia.com.cn\/wp-content\/uploads\/2022\/05\/HTB19mfuVRLoK1RjSZFuq6xn0XXap.jpg\" style=\"max-width: 750;\"><\/span><\/p>\n<p><span style=\"font-size: 32px;\"><img decoding=\"async\" data-alt=\"quick check blood glucose test strip glucose test, glucometer test strip, glucometer with test strip diabetes test strip blood\" data-src=\"\" ori-height=\"850\" ori-width=\"1081\" src=\"https:\/\/anbanjia.com.cn\/wp-content\/uploads\/2022\/05\/HTB1TPbxVG6qK1RjSZFmq6x0PFXae.jpg\"><img decoding=\"async\" data-alt=\"quick check blood glucose test strip glucose test, glucometer test strip, glucometer with test strip diabetes test strip blood\" data-src=\"\" ori-height=\"1000\" ori-width=\"1000\" src=\"https:\/\/anbanjia.com.cn\/wp-content\/uploads\/2022\/05\/HTB1nW3QcLc3T1VjSZLeq6zZsVXaU.jpg\"><img decoding=\"async\" data-alt=\"quick check blood glucose test strip glucose test, glucometer test strip, glucometer with test strip diabetes test strip blood\" data-src=\"\" ori-height=\"943\" ori-width=\"1000\" src=\"https:\/\/anbanjia.com.cn\/wp-content\/uploads\/2022\/05\/HTB1dKPuVQvoK1RjSZFDq6xY3pXal.jpg\"><\/span><\/p>\n<table border=\"1\" style=\"box-sizing: content-box; margin: 0px; padding: 0px; font-style: normal; font-weight: 400; font-size: 12px; line-height: inherit; font-family: Arial,Helvetica; border-collapse: collapse; width: 599px; color: #333333; background-color: #ffffff;\">\n<tbody>\n<tr style=\"box-sizing: content-box; margin: 0px; padding: 0px; font-style: inherit; font-weight: inherit; font-size: 12px; line-height: inherit; height: 18px;\">\n<td style=\"box-sizing: content-box; margin: 0px; padding: 0px; font-style: inherit; font-weight: 400; font-size: 12px; line-height: inherit; float: none; height: 18px;\"><span style=\"box-sizing: content-box; margin: 0px; padding: 0px; border: 0px; font-style: inherit; font-weight: inherit; font-size: 18px; line-height: 27px; vertical-align: baseline;\">Gamme de test de glucose<\/span><\/td>\n<td style=\"box-sizing: content-box; margin: 0px; padding: 0px; font-style: inherit; font-weight: 400; font-size: 12px; line-height: inherit; float: none; height: 18px;\"><span style=\"box-sizing: content-box; margin: 0px; padding: 0px; border: 0px; font-style: inherit; font-weight: inherit; font-size: 18px; line-height: 27px; vertical-align: baseline;\"><span style=\"box-sizing: content-box; margin: 0px; padding: 0px; border: 0px; font-style: normal; font-weight: 400; font-size: inherit; line-height: 27px; font-family: Verdana, Arial, Helvetica, sans-serif; vertical-align: baseline; color: #000000; background-color: #ffffff; float: none; display: inline !important;\">20-600 mg\/dL (1,1-33,3 mmol\/L)<\/span><\/span><\/td>\n<\/tr>\n<tr style=\"box-sizing: content-box; margin: 0px; padding: 0px; font-style: inherit; font-weight: inherit; font-size: 12px; line-height: inherit; height: 15px;\">\n<td style=\"box-sizing: content-box; margin: 0px; padding: 0px; font-style: inherit; font-weight: 400; font-size: 12px; line-height: inherit; float: none; height: 15px;\"><span style=\"box-sizing: content-box; margin: 0px; padding: 0px; border: 0px; font-style: inherit; font-weight: inherit; font-size: 18px; line-height: 27px; vertical-align: baseline;\">Enzyme<\/span><\/td>\n<td style=\"box-sizing: content-box; margin: 0px; padding: 0px; font-style: inherit; font-weight: 400; font-size: 12px; line-height: inherit; float: none; height: 15px;\"><span style=\"box-sizing: content-box; margin: 0px; padding: 0px; border: 0px; font-style: inherit; font-weight: inherit; font-size: 18px; line-height: 27px; vertical-align: baseline;\">DIEU<\/span><\/td>\n<\/tr>\n<tr style=\"box-sizing: content-box; margin: 0px; padding: 0px; font-style: inherit; font-weight: inherit; font-size: 12px; line-height: inherit; height: 25px;\">\n<td style=\"box-sizing: content-box; margin: 0px; padding: 0px; font-style: inherit; font-weight: 400; font-size: 12px; line-height: inherit; float: none; height: 25px;\"><span style=\"box-sizing: content-box; margin: 0px; padding: 0px; border: 0px; font-style: inherit; font-weight: inherit; font-size: 18px; line-height: 27px; vertical-align: baseline;\">R\u00e9sultats \u00c9talonnage<\/span><\/td>\n<td style=\"box-sizing: content-box; margin: 0px; padding: 0px; font-style: inherit; font-weight: 400; font-size: 12px; line-height: inherit; float: none; height: 25px;\"><span style=\"box-sizing: content-box; margin: 0px; padding: 0px; border: 0px; font-style: inherit; font-weight: inherit; font-size: 18px; line-height: 27px; vertical-align: baseline;\">\u00c9quivalent Plasma<\/span><\/td>\n<\/tr>\n<tr style=\"box-sizing: content-box; margin: 0px; padding: 0px; font-style: inherit; font-weight: inherit; font-size: 12px; line-height: inherit; height: 10px;\">\n<td style=\"box-sizing: content-box; margin: 0px; padding: 0px; font-style: inherit; font-weight: 400; font-size: 12px; line-height: inherit; float: none; height: 10px;\"><span style=\"box-sizing: content-box; margin: 0px; padding: 0px; border: 0px; font-style: inherit; font-weight: inherit; font-size: 18px; line-height: 27px; vertical-align: baseline;\">Taille de l&rsquo;\u00e9chantillon<\/span><\/td>\n<td style=\"box-sizing: content-box; margin: 0px; padding: 0px; font-style: inherit; font-weight: 400; font-size: 12px; line-height: inherit; float: none; height: 10px;\"><span style=\"box-sizing: content-box; margin: 0px; padding: 0px; border: 0px; font-style: inherit; font-weight: inherit; font-size: 18px; line-height: 27px; vertical-align: baseline;\">0,6 \u03bcL<\/span><\/td>\n<\/tr>\n<\/tbody>\n<\/table>\n<p style=\"box-sizing: content-box; margin: 0px; padding: 0px; border: 0px; font-style: normal; font-weight: 400; font-size: 12px; line-height: inherit; font-family: Arial,Helvetica; vertical-align: baseline; color: #333333;\">\n<p style=\"box-sizing: content-box; margin: 0px; padding: 0px; border: 0px; font-style: normal; font-weight: 400; font-size: 12px; line-height: inherit; font-family: Arial,Helvetica; vertical-align: baseline; color: #333333;\"><span style=\"box-sizing: content-box; margin: 0px; padding: 0px; border: 0px; font-style: inherit; font-weight: inherit; font-size: 16px; line-height: 24px; vertical-align: baseline;\">Paquet de m\u00e8tre : 30 unit\u00e9s\/ctn, 39*25*35cm, 6kg<br \/>Paquet de bandes&nbsp;: 60&nbsp;bo\u00eetes avec lancettes\/, 96&nbsp;bo\u00eetes de bandes uniquement, 39&nbsp;*&nbsp;25&nbsp;*&nbsp;29&nbsp;cm, 5,5&nbsp;kg<\/span><\/p>\n<p style=\"box-sizing: content-box; margin: 0px; padding: 0px; border: 0px; font-style: normal; font-weight: 400; font-size: 12px; line-height: inherit; font-family: Arial,Helvetica; vertical-align: baseline; color: #333333;\">\n<p style=\"box-sizing: content-box; margin: 0px; padding: 0px; border: 0px; font-style: normal; font-weight: 400; font-size: 12px; line-height: inherit; font-family: Arial,Helvetica; vertical-align: baseline; color: #333333;\"><span style=\"box-sizing: content-box; margin: 0px; padding: 0px; border: 0px; font-style: inherit; font-weight: inherit; font-size: 16px; line-height: 24px; vertical-align: baseline;\">Ici, nous avons \u00e9galement de nombreuses autres bandelettes de test de marque, vous pouvez me contacter si vous avez des besoins.<\/span><\/p>\n<p style=\"box-sizing: content-box; margin: 0px; padding: 0px; border: 0px; font-style: normal; font-weight: 400; font-size: 12px; line-height: inherit; font-family: Arial,Helvetica; vertical-align: baseline; color: #333333;\"><span style=\"box-sizing: content-box; margin: 0px; padding: 0px; border: 0px; font-style: inherit; font-weight: inherit; font-size: 16px; line-height: 24px; vertical-align: baseline;\"><img decoding=\"async\" data-alt=\"quick check blood glucose test strip glucose test, glucometer test strip, glucometer with test strip diabetes test strip blood\" data-src=\"\" ori-height=\"942\" ori-width=\"687\" src=\"https:\/\/anbanjia.com.cn\/wp-content\/uploads\/2022\/05\/HTB1l01hSzDpK1RjSZFrq6y78VXa3.jpg\"><\/span><\/p>\n<div class=\"mceSectionContainer\" data-section=\"AliPostDhMb-3cnac\" data-section-title=\"Contact information\" id=\"ali-anchor-AliPostDhMb-3cnac\" style=\"padding-top: 8px;\">\n<div id=\"ali-title-AliPostDhMb-3cnac\" style=\"padding: 8px 0; border-bottom: 1px solid #ddd;\"><span style=\"background-color: #ddd; color: #333; font-weight: bold; padding: 8px 10px; line-height: 12px;\">Informations de contact<\/span><\/div>\n<div style=\"padding: 10px 0;\">\n<p><img decoding=\"async\" data-alt=\"quick check blood glucose test strip glucose test, glucometer test strip, glucometer with test strip diabetes test strip blood\" data-src=\"\" ori-height=\"312\" ori-width=\"750\" src=\"https:\/\/anbanjia.com.cn\/wp-content\/uploads\/2022\/05\/HTB1Ed6_SpXXXXb3XFXXq6xXFXXXu.jpg\"> <\/p>\n<\/div>\n<\/div>\n<\/div>\n","protected":false},"excerpt":{"rendered":"<div style=\"width:auto\">\n<div style=\"min-width: 300px;max-width: 300px;word-wrap: break-word;float: left\">Lieu d&rsquo;origine&nbsp;: Guangdong, Chine <\/div>\n<div style=\"min-width: 300px;max-width: 300px;word-wrap: break-word;float: left\">Nom de marque: personnalis\u00e9<\/div>\n<\/p><\/div>\n<div style=\"width:auto\">\n<div style=\"min-width: 300px;max-width: 300px;word-wrap: break-word;float: left\">Num\u00e9ro de mod\u00e8le:II <\/div>\n<div style=\"min-width: 300px;max-width: 300px;word-wrap: break-word;float: left\">Source d&rsquo;alimentation : Manuel<\/div>\n<\/p><\/div>\n<div style=\"width:auto\">\n<div style=\"min-width: 300px;max-width: 300px;word-wrap: break-word;float: left\">Garantie : AUCUNE, 18 mois <\/div>\n<div style=\"min-width: 300px;max-width: 300px;word-wrap: break-word;float: left\">Service apr\u00e8s-vente : AUCUN<\/div>\n<\/p><\/div>\n<div style=\"width:auto\">\n<div style=\"min-width: 300px;max-width: 300px;word-wrap: break-word;float: left\">Mode d&rsquo;alimentation&nbsp;: enfichable <\/div>\n<div style=\"min-width: 300px;max-width: 300px;word-wrap: break-word;float: left\">Mat\u00e9riel:Plastique<\/div>\n<\/p><\/div>\n<div style=\"width:auto\">\n<div style=\"min-width: 300px;max-width: 300px;word-wrap: break-word;float: left\">Dur\u00e9e de conservation&nbsp;: 6&nbsp;mois <\/div>\n<div style=\"min-width: 300px;max-width: 300px;word-wrap: break-word;float: left\">Certificat de qualit\u00e9&nbsp;: ce<\/div>\n<\/p><\/div>\n<div style=\"width:auto\">\n<div style=\"min-width: 300px;max-width: 300px;word-wrap: break-word;float: left\">Classification des instruments&nbsp;: classe&nbsp;II <\/div>\n<div style=\"min-width: 300px;max-width: 300px;word-wrap: break-word;float: left\">Norme de s\u00e9curit\u00e9&nbsp;:&nbsp;Aucune<\/div>\n<\/p><\/div>\n<div style=\"width:auto\">\n<div style=\"min-width: 300px;max-width: 300px;word-wrap: break-word;float: left\">Type:Syst\u00e8me d&rsquo;analyse sanguine <\/div>\n<div style=\"min-width: 300px;max-width: 300px;word-wrap: break-word;float: left\">Certificat:CE ISO<\/div>\n<\/p><\/div>\n<div style=\"width:auto\">\n<div style=\"min-width: 300px;max-width: 300px;word-wrap: break-word;float: left\">\u00c9chantillon&nbsp;:Sang total <\/div>\n<div style=\"min-width: 300px;max-width: 300px;word-wrap: break-word;float: left\">Affichage : LCD<\/div>\n<\/p><\/div>\n","protected":false},"featured_media":6283,"comment_status":"closed","ping_status":"closed","template":"","meta":[],"product_cat":[149],"product_tag":[],"class_list":["post-13090","product","type-product","status-publish","has-post-thumbnail","hentry","product_cat-bandelette-de-test-de-glycemie-fr"],"_links":{"self":[{"href":"https:\/\/anbanjia.com.cn\/fr\/wp-json\/wp\/v2\/product\/13090","targetHints":{"allow":["GET"]}}],"collection":[{"href":"https:\/\/anbanjia.com.cn\/fr\/wp-json\/wp\/v2\/product"}],"about":[{"href":"https:\/\/anbanjia.com.cn\/fr\/wp-json\/wp\/v2\/types\/product"}],"replies":[{"embeddable":true,"href":"https:\/\/anbanjia.com.cn\/fr\/wp-json\/wp\/v2\/comments?post=13090"}],"wp:featuredmedia":[{"embeddable":true,"href":"https:\/\/anbanjia.com.cn\/fr\/wp-json\/wp\/v2\/media\/6283"}],"wp:attachment":[{"href":"https:\/\/anbanjia.com.cn\/fr\/wp-json\/wp\/v2\/media?parent=13090"}],"wp:term":[{"taxonomy":"product_cat","embeddable":true,"href":"https:\/\/anbanjia.com.cn\/fr\/wp-json\/wp\/v2\/product_cat?post=13090"},{"taxonomy":"product_tag","embeddable":true,"href":"https:\/\/anbanjia.com.cn\/fr\/wp-json\/wp\/v2\/product_tag?post=13090"}],"curies":[{"name":"wp","href":"https:\/\/api.w.org\/{rel}","templated":true}]}}