{"id":13078,"date":"2022-05-02T18:02:53","date_gmt":"2022-05-02T18:02:53","guid":{"rendered":"https:\/\/www.anbanjia.com.cn\/product\/appareils-de-diagnostic-a-domicile-de-soins-pour-bebes-a-ultrasons-de-nouvelle-generation-doppler-foetal-de-poche\/"},"modified":"2022-05-02T18:02:53","modified_gmt":"2022-05-02T18:02:53","slug":"puericulture-ultrasons-nouvelle-generation-appareils-de-diagnostic-a-domicile-poche-doppler-foetal","status":"publish","type":"product","link":"https:\/\/anbanjia.com.cn\/fr\/produit\/puericulture-ultrasons-nouvelle-generation-appareils-de-diagnostic-a-domicile-poche-doppler-foetal\/","title":{"rendered":"Appareils de diagnostic \u00e0 domicile de soins pour b\u00e9b\u00e9s \u00e0 ultrasons de nouvelle g\u00e9n\u00e9ration doppler f\u0153tal de poche"},"content":{"rendered":"<div style=\"max-width: 750px; margin: 0 auto;\">\n<div id=\"detail_decorate_root\" data-magic-global=\"%7B%22bizId%22%3A3215165050%2C%22pageId%22%3A20071649935%2C%22siteId%22%3A5005610021%7D\">\n<div class=\"J_module\">\n<div class=\"detail-decorate-json-renderer-container\">\n<div class=\"magic-1\">\n<h3 class=\"magic-2\"><\/h3>\n<h3 class=\"magic-3\"><span style=\"color: #1f57ff; font-family: Arial, Helvetica; font-size: xx-large;\">Appareils de diagnostic \u00e0 domicile de soins pour b\u00e9b\u00e9s \u00e0 ultrasons de nouvelle g\u00e9n\u00e9ration doppler f\u0153tal de poche <\/span><\/h3>\n<div class=\"magic-4\">\n<div class=\"magic-5\">\n<div class=\"magic-6\"><\/div>\n<\/div>\n<\/div>\n<\/div>\n<\/div>\n<\/div>\n<div class=\"J_module\">\n<div class=\"detail-decorate-json-renderer-container\">\n<div class=\"magic-1\">\n<h3 class=\"magic-2\"><\/h3>\n<h3 class=\"magic-7\"><span style=\"font-family: Arial, Helvetica; font-size: x-large;\">Nos doppler f\u0153taux se d\u00e9clinent en 4 mod\u00e8les : 703,703L,706, 706L <\/span><\/h3>\n<div><span style=\"font-family: Arial, Helvetica; font-size: x-large;\">Attention de l&rsquo;acheteur&nbsp;: nous n&rsquo;obtenons toujours pas le certificat, pendant le processus de demande<\/span><\/div>\n<div class=\"magic-4\">\n<div class=\"magic-5\">\n<div class=\"magic-6\"><\/div>\n<\/div>\n<\/div>\n<\/div>\n<\/div>\n<\/div>\n<div class=\"J_module\">\n<div class=\"icbu-pc-images magic-8\">\n<div class=\"flex-layout-h\">\n<div class=\"flex-layout-v magic-9\">\n<div class=\"magic-10\"><img decoding=\"async\" class=\"magic-11\" style=\"max-width: 750;\" src=\"https:\/\/anbanjia.com.cn\/wp-content\/uploads\/2022\/05\/HTB1c2zka3vD8KJjSsplq6yIEFXaX.jpg\" data-src=\"\"><\/div>\n<\/div>\n<div class=\"text-wrapper magic-12\">\n<div class=\"text-wrapper-right text-theme-light text-align-left\">\n<div class=\"text-title\">\n<h3 class=\"magic-13\"><span style=\"font-family: Arial, Helvetica;\">703 types d&rsquo;introductions d\u00e9taill\u00e9es&nbsp;:<\/p>\n<p>01. Sonde doppler haute sensibilit\u00e9, d\u00e9tection FHR pr\u00e9cise<br \/>\n02. Faible puissance ultrasonore, sans danger pour le f\u0153tus<br \/>\n03. \u00c9cran d&rsquo;affichage en option (valeur\/diagramme)<br \/>\n04.Arr\u00eat automatique en 1 minute<br \/>\n05.Affichage&nbsp;: 1,77&nbsp;pouces TFT<br \/>\nFr\u00e9quence 06.ltrasound: 2.125MHZ-2.875MHZ<br \/>\n07. Sensibilit\u00e9 compl\u00e8te&nbsp;:&gt; 90dB<br \/>\nGamme 08.FHR&nbsp;: 50\/min ~ 210\/min<br \/>\n09.R\u00e9solution d&rsquo;affichage : 1bpm<br \/>\n10.D\u00e9viation de d\u00e9tection FHR&nbsp;:-2\/min~+2\/min<br \/>\n11. La sonde et le doppler sont s\u00e9par\u00e9s, plus faciles \u00e0 utiliser<br \/>\n12. Sonde \u00e9tanche<\/span><\/h3>\n<\/div>\n<\/div>\n<\/div>\n<\/div>\n<\/div>\n<\/div>\n<div class=\"J_module\">\n<div class=\"icbu-pc-images magic-8\">\n<div>\n<div class=\"flex-layout-h\">\n<div class=\"text-wrapper magic-15\">\n<div class=\"text-wrapper-left text-theme-light text-align-left\">\n<div class=\"text-title\">\n<h3 class=\"magic-13\"><\/h3>\n<\/div>\n<div class=\"text-content\">\n<p class=\"magic-14\"><span class=\"magic-16\"><b><span style=\"font-family: Arial, Helvetica; font-size: medium;\">01. Sonde doppler haute sensibilit\u00e9, d\u00e9tection FHR pr\u00e9cise <\/span><\/b><\/span><\/p>\n<p class=\"magic-14\"><b><span style=\"font-family: Arial, Helvetica; font-size: medium;\">02. Faible puissance ultrasonore, sans danger pour le f\u0153tus<br \/>\n03. \u00c9cran d&rsquo;affichage en option (valeur\/diagramme)<br \/>\n04.Arr\u00eat automatique en 1 minute<br \/>\n05.Affichage&nbsp;: 1,77&nbsp;pouces TFT<br \/>\n06.Fr\u00e9quence ultrasonore&nbsp;: 2,125&nbsp;MHZ-2,875&nbsp;MHZ<br \/>\n07. Sensibilit\u00e9 compl\u00e8te&nbsp;:&gt; 90dB<br \/>\nGamme 08.FHR&nbsp;: 50\/min ~ 210\/min<br \/>\n09.R\u00e9solution d&rsquo;affichage : 1bpm<br \/>\n10.D\u00e9viation de d\u00e9tection FHR&nbsp;:-2\/min~+2\/min<br \/>\n11. La sonde et le doppler sont s\u00e9par\u00e9s, plus faciles \u00e0 utiliser<br \/>\n12. Sonde \u00e9tanche<\/span><\/b><span style=\"font-family: Times New Roman, Times; font-size: medium;\"><b><br \/>\n<\/b><\/span><\/p>\n<\/div>\n<\/div>\n<\/div>\n<div class=\"flex-layout-v magic-9\">\n<div class=\"magic-10\"><img decoding=\"async\" class=\"magic-17\" src=\"https:\/\/anbanjia.com.cn\/wp-content\/uploads\/2022\/05\/HTB1um51QFXXXXaQXpXXq6xXFXXXU.jpg\" data-src=\"\"><\/div>\n<\/div>\n<\/div>\n<\/div>\n<\/div>\n<\/div>\n<div class=\"J_module\">\n<div class=\"icbu-pc-images magic-8\">\n<div class=\"flex-layout-h\">\n<div class=\"flex-layout-v magic-9\">\n<div class=\"magic-10\"><\/div>\n<\/div>\n<div class=\"text-wrapper magic-12\">\n<div class=\"text-wrapper-right text-theme-light text-align-left\">\n<div class=\"text-title\">\n<h3 class=\"magic-13\">01. Sonde doppler haute sensibilit\u00e9, d\u00e9tection FHR pr\u00e9cise<br \/>\n02. Faible puissance ultrasonore, sans danger pour le f\u0153tus<br \/>\n03. \u00c9cran d&rsquo;affichage en option (valeur\/diagramme)<br \/>\n04.Arr\u00eat automatique en 1 minute<br \/>\n05.Affichage : \u00e9cran LCD 1,3 pouces<br \/>\n06.Fr\u00e9quence ultrasonore&nbsp;: 2,125&nbsp;MHZ-2,875&nbsp;MHZ<br \/>\n07. Sensibilit\u00e9 compl\u00e8te&nbsp;:&gt; 90dB<br \/>\nGamme 08.FHR&nbsp;: 50\/min ~ 210\/min<br \/>\n09.R\u00e9solution d&rsquo;affichage : 1bpm<br \/>\n10.D\u00e9viation de d\u00e9tection FHR&nbsp;:-2\/min~+2\/min<br \/>\n11. La sonde et le doppler sont s\u00e9par\u00e9s, plus faciles \u00e0 utiliser<br \/>\n12. Sonde \u00e9tanche<\/h3>\n<\/div>\n<div class=\"text-content\">\n<p class=\"magic-14\"><img decoding=\"async\" src=\"https:\/\/s.alicdn.com\/@sc02\/kf\/HTB1g.Tga8DH8KJjSszcq6zDTFXa9\/230438700\/HTB1g.Tga8DH8KJjSszcq6zDTFXa9.jpg?quality=close\"><\/p>\n<\/div>\n<\/div>\n<\/div>\n<\/div>\n<\/div>\n<\/div>\n<div class=\"J_module\">\n<div class=\"icbu-pc-images magic-8\">\n<div class=\"flex-layout-h\">\n<div class=\"text-wrapper magic-15\">\n<div class=\"text-wrapper-left text-theme-light text-align-left\">\n<div class=\"text-title\">\n<h3 class=\"magic-13\">01. Sonde doppler haute sensibilit\u00e9, d\u00e9tection FHR pr\u00e9cise<br \/>\n02. Faible puissance ultrasonore, sans danger pour le f\u0153tus<br \/>\n03. \u00c9cran d&rsquo;affichage en option (valeur\/diagramme)<br \/>\n04.Arr\u00eat automatique en 1 minute<br \/>\n05.Affichage : \u00e9cran LCD 1,3 pouces<br \/>\n06.Fr\u00e9quence ultrasonore&nbsp;: 2,125&nbsp;MHZ-2,875&nbsp;MHZ<br \/>\n07. Sensibilit\u00e9 compl\u00e8te&nbsp;:&gt; 90dB<br \/>\nGamme 08.FHR&nbsp;: 50\/min ~ 210\/min<br \/>\n09.R\u00e9solution d&rsquo;affichage : 1bpm<br \/>\n10.D\u00e9viation de d\u00e9tection FHR&nbsp;:-2\/min~+2\/min<br \/>\n11. La sonde et le doppler sont s\u00e9par\u00e9s, plus faciles \u00e0 utiliser<br \/>\n12. Sonde \u00e9tanche<\/h3>\n<\/div>\n<div class=\"text-content\">\n<p class=\"magic-14\">\n<\/div>\n<\/div>\n<\/div>\n<div class=\"flex-layout-v magic-9\">\n<div class=\"magic-10\"><\/div>\n<\/div>\n<\/div>\n<\/div>\n<\/div>\n<div class=\"J_module\">\n<div class=\"detail-decorate-json-renderer-container\">\n<div class=\"magic-1\">\n<div class=\"magic-4\">\n<div class=\"magic-5\">\n<div class=\"magic-6\">\n<p class=\"magic-14\">\n<p class=\"magic-14\"><b><span style=\"font-family: Arial, Helvetica; font-size: medium;\">1.La dose d&rsquo;ultrasons est inf\u00e9rieure \u00e0 50&nbsp;% de la norme nationale de puissance ultrasonique&nbsp;;<br \/>\npoids 2.Light, combin\u00e9, portatif ;<br \/>\n3. Grand \u00e9cran LCD avec r\u00e9tro\u00e9clairage bleu&nbsp;;<br \/>\n4. Haut-parleur int\u00e9gr\u00e9, plus clair et plus fort&nbsp;;<br \/>\n5. Prise en charge de la sonde \u00e9tanche 2 Mhz, 2,5 Mhz, 3 Mhz, pr\u00e9cise<br \/>\nD\u00e9tection 6.FHR avec un son clair;<br \/>\n7. Surveillez 12 semaines au-dessus de la pulsation de la paroi sanguine du b\u00e9b\u00e9 \u00e0 na\u00eetre&nbsp;;<\/span><\/b><span style=\"font-family: Times New Roman, Times; font-size: large;\"><b><br \/>\n<\/b><\/span><\/p>\n<p class=\"magic-14\"><span style=\"font-family: Arial, Helvetica; font-size: large;\"><b> <\/b><\/span><\/p>\n<p class=\"magic-14\"><span style=\"font-family: Arial, Helvetica; font-size: large;\"><b>Caract\u00e9ristiques du doppler f\u0153tal \u00e0 ultrasons&nbsp;:<\/b><\/span><\/p>\n<p class=\"magic-14\"><span style=\"font-family: Arial, Helvetica; font-size: medium;\"><b>S\u00fbr&nbsp;: le dosage des ultrasons est inf\u00e9rieur \u00e0 50&nbsp;% de la norme nationale<br \/>\nCommodit\u00e9&nbsp;: petite taille, pratique pour la surveillance de plusieurs lits et le diagnostic ext\u00e9rieur<br \/>\nSensibilit\u00e9 : Surveiller 12 semaines au-dessus du rythme cardiaque f\u0153tal \u00e0 na\u00eetre.<br \/>\n\u00c9conomique : adoptez avec une batterie de recharge professionnelle, pour une \u00e9conomie efficace et peut \u00e9galement utiliser des piles diaposables de 9,6 V.<br \/>\nPratique : service de terminal r\u00e9seau unique, peut connecter le r\u00e9seau central \u00e0 l&rsquo;h\u00f4pital via une connexion commut\u00e9e \u00e0 domicile, plus rapide, fiable et pr\u00e9cis pour la surveillance f\u0153tale.<\/b><\/span><\/p>\n<p><img decoding=\"async\" src=\"https:\/\/s.alicdn.com\/@sc01\/kf\/HTB1Ika2dyQnBKNjSZFmq6AApVXa4\/230438700\/HTB1Ika2dyQnBKNjSZFmq6AApVXa4.jpg?quality=close\"><img decoding=\"async\" src=\"https:\/\/s.alicdn.com\/@sc02\/kf\/HTB16OxVdqAoBKNjSZSyq6yHAVXaX\/230438700\/HTB16OxVdqAoBKNjSZSyq6yHAVXaX.jpg?quality=close\"><img decoding=\"async\" src=\"https:\/\/s.alicdn.com\/@sc01\/kf\/HTB1um51QFXXXXaQXpXXq6xXFXXXU\/230438700\/HTB1um51QFXXXXaQXpXXq6xXFXXXU.jpg?quality=close\"><img decoding=\"async\" src=\"https:\/\/s.alicdn.com\/@sc02\/kf\/HTB1g.Tga8DH8KJjSszcq6zDTFXa9\/230438700\/HTB1g.Tga8DH8KJjSszcq6zDTFXa9.jpg?quality=close\"><img decoding=\"async\" src=\"https:\/\/s.alicdn.com\/@sc01\/kf\/HTB1wk5FQFXXXXXVXVXXq6xXFXXX0\/230438700\/HTB1wk5FQFXXXXXVXVXXq6xXFXXX0.jpg?quality=close\"><img decoding=\"async\" src=\"https:\/\/s.alicdn.com\/@sc01\/kf\/HTB1viKvQFXXXXa2aXXXq6xXFXXXV\/230438700\/HTB1viKvQFXXXXa2aXXXq6xXFXXXV.jpg?quality=close\"><\/p>\n<h3 class=\"magic-26\"><span style=\"color: #5f5fff; font-size: xx-large;\">votre sant\u00e9 nous tient \u00e0 c\u0153ur <\/span><\/h3>\n<div><span style=\"color: #0000df; font-size: xx-large;\"> <\/span><\/div>\n<div class=\"magic-4\">\n<div class=\"magic-5\">\n<div class=\"magic-6\">\n<p class=\"magic-14\" data-spm-anchor-id=\"a2700.details.0.i32.5db348b3VQG5RF\"><b><span style=\"color: #000f3f; font-size: large;\">fermez-vous et donnez-vous le meilleur service, pour mieux utiliser la machine et faire la formation en mati\u00e8re de sant\u00e9. nous allons aider les clients \u00e0 utiliser la machine m\u00e9dicale et enseigner les soins m\u00e9dicaux professionnels <\/span><\/b><img decoding=\"async\" src=\"https:\/\/s.alicdn.com\/@sc02\/kf\/HTB1_gauQpXXXXXQXXXXq6xXFXXXA\/230438700\/HTB1_gauQpXXXXXQXXXXq6xXFXXXA.jpg?quality=close\"><img decoding=\"async\" src=\"https:\/\/s.alicdn.com\/@sc01\/kf\/HTB1wKd.QpXXXXbiXFXXq6xXFXXXq\/230438700\/HTB1wKd.QpXXXXbiXFXXq6xXFXXXq.jpg?quality=close\"><img decoding=\"async\" src=\"https:\/\/s.alicdn.com\/@sc01\/kf\/HTB1Je9WQpXXXXafXpXXq6xXFXXX1\/230438700\/HTB1Je9WQpXXXXafXpXXq6xXFXXX1.jpg?quality=close\"><img decoding=\"async\" src=\"https:\/\/s.alicdn.com\/@sc01\/kf\/HTB1h3vHQXXXXXXWapXXq6xXFXXXC\/230438700\/HTB1h3vHQXXXXXXWapXXq6xXFXXXC.jpg?quality=close\"><img decoding=\"async\" src=\"https:\/\/s.alicdn.com\/@sc01\/kf\/HTB16jBTQpXXXXXLaXXXq6xXFXXXP\/230438700\/HTB16jBTQpXXXXXLaXXXq6xXFXXXP.jpg?quality=close\"><\/p>\n<div class=\"magic-34\"><span style=\"color: #003fff; font-size: x-large;\"><span class=\"magic-35\"><b>Notre entrep\u00f4t-v\u00e9rifier avant exp\u00e9dition<\/b><\/span><\/span><\/div>\n<div class=\"magic-36\"><span class=\"magic-35\"><span style=\"font-size: large;\"><b>     <\/b><\/span><\/span><\/div>\n<div class=\"magic-36\" data-spm-anchor-id=\"a2700.details.0.i38.5db348b3VQG5RF\"><span class=\"magic-35\"><span style=\"font-size: large;\"><b> bien fait l&#8217;emballage, le contr\u00f4le et l&rsquo;inspection avant d&rsquo;exp\u00e9dier les marchandises chez vous <\/b><\/span><\/span><\/div>\n<div data-spm-anchor-id=\"a2700.details.0.i38.5db348b3VQG5RF\"><img decoding=\"async\" src=\"https:\/\/s.alicdn.com\/@sc02\/kf\/HTB11KSMQFXXXXaCXFXXq6xXFXXXa\/230438700\/HTB11KSMQFXXXXaCXFXXq6xXFXXXa.jpg?quality=close\"><img decoding=\"async\" src=\"https:\/\/s.alicdn.com\/@sc02\/kf\/HTB11KSMQFXXXXaCXFXXq6xXFXXXa\/230438700\/HTB11KSMQFXXXXaCXFXXq6xXFXXXa.jpg?quality=close\"><\/div>\n<div data-spm-anchor-id=\"a2700.details.0.i38.5db348b3VQG5RF\">\n<div class=\"text-title\">\n<h3 class=\"magic-39\"><span style=\"color: #003fff;\"><span style=\"font-size: x-large;\" data-spm-anchor-id=\"a2700.details.0.i41.5db348b3VQG5RF\"> <\/span><span style=\"font-size: x-large;\">C&rsquo;est notre formation <\/span><\/span><\/h3>\n<div><\/div>\n<\/div>\n<div class=\"text-content\">\n<p class=\"magic-14\"><b><span style=\"font-size: large;\">Allez dans les pharmacies, les h\u00f4pitaux, les cliniques, les magasins m\u00e9dicaux, les plates-formes o\u00f9 nous collaborons pour faire de la formation, enseignons aux clients comment bien utiliser et exploiter, afin de donner des suggestions professionnelles<\/span> <span style=\"font-size: medium;\">.<\/span><\/b><\/p>\n<p><img decoding=\"async\" src=\"https:\/\/s.alicdn.com\/@sc01\/kf\/HTB16wWrQpXXXXchXXXXq6xXFXXXw\/230438700\/HTB16wWrQpXXXXchXXXXq6xXFXXXw.jpg?quality=close\"><\/p>\n<p class=\"magic-14\"><span style=\"color: #003fff; font-size: large;\"><b data-spm-anchor-id=\"a2700.details.0.i43.5db348b3VQG5RF\">Votre probl\u00e8me nous slove &#8211;FAQ<\/b><\/span><\/p>\n<p class=\"magic-14\"><b><span style=\"font-size: large;\">Q1. Quel est votre forfait<br \/>\nA : Forte bo\u00eete brune<br \/>\nQ2. Quelles sont vos conditions de paiement ?<br \/>\nA&nbsp;:&nbsp;T\/T 30&nbsp;% comme d\u00e9p\u00f4t, et 70&nbsp;% avant la livraison si le compte d\u00e9passe 10&nbsp;000,00&nbsp;USD<br \/>\n<\/span><\/b><\/p>\n<p class=\"magic-14\"><b><span style=\"font-size: large;\">Q3. Quelles sont vos conditions de livraison ?<br \/>\nA: EXW, GOUSSET, CAF<br \/>\nQ4. Qu&rsquo;en est-il de votre d\u00e9lai de livraison?<br \/>\nA: g\u00e9n\u00e9ralement, cela prendra 3 \u00e0 5 jours ouvrables apr\u00e8s r\u00e9ception de votre paiement anticip\u00e9. Le d\u00e9lai de livraison sp\u00e9cifique d\u00e9pend<br \/>\nsur les articles et la quantit\u00e9 de votre commande.<br \/>\nQ6. Testez-vous toutes vos marchandises avant la livraison&nbsp;?<br \/>\nA : Oui, nous avons 100 % de test avant la livraison<br \/>\nQ7&nbsp;:&nbsp;Comment faites-vous de notre entreprise une relation \u00e0 long terme et de bonne qualit\u00e9&nbsp;?<br \/>\nR&nbsp;:1. Nous gardons une bonne qualit\u00e9 et le prix le plus comp\u00e9titif pour assurer le b\u00e9n\u00e9fice de nos clients&nbsp;;<br \/>\nR&nbsp;:2. Nous respectons chaque client comme notre ami et nous faisons sinc\u00e8rement des affaires et nous nous lions d&rsquo;amiti\u00e9 avec eux,<br \/>\npeu importe d&rsquo;o\u00f9 ils viennent.<\/span><\/b><\/p>\n<p class=\"magic-14\">\n<span style=\"color: #1f57ff; font-size: large;\"><b>Choisissez-nous :<\/b><\/span><\/p>\n<p class=\"magic-14\"><span class=\"magic-16\"><b><span style=\"font-size: large;\">Nous prenons au s\u00e9rieux votre commande et appr\u00e9cions chaque demande qui nous est envoy\u00e9e, garantissant un prix comp\u00e9titif rapide.<\/span><\/b><\/span><\/p>\n<p class=\"magic-14\"><b><span style=\"font-size: large;\">D\u00e9lai de livraison ponctuel :<\/span><\/b><\/p>\n<p class=\"magic-14\"><b><span style=\"font-size: large;\">&#8211;nous passons votre commande et traitons imm\u00e9diatement, assurons votre d\u00e9lai de livraison ponctuel <\/span><\/b><\/p>\n<p class=\"magic-14\"><b><span style=\"font-size: large;\">V\u00e9rifier avant exp\u00e9dition :<\/span><\/b><\/p>\n<p class=\"magic-14\"><b><span style=\"font-size: large;\">&#8211;Nos coll\u00e8gues d&rsquo;inspection v\u00e9rifient la qualit\u00e9 avant l&rsquo;exp\u00e9dition, nous faisons un avis d&rsquo;exp\u00e9dition d\u00e8s que votre commande est exp\u00e9di\u00e9e<\/span><\/b><\/p>\n<p class=\"magic-14\"><b><span style=\"font-size: large;\">Service apr\u00e8s-vente :<\/span><\/b><\/p>\n<p class=\"magic-14\"><b><span style=\"font-size: large;\">Nous nous f\u00e9licitons de votre demande sur les marchandises et respectons vos commentaires apr\u00e8s r\u00e9ception des marchandises.<\/span><\/b><img decoding=\"async\" src=\"https:\/\/s.alicdn.com\/@sc04\/kf\/Ha43def8a2df44eac925e2c3ab5a1b97b2\/230438700\/Ha43def8a2df44eac925e2c3ab5a1b97b2.jpg?quality=close\"><\/p>\n<p><img decoding=\"async\" src=\"https:\/\/s.alicdn.com\/@sc01\/kf\/HTB1SbjDoQ9WBuNjSspeq6yz5VXaM\/230438700\/HTB1SbjDoQ9WBuNjSspeq6yz5VXaM.jpg?quality=close\"><\/p>\n<\/div>\n<\/div>\n<\/div>\n<\/div>\n<\/div>\n<\/div>\n<\/div>\n<\/div>\n<\/div>\n<\/div>\n<\/div>\n<\/div>\n<\/div>\n","protected":false},"excerpt":{"rendered":"<p>&nbsp;<\/p>\n<div style=\"width: auto;\">\n<div style=\"min-width: 300px; max-width: 300px; word-wrap: break-word; float: left;\">Lieu d&rsquo;origine&nbsp;: Guangdong, Chine<\/div>\n<div style=\"min-width: 300px; max-width: 300px; word-wrap: break-word; float: left;\">Nom de marque:OEM, Anbanjia m\u00e9dical<\/div>\n<\/div>\n<div style=\"width: auto;\">\n<div style=\"min-width: 300px; max-width: 300px; word-wrap: break-word; float: left;\">Num\u00e9ro de mod\u00e8le : ABJ-703<\/div>\n<div style=\"min-width: 300px; max-width: 300px; word-wrap: break-word; float: left;\">Source d&rsquo;alimentation&nbsp;: \u00e9lectrique<\/div>\n<\/div>\n<div style=\"width: auto;\">\n<div style=\"min-width: 300px; max-width: 300px; word-wrap: break-word; float: left;\">Garantie : AUCUNE<\/div>\n<div style=\"min-width: 300px; max-width: 300px; word-wrap: break-word; float: left;\">Service apr\u00e8s-vente : AUCUN<\/div>\n<\/div>\n<div style=\"width: auto;\">\n<div style=\"min-width: 300px; max-width: 300px; word-wrap: break-word; float: left;\">Mat\u00e9riel:Plastique<\/div>\n<div style=\"min-width: 300px; max-width: 300px; word-wrap: break-word; float: left;\">Dur\u00e9e de conservation&nbsp;: 6&nbsp;mois<\/div>\n<\/div>\n<div style=\"width: auto;\">\n<div style=\"min-width: 300px; max-width: 300px; word-wrap: break-word; float: left;\">Certificat de qualit\u00e9&nbsp;: ce<\/div>\n<div style=\"min-width: 300px; max-width: 300px; word-wrap: break-word; float: left;\">Classification des instruments&nbsp;: classe&nbsp;I<\/div>\n<\/div>\n<div style=\"width: auto;\">\n<div style=\"min-width: 300px; max-width: 300px; word-wrap: break-word; float: left;\">Norme de s\u00e9curit\u00e9&nbsp;:&nbsp;Aucune<\/div>\n<div style=\"min-width: 300px; max-width: 300px; word-wrap: break-word; float: left;\">Type&nbsp;: \u00e9quipement d&rsquo;\u00e9chographie Doppler<\/div>\n<\/div>\n<div style=\"width: auto;\">\n<div style=\"min-width: 300px; max-width: 300px; word-wrap: break-word; float: left;\">Certificat&nbsp;: CE, ISO<\/div>\n<div style=\"min-width: 300px; max-width: 300px; word-wrap: break-word; float: left;\">Affichage : LCD 45 mm x 25 mm.<\/div>\n<\/div>\n<div style=\"width: auto;\">\n<div style=\"min-width: 300px; max-width: 300px; word-wrap: break-word; float: left;\">Plage de mesure FHR&nbsp;: 50-210\/min<\/div>\n<div style=\"min-width: 300px; max-width: 300px; word-wrap: break-word; float: left;\">Fr\u00e9quence des ultrasons&nbsp;: 2,5&nbsp;MHz<\/div>\n<\/div>\n","protected":false},"featured_media":6811,"comment_status":"closed","ping_status":"closed","template":"","meta":[],"product_cat":[145],"product_tag":[],"class_list":["post-13078","product","type-product","status-publish","has-post-thumbnail","hentry","product_cat-doppler-foetal"],"_links":{"self":[{"href":"https:\/\/anbanjia.com.cn\/fr\/wp-json\/wp\/v2\/product\/13078","targetHints":{"allow":["GET"]}}],"collection":[{"href":"https:\/\/anbanjia.com.cn\/fr\/wp-json\/wp\/v2\/product"}],"about":[{"href":"https:\/\/anbanjia.com.cn\/fr\/wp-json\/wp\/v2\/types\/product"}],"replies":[{"embeddable":true,"href":"https:\/\/anbanjia.com.cn\/fr\/wp-json\/wp\/v2\/comments?post=13078"}],"wp:featuredmedia":[{"embeddable":true,"href":"https:\/\/anbanjia.com.cn\/fr\/wp-json\/wp\/v2\/media\/6811"}],"wp:attachment":[{"href":"https:\/\/anbanjia.com.cn\/fr\/wp-json\/wp\/v2\/media?parent=13078"}],"wp:term":[{"taxonomy":"product_cat","embeddable":true,"href":"https:\/\/anbanjia.com.cn\/fr\/wp-json\/wp\/v2\/product_cat?post=13078"},{"taxonomy":"product_tag","embeddable":true,"href":"https:\/\/anbanjia.com.cn\/fr\/wp-json\/wp\/v2\/product_tag?post=13078"}],"curies":[{"name":"wp","href":"https:\/\/api.w.org\/{rel}","templated":true}]}}