{"id":13072,"date":"2022-05-02T18:02:46","date_gmt":"2022-05-02T18:02:46","guid":{"rendered":"https:\/\/www.anbanjia.com.cn\/product\/test-gluc-ua-de-detection-precise-du-lecteur-de-glucose-et-dacide-urique-a-fonctions-multiples-2-en-1\/"},"modified":"2022-05-02T18:02:46","modified_gmt":"2022-05-02T18:02:46","slug":"2-in1-fonctions-multiples-glucose-and-uric-acid-meter-detection-precise-gluc-ua-test","status":"publish","type":"product","link":"https:\/\/anbanjia.com.cn\/fr\/produit\/2-in1-fonctions-multiples-glucose-and-uric-acid-meter-detection-precise-gluc-ua-test\/","title":{"rendered":"Test GLUC UA de d\u00e9tection pr\u00e9cise du lecteur de glucose et d&rsquo;acide urique \u00e0 fonctions multiples 2 en 1"},"content":{"rendered":"<div style=\"max-width: 750px;margin: 0 auto;\">\n<div data-magic-global=\"%7B%22bizId%22%3A3215165050%2C%22pageId%22%3A21002128381%2C%22siteId%22%3A5005610021%7D\" id=\"detail_decorate_root\">\n<div class=\"J_module\" module-id=\"27058085912\" module-title=\"detailTextContent\" render=\"true\">\n<div class=\"detail-decorate-json-renderer-container\">\n<div class=\"magic-0\">\n<div class=\"magic-1\">\n<div class=\"magic-2\">\n<div class=\"magic-3\">\n<div class=\"magic-4\"><b class=\"magic-5\"><font class=\"magic-6\">Test GLUC UA de d\u00e9tection pr\u00e9cise du compteur de glucose et d&rsquo;acide urique \u00e0 fonctions multiples 2 en 1<\/font><\/b><\/div>\n<\/div>\n<\/div>\n<\/div>\n<\/div>\n<\/div>\n<\/div>\n<div class=\"J_module\" module-id=\"27055620434\" module-title=\"detailTableHorizontal\" render=\"true\">\n<div class=\"ife-detail-decorate-table\">\n<table class=\"has-title all magic-8\">\n<tbody>\n<tr>\n<td colspan=\"1\" rowspan=\"1\">\n<div class=\"magic-9\">Plage d&rsquo;essai<\/div>\n<\/td>\n<td colspan=\"1\" rowspan=\"1\">\n<div class=\"magic-10\">1,1-33,3&nbsp;mmol\/L (glyc\u00e9mie)<\/div>\n<\/td>\n<\/tr>\n<tr>\n<td colspan=\"1\" rowspan=\"1\">\n<div class=\"magic-9\">volume sanguin<\/div>\n<\/td>\n<td colspan=\"1\" rowspan=\"1\">\n<div class=\"magic-10\">1.0\/1.5\u03bcl<\/div>\n<\/td>\n<\/tr>\n<tr>\n<td colspan=\"1\" rowspan=\"1\">\n<div class=\"magic-9\">M\u00e9moire<\/div>\n<\/td>\n<td colspan=\"1\" rowspan=\"1\">\n<div class=\"magic-10\">2*200 \u00e9chantillons<\/div>\n<\/td>\n<\/tr>\n<tr>\n<td colspan=\"1\" rowspan=\"1\">\n<div class=\"magic-9\">batterie<\/div>\n<\/td>\n<td colspan=\"1\" rowspan=\"1\">\n<div class=\"magic-10\">CR2032 (CC 3V)<\/div>\n<\/td>\n<\/tr>\n<tr>\n<td colspan=\"1\" rowspan=\"1\">\n<div class=\"magic-9\">Convient \u00e0<\/div>\n<\/td>\n<td colspan=\"1\" rowspan=\"1\">\n<div class=\"magic-10\">URIT U10\/URIT G25<\/div>\n<\/td>\n<\/tr>\n<tr>\n<td colspan=\"1\" rowspan=\"1\">\n<div class=\"magic-9\">Moyennes<\/div>\n<\/td>\n<td colspan=\"1\" rowspan=\"1\">\n<div class=\"magic-10\">afficher la moyenne sur 7\/24\/40&nbsp;jours<\/div>\n<\/td>\n<\/tr>\n<tr>\n<td colspan=\"1\" rowspan=\"1\">\n<div class=\"magic-9\">instructions<\/div>\n<\/td>\n<td colspan=\"1\" rowspan=\"1\">\n<div class=\"magic-10\">temp\u00e9rature, puissance de la batterie, jugement de d\u00e9faut<\/div>\n<\/td>\n<\/tr>\n<\/tbody>\n<\/table>\n<\/div>\n<\/div>\n<div class=\"J_module\" module-id=\"27055620432\" module-title=\"detailManyImage\" render=\"true\">\n<div class=\"icbu-pc-detailManyImage magic-11\">\n<div class=\"magic-12\"><img decoding=\"async\" class=\"magic-13\" data-src=\"\" src=\"https:\/\/anbanjia.com.cn\/wp-content\/uploads\/2022\/05\/H6201c91921cc4572a7a4009c9e1783adt.jpg\" style=\"max-width: 750;\"><\/div>\n<div class=\"magic-12\"><img decoding=\"async\" class=\"magic-13\" data-src=\"\" src=\"https:\/\/anbanjia.com.cn\/wp-content\/uploads\/2022\/05\/H5fdb314fad2d4acca2e605c709905d21w.jpg\"><\/div>\n<div class=\"magic-12\"><img decoding=\"async\" class=\"magic-13\" data-src=\"\" src=\"https:\/\/anbanjia.com.cn\/wp-content\/uploads\/2022\/05\/Hfb0d2dbe482f43bdad6b4080045f5b3ci.jpg\"><\/div>\n<div class=\"magic-12\"><img decoding=\"async\" class=\"magic-13\" data-src=\"\" src=\"https:\/\/anbanjia.com.cn\/wp-content\/uploads\/2022\/05\/Hce66505c010646e8b7baf14c94825723Z.jpg\"><\/div>\n<div class=\"magic-12\"><img decoding=\"async\" class=\"magic-13\" data-src=\"\" src=\"https:\/\/anbanjia.com.cn\/wp-content\/uploads\/2022\/05\/Hb1ec62ed8eb94a7f8bae768360ec684dM.jpg\"><\/div>\n<div class=\"magic-12\"><img decoding=\"async\" class=\"magic-13\" data-src=\"\" src=\"https:\/\/anbanjia.com.cn\/wp-content\/uploads\/2022\/05\/H35925f9eea484a20afd3d31ea3c21f187.jpg\"><\/div>\n<div class=\"magic-12\"><img decoding=\"async\" class=\"magic-13\" data-src=\"\" src=\"https:\/\/anbanjia.com.cn\/wp-content\/uploads\/2022\/05\/Hc9ae6c54f7d1468b84fcbd239010ce41Q.jpg\"><\/div>\n<div class=\"magic-12\"><img decoding=\"async\" class=\"magic-13\" data-src=\"\" src=\"https:\/\/anbanjia.com.cn\/wp-content\/uploads\/2022\/05\/H35ec62fb5f034769b5adcf7efd9b70c8K.jpg\"><\/div>\n<\/div>\n<\/div><\/div>\n<\/div>\n","protected":false},"excerpt":{"rendered":"<div style=\"width:auto\">\n<div style=\"min-width: 300px;max-width: 300px;word-wrap: break-word;float: left\">Lieu d&rsquo;origine : Chine <\/div>\n<div style=\"min-width: 300px;max-width: 300px;word-wrap: break-word;float: left\">Classification des instruments&nbsp;: classe&nbsp;II<\/div>\n<\/p><\/div>\n<div style=\"width:auto\">\n<div style=\"min-width: 300px;max-width: 300px;word-wrap: break-word;float: left\">Garantie 1 ann\u00e9e <\/div>\n<div style=\"min-width: 300px;max-width: 300px;word-wrap: break-word;float: left\">Service apr\u00e8s-vente : AUCUN<\/div>\n<\/p><\/div>\n<div style=\"width:auto\">\n<div style=\"min-width: 300px;max-width: 300px;word-wrap: break-word;float: left\">plage de test&nbsp;: 1,1 \u00e0 33,3&nbsp;mmol\/L (glyc\u00e9mie) <\/div>\n<div style=\"min-width: 300px;max-width: 300px;word-wrap: break-word;float: left\">volume sanguin&nbsp;: 1,0\/1,5&nbsp;\u03bcl<\/div>\n<\/p><\/div>\n<div style=\"width:auto\">\n<div style=\"min-width: 300px;max-width: 300px;word-wrap: break-word;float: left\">m\u00e9moire : 2*200 \u00e9chantillons <\/div>\n<div style=\"min-width: 300px;max-width: 300px;word-wrap: break-word;float: left\">batterie&nbsp;: CR2032 (CC 3&nbsp;V)<\/div>\n<\/p><\/div>\n<div style=\"width:auto\">\n<div style=\"min-width: 300px;max-width: 300px;word-wrap: break-word;float: left\">Convient pour&nbsp;: URIT U10\/URIT G25 <\/div>\n<div style=\"min-width: 300px;max-width: 300px;word-wrap: break-word;float: left\">Moyennes&nbsp;: affichage de la moyenne sur 7\/24\/40&nbsp;jours<\/div>\n<\/p><\/div>\n<div>Logo personnalis\u00e9 (Min. Commande : 1000 ensembles)<\/div>\n<div>Emballage personnalis\u00e9 (Min. Commande : 1000 ensembles)<\/div>\n","protected":false},"featured_media":6267,"comment_status":"closed","ping_status":"closed","template":"","meta":[],"product_cat":[149],"product_tag":[],"class_list":["post-13072","product","type-product","status-publish","has-post-thumbnail","hentry","product_cat-bandelette-de-test-de-glycemie-fr"],"_links":{"self":[{"href":"https:\/\/anbanjia.com.cn\/fr\/wp-json\/wp\/v2\/product\/13072","targetHints":{"allow":["GET"]}}],"collection":[{"href":"https:\/\/anbanjia.com.cn\/fr\/wp-json\/wp\/v2\/product"}],"about":[{"href":"https:\/\/anbanjia.com.cn\/fr\/wp-json\/wp\/v2\/types\/product"}],"replies":[{"embeddable":true,"href":"https:\/\/anbanjia.com.cn\/fr\/wp-json\/wp\/v2\/comments?post=13072"}],"wp:featuredmedia":[{"embeddable":true,"href":"https:\/\/anbanjia.com.cn\/fr\/wp-json\/wp\/v2\/media\/6267"}],"wp:attachment":[{"href":"https:\/\/anbanjia.com.cn\/fr\/wp-json\/wp\/v2\/media?parent=13072"}],"wp:term":[{"taxonomy":"product_cat","embeddable":true,"href":"https:\/\/anbanjia.com.cn\/fr\/wp-json\/wp\/v2\/product_cat?post=13072"},{"taxonomy":"product_tag","embeddable":true,"href":"https:\/\/anbanjia.com.cn\/fr\/wp-json\/wp\/v2\/product_tag?post=13072"}],"curies":[{"name":"wp","href":"https:\/\/api.w.org\/{rel}","templated":true}]}}