{"id":13070,"date":"2022-05-02T18:02:48","date_gmt":"2022-05-02T18:02:48","guid":{"rendered":"https:\/\/www.anbanjia.com.cn\/product\/moniteur-de-glycemie-laser-non-invasif-pour-le-sang-des-personnes-agees-numerique-dispositif-de-surveillance-de-la-bandelette-de-test-de-glycemie-electronique\/"},"modified":"2022-05-02T18:02:48","modified_gmt":"2022-05-02T18:02:48","slug":"numerique-aine-diabete-sang-non-invasif-laser-glucometre-bandelette-de-test-electronique-test-de-glycemie-dispositif-de-moniteur-de-glycemie","status":"publish","type":"product","link":"https:\/\/anbanjia.com.cn\/fr\/produit\/numerique-aine-diabete-sang-non-invasif-laser-glucometre-bandelette-de-test-electronique-test-de-glycemie-dispositif-de-moniteur-de-glycemie\/","title":{"rendered":"moniteur de glyc\u00e9mie laser non invasif pour le sang des personnes \u00e2g\u00e9es num\u00e9rique dispositif de surveillance de la bandelette de test de glyc\u00e9mie \u00e9lectronique"},"content":{"rendered":"<div style=\"max-width: 750px;margin: 0 auto;\">\n<div class=\"mceSectionContainer\" data-section=\"AliPostDhMb-ljvh5\" data-section-title=\"Product Details\" id=\"ali-anchor-AliPostDhMb-ljvh5\" style=\"padding-top: 8px;\">\n<div id=\"ali-title-AliPostDhMb-ljvh5\" style=\"padding: 8px 0; border-bottom: 1px solid #ddd;\"><span style=\"background-color: #ddd; color: #333; font-weight: bold; padding: 8px 10px; line-height: 12px;\">d\u00e9tails du produit<\/span><\/div>\n<div style=\"padding: 10px 0;\">\n<p><span style=\"font-size: 24px;\"><strong>Veuillez contacter le vendeur pour obtenir plus de d\u00e9tails \u00e0 ce sujet.<\/strong><\/span><\/p>\n<\/p>\n<p style=\"text-align: center;\"><span style=\"color: #0000ff;\"><strong><span style=\"font-size: 24px;\">Moniteur de glyc\u00e9mie<\/span><\/strong><\/span><\/p>\n<\/p>\n<p style=\"box-sizing: content-box; margin: 0px; padding: 0px; border: 0px; font-style: normal; font-weight: 400; font-size: 14.1176px; line-height: inherit; font-family: Arial,Helvetica; vertical-align: baseline; color: #333333; background-color: #ffffff;\">\n<p><img decoding=\"async\" data-alt=\"digital elder diabetes blood non invasive laser glucose monitor electronic blood glucose test strip monitor device\" data-height=\"537\" data-src=\"\" data-width=\"806\" ori-height=\"1080\" ori-width=\"1620\" src=\"https:\/\/anbanjia.com.cn\/wp-content\/uploads\/2022\/05\/HTB1c00iUIfpK1RjSZFOq6y6nFXaW.jpg\" style=\"max-width: 750;\"><img decoding=\"async\" data-alt=\"digital elder diabetes blood non invasive laser glucose monitor electronic blood glucose test strip monitor device\" data-src=\"\" ori-height=\"452\" ori-width=\"404\" src=\"https:\/\/anbanjia.com.cn\/wp-content\/uploads\/2022\/05\/HTB148Z3UCzqK1RjSZPxq6A4tVXa8.jpg\"><img decoding=\"async\" data-alt=\"digital elder diabetes blood non invasive laser glucose monitor electronic blood glucose test strip monitor device\" data-src=\"\" ori-height=\"800\" ori-width=\"800\" src=\"https:\/\/anbanjia.com.cn\/wp-content\/uploads\/2022\/05\/HTB10SetbLc3T1VjSZPfq6AWHXXaL.jpg\"><\/p>\n<p><img decoding=\"async\" data-alt=\"digital elder diabetes blood non invasive laser glucose monitor electronic blood glucose test strip monitor device\" data-height=\"645\" data-src=\"\" data-width=\"968\" ori-height=\"1080\" ori-width=\"1620\" src=\"https:\/\/anbanjia.com.cn\/wp-content\/uploads\/2022\/05\/HTB1JbsInnZmx1VjSZFGq6yx2XXay.jpg\"><img decoding=\"async\" data-alt=\"digital elder diabetes blood non invasive laser glucose monitor electronic blood glucose test strip monitor device\" data-height=\"488\" data-src=\"\" data-width=\"733\" ori-height=\"1080\" ori-width=\"1620\" src=\"https:\/\/anbanjia.com.cn\/wp-content\/uploads\/2022\/05\/HTB19Z78UxTpK1RjSZR0q6zEwXXa1.jpg\"><\/p>\n<\/p>\n<p><span style=\"color: #0000ff; font-size: 24px;\"><strong><span style=\"font-family: Arial, Helvetica; font-style: normal; background-color: #ffffff; float: none; display: inline !important;\">Ici, nous avons \u00e9galement de nombreuses autres bandelettes de test de marque, vous pouvez me contacter si vous avez des besoins.<\/span><\/strong><\/span><\/p>\n<p><span style=\"color: #0000ff;\"><strong><span style=\"font-family: Arial, Helvetica; font-size: 16px; font-style: normal; background-color: #ffffff; float: none; display: inline !important;\"><img decoding=\"async\" data-alt=\"digital elder diabetes blood non invasive laser glucose monitor electronic blood glucose test strip monitor device\" data-src=\"\" ori-height=\"942\" ori-width=\"687\" src=\"https:\/\/anbanjia.com.cn\/wp-content\/uploads\/2022\/05\/HTB12PtXUHvpK1RjSZPiq6zmwXXau.jpg\"><img decoding=\"async\" data-alt=\"digital elder diabetes blood non invasive laser glucose monitor electronic blood glucose test strip monitor device\" data-height=\"757\" data-src=\"\" data-width=\"782\" ori-height=\"968\" ori-width=\"1000\" src=\"https:\/\/anbanjia.com.cn\/wp-content\/uploads\/2022\/05\/HTB1zHyybLc3T1VjSZPfq6AWHXXag.jpg\"><\/span><\/strong><\/span><\/p>\n<\/p>\n<\/div>\n<\/div>\n<div class=\"mceSectionContainer\" data-section=\"AliPostDhMb-vv6n9\" data-section-title=\"Product Categories\" id=\"ali-anchor-AliPostDhMb-vv6n9\" style=\"padding-top: 8px;\">\n<div id=\"ali-title-AliPostDhMb-vv6n9\" style=\"padding: 8px 0; border-bottom: 1px solid #ddd;\"><span style=\"background-color: #ddd; color: #333; font-weight: bold; padding: 8px 10px; line-height: 12px;\">cat\u00e9gories de produits<\/span><\/div>\n<div style=\"padding: 10px 0;\">\n<p><a href=\"https:\/\/abj-medical.en.alibaba.com\/productgrouplist-804872323\/Clinical_laboratory_machine.html?spm=a2700.8304367.topnav.12.8d441e3A7jIXx\" rel=\"noopener noreferrer\" target=\"_blank\"><img decoding=\"async\" data-alt=\"digital elder diabetes blood non invasive laser glucose monitor electronic blood glucose test strip monitor device\" data-src=\"\" ori-height=\"285\" ori-width=\"750\" src=\"https:\/\/anbanjia.com.cn\/wp-content\/uploads\/2022\/05\/unnamed-file-3.jpg\"><img decoding=\"async\" data-alt=\"digital elder diabetes blood non invasive laser glucose monitor electronic blood glucose test strip monitor device\" data-src=\"\" ori-height=\"241\" ori-width=\"750\" src=\"https:\/\/anbanjia.com.cn\/wp-content\/uploads\/2022\/05\/HTB1hBlcawoQMeJjy0Fpq6ATxpXaf.jpg\"><\/a> <\/p>\n<\/div>\n<\/div>\n<div class=\"mceSectionContainer\" data-section=\"AliPostDhMb-ub5hb\" data-section-title=\"certificate\" id=\"ali-anchor-AliPostDhMb-ub5hb\" style=\"padding-top: 8px;\">\n<div id=\"ali-title-AliPostDhMb-ub5hb\" style=\"padding: 8px 0; border-bottom: 1px solid #ddd;\"><span style=\"background-color: #ddd; color: #333; font-weight: bold; padding: 8px 10px; line-height: 12px;\">certificat<\/span><\/div>\n<div style=\"padding: 10px 0;\">\n<p><img decoding=\"async\" data-alt=\"digital elder diabetes blood non invasive laser glucose monitor electronic blood glucose test strip monitor device\" data-src=\"\" ori-height=\"365\" ori-width=\"750\" src=\"https:\/\/anbanjia.com.cn\/wp-content\/uploads\/2022\/05\/HTB1Z1olSpXXXXctXXXXq6xXFXXXu-1.jpg\"> <\/p>\n<\/div>\n<\/div>\n<div class=\"mceSectionContainer\" data-section=\"AliPostDhMb-yhho8\" data-section-title=\"company information\" id=\"ali-anchor-AliPostDhMb-yhho8\" style=\"padding-top: 8px;\">\n<div id=\"ali-title-AliPostDhMb-yhho8\" style=\"padding: 8px 0; border-bottom: 1px solid #ddd;\"><span style=\"background-color: #ddd; color: #333; font-weight: bold; padding: 8px 10px; line-height: 12px;\">Informations sur la soci\u00e9t\u00e9<\/span><\/div>\n<div style=\"padding: 10px 0;\">\n<p><img decoding=\"async\" data-alt=\"digital elder diabetes blood non invasive laser glucose monitor electronic blood glucose test strip monitor device\" data-src=\"\" ori-height=\"1929\" ori-width=\"769\" src=\"https:\/\/anbanjia.com.cn\/wp-content\/uploads\/2022\/05\/Ha43def8a2df44eac925e2c3ab5a1b97b2.jpg\"><\/p>\n<\/p>\n<\/div>\n<\/div>\n<div class=\"mceSectionContainer\" data-section=\"AliPostDhMb-ekmid\" data-section-title=\"Home\" id=\"ali-anchor-AliPostDhMb-ekmid\" style=\"padding-top: 8px;\">\n<div id=\"ali-title-AliPostDhMb-ekmid\" style=\"padding: 8px 0; border-bottom: 1px solid #ddd;\"><span style=\"background-color: #ddd; color: #333; font-weight: bold; padding: 8px 10px; line-height: 12px;\">Accueil<\/span><\/div>\n<div style=\"padding: 10px 0;\">\n<p><img decoding=\"async\" data-alt=\"digital elder diabetes blood non invasive laser glucose monitor electronic blood glucose test strip monitor device\" data-src=\"\" ori-height=\"172\" ori-width=\"750\" src=\"https:\/\/anbanjia.com.cn\/wp-content\/uploads\/2022\/05\/unnamed-file-3.jpg\"><\/p>\n<p><a href=\"https:\/\/abj-medical.en.alibaba.com\/?spm=a2700.8304367.topnav.1.7fb94f0d6W4Kaf\" rel=\"noopener noreferrer\" target=\"_blank\"><img decoding=\"async\" data-alt=\"digital elder diabetes blood non invasive laser glucose monitor electronic blood glucose test strip monitor device\" data-src=\"\" ori-height=\"124\" ori-width=\"750\" src=\"https:\/\/anbanjia.com.cn\/wp-content\/uploads\/2022\/05\/HTB10aT7SpXXXXa7XFXXq6xXFXXXO-1.jpg\"> <\/a><\/p>\n<\/div>\n<\/div>\n<\/div>\n","protected":false},"excerpt":{"rendered":"<div style=\"width:auto\">\n<div style=\"min-width: 300px;max-width: 300px;word-wrap: break-word;float: left\">Lieu d&rsquo;origine : Chine <\/div>\n<div style=\"min-width: 300px;max-width: 300px;word-wrap: break-word;float: left\">Nom de marque:Bj<\/div>\n<\/p><\/div>\n<div style=\"width:auto\">\n<div style=\"min-width: 300px;max-width: 300px;word-wrap: break-word;float: left\">Num\u00e9ro de mod\u00e8le : ABJ*23 <\/div>\n<div style=\"min-width: 300px;max-width: 300px;word-wrap: break-word;float: left\">Source d&rsquo;alimentation : Manuel<\/div>\n<\/p><\/div>\n<div style=\"width:auto\">\n<div style=\"min-width: 300px;max-width: 300px;word-wrap: break-word;float: left\">Garantie : AUCUNE <\/div>\n<div style=\"min-width: 300px;max-width: 300px;word-wrap: break-word;float: left\">Service apr\u00e8s-vente : AUCUN<\/div>\n<\/p><\/div>\n<div style=\"width:auto\">\n<div style=\"min-width: 300px;max-width: 300px;word-wrap: break-word;float: left\">Mode d&rsquo;alimentation&nbsp;: enfichable <\/div>\n<div style=\"min-width: 300px;max-width: 300px;word-wrap: break-word;float: left\">Mat\u00e9riel:Plastique<\/div>\n<\/p><\/div>\n<div style=\"width:auto\">\n<div style=\"min-width: 300px;max-width: 300px;word-wrap: break-word;float: left\">Dur\u00e9e de conservation&nbsp;: 6&nbsp;mois <\/div>\n<div style=\"min-width: 300px;max-width: 300px;word-wrap: break-word;float: left\">Certificat de qualit\u00e9&nbsp;: ce<\/div>\n<\/p><\/div>\n<div style=\"width:auto\">\n<div style=\"min-width: 300px;max-width: 300px;word-wrap: break-word;float: left\">Classification des instruments&nbsp;: classe&nbsp;II <\/div>\n<div style=\"min-width: 300px;max-width: 300px;word-wrap: break-word;float: left\">Norme de s\u00e9curit\u00e9&nbsp;:&nbsp;Aucune<\/div>\n<\/p><\/div>\n<div style=\"width:auto\">\n<div style=\"min-width: 300px;max-width: 300px;word-wrap: break-word;float: left\">Type:Syst\u00e8me d&rsquo;analyse sanguine <\/div>\n<div style=\"min-width: 300px;max-width: 300px;word-wrap: break-word;float: left\">Plage de test de glucose : 20-600 mg\/dL<\/div>\n<\/p><\/div>\n<div style=\"width:auto\">\n<div style=\"min-width: 300px;max-width: 300px;word-wrap: break-word;float: left\">Type d&rsquo;\u00e9chantillon&nbsp;: sang total capillaire <\/div>\n<div style=\"min-width: 300px;max-width: 300px;word-wrap: break-word;float: left\">\u00c9talonnage du r\u00e9sultat&nbsp;: \u00c9quivalent au plasma<\/div>\n<\/p><\/div>\n<div style=\"width:auto\">\n<div style=\"min-width: 300px;max-width: 300px;word-wrap: break-word;float: left\">Temps d&rsquo;essai : 5 secondes <\/div>\n<div style=\"min-width: 300px;max-width: 300px;word-wrap: break-word;float: left\">Taille de l&rsquo;\u00e9chantillon&nbsp;: 0,6&nbsp;\u03bcL<\/div>\n<\/p><\/div>\n<div>Logo personnalis\u00e9(Min. Commande : 1000 pi\u00e8ces)<\/div>\n<div>Emballage personnalis\u00e9 (Min. Commande : 1000 Pi\u00e8ces)<\/div>\n","protected":false},"featured_media":6359,"comment_status":"closed","ping_status":"closed","template":"","meta":[],"product_cat":[149],"product_tag":[],"class_list":["post-13070","product","type-product","status-publish","has-post-thumbnail","hentry","product_cat-bandelette-de-test-de-glycemie-fr"],"_links":{"self":[{"href":"https:\/\/anbanjia.com.cn\/fr\/wp-json\/wp\/v2\/product\/13070","targetHints":{"allow":["GET"]}}],"collection":[{"href":"https:\/\/anbanjia.com.cn\/fr\/wp-json\/wp\/v2\/product"}],"about":[{"href":"https:\/\/anbanjia.com.cn\/fr\/wp-json\/wp\/v2\/types\/product"}],"replies":[{"embeddable":true,"href":"https:\/\/anbanjia.com.cn\/fr\/wp-json\/wp\/v2\/comments?post=13070"}],"wp:featuredmedia":[{"embeddable":true,"href":"https:\/\/anbanjia.com.cn\/fr\/wp-json\/wp\/v2\/media\/6359"}],"wp:attachment":[{"href":"https:\/\/anbanjia.com.cn\/fr\/wp-json\/wp\/v2\/media?parent=13070"}],"wp:term":[{"taxonomy":"product_cat","embeddable":true,"href":"https:\/\/anbanjia.com.cn\/fr\/wp-json\/wp\/v2\/product_cat?post=13070"},{"taxonomy":"product_tag","embeddable":true,"href":"https:\/\/anbanjia.com.cn\/fr\/wp-json\/wp\/v2\/product_tag?post=13070"}],"curies":[{"name":"wp","href":"https:\/\/api.w.org\/{rel}","templated":true}]}}