{"id":13066,"date":"2022-05-02T18:02:53","date_gmt":"2022-05-02T18:02:53","guid":{"rendered":"https:\/\/www.anbanjia.com.cn\/product\/offre-speciale-prix-de-gros-moniteur-cardiaque-foetal-doppler-babycare-de-haute-qualite-pour-un-usage-domestique\/"},"modified":"2022-05-02T18:02:53","modified_gmt":"2022-05-02T18:02:53","slug":"hot-vente-prix-de-gros-haute-qualite-doppler-babycare-moniteur-cardiaque-foetal-pour-usage-a-domicile","status":"publish","type":"product","link":"https:\/\/anbanjia.com.cn\/fr\/produit\/hot-vente-prix-de-gros-haute-qualite-doppler-babycare-moniteur-cardiaque-foetal-pour-usage-a-domicile\/","title":{"rendered":"Offre sp\u00e9ciale prix de gros moniteur cardiaque f\u0153tal doppler babycare de haute qualit\u00e9 pour un usage domestique"},"content":{"rendered":"<div style=\"max-width: 750px; margin: 0 auto;\">\n<div id=\"detail_decorate_root\" data-host=\"111234190\" data-id=\"detail_decorate_root\" data-magic-global=\"%7B%22bizId%22%3A3215165050%2C%22pageId%22%3A5052359450%2C%22siteId%22%3A5005610021%7D\">\n<div class=\"J_module\">\n<div class=\"icbu-pc-images magic-1\">\n<div>\n<div class=\"flex-layout-v\">\n<div class=\"flex-layout-h magic-1\">\n<div class=\"magic-2\"><a href=\"https:\/\/abj-medical.en.alibaba.com\/product\/60797930324-804757852\/Advanced_design_travelling_portable_lightweight_rechargeable_oxygen_concentrator_for_elderly.html?spm=a2700.icbuShop.prewdfa4cf.7.74cb63e3qWj40z\" target=\"_blank\" rel=\"noopener noreferrer\"><img decoding=\"async\" class=\"magic-3\" style=\"max-width: 750;\" src=\"https:\/\/anbanjia.com.cn\/wp-content\/uploads\/2022\/05\/HTB16GafKuySBuNjy1zd760PxFXaR.jpg\" data-src=\"\"><\/a><\/div>\n<div><img decoding=\"async\" src=\"https:\/\/s.alicdn.com\/@sc02\/kf\/HTB1qxgjXOYrK1Rjy0Fdq6ACvVXaP\/230438700\/HTB1qxgjXOYrK1Rjy0Fdq6ACvVXaP.jpg?quality=close\"><img decoding=\"async\" src=\"https:\/\/s.alicdn.com\/@sc02\/kf\/HTB1ddggXOnrK1Rjy1Xcq6yeDVXar\/230438700\/HTB1ddggXOnrK1Rjy1Xcq6yeDVXar.jpg?quality=close\"><\/div>\n<div>\n<div class=\"text-title\" data-id=\"left-title\">\n<h3 class=\"magic-7\"><b><span style=\"color: #df0000; font-size: x-large;\" data-spm-anchor-id=\"a2700.wholesale.0.i25.640741a8B51D6m\">ABJ-703<\/span><\/b><\/h3>\n<\/div>\n<div class=\"text-content\" data-id=\"left-content\">\n<p class=\"magic-8\">01. Sonde doppler haute sensibilit\u00e9, d\u00e9tection FHR pr\u00e9cise<br \/>\n02. Faible puissance ultrasonore, sans danger pour le f\u0153tus<br \/>\n03. \u00c9cran d&rsquo;affichage en option (valeur\/diagramme)<br \/>\n04.Arr\u00eat automatique en 1 minute<br \/>\n05.Affichage&nbsp;: 1,77&nbsp;pouces TFT<br \/>\nFr\u00e9quence 06.ltrasound: 2.125MHZ-2.875MHZ<br \/>\n07. Sensibilit\u00e9 compl\u00e8te&nbsp;:&gt; 90dB<br \/>\nGamme 08.FHR&nbsp;: 50\/min ~ 210\/min<br \/>\n09.R\u00e9solution d&rsquo;affichage : 1bpm<\/p>\n<p class=\"magic-8\">10.D\u00e9viation de d\u00e9tection FHR&nbsp;:-2\/min~+2\/min <img decoding=\"async\" src=\"https:\/\/s.alicdn.com\/@sc01\/kf\/HTB1B6ZhXOnrK1Rjy1Xcq6yeDVXae\/230438700\/HTB1B6ZhXOnrK1Rjy1Xcq6yeDVXae.jpg?quality=close\"><\/p>\n<div class=\"text-title\" data-id=\"right-title\">\n<h3 class=\"magic-14\"><span style=\"color: #df0000; font-size: x-large;\">ABJ-703L<\/span><\/h3>\n<\/div>\n<div class=\"text-content\" data-id=\"right-content\">\n<p class=\"magic-8\">01. Sonde doppler haute sensibilit\u00e9, d\u00e9tection FHR pr\u00e9cise<br \/>\n02. Faible puissance ultrasonore, sans danger pour le f\u0153tus<br \/>\n03. \u00c9cran d&rsquo;affichage en option (valeur\/diagramme)<br \/>\n04.Arr\u00eat automatique en 1 minute<br \/>\n05.Affichage : \u00e9cran LCD 1,3 pouces<br \/>\n06.Fr\u00e9quence ultrasonore&nbsp;: 2,125&nbsp;MHZ-2,875&nbsp;MHZ<br \/>\n07. Sensibilit\u00e9 compl\u00e8te&nbsp;:&gt; 90dB<br \/>\nGamme 08.FHR&nbsp;: 50\/min ~ 210\/min<br \/>\n09.R\u00e9solution d&rsquo;affichage : 1bpm<br \/>\n10.D\u00e9viation de d\u00e9tection FHR&nbsp;:-2\/min~+2\/min<img decoding=\"async\" src=\"https:\/\/s.alicdn.com\/@sc02\/kf\/HTB1QBYAXPnuK1RkSmFPq6AuzFXaK\/230438700\/HTB1QBYAXPnuK1RkSmFPq6AuzFXaK.jpg?quality=close\"><\/p>\n<div class=\"text-title\" data-id=\"left-title\">\n<h3 class=\"magic-14\"><span style=\"color: #bf0000; font-size: x-large;\">ABJ-706<\/span><\/h3>\n<\/div>\n<div class=\"text-content\" data-id=\"left-content\">\n<p class=\"magic-8\">01. Sonde doppler haute sensibilit\u00e9, d\u00e9tection FHR pr\u00e9cise<\/p>\n<p class=\"magic-8\">02. Faible puissance ultrasonore, sans danger pour le f\u0153tus<br \/>\n03. \u00c9cran d&rsquo;affichage en option (valeur\/diagramme)<br \/>\n04.Arr\u00eat automatique en 1 minute<br \/>\n05.Affichage&nbsp;: 1,77&nbsp;pouces TFT<br \/>\n06.Fr\u00e9quence ultrasonore&nbsp;: 2,125&nbsp;MHZ-2,875&nbsp;MHZ<br \/>\n07. Sensibilit\u00e9 compl\u00e8te&nbsp;:&gt; 90dB<br \/>\nGamme 08.FHR&nbsp;: 50\/min ~ 210\/min<br \/>\n09.R\u00e9solution d&rsquo;affichage : 1bpm<\/p>\n<p class=\"magic-8\">10.D\u00e9viation de d\u00e9tection FHR&nbsp;:-2\/min~+2\/min <img decoding=\"async\" src=\"https:\/\/s.alicdn.com\/@sc01\/kf\/HTB1Tu.fXLLsK1Rjy0Fbq6xSEXXam\/230438700\/HTB1Tu.fXLLsK1Rjy0Fbq6xSEXXam.jpg?quality=close\"><\/p>\n<div class=\"text-title\" data-id=\"right-title\">\n<h3 class=\"magic-14\"><span style=\"color: #bf0000; font-size: x-large;\" data-spm-anchor-id=\"a2700.wholesale.0.i32.640741a8B51D6m\">ABJ-706L<\/span><\/h3>\n<\/div>\n<div class=\"text-content\" data-id=\"right-content\">\n<p class=\"magic-8\" data-spm-anchor-id=\"a2700.wholesale.0.i31.640741a8B51D6m\">01. Sonde doppler haute sensibilit\u00e9, d\u00e9tection FHR pr\u00e9cise<br \/>\n02. Faible puissance ultrasonore, sans danger pour le f\u0153tus<br \/>\n03. \u00c9cran d&rsquo;affichage en option (valeur\/diagramme)<br \/>\n04.Arr\u00eat automatique en 1 minute<br \/>\n05.Affichage : \u00e9cran LCD 1,3 pouces<br \/>\n06.Fr\u00e9quence ultrasonore&nbsp;: 2,125&nbsp;MHZ-2,875&nbsp;MHZ<br \/>\n07. Sensibilit\u00e9 compl\u00e8te&nbsp;:&gt; 90dB<br \/>\nGamme 08.FHR&nbsp;: 50\/min ~ 210\/min<br \/>\n09.R\u00e9solution d&rsquo;affichage : 1bpm<br \/>\n10.D\u00e9viation de d\u00e9tection FHR&nbsp;:-2\/min~+2\/min<img decoding=\"async\" src=\"https:\/\/s.alicdn.com\/@sc01\/kf\/HTB1wMwfXLLsK1Rjy0Fbq6xSEXXas\/230438700\/HTB1wMwfXLLsK1Rjy0Fbq6xSEXXas.jpg?quality=close\"><img decoding=\"async\" src=\"https:\/\/s.alicdn.com\/@sc02\/kf\/HTB1uY_xXOLxK1Rjy0Ffq6zYdVXaz\/230438700\/HTB1uY_xXOLxK1Rjy0Ffq6zYdVXaz.jpg?quality=close\"><img decoding=\"async\" src=\"https:\/\/s.alicdn.com\/@sc01\/kf\/HTB1IgIgXLvsK1RjSspdq6AZepXao\/230438700\/HTB1IgIgXLvsK1RjSspdq6AZepXao.jpg?quality=close\"><img decoding=\"async\" src=\"https:\/\/s.alicdn.com\/@sc02\/kf\/HTB1QBYAXPnuK1RkSmFPq6AuzFXaK\/230438700\/HTB1QBYAXPnuK1RkSmFPq6AuzFXaK.jpg?quality=close\"><img decoding=\"async\" src=\"https:\/\/s.alicdn.com\/@sc02\/kf\/HTB1.h_EXLjsK1Rjy1Xaq6zispXaI\/230438700\/HTB1.h_EXLjsK1Rjy1Xaq6zispXaI.jpg?quality=close\"><img decoding=\"async\" src=\"https:\/\/s.alicdn.com\/@sc01\/kf\/HTB1gCbzXJfvK1RjSszhq6AcGFXaf\/230438700\/HTB1gCbzXJfvK1RjSszhq6AcGFXaf.jpg?quality=close\"><img decoding=\"async\" src=\"https:\/\/s.alicdn.com\/@sc02\/kf\/HTB1uQkkXNrvK1RjSszeq6yObFXaK\/230438700\/HTB1uQkkXNrvK1RjSszeq6yObFXaK.jpg?quality=close\"><\/p>\n<h3 class=\"magic-31\"><span style=\"font-size: x-large;\">Caract\u00e9ristiques du doppler f\u0153tal \u00e0 ultrasons&nbsp;:<\/span><\/h3>\n<div class=\"magic-20\">\n<div class=\"magic-21\">\n<div class=\"magic-22\" data-id=\"paragraph0\">\n<p class=\"magic-8\" data-spm-anchor-id=\"a2700.wholesale.0.i40.640741a8B51D6m\"><span style=\"font-size: large;\">S\u00fbr&nbsp;: le dosage des ultrasons est inf\u00e9rieur \u00e0 50&nbsp;% de la norme nationale<br \/>\nCommodit\u00e9&nbsp;: petite taille, pratique pour la surveillance de plusieurs lits et le diagnostic ext\u00e9rieur<br \/>\nSensibilit\u00e9&nbsp;: surveiller 12&nbsp;semaines au-dessus du rythme cardiaque f\u0153tal \u00e0 na\u00eetre.<br \/>\n\u00c9conomique : adoptez avec une batterie de recharge professionnelle, pour une \u00e9conomie efficace et peut \u00e9galement utiliser des piles diaposables de 9,6 V.<br \/>\nPratique : service de terminal r\u00e9seau unique, peut connecter le r\u00e9seau central \u00e0 l&rsquo;h\u00f4pital via une connexion commut\u00e9e \u00e0 domicile, plus rapide, fiable et pr\u00e9cis pour la surveillance f\u0153tale.<\/span><img decoding=\"async\" src=\"https:\/\/s.alicdn.com\/@sc01\/kf\/H3d43ab43a0f24fc7886a50fee5674fd4U\/230438700\/H3d43ab43a0f24fc7886a50fee5674fd4U.jpg?quality=close\"><img decoding=\"async\" src=\"https:\/\/s.alicdn.com\/@sc01\/kf\/HTB13r6WzOCYBuNkSnaVq6AMsVXae\/230438700\/HTB13r6WzOCYBuNkSnaVq6AMsVXae.jpg?quality=close\"><img decoding=\"async\" src=\"https:\/\/s.alicdn.com\/@sc01\/kf\/H10fdde19478c4022952b6ef21b37e97bx\/230438700\/H10fdde19478c4022952b6ef21b37e97bx.jpg?quality=close\"><\/p>\n<\/div>\n<\/div>\n<\/div>\n<\/div>\n<\/div>\n<\/div>\n<\/div>\n<\/div>\n<\/div>\n<\/div>\n<\/div>\n<\/div>\n<\/div>\n<\/div>\n<\/div>\n","protected":false},"excerpt":{"rendered":"<p>&nbsp;<\/p>\n<div style=\"width: auto;\">\n<div style=\"min-width: 300px; max-width: 300px; word-wrap: break-word; float: left;\">Lieu d&rsquo;origine&nbsp;: Guangdong, Chine<\/div>\n<div style=\"min-width: 300px; max-width: 300px; word-wrap: break-word; float: left;\">Nom de marque:OEM ODM<\/div>\n<\/div>\n<div style=\"width: auto;\">\n<div style=\"min-width: 300px; max-width: 300px; word-wrap: break-word; float: left;\">Num\u00e9ro de mod\u00e8le&nbsp;: ABJ-706L<\/div>\n<div style=\"min-width: 300px; max-width: 300px; word-wrap: break-word; float: left;\">Source d&rsquo;alimentation&nbsp;: \u00e9lectrique<\/div>\n<\/div>\n<div style=\"width: auto;\">\n<div style=\"min-width: 300px; max-width: 300px; word-wrap: break-word; float: left;\">Garantie : AUCUNE<\/div>\n<div style=\"min-width: 300px; max-width: 300px; word-wrap: break-word; float: left;\">Service apr\u00e8s-vente : AUCUN<\/div>\n<\/div>\n<div style=\"width: auto;\">\n<div style=\"min-width: 300px; max-width: 300px; word-wrap: break-word; float: left;\">Mat\u00e9riel:Plastique<\/div>\n<div style=\"min-width: 300px; max-width: 300px; word-wrap: break-word; float: left;\">Dur\u00e9e de conservation&nbsp;: 6&nbsp;mois<\/div>\n<\/div>\n<div style=\"width: auto;\">\n<div style=\"min-width: 300px; max-width: 300px; word-wrap: break-word; float: left;\">Certificat de qualit\u00e9&nbsp;: ce<\/div>\n<div style=\"min-width: 300px; max-width: 300px; word-wrap: break-word; float: left;\">Classification des instruments&nbsp;: classe&nbsp;II<\/div>\n<\/div>\n<div style=\"width: auto;\">\n<div style=\"min-width: 300px; max-width: 300px; word-wrap: break-word; float: left;\">Norme de s\u00e9curit\u00e9&nbsp;:&nbsp;Aucune<\/div>\n<div style=\"min-width: 300px; max-width: 300px; word-wrap: break-word; float: left;\">Type&nbsp;: \u00e9quipement d&rsquo;\u00e9chographie Doppler<\/div>\n<\/div>\n<div style=\"width: auto;\">\n<div style=\"min-width: 300px; max-width: 300px; word-wrap: break-word; float: left;\">Nom du produit: \u00e9quipement \u00e0 ultrasons Doppler<\/div>\n<div style=\"min-width: 300px; max-width: 300px; word-wrap: break-word; float: left;\">Application&nbsp;: moniteur cardiaque f\u0153tal<\/div>\n<\/div>\n<div style=\"width: auto;\">\n<div style=\"min-width: 300px; max-width: 300px; word-wrap: break-word; float: left;\">Certificat&nbsp;:&nbsp;CE<\/div>\n<div style=\"min-width: 300px; max-width: 300px; word-wrap: break-word; float: left;\">Caract\u00e9ristique: sonde \u00e9tanche \u00e0 l&rsquo;eau<\/div>\n<\/div>\n<div style=\"width: auto;\">\n<div style=\"min-width: 300px; max-width: 300px; word-wrap: break-word; float: left;\">Plage FHR&nbsp;: 50\/min~210\/min<\/div>\n<div style=\"min-width: 300px; max-width: 300px; word-wrap: break-word; float: left;\">R\u00e9solution d&rsquo;affichage : 1bpm<\/div>\n<\/div>\n<div style=\"width: auto;\">\n<div style=\"min-width: 300px; max-width: 300px; word-wrap: break-word; float: left;\">Sensibilit\u00e9 globale :&gt; 90dB<\/div>\n<div style=\"min-width: 300px; max-width: 300px; word-wrap: break-word; float: left;\">Fr\u00e9quence ltrasound: 2.125MHZ-2.875MHZ<\/div>\n<\/div>\n<div>Logo personnalis\u00e9(Min. Commande : 200 pi\u00e8ces)<\/div>\n<div>Emballage personnalis\u00e9(Min. Commande : 200 pi\u00e8ces)<\/div>\n","protected":false},"featured_media":12605,"comment_status":"closed","ping_status":"closed","template":"","meta":[],"product_cat":[145],"product_tag":[],"class_list":["post-13066","product","type-product","status-publish","has-post-thumbnail","hentry","product_cat-doppler-foetal"],"_links":{"self":[{"href":"https:\/\/anbanjia.com.cn\/fr\/wp-json\/wp\/v2\/product\/13066","targetHints":{"allow":["GET"]}}],"collection":[{"href":"https:\/\/anbanjia.com.cn\/fr\/wp-json\/wp\/v2\/product"}],"about":[{"href":"https:\/\/anbanjia.com.cn\/fr\/wp-json\/wp\/v2\/types\/product"}],"replies":[{"embeddable":true,"href":"https:\/\/anbanjia.com.cn\/fr\/wp-json\/wp\/v2\/comments?post=13066"}],"wp:featuredmedia":[{"embeddable":true,"href":"https:\/\/anbanjia.com.cn\/fr\/wp-json\/wp\/v2\/media\/12605"}],"wp:attachment":[{"href":"https:\/\/anbanjia.com.cn\/fr\/wp-json\/wp\/v2\/media?parent=13066"}],"wp:term":[{"taxonomy":"product_cat","embeddable":true,"href":"https:\/\/anbanjia.com.cn\/fr\/wp-json\/wp\/v2\/product_cat?post=13066"},{"taxonomy":"product_tag","embeddable":true,"href":"https:\/\/anbanjia.com.cn\/fr\/wp-json\/wp\/v2\/product_tag?post=13066"}],"curies":[{"name":"wp","href":"https:\/\/api.w.org\/{rel}","templated":true}]}}