{"id":13064,"date":"2022-05-02T18:03:01","date_gmt":"2022-05-02T18:03:01","guid":{"rendered":"https:\/\/www.anbanjia.com.cn\/product\/thermometres-de-haute-qualite-thermometre-numerique-oral-pour-bebe-pour-enfants-et-adultes\/"},"modified":"2022-05-02T18:03:01","modified_gmt":"2022-05-02T18:03:01","slug":"thermometres-de-haute-qualite-thermometre-numerique-oral-pour-bebe-pour-enfants-et-adultes","status":"publish","type":"product","link":"https:\/\/anbanjia.com.cn\/fr\/produit\/thermometres-de-haute-qualite-thermometre-numerique-oral-pour-bebe-pour-enfants-et-adultes\/","title":{"rendered":"Thermom\u00e8tres de haute qualit\u00e9 Thermom\u00e8tre num\u00e9rique oral pour b\u00e9b\u00e9 pour enfants et adultes"},"content":{"rendered":"<div style=\"max-width: 750px;margin: 0 auto;\">\n<div data-magic-global=\"%7B%22bizId%22%3A3215165050%2C%22pageId%22%3A20090113081%2C%22siteId%22%3A5005610021%7D\" id=\"detail_decorate_root\">\n<div class=\"J_module\" module-id=\"22867531814\" module-title=\"detailTextWithTitle\" render=\"true\">\n<div class=\"detail-decorate-json-renderer-container\">\n<div class=\"magic-1\">\n<h3 class=\"magic-2\">\n<div class=\"magic-3\"><span><font class=\"magic-4\" color=\"#e87474\"><span>thermom\u00e8tre num\u00e9rique <\/span><\/font><\/span><\/div>\n<\/h3>\n<div class=\"magic-5\">\n<div class=\"magic-6\">\n<div class=\"magic-7\">\n<div class=\"magic-3\"><b><font class=\"magic-8\"><font class=\"magic-9\"><br \/><\/font><\/font><\/b><\/div>\n<div class=\"magic-3\"><b><font class=\"magic-8\"><font class=\"magic-9\">Veuillez contacter le vendeur pour obtenir le prix d&rsquo;exp\u00e9dition r\u00e9el, vous pouvez contacter le vendeur par whatsapp.afin qu&rsquo;elle puisse vous r\u00e9pondre bient\u00f4t, whatsapp<\/font> : 86 + 13246918260<\/font><\/b><\/div>\n<div class=\"magic-10\"><b><font class=\"magic-8\"><br \/><\/font><\/b><\/div>\n<div class=\"magic-3\">\n<div class=\"magic-10\"><b class=\"magic-11\"><font class=\"magic-8\"><\/font><\/b><\/div>\n<p><span><\/p>\n<div class=\"magic-10\"><b class=\"magic-11\">Temps de mesure de la temp\u00e9rature : 20-60s<\/b><\/div>\n<p><b><\/p>\n<div class=\"magic-10\"><b class=\"magic-11\">Mod\u00e8le de batterie : LR41<\/b><\/div>\n<div class=\"magic-10\"><b class=\"magic-11\">Courant de la batterie : 28mah<\/b><\/div>\n<div class=\"magic-10\"><b class=\"magic-11\">Tension de la batterie&nbsp;: 1,5&nbsp;V<\/b><\/div>\n<div class=\"magic-10\"><b class=\"magic-11\">Taille du produit : 126*19*9mm<\/b><\/div>\n<div class=\"magic-10\"><b class=\"magic-11\">Plage de mesure de la temp\u00e9rature : 32-42,9\u2103<\/b><\/div>\n<div class=\"magic-10\"><b class=\"magic-11\">Poids du produit : 10g<\/b><\/div>\n<div class=\"magic-10\"><b class=\"magic-11\">Quantit\u00e9 FCL&nbsp;: 500&nbsp;pi\u00e8ces<\/b><\/div>\n<div class=\"magic-10\"><b class=\"magic-11\">Poids brut du produit&nbsp;: 17&nbsp;g<\/b><\/div>\n<div class=\"magic-10\"><b class=\"magic-11\">Taille de bo\u00eete : 136*26*20mm<\/b><\/div>\n<div class=\"magic-10\"><b class=\"magic-12\">Poids brut de l&rsquo;ensemble du coffret : 9,45 kg<\/b><\/div>\n<div class=\"magic-10\"><b class=\"magic-11\">Taille FCL: 545*290*295mm<\/b><\/div>\n<div class=\"magic-10\"><b class=\"magic-11\">Poids net de la caisse enti\u00e8re \u00ab\u00a08.5kg<\/b><\/div>\n<p><\/b><\/span><b><font class=\"magic-8\"><span><\/p>\n<div class=\"magic-10\"><b class=\"magic-11\"><\/b><\/div>\n<p><\/span><\/font><\/b><\/div>\n<div class=\"magic-3\"><\/div>\n<\/div>\n<\/div>\n<\/div>\n<\/div>\n<\/div>\n<\/div>\n<div class=\"J_module\" module-id=\"22867531815\" module-title=\"detailManyImage\" render=\"true\">\n<div class=\"icbu-pc-detailManyImage magic-13\">\n<div class=\"magic-14\"><img decoding=\"async\" class=\"magic-15\" data-src=\"\" src=\"https:\/\/anbanjia.com.cn\/wp-content\/uploads\/2022\/05\/H32d58117906d4f00a396e756723a6c11H.png\" style=\"max-width: 750;\"><\/div>\n<div class=\"magic-14\"><img decoding=\"async\" class=\"magic-15\" data-src=\"\" src=\"https:\/\/anbanjia.com.cn\/wp-content\/uploads\/2022\/05\/H50d032d1b02f4c1783623ffa21d1c081e.png\"><\/div>\n<div class=\"magic-14\"><img decoding=\"async\" class=\"magic-15\" data-src=\"\" src=\"https:\/\/anbanjia.com.cn\/wp-content\/uploads\/2022\/05\/Hf03845d678cd42869d1c26b808ea97c4R.png\"><\/div>\n<div class=\"magic-14\"><img decoding=\"async\" class=\"magic-15\" data-src=\"\" src=\"https:\/\/anbanjia.com.cn\/wp-content\/uploads\/2022\/05\/H2fcdf3825cea4ff7a85c4ca75f6c8f1ck.png\"><\/div>\n<div class=\"magic-14\"><img decoding=\"async\" class=\"magic-15\" data-src=\"\" src=\"https:\/\/anbanjia.com.cn\/wp-content\/uploads\/2022\/05\/H216625f45b90485dbb4978e969ee4682o.png\"><\/div>\n<div class=\"magic-14\"><img decoding=\"async\" class=\"magic-15\" data-src=\"\" src=\"https:\/\/anbanjia.com.cn\/wp-content\/uploads\/2022\/05\/H6292e035da6849d3b9eda742dc8b8224m.png\"><\/div>\n<div class=\"magic-14\"><img decoding=\"async\" class=\"magic-15\" data-src=\"\" src=\"https:\/\/anbanjia.com.cn\/wp-content\/uploads\/2022\/05\/H30b0a697dbe34ef0bb899c859edd17c7Q.png\"><\/div>\n<div class=\"magic-14\"><img decoding=\"async\" class=\"magic-15\" data-src=\"\" src=\"https:\/\/anbanjia.com.cn\/wp-content\/uploads\/2022\/05\/Hcb99ac36bf544519b710a64953ad917by.png\"><\/div>\n<\/div>\n<\/div>\n<div class=\"J_module\" module-id=\"22860616056\" module-title=\"detailSingleImage\" render=\"true\">\n<div class=\"icbu-pc-images magic-16\">\n<div>\n<div class=\"flex-layout-v\">\n<div class=\"flex-layout-h magic-16\">\n<div class=\"magic-17\"><img decoding=\"async\" class=\"magic-18\" data-src=\"\" src=\"https:\/\/anbanjia.com.cn\/wp-content\/uploads\/2022\/05\/H863df5af39f14de1ab5fe15f7bd17f2fu.png\"><\/div>\n<\/div>\n<\/div>\n<\/div>\n<\/div>\n<\/div>\n<div class=\"J_module\" module-id=\"22860616057\" module-title=\"detailSingleImage\" render=\"true\">\n<div class=\"icbu-pc-images magic-16\">\n<div>\n<div class=\"flex-layout-v\">\n<div class=\"flex-layout-h magic-16\">\n<div class=\"magic-19\"><img decoding=\"async\" class=\"magic-20\" data-src=\"\" src=\"https:\/\/anbanjia.com.cn\/wp-content\/uploads\/2022\/05\/H1e5919cd7dbd45a3a184ba507a9a5471E.png\"><\/div>\n<\/div>\n<\/div>\n<\/div>\n<\/div>\n<\/div>\n<div class=\"J_module\" module-id=\"22860616058\" module-title=\"detailSingleImage\" render=\"true\">\n<div class=\"icbu-pc-images magic-16\">\n<div>\n<div class=\"flex-layout-v\">\n<div class=\"flex-layout-h magic-16\">\n<div class=\"magic-21\"><img decoding=\"async\" class=\"magic-22\" data-src=\"\" src=\"https:\/\/anbanjia.com.cn\/wp-content\/uploads\/2022\/05\/H52774230204f40bfb051f148ed007ca2v.png\"><\/div>\n<\/div>\n<\/div>\n<\/div>\n<\/div>\n<\/div>\n<div class=\"J_module\" module-id=\"22860616059\" module-title=\"detailFourImages\" render=\"true\">\n<div class=\"icbu-pc-images magic-16\">\n<div>\n<div class=\"flex-layout-v\">\n<div class=\"flex-layout-h magic-16\">\n<div class=\"magic-23\"><img decoding=\"async\" class=\"magic-24\" data-src=\"\" src=\"https:\/\/anbanjia.com.cn\/wp-content\/uploads\/2022\/05\/H8066d39f3a044832b020a41ecd327ec59.png\"><\/div>\n<div class=\"magic-25\"><img decoding=\"async\" class=\"magic-26\" data-src=\"\" src=\"https:\/\/anbanjia.com.cn\/wp-content\/uploads\/2022\/05\/Hb3b730402a464ea5bd8cd4fd44575f65G.png\"><\/div>\n<div class=\"magic-25\"><img decoding=\"async\" class=\"magic-27\" data-src=\"\" src=\"https:\/\/anbanjia.com.cn\/wp-content\/uploads\/2022\/05\/H0dec215919214d54b332814c558c95e9f.png\"><\/div>\n<div class=\"magic-25\"><img decoding=\"async\" class=\"magic-28\" data-src=\"\" src=\"https:\/\/anbanjia.com.cn\/wp-content\/uploads\/2022\/05\/Hbd6e9109a80546e3a5a6048f93f4ce50y.png\"><\/div>\n<\/div>\n<\/div>\n<\/div>\n<\/div>\n<\/div><\/div>\n<\/div>\n","protected":false},"excerpt":{"rendered":"<div style=\"width:auto\">\n<div style=\"min-width: 300px;max-width: 300px;word-wrap: break-word;float: left\">Lieu d&rsquo;origine : Chine <\/div>\n<div style=\"min-width: 300px;max-width: 300px;word-wrap: break-word;float: left\">Nom de marque: XHF<\/div>\n<\/p><\/div>\n<div style=\"width:auto\">\n<div style=\"min-width: 300px;max-width: 300px;word-wrap: break-word;float: left\">Num\u00e9ro de mod\u00e8le : 2001 <\/div>\n<div style=\"min-width: 300px;max-width: 300px;word-wrap: break-word;float: left\">Source d&rsquo;alimentation : Manuel<\/div>\n<\/p><\/div>\n<div style=\"width:auto\">\n<div style=\"min-width: 300px;max-width: 300px;word-wrap: break-word;float: left\">Garantie 1 ann\u00e9e <\/div>\n<div style=\"min-width: 300px;max-width: 300px;word-wrap: break-word;float: left\">Service apr\u00e8s-vente : Pi\u00e8ces de rechange gratuites<\/div>\n<\/p><\/div>\n<div style=\"width:auto\">\n<div style=\"min-width: 300px;max-width: 300px;word-wrap: break-word;float: left\">Mode d&rsquo;alimentation&nbsp;: batterie int\u00e9gr\u00e9e <\/div>\n<div style=\"min-width: 300px;max-width: 300px;word-wrap: break-word;float: left\">Application&nbsp;: front<\/div>\n<\/p><\/div>\n<div style=\"width:auto\">\n<div style=\"min-width: 300px;max-width: 300px;word-wrap: break-word;float: left\">Mat\u00e9riel:Plastique <\/div>\n<div style=\"min-width: 300px;max-width: 300px;word-wrap: break-word;float: left\">Dur\u00e9e de conservation : 3 ans<\/div>\n<\/p><\/div>\n<div style=\"width:auto\">\n<div style=\"min-width: 300px;max-width: 300px;word-wrap: break-word;float: left\">Certificat de qualit\u00e9&nbsp;: ce <\/div>\n<div style=\"min-width: 300px;max-width: 300px;word-wrap: break-word;float: left\">Classification des instruments&nbsp;: classe&nbsp;II<\/div>\n<\/p><\/div>\n<div style=\"width:auto\">\n<div style=\"min-width: 300px;max-width: 300px;word-wrap: break-word;float: left\">Norme de s\u00e9curit\u00e9&nbsp;: GB15979-2002 <\/div>\n<div style=\"min-width: 300px;max-width: 300px;word-wrap: break-word;float: left\">Mod\u00e8le : XHF2001<\/div>\n<\/p><\/div>\n<div style=\"width:auto\">\n<div style=\"min-width: 300px;max-width: 300px;word-wrap: break-word;float: left\">temps de mesure: 20-60s <\/div>\n<div style=\"min-width: 300px;max-width: 300px;word-wrap: break-word;float: left\">Poids du produit&nbsp;: 10&nbsp;g<\/div>\n<\/p><\/div>\n<div style=\"width:auto\">\n<div style=\"min-width: 300px;max-width: 300px;word-wrap: break-word;float: left\">Poids brut du produit&nbsp;: 17&nbsp;g <\/div>\n<div style=\"min-width: 300px;max-width: 300px;word-wrap: break-word;float: left\">Taille du produit : 126*19*9mm<\/div>\n<\/p><\/div>\n<div>Logo personnalis\u00e9(Min. Commande : 5000 pi\u00e8ces)<\/div>\n<div>Emballage personnalis\u00e9 (Min. Commande : 5000 Pi\u00e8ces)<\/div>\n","protected":false},"featured_media":6901,"comment_status":"closed","ping_status":"closed","template":"","meta":[],"product_cat":[138],"product_tag":[],"class_list":["post-13064","product","type-product","status-publish","has-post-thumbnail","hentry","product_cat-thermometre-digital"],"_links":{"self":[{"href":"https:\/\/anbanjia.com.cn\/fr\/wp-json\/wp\/v2\/product\/13064","targetHints":{"allow":["GET"]}}],"collection":[{"href":"https:\/\/anbanjia.com.cn\/fr\/wp-json\/wp\/v2\/product"}],"about":[{"href":"https:\/\/anbanjia.com.cn\/fr\/wp-json\/wp\/v2\/types\/product"}],"replies":[{"embeddable":true,"href":"https:\/\/anbanjia.com.cn\/fr\/wp-json\/wp\/v2\/comments?post=13064"}],"wp:featuredmedia":[{"embeddable":true,"href":"https:\/\/anbanjia.com.cn\/fr\/wp-json\/wp\/v2\/media\/6901"}],"wp:attachment":[{"href":"https:\/\/anbanjia.com.cn\/fr\/wp-json\/wp\/v2\/media?parent=13064"}],"wp:term":[{"taxonomy":"product_cat","embeddable":true,"href":"https:\/\/anbanjia.com.cn\/fr\/wp-json\/wp\/v2\/product_cat?post=13064"},{"taxonomy":"product_tag","embeddable":true,"href":"https:\/\/anbanjia.com.cn\/fr\/wp-json\/wp\/v2\/product_tag?post=13064"}],"curies":[{"name":"wp","href":"https:\/\/api.w.org\/{rel}","templated":true}]}}