{"id":13063,"date":"2022-05-02T18:02:55","date_gmt":"2022-05-02T18:02:55","guid":{"rendered":"https:\/\/www.anbanjia.com.cn\/product\/detecteur-de-veine-infrarouge-medical-portable-trouveur-de-veine-transilluminateur-de-visionneuse-de-veine-pour-injection\/"},"modified":"2022-05-02T18:02:55","modified_gmt":"2022-05-02T18:02:55","slug":"detecteur-veineux-portatif-medical-infrarouge-vein-finder-vein-viewer-transilluminator-for-injection","status":"publish","type":"product","link":"https:\/\/anbanjia.com.cn\/fr\/produit\/detecteur-veineux-portatif-medical-infrarouge-vein-finder-vein-viewer-transilluminator-for-injection\/","title":{"rendered":"D\u00e9tecteur de veine infrarouge m\u00e9dical Portable\/trouveur de veine\/transilluminateur de visionneuse de veine pour injection"},"content":{"rendered":"<div style=\"max-width: 750px;margin: 0 auto;\">\n<p><strong><span style=\"font-size: 32px; font-family: 'comic sans ms', sans-serif;\">Visionneuse infrarouge de d\u00e9tecteur de veine, d\u00e9tecteur portatif de localisateur de veine de transilluminateur m\u00e9dical<\/span><\/strong><\/p>\n<p><span style=\"font-size: 24px;\"><span style=\"font-family: 'comic sans ms', sans-serif;\"><span style=\"font-family: arial, helvetica, sans-serif;\">Il aide les m\u00e9decins et les infirmi\u00e8res \u00e0 localiser les veines facilement et rapidement, particuli\u00e8rement utile pour les nourrissons, les personnes \u00e2g\u00e9es, les personnes grasses, etc., dont les veines ne sont pas faciles \u00e0 trouver ou les personnes souffrant d&rsquo;\u0153d\u00e8me ou de peau poilue. Il peut r\u00e9duire consid\u00e9rablement les \u00e9checs d&rsquo;injection et am\u00e9liorer les relations entre les m\u00e9decins. et malades.<\/span><\/span><\/span><\/p>\n<p><strong><span style=\"font-size: 32px; font-family: 'comic sans ms', sans-serif;\"><img decoding=\"async\" data-alt=\"Portable medical Infrared Vein Detector\/Vein finder\/Vein viewer transilluminator for injection\" data-src=\"\" ori-height=\"1200\" ori-width=\"910\" src=\"https:\/\/anbanjia.com.cn\/wp-content\/uploads\/2022\/05\/H6636f59f0cd44b9196bd7ab899eea81ac.jpg\" style=\"max-width: 750;\"><img decoding=\"async\" data-alt=\"Portable medical Infrared Vein Detector\/Vein finder\/Vein viewer transilluminator for injection\" data-src=\"\" ori-height=\"1409\" ori-width=\"910\" src=\"https:\/\/anbanjia.com.cn\/wp-content\/uploads\/2022\/05\/H3beeef348e8c4abfaf73a136967ad75ey.jpg\"><img decoding=\"async\" data-alt=\"Portable medical Infrared Vein Detector\/Vein finder\/Vein viewer transilluminator for injection\" data-src=\"\" ori-height=\"729\" ori-width=\"910\" src=\"https:\/\/anbanjia.com.cn\/wp-content\/uploads\/2022\/05\/Hd5d2d6c84f2f4721b10247bf936eb323d.jpg\"><img decoding=\"async\" data-alt=\"Portable medical Infrared Vein Detector\/Vein finder\/Vein viewer transilluminator for injection\" data-src=\"\" ori-height=\"910\" ori-width=\"910\" src=\"https:\/\/anbanjia.com.cn\/wp-content\/uploads\/2022\/05\/H8687ec48e6fe4f4097f783700392fa279.jpg\"><img decoding=\"async\" data-alt=\"Portable medical Infrared Vein Detector\/Vein finder\/Vein viewer transilluminator for injection\" data-src=\"\" ori-height=\"910\" ori-width=\"910\" src=\"https:\/\/anbanjia.com.cn\/wp-content\/uploads\/2022\/05\/H582fe29234ee420aae23be85acc206c6M.jpg\"><img decoding=\"async\" data-alt=\"Portable medical Infrared Vein Detector\/Vein finder\/Vein viewer transilluminator for injection\" data-src=\"\" ori-height=\"910\" ori-width=\"910\" src=\"https:\/\/anbanjia.com.cn\/wp-content\/uploads\/2022\/05\/Hcd64514b251842cab61c9d068b2e2778p.jpg\"><\/span><\/strong><\/p>\n<div class=\"mceSectionContainer\" data-section=\"AliPostDhMb-d7h4c\" data-section-title=\"Shipping and payment\" id=\"ali-anchor-AliPostDhMb-d7h4c\" style=\"padding-top: 8px;\">\n<div id=\"ali-title-AliPostDhMb-d7h4c\" style=\"padding: 8px 0; border-bottom: 1px solid #ddd;\"><span style=\"background-color: #ddd; color: #333; font-weight: bold; padding: 8px 10px; line-height: 12px;\">Exp\u00e9dition et paiement<\/span><\/div>\n<div style=\"padding: 10px 0;\">\n<p><img decoding=\"async\" data-alt=\"Portable medical Infrared Vein Detector\/Vein finder\/Vein viewer transilluminator for injection\" data-src=\"\" ori-height=\"1011\" ori-width=\"770\" src=\"https:\/\/anbanjia.com.cn\/wp-content\/uploads\/2022\/05\/HTB1dO4eSFXXXXX8XVXXq6xXFXXXe.jpg\"> <\/p>\n<\/div>\n<\/div>\n<div class=\"mceSectionContainer\" data-section=\"AliPostDhMb-kepvw\" data-section-title=\"certificate 444\" id=\"ali-anchor-AliPostDhMb-kepvw\" style=\"padding-top: 8px;\">\n<div id=\"ali-title-AliPostDhMb-kepvw\" style=\"padding: 8px 0; border-bottom: 1px solid #ddd;\"><span style=\"background-color: #ddd; color: #333; font-weight: bold; padding: 8px 10px; line-height: 12px;\">certificat 444<\/span><\/div>\n<div style=\"padding: 10px 0;\">\n<p><img decoding=\"async\" data-alt=\"Portable medical Infrared Vein Detector\/Vein finder\/Vein viewer transilluminator for injection\" data-src=\"\" ori-height=\"353\" ori-width=\"750\" src=\"https:\/\/anbanjia.com.cn\/wp-content\/uploads\/2022\/05\/HTB1dCJESFXXXXa5XXXXq6xXFXXXO.jpg\"> <\/p>\n<\/div>\n<\/div>\n<div class=\"mceSectionContainer\" data-section=\"AliPostDhMb-r6cpm\" data-section-title=\"Company Information\" id=\"ali-anchor-AliPostDhMb-r6cpm\" style=\"padding-top: 8px;\">\n<div id=\"ali-title-AliPostDhMb-r6cpm\" style=\"padding: 8px 0; border-bottom: 1px solid #ddd;\"><span style=\"background-color: #ddd; color: #333; font-weight: bold; padding: 8px 10px; line-height: 12px;\">Informations sur la soci\u00e9t\u00e9<\/span><\/div>\n<div style=\"padding: 10px 0;\">\n<p><img decoding=\"async\" data-alt=\"Portable medical Infrared Vein Detector\/Vein finder\/Vein viewer transilluminator for injection\" data-src=\"\" ori-height=\"1929\" ori-width=\"769\" src=\"https:\/\/anbanjia.com.cn\/wp-content\/uploads\/2022\/05\/Ha43def8a2df44eac925e2c3ab5a1b97b2.jpg\"> <\/p>\n<\/div>\n<\/div>\n<div class=\"mceSectionContainer\" data-section=\"AliPostDhMb-xt94o\" data-section-title=\"Contact information\" id=\"ali-anchor-AliPostDhMb-xt94o\" style=\"padding-top: 8px;\">\n<div id=\"ali-title-AliPostDhMb-xt94o\" style=\"padding: 8px 0; border-bottom: 1px solid #ddd;\"><span style=\"background-color: #ddd; color: #333; font-weight: bold; padding: 8px 10px; line-height: 12px;\">Informations de contact<\/span><\/div>\n<div style=\"padding: 10px 0;\">\n<p><img decoding=\"async\" data-alt=\"Portable medical Infrared Vein Detector\/Vein finder\/Vein viewer transilluminator for injection\" data-src=\"\" ori-height=\"271\" ori-width=\"760\" src=\"https:\/\/anbanjia.com.cn\/wp-content\/uploads\/2022\/05\/H4a476ca2a62642c5955586ce8e509aa6M.png\"> <\/p>\n<\/div>\n<\/div>\n<\/div>\n","protected":false},"excerpt":{"rendered":"<div style=\"width:auto\">\n<div style=\"min-width: 300px;max-width: 300px;word-wrap: break-word;float: left\">Type&nbsp;: Aides \u00e0 l&rsquo;examen clinique <\/div>\n<div style=\"min-width: 300px;max-width: 300px;word-wrap: break-word;float: left\">Nom de marque:Anbanjia<\/div>\n<\/p><\/div>\n<div style=\"width:auto\">\n<div style=\"min-width: 300px;max-width: 300px;word-wrap: break-word;float: left\">Lieu d&rsquo;origine : Chine <\/div>\n<div style=\"min-width: 300px;max-width: 300px;word-wrap: break-word;float: left\">Classification des instruments&nbsp;: classe&nbsp;I<\/div>\n<\/p><\/div>\n<div style=\"width:auto\">\n<div style=\"min-width: 300px;max-width: 300px;word-wrap: break-word;float: left\">Garantie : AUCUNE <\/div>\n<div style=\"min-width: 300px;max-width: 300px;word-wrap: break-word;float: left\">Service apr\u00e8s-vente&nbsp;: formation sur site<\/div>\n<\/p><\/div>\n<div style=\"width:auto\">\n<div style=\"min-width: 300px;max-width: 300px;word-wrap: break-word;float: left\">Fonction&nbsp;: d\u00e9tecteur de veine <\/div>\n<div style=\"min-width: 300px;max-width: 300px;word-wrap: break-word;float: left\">Dimensions (mm):192*24*34mm<\/div>\n<\/p><\/div>\n<div style=\"width:auto\">\n<div style=\"min-width: 300px;max-width: 300px;word-wrap: break-word;float: left\">Poids&nbsp;: 260&nbsp;g <\/div>\n<div style=\"min-width: 300px;max-width: 300px;word-wrap: break-word;float: left\">Utilisation&nbsp;: ponction veineuse<\/div>\n<\/p><\/div>\n","protected":false},"featured_media":6473,"comment_status":"closed","ping_status":"closed","template":"","meta":[],"product_cat":[141],"product_tag":[],"class_list":["post-13063","product","type-product","status-publish","has-post-thumbnail","hentry","product_cat-chercheur-de-veine"],"_links":{"self":[{"href":"https:\/\/anbanjia.com.cn\/fr\/wp-json\/wp\/v2\/product\/13063","targetHints":{"allow":["GET"]}}],"collection":[{"href":"https:\/\/anbanjia.com.cn\/fr\/wp-json\/wp\/v2\/product"}],"about":[{"href":"https:\/\/anbanjia.com.cn\/fr\/wp-json\/wp\/v2\/types\/product"}],"replies":[{"embeddable":true,"href":"https:\/\/anbanjia.com.cn\/fr\/wp-json\/wp\/v2\/comments?post=13063"}],"wp:featuredmedia":[{"embeddable":true,"href":"https:\/\/anbanjia.com.cn\/fr\/wp-json\/wp\/v2\/media\/6473"}],"wp:attachment":[{"href":"https:\/\/anbanjia.com.cn\/fr\/wp-json\/wp\/v2\/media?parent=13063"}],"wp:term":[{"taxonomy":"product_cat","embeddable":true,"href":"https:\/\/anbanjia.com.cn\/fr\/wp-json\/wp\/v2\/product_cat?post=13063"},{"taxonomy":"product_tag","embeddable":true,"href":"https:\/\/anbanjia.com.cn\/fr\/wp-json\/wp\/v2\/product_tag?post=13063"}],"curies":[{"name":"wp","href":"https:\/\/api.w.org\/{rel}","templated":true}]}}