{"id":13062,"date":"2022-05-02T18:02:54","date_gmt":"2022-05-02T18:02:54","guid":{"rendered":"https:\/\/www.anbanjia.com.cn\/product\/amazon-hot-sell-infrared-handheld-vein-finder-peut-rapidement-trouver-facilement-des-veines-pour-le-personnel-medical\/"},"modified":"2022-05-02T18:02:54","modified_gmt":"2022-05-02T18:02:54","slug":"amazon-hot-sell-infrared-handheld-vein-finder-peut-trouver-rapidement-des-veines-facilement-pour-le-personnel-medical","status":"publish","type":"product","link":"https:\/\/anbanjia.com.cn\/fr\/produit\/amazon-hot-sell-infrared-handheld-vein-finder-peut-trouver-rapidement-des-veines-facilement-pour-le-personnel-medical\/","title":{"rendered":"Amazon Hot Sell Infrared Handheld Vein Finder peut rapidement trouver facilement des veines pour le personnel m\u00e9dical"},"content":{"rendered":"<div style=\"max-width: 750px;margin: 0 auto;\">\n<div data-magic-global=\"%7B%22bizId%22%3A3215165050%2C%22pageId%22%3A20062400669%2C%22siteId%22%3A5005610021%7D\" id=\"detail_decorate_root\">\n<div class=\"J_module\" module-id=\"21973186660\" module-title=\"detailTextWithTitle\" render=\"true\">\n<div class=\"detail-decorate-json-renderer-container\">\n<div class=\"magic-1\">\n<h3 class=\"magic-2\">\n<div class=\"magic-3\"><span class=\"magic-4\"><font class=\"magic-5\" color=\"#e87474\">d\u00e9tecteur de veine<\/font><\/span><\/div>\n<\/h3>\n<div class=\"magic-6\">\n<div class=\"magic-7\">\n<div class=\"magic-8\"><span><font class=\"magic-9\">Cela peut aider certaines personnes qui ont besoin d&rsquo;injections et qui ne peuvent pas trouver de vaisseaux sanguins \u00e0 trouver des vaisseaux sanguins, ce qui est plus pratique<\/font><\/span><\/div>\n<\/div>\n<\/div>\n<\/div>\n<\/div>\n<\/div>\n<div class=\"J_module\" module-id=\"21973186661\" module-title=\"detailManyImage\" render=\"true\">\n<div class=\"icbu-pc-detailManyImage magic-10\">\n<div class=\"magic-11\"><img decoding=\"async\" class=\"magic-12\" data-src=\"\" src=\"https:\/\/anbanjia.com.cn\/wp-content\/uploads\/2022\/05\/H2540c03020f747e08b1197c04418e801j.jpg\" style=\"max-width: 750;\"><\/div>\n<div class=\"magic-11\"><img decoding=\"async\" class=\"magic-12\" data-src=\"\" src=\"https:\/\/anbanjia.com.cn\/wp-content\/uploads\/2022\/05\/Hbbbc52283a69402bb03bc550de71396aZ.png\"><\/div>\n<div class=\"magic-11\"><img decoding=\"async\" class=\"magic-12\" data-src=\"\" src=\"https:\/\/anbanjia.com.cn\/wp-content\/uploads\/2022\/05\/H19383f08cd6a4afebcf0aeddfc3f788cQ.jpg\"><\/div>\n<div class=\"magic-11\"><img decoding=\"async\" class=\"magic-12\" data-src=\"\" src=\"https:\/\/anbanjia.com.cn\/wp-content\/uploads\/2022\/05\/H9ce3032d92fe4c8990c7a9f46fe8a634n.jpg\"><\/div>\n<div class=\"magic-11\"><img decoding=\"async\" class=\"magic-12\" data-src=\"\" src=\"https:\/\/anbanjia.com.cn\/wp-content\/uploads\/2022\/05\/H78ea5224cf124d3ca4d1f8564cefefa7m.jpg\"><\/div>\n<div class=\"magic-11\"><img decoding=\"async\" class=\"magic-12\" data-src=\"\" src=\"https:\/\/anbanjia.com.cn\/wp-content\/uploads\/2022\/05\/H29e9ded9df854c99a626867bb48dae0cj.png\"><\/div>\n<\/div>\n<\/div><\/div>\n<\/div>\n","protected":false},"excerpt":{"rendered":"<div style=\"width:auto\">\n<div style=\"min-width: 300px;max-width: 300px;word-wrap: break-word;float: left\">Propri\u00e9t\u00e9s : fournitures de th\u00e9rapie de r\u00e9adaptation. <\/div>\n<div style=\"min-width: 300px;max-width: 300px;word-wrap: break-word;float: left\">Lieu d&rsquo;origine&nbsp;: Guangdong, Chine<\/div>\n<\/p><\/div>\n<div style=\"width:auto\">\n<div style=\"min-width: 300px;max-width: 300px;word-wrap: break-word;float: left\">Nom de marque:Anbanjia <\/div>\n<div style=\"min-width: 300px;max-width: 300px;word-wrap: break-word;float: left\">Num\u00e9ro de mod\u00e8le&nbsp;: ABJ-Y01<\/div>\n<\/p><\/div>\n<div style=\"width:auto\">\n<div style=\"min-width: 300px;max-width: 300px;word-wrap: break-word;float: left\">Type&nbsp;: r\u00e9gulation de la pression art\u00e9rielle. <\/div>\n<div style=\"min-width: 300px;max-width: 300px;word-wrap: break-word;float: left\">Nom du produit: d\u00e9tecteur de veine infrarouge \u00e0 poign\u00e9e<\/div>\n<\/p><\/div>\n<div style=\"width:auto\">\n<div style=\"min-width: 300px;max-width: 300px;word-wrap: break-word;float: left\">Mod\u00e8le : ABJ-Y01 <\/div>\n<div style=\"min-width: 300px;max-width: 300px;word-wrap: break-word;float: left\">Taille:190*24*35mm<\/div>\n<\/p><\/div>\n<div style=\"width:auto\">\n<div style=\"min-width: 300px;max-width: 300px;word-wrap: break-word;float: left\">Batterie : batterie au lithium 3,7 V * 2 <\/div>\n<div style=\"min-width: 300px;max-width: 300px;word-wrap: break-word;float: left\">Chargeur : DC8.4v\/1000ma<\/div>\n<\/p><\/div>\n<div style=\"width:auto\">\n<div style=\"min-width: 300px;max-width: 300px;word-wrap: break-word;float: left\">NO&nbsp;: 260&nbsp;g <\/div>\n<div style=\"min-width: 300px;max-width: 300px;word-wrap: break-word;float: left\">Alimentation: brancher<\/div>\n<\/p><\/div>\n<div style=\"width:auto\">\n<div style=\"min-width: 300px;max-width: 300px;word-wrap: break-word;float: left\">Mat\u00e9riau : circuit imprim\u00e9 + plastique ABS. <\/div>\n<div style=\"min-width: 300px;max-width: 300px;word-wrap: break-word;float: left\">Imagerie d&rsquo;affichage&nbsp;: lumi\u00e8re infrarouge<\/div>\n<\/p><\/div>\n<div>Logo personnalis\u00e9(Min. Commande : 500 pi\u00e8ces)<\/div>\n<div>Emballage personnalis\u00e9(Min. Commande : 500 Pi\u00e8ces)<\/div>\n","protected":false},"featured_media":6475,"comment_status":"closed","ping_status":"closed","template":"","meta":[],"product_cat":[141],"product_tag":[],"class_list":["post-13062","product","type-product","status-publish","has-post-thumbnail","hentry","product_cat-chercheur-de-veine"],"_links":{"self":[{"href":"https:\/\/anbanjia.com.cn\/fr\/wp-json\/wp\/v2\/product\/13062","targetHints":{"allow":["GET"]}}],"collection":[{"href":"https:\/\/anbanjia.com.cn\/fr\/wp-json\/wp\/v2\/product"}],"about":[{"href":"https:\/\/anbanjia.com.cn\/fr\/wp-json\/wp\/v2\/types\/product"}],"replies":[{"embeddable":true,"href":"https:\/\/anbanjia.com.cn\/fr\/wp-json\/wp\/v2\/comments?post=13062"}],"wp:featuredmedia":[{"embeddable":true,"href":"https:\/\/anbanjia.com.cn\/fr\/wp-json\/wp\/v2\/media\/6475"}],"wp:attachment":[{"href":"https:\/\/anbanjia.com.cn\/fr\/wp-json\/wp\/v2\/media?parent=13062"}],"wp:term":[{"taxonomy":"product_cat","embeddable":true,"href":"https:\/\/anbanjia.com.cn\/fr\/wp-json\/wp\/v2\/product_cat?post=13062"},{"taxonomy":"product_tag","embeddable":true,"href":"https:\/\/anbanjia.com.cn\/fr\/wp-json\/wp\/v2\/product_tag?post=13062"}],"curies":[{"name":"wp","href":"https:\/\/api.w.org\/{rel}","templated":true}]}}