{"id":13058,"date":"2022-05-02T18:02:58","date_gmt":"2022-05-02T18:02:58","guid":{"rendered":"https:\/\/www.anbanjia.com.cn\/product\/nouvelle-mode-concentrateur-medical-concentrateur-doxygene-medical-portable\/"},"modified":"2022-05-02T18:02:58","modified_gmt":"2022-05-02T18:02:58","slug":"nouvelle-mode-concentrateur-medical-concentrateur-d-oxygene-portable-medical","status":"publish","type":"product","link":"https:\/\/anbanjia.com.cn\/fr\/produit\/nouvelle-mode-concentrateur-medical-concentrateur-d-oxygene-portable-medical\/","title":{"rendered":"Nouvelle mode concentrateur m\u00e9dical concentrateur d&rsquo;oxyg\u00e8ne m\u00e9dical portable"},"content":{"rendered":"<div style=\"max-width: 750px;margin: 0 auto;\">\n<p><span style=\"font-size: 32px; font-family: 'comic sans ms', sans-serif;\">Nouvelle mode concentrateur m\u00e9dical concentrateur d&rsquo;oxyg\u00e8ne m\u00e9dical portable<\/span><\/p>\n<div class=\"mceSectionContainer\" data-section=\"AliPostDhMb-hpsfx\" data-section-title=\"Product Description\" id=\"ali-anchor-AliPostDhMb-hpsfx\" style=\"padding-top: 8px;\">\n<div id=\"ali-title-AliPostDhMb-hpsfx\" style=\"padding: 8px 0; border-bottom: 1px solid #ddd;\"><span style=\"background-color: #ddd; color: #333; font-weight: bold; padding: 8px 10px; line-height: 12px;\">Description du produit<\/span><\/div>\n<div style=\"padding: 10px 0;\">\n<\/div>\n<\/div>\n<p style=\"margin: 0px; padding: 0px; font-size: 12px; font-style: normal; font-weight: normal; background-color: #ffffff; box-sizing: content-box; line-height: 18px; border: 0px; font-family: Arial, Helvetica; vertical-align: baseline; color: #333333; word-wrap: break-word;\"><span style=\"line-height: 18px; box-sizing: content-box; margin: 0px; padding: 0px; border: 0px; font-style: inherit; font-weight: inherit; font-size: inherit; font-family: 'times new roman', times; vertical-align: baseline; color: #ff0000;\"><span style=\"line-height: 30px; box-sizing: content-box; margin: 0px; padding: 0px; border: 0px; font-style: inherit; font-weight: inherit; font-size: 20px; vertical-align: baseline;\">Informations d\u00e9taill\u00e9es sur le g\u00e9n\u00e9rateur de concentrateur d&rsquo;oxyg\u00e8ne portable&nbsp;: <\/span><\/span><\/p>\n<p style=\"margin: 0px; padding: 0px; font-size: 12px; font-style: normal; font-weight: normal; background-color: #ffffff; box-sizing: content-box; line-height: 18px; border: 0px; font-family: Arial, Helvetica; vertical-align: baseline; color: #333333; word-wrap: break-word;\"><span style=\"line-height: 18px; box-sizing: content-box; margin: 0px; padding: 0px; border: 0px; font-style: inherit; font-weight: inherit; font-size: inherit; font-family: 'times new roman', times; vertical-align: baseline;\"><span style=\"line-height: 24px; box-sizing: content-box; margin: 0px; padding: 0px; border: 0px; font-style: inherit; font-weight: inherit; font-size: 16px; vertical-align: baseline;\">*Produit *Taille : 325 mm (L) * 198 mm (L) * 323 mm (H) <br \/>*Apr\u00e8s l&#8217;emballage Taille : 40 * 27 * 39CM<br \/>*Poids du produit&nbsp;: 6&nbsp;KG<br \/>*Alimentation du produit : AC220V\u00b122V;50HZ\u00b11HZ<br \/>* Bruit de fonctionnement&nbsp;: \u2264&nbsp;45&nbsp;dB<br \/>*Concentration d&rsquo;oxyg\u00e8ne&nbsp;: 30&nbsp;-%-90%<br \/>*D\u00e9bit d&rsquo;oxyg\u00e8ne : 1L\/min-5L\/min<br \/>*Certification&nbsp;:&nbsp;CE<br \/>*Condition d&rsquo;utilisation : M\u00e9nage<br \/>*Pression de sortie : 30kPa-70kPa<br \/>*Fonction&nbsp;: Oxyg\u00e9nation<br \/>*Installation : Portable 1L\/min : puret\u00e9 90 %, 2 L\/min : puret\u00e9 70 %, 3 L\/min : puret\u00e9 50 %, 4 L\/min : puret\u00e9 40 %, 5 L\/min : puret\u00e9 30 %<br \/>Br\u00e8ve description de ce concentrateur d&rsquo;oxyg\u00e8ne&nbsp;: grande sortie d&rsquo;oxyg\u00e8ne, nouvelle conception m\u00e9dicale, g\u00e9n\u00e9rateur de concentrateur d&rsquo;oxyg\u00e8ne portable, fonction de synchronisation\/fonction \u00e0 une touche\/super silence, grand \u00e9cran LCD.<\/span><\/span><\/p>\n<p><img decoding=\"async\" data-alt=\"New fashion Medical Concentrator oxygen concentrator portable medical\" data-src=\"\" ori-height=\"800\" ori-width=\"800\" src=\"https:\/\/anbanjia.com.cn\/wp-content\/uploads\/2022\/05\/unnamed-file-3.jpg\" style=\"max-width: 750;\"><img decoding=\"async\" data-alt=\"New fashion Medical Concentrator oxygen concentrator portable medical\" data-src=\"\" ori-height=\"445\" ori-width=\"591\" src=\"https:\/\/anbanjia.com.cn\/wp-content\/uploads\/2022\/05\/H159606a139ad4320ac2db51c5437e9ccg.jpg\"><img decoding=\"async\" data-alt=\"New fashion Medical Concentrator oxygen concentrator portable medical\" data-src=\"\" ori-height=\"887\" ori-width=\"892\" src=\"https:\/\/anbanjia.com.cn\/wp-content\/uploads\/2022\/05\/HTB1UJ4ebE_rK1Rjy0Fcq6zEvVXa0.jpg\"><img decoding=\"async\" data-alt=\"New fashion Medical Concentrator oxygen concentrator portable medical\" data-src=\"\" ori-height=\"343\" ori-width=\"497\" src=\"https:\/\/anbanjia.com.cn\/wp-content\/uploads\/2022\/05\/Hd1a237304b8948ecb44046252c7a4cd1u.png\"><\/p>\n<div class=\"mceSectionContainer\" data-section=\"AliPostDhMb-0mtzw\" data-section-title=\"Contact Information\" id=\"ali-anchor-AliPostDhMb-0mtzw\" style=\"padding-top: 8px;\">\n<div id=\"ali-title-AliPostDhMb-0mtzw\" style=\"padding: 8px 0; border-bottom: 1px solid #ddd;\"><span style=\"background-color: #ddd; color: #333; font-weight: bold; padding: 8px 10px; line-height: 12px;\">Coordonn\u00e9es<\/span><\/div>\n<div style=\"padding: 10px 0;\">\n<\/div>\n<\/div>\n<p> <img decoding=\"async\" data-alt=\"New fashion Medical Concentrator oxygen concentrator portable medical\" data-src=\"\" ori-height=\"271\" ori-width=\"760\" src=\"https:\/\/anbanjia.com.cn\/wp-content\/uploads\/2022\/05\/H462e2ac50b4a471d815b7183b87f21eeJ.png\"><\/p>\n<div class=\"mceSectionContainer\" data-section=\"AliPostDhMb-pwv6i\" data-section-title=\"Our Services\" id=\"ali-anchor-AliPostDhMb-pwv6i\" style=\"padding-top: 8px;\">\n<div id=\"ali-title-AliPostDhMb-pwv6i\" style=\"padding: 8px 0; border-bottom: 1px solid #ddd;\"><span style=\"background-color: #ddd; color: #333; font-weight: bold; padding: 8px 10px; line-height: 12px;\">Nos services<\/span><\/div>\n<div style=\"padding: 10px 0;\">\n<p style=\"margin: 0px; padding: 0px; border: 0px; font-style: normal; font-weight: normal; font-size: 14px; line-height: inherit; font-family: Arial,Helvetica; vertical-align: baseline; word-wrap: break-word; color: #333333; background-color: #ffffff;\"><span style=\"margin: 0px; padding: 0px; border: 0px; font-style: inherit; font-weight: inherit; font-size: inherit; line-height: 24px; vertical-align: baseline;\"><strong><span style=\"font-size: large;\">Nous prenons au s\u00e9rieux votre commande et appr\u00e9cions chaque demande qui nous est envoy\u00e9e, garantissant un prix comp\u00e9titif rapide.<\/span><\/strong><\/span><\/p>\n<p style=\"margin: 0px; padding: 0px; border: 0px; font-style: normal; font-weight: normal; font-size: 14px; line-height: inherit; font-family: Arial,Helvetica; vertical-align: baseline; word-wrap: break-word; color: #333333; background-color: #ffffff;\"><strong><span style=\"font-size: large;\">D\u00e9lai de livraison ponctuel :<\/span><\/strong><\/p>\n<p style=\"margin: 0px; padding: 0px; border: 0px; font-style: normal; font-weight: normal; font-size: 14px; line-height: inherit; font-family: Arial,Helvetica; vertical-align: baseline; word-wrap: break-word; color: #333333; background-color: #ffffff;\"><strong><span style=\"font-size: large;\">&#8211;nous passons votre commande et traitons imm\u00e9diatement, assurons votre d\u00e9lai de livraison ponctuel <\/span><\/strong><\/p>\n<p style=\"margin: 0px; padding: 0px; border: 0px; font-style: normal; font-weight: normal; font-size: 14px; line-height: inherit; font-family: Arial,Helvetica; vertical-align: baseline; word-wrap: break-word; color: #333333; background-color: #ffffff;\"><strong><span style=\"font-size: large;\">V\u00e9rifier avant exp\u00e9dition :<\/span><\/strong><\/p>\n<p style=\"margin: 0px; padding: 0px; border: 0px; font-style: normal; font-weight: normal; font-size: 14px; line-height: inherit; font-family: Arial,Helvetica; vertical-align: baseline; word-wrap: break-word; color: #333333; background-color: #ffffff;\"><strong><span style=\"font-size: large;\">&#8211;Nos coll\u00e8gues d&rsquo;inspection v\u00e9rifient la qualit\u00e9 avant l&rsquo;exp\u00e9dition, nous faisons un avis d&rsquo;exp\u00e9dition d\u00e8s que votre commande est exp\u00e9di\u00e9e<\/span><\/strong><\/p>\n<p style=\"margin: 0px; padding: 0px; border: 0px; font-style: normal; font-weight: normal; font-size: 14px; line-height: inherit; font-family: Arial,Helvetica; vertical-align: baseline; word-wrap: break-word; color: #333333; background-color: #ffffff;\"><strong><span style=\"font-size: large;\">Service apr\u00e8s-vente :<\/span><\/strong><\/p>\n<p style=\"margin: 0px; padding: 0px; border: 0px; font-style: normal; font-weight: normal; font-size: 14px; line-height: inherit; font-family: Arial,Helvetica; vertical-align: baseline; word-wrap: break-word; color: #333333; background-color: #ffffff;\"><strong><span style=\"font-size: large;\">Nous nous f\u00e9licitons de votre demande sur les marchandises et respectons vos commentaires apr\u00e8s <\/span><\/strong><\/p>\n<p style=\"margin: 0px; padding: 0px; border: 0px; font-style: normal; font-weight: normal; font-size: 14px; line-height: inherit; font-family: Arial,Helvetica; vertical-align: baseline; word-wrap: break-word; color: #333333; background-color: #ffffff;\"><strong><span style=\"font-size: large;\">recevoir la marchandise.<\/span><\/strong><\/p>\n<p style=\"margin: 0px; padding: 0px; border: 0px; font-style: normal; font-weight: normal; font-size: 14px; line-height: inherit; font-family: Arial,Helvetica; vertical-align: baseline; word-wrap: break-word; color: #333333; background-color: #ffffff;\"><strong><span style=\"font-size: large;\"><img decoding=\"async\" data-alt=\"New fashion Medical Concentrator oxygen concentrator portable medical\" data-src=\"\" ori-height=\"750\" ori-width=\"1000\" src=\"https:\/\/anbanjia.com.cn\/wp-content\/uploads\/2022\/05\/HTB1Je9WQpXXXXafXpXXq6xXFXXX1.jpg\"><\/span><\/strong><\/p>\n<p style=\"margin: 0px; padding: 0px; border: 0px; font-style: normal; font-weight: normal; font-size: 14px; line-height: inherit; font-family: Arial,Helvetica; vertical-align: baseline; word-wrap: break-word; color: #333333; background-color: #ffffff;\">\n<p style=\"margin: 0px; padding: 0px; border: 0px; font-style: normal; font-weight: normal; font-size: 14px; line-height: inherit; font-family: Arial,Helvetica; vertical-align: baseline; word-wrap: break-word; color: #333333; background-color: #ffffff;\">\n<\/div>\n<\/div>\n<div class=\"mceSectionContainer\" data-section=\"AliPostDhMb-psnhb\" data-section-title=\"Company Information\" id=\"ali-anchor-AliPostDhMb-psnhb\" style=\"padding-top: 8px;\">\n<div id=\"ali-title-AliPostDhMb-psnhb\" style=\"padding: 8px 0; border-bottom: 1px solid #ddd;\"><span style=\"background-color: #ddd; color: #333; font-weight: bold; padding: 8px 10px; line-height: 12px;\">Informations sur la soci\u00e9t\u00e9<\/span><\/div>\n<div style=\"padding: 10px 0;\">\n<p><img decoding=\"async\" data-alt=\"New fashion Medical Concentrator oxygen concentrator portable medical\" data-src=\"\" ori-height=\"944\" ori-width=\"750\" src=\"https:\/\/anbanjia.com.cn\/wp-content\/uploads\/2022\/05\/H2624fa5d782c4876bf4d35d9dc8a3fa9k.jpg\"><\/p>\n<\/div>\n<\/div>\n<p style=\"box-sizing: content-box; margin: 0px; font-size: 12px; font-weight: normal; line-height: 18px; padding: 0px; border: 0px; font-style: normal; font-family: Arial, Helvetica; vertical-align: baseline; color: #333333; background-color: #ffffff; word-wrap: break-word;\">\n<\/div>\n","protected":false},"excerpt":{"rendered":"<div style=\"width:auto\">\n<div style=\"min-width: 300px;max-width: 300px;word-wrap: break-word;float: left\">Lieu d&rsquo;origine&nbsp;: Guangdong, Chine <\/div>\n<div style=\"min-width: 300px;max-width: 300px;word-wrap: break-word;float: left\">Nom de marque:Anbanjia\/OEM<\/div>\n<\/p><\/div>\n<div style=\"width:auto\">\n<div style=\"min-width: 300px;max-width: 300px;word-wrap: break-word;float: left\">Num\u00e9ro de mod\u00e8le&nbsp;: ABJ-J21 <\/div>\n<div style=\"min-width: 300px;max-width: 300px;word-wrap: break-word;float: left\">Source d&rsquo;alimentation&nbsp;: \u00e9lectrique<\/div>\n<\/p><\/div>\n<div style=\"width:auto\">\n<div style=\"min-width: 300px;max-width: 300px;word-wrap: break-word;float: left\">Garantie : 1 an, 1 an <\/div>\n<div style=\"min-width: 300px;max-width: 300px;word-wrap: break-word;float: left\">Service apr\u00e8s-vente : Support technique en ligne<\/div>\n<\/p><\/div>\n<div style=\"width:auto\">\n<div style=\"min-width: 300px;max-width: 300px;word-wrap: break-word;float: left\">Mat\u00e9riel: Acrylique <\/div>\n<div style=\"min-width: 300px;max-width: 300px;word-wrap: break-word;float: left\">Dur\u00e9e de conservation&nbsp;: 6&nbsp;mois<\/div>\n<\/p><\/div>\n<div style=\"width:auto\">\n<div style=\"min-width: 300px;max-width: 300px;word-wrap: break-word;float: left\">Certificat de qualit\u00e9&nbsp;: ce <\/div>\n<div style=\"min-width: 300px;max-width: 300px;word-wrap: break-word;float: left\">Classification des instruments&nbsp;: classe&nbsp;II<\/div>\n<\/p><\/div>\n<div style=\"width:auto\">\n<div style=\"min-width: 300px;max-width: 300px;word-wrap: break-word;float: left\">Norme de s\u00e9curit\u00e9&nbsp;: GB\/T18830-2009 <\/div>\n<div style=\"min-width: 300px;max-width: 300px;word-wrap: break-word;float: left\">Type&nbsp;: Appareil respiratoire<\/div>\n<\/p><\/div>\n<div style=\"width:auto\">\n<div style=\"min-width: 300px;max-width: 300px;word-wrap: break-word;float: left\">Fonction&nbsp;: oxyg\u00e8ne <\/div>\n<div style=\"min-width: 300px;max-width: 300px;word-wrap: break-word;float: left\">Poids net&nbsp;: 12&nbsp;kg<\/div>\n<\/p><\/div>\n<div style=\"width:auto\">\n<div style=\"min-width: 300px;max-width: 300px;word-wrap: break-word;float: left\">D\u00e9bit d&rsquo;oxyg\u00e8ne&nbsp;: 0,6&nbsp;L\/min ~ 2&nbsp;L\/min <\/div>\n<div style=\"min-width: 300px;max-width: 300px;word-wrap: break-word;float: left\">Alimentation:AC220V\u00b122V, 50HZ\u00b11Hz(110V,60Hz)<\/div>\n<\/p><\/div>\n","protected":false},"featured_media":6723,"comment_status":"closed","ping_status":"closed","template":"","meta":[],"product_cat":[136],"product_tag":[],"class_list":["post-13058","product","type-product","status-publish","has-post-thumbnail","hentry","product_cat-concentrateur-doxygene"],"_links":{"self":[{"href":"https:\/\/anbanjia.com.cn\/fr\/wp-json\/wp\/v2\/product\/13058","targetHints":{"allow":["GET"]}}],"collection":[{"href":"https:\/\/anbanjia.com.cn\/fr\/wp-json\/wp\/v2\/product"}],"about":[{"href":"https:\/\/anbanjia.com.cn\/fr\/wp-json\/wp\/v2\/types\/product"}],"replies":[{"embeddable":true,"href":"https:\/\/anbanjia.com.cn\/fr\/wp-json\/wp\/v2\/comments?post=13058"}],"wp:featuredmedia":[{"embeddable":true,"href":"https:\/\/anbanjia.com.cn\/fr\/wp-json\/wp\/v2\/media\/6723"}],"wp:attachment":[{"href":"https:\/\/anbanjia.com.cn\/fr\/wp-json\/wp\/v2\/media?parent=13058"}],"wp:term":[{"taxonomy":"product_cat","embeddable":true,"href":"https:\/\/anbanjia.com.cn\/fr\/wp-json\/wp\/v2\/product_cat?post=13058"},{"taxonomy":"product_tag","embeddable":true,"href":"https:\/\/anbanjia.com.cn\/fr\/wp-json\/wp\/v2\/product_tag?post=13058"}],"curies":[{"name":"wp","href":"https:\/\/api.w.org\/{rel}","templated":true}]}}