{"id":13054,"date":"2022-05-02T18:02:59","date_gmt":"2022-05-02T18:02:59","guid":{"rendered":"https:\/\/www.anbanjia.com.cn\/product\/petit-concentrateur-doxygene-portable-pour-vehicule-de-voyage-a-bas-prix-avec-batterie\/"},"modified":"2022-05-02T18:02:59","modified_gmt":"2022-05-02T18:02:59","slug":"petit-prix-portable-voyage-vehicule-concentrateur-doxygene-avec-batterie","status":"publish","type":"product","link":"https:\/\/anbanjia.com.cn\/fr\/produit\/petit-prix-portable-voyage-vehicule-concentrateur-doxygene-avec-batterie\/","title":{"rendered":"Petit concentrateur d&rsquo;oxyg\u00e8ne portable pour v\u00e9hicule de voyage \u00e0 bas prix avec batterie"},"content":{"rendered":"<div style=\"max-width: 750px;margin: 0 auto;\">\n<div data-section=\"AliPostDhMb-kczpq\" data-section-title=\"Product Details\" id=\"ali-anchor-AliPostDhMb-kczpq\" style=\"padding-top: 8px;\">\n<div id=\"ali-title-AliPostDhMb-kczpq\" style=\"padding: 8px 0; border-bottom: 1px solid #ddd;\"><span style=\"background-color: #ddd; color: #333; font-weight: bold; padding: 8px 10px; line-height: 12px;\">d\u00e9tails du produit<\/span><\/div>\n<div style=\"padding: 10px 0;\">\n<p><img decoding=\"async\" data-alt=\"Low price small portable travel vehicle oxygen concentrator with battery\" data-src=\"\" ori-height=\"476\" ori-width=\"750\" src=\"https:\/\/anbanjia.com.cn\/wp-content\/uploads\/2022\/05\/HTB1pKcVSpXXXXa8XXXXq6xXFXXXs-2.jpg\" style=\"max-width: 750;\"><\/p>\n<p style=\"text-align: center;\"><span style=\"font-size: 24px; color: #0000ff;\">Mini concentrateur d&rsquo;oxyg\u00e8ne<\/span><\/p>\n<p style=\"text-align: center;\"><span style=\"font-size: 24px; color: #0000ff;\">Si vous avez des questions, n&rsquo;h\u00e9sitez pas \u00e0 me le dire.<\/span><\/p>\n<\/p>\n<p> <img decoding=\"async\" data-alt=\"Low price small portable travel vehicle oxygen concentrator with battery\" data-src=\"\" ori-height=\"1026\" ori-width=\"1026\" src=\"https:\/\/anbanjia.com.cn\/wp-content\/uploads\/2022\/05\/HTB14fflX16sK1RjSsrbq6xbDXXaa.jpg\"><img decoding=\"async\" data-alt=\"Low price small portable travel vehicle oxygen concentrator with battery\" data-src=\"\" ori-height=\"573\" ori-width=\"753\" src=\"https:\/\/anbanjia.com.cn\/wp-content\/uploads\/2022\/05\/unnamed-file-3.jpg\"><\/p>\n<p><span style=\"font-size: 24px; color: #ffffff; background-color: #3366ff;\">Avantage du produit&nbsp;:<\/span><br \/><span style=\"color: #3366ff; font-size: 16px;\">1. L\u00e9ger et portable. Seulement environ 2 kg, facile \u00e0 transporter.<\/span><br \/><span style=\"color: #3366ff; font-size: 16px;\">2. Moteur silencieux et silencieux, g\u00e9n\u00e9ration physique d&rsquo;oxyg\u00e8ne. En dessous de 45db.<\/span><br \/><span style=\"color: #3366ff; font-size: 16px;\">3. \u00c9conome en \u00e9nergie et rentable : taille mini, consommation d&rsquo;\u00e9nergie \u00e9conomique, concentre simplement l&rsquo;oxyg\u00e8ne pur de l&rsquo;air ambiant, donc c&rsquo;est presque sans frais. Une utilisation \u00e0 long terme peut vous faire \u00e9conomiser des milliers de dollars.<\/span><br \/><span style=\"color: #3366ff; font-size: 16px;\">4. Pratique : Il fournit un approvisionnement continu en oxyg\u00e8ne sans qu&rsquo;il soit n\u00e9cessaire de stocker et de remplacer les bouteilles.<\/span><br \/><span style=\"color: #3366ff; font-size: 16px;\">5. Fiable et facile \u00e0 entretenir. Gardez simplement le filtre d&rsquo;admission propre et exempt de poussi\u00e8re. Pas besoin d&rsquo;installation sp\u00e9ciale ni d&rsquo;attente de livraison pour remplir les r\u00e9servoirs comme l&rsquo;oxyg\u00e8ne liquide ou les r\u00e9servoirs d&rsquo;oxyg\u00e8ne.<\/span><br \/><span style=\"color: #3366ff; font-size: 16px;\">6. Facile \u00e0 utiliser. Syst\u00e8me de contr\u00f4le concis simplifi\u00e9 avec un design intensif sous le contr\u00f4le de seulement 2 boutons. .<\/span><br \/><span style=\"color: #3366ff; font-size: 16px;\">7. BONUS GRATUIT&nbsp;: la s\u00e9curit\u00e9 de l&rsquo;adaptateur standard international (100-240&nbsp;V) r\u00e9siste aux changements importants de pression et de fr\u00e9quence d&rsquo;alimentation. Cela rend cet article utilisable partout dans le monde.<\/span><br \/><span style=\"color: #3366ff; font-size: 16px;\">8. Fourni avec une batterie au lithium rechargeable pouvant \u00eatre utilis\u00e9e \u00e0 la maison. Dans une voiture et m\u00eame l&rsquo;endroit sans alimentation \u00e9lectrique.<\/span><br \/><span style=\"color: #3366ff; font-size: 16px;\">9. Fonctions avanc\u00e9es de charbon actif de photocatalyseur pour \u00e9liminer la poussi\u00e8re, les bact\u00e9ries et les odeurs de l&rsquo;air fournissant de l&rsquo;air propre et frais.<\/span><br \/><span style=\"color: #3366ff; font-size: 16px;\">10.Long temps de travail : il peut \u00eatre utilis\u00e9 pendant de longues heures branch\u00e9 en continu sur une prise murale ou de voiture. (jusqu&rsquo;\u00e0 8 heures en continu)<\/span><br \/><span style=\"color: #3366ff; font-size: 16px;\">11. Puret\u00e9 de l&rsquo;oxyg\u00e8ne \u00e0 29 (+\/-2)&nbsp;%, alimentation en oxyg\u00e8ne propre et riche en normes de vie.<\/span><\/p>\n<p><img decoding=\"async\" data-alt=\"Low price small portable travel vehicle oxygen concentrator with battery\" data-src=\"\" ori-height=\"800\" ori-width=\"1072\" src=\"https:\/\/anbanjia.com.cn\/wp-content\/uploads\/2022\/05\/unnamed-file-3.jpg\"><img decoding=\"async\" data-alt=\"Low price small portable travel vehicle oxygen concentrator with battery\" data-src=\"\" ori-height=\"1000\" ori-width=\"1000\" src=\"https:\/\/anbanjia.com.cn\/wp-content\/uploads\/2022\/05\/HTB1fCDrX0fvK1RjSszhq6AcGFXaF.jpg\"><img decoding=\"async\" data-alt=\"Low price small portable travel vehicle oxygen concentrator with battery\" data-src=\"\" ori-height=\"1000\" ori-width=\"1000\" src=\"https:\/\/anbanjia.com.cn\/wp-content\/uploads\/2022\/05\/HTB1azrnXZTxK1Rjy0Fgq6yovpXaj.jpg\"><img decoding=\"async\" data-alt=\"Low price small portable travel vehicle oxygen concentrator with battery\" data-src=\"\" ori-height=\"1000\" ori-width=\"1000\" src=\"https:\/\/anbanjia.com.cn\/wp-content\/uploads\/2022\/05\/HTB1n5jrXZnrK1RjSspkq6yuvXXaz.jpg\"><img decoding=\"async\" data-alt=\"Low price small portable travel vehicle oxygen concentrator with battery\" data-src=\"\" ori-height=\"1000\" ori-width=\"1000\" src=\"https:\/\/anbanjia.com.cn\/wp-content\/uploads\/2022\/05\/HTB1GvIMiSMmBKNjSZTEq6ysKpXaK.jpg\"><img decoding=\"async\" data-alt=\"Low price small portable travel vehicle oxygen concentrator with battery\" data-src=\"\" ori-height=\"1000\" ori-width=\"1000\" src=\"https:\/\/anbanjia.com.cn\/wp-content\/uploads\/2022\/05\/HTB1xKQZyVmWBuNjSspdq6zugXXaN.jpg\"><\/p>\n<\/div>\n<\/div>\n<div data-section=\"AliPostDhMb-qlv2n\" data-section-title=\"contact us\" id=\"ali-anchor-AliPostDhMb-qlv2n\" style=\"padding-top: 8px;\">\n<div id=\"ali-title-AliPostDhMb-qlv2n\" style=\"padding: 8px 0; border-bottom: 1px solid #ddd;\"><span style=\"background-color: #ddd; color: #333; font-weight: bold; padding: 8px 10px; line-height: 12px;\">Nous contacter<\/span><\/div>\n<div style=\"padding: 10px 0;\">\n<p><a href=\"https:\/\/abj-medical.en.alibaba.com\/contactinfo.html?spm=a2700.8304367.topnav.8.5d239224wxD2sy\" target=\"_blank\" rel=\"noopener\"><img decoding=\"async\" data-alt=\"Low price small portable travel vehicle oxygen concentrator with battery\" data-src=\"\" ori-height=\"332\" ori-width=\"800\" src=\"https:\/\/anbanjia.com.cn\/wp-content\/uploads\/2022\/05\/HTB1E_8LXOLxK1Rjy0Ffq6zYdVXay.jpg\"> <\/a><\/p>\n<\/div>\n<\/div>\n<div data-section=\"AliPostDhMb-62uzs\" data-section-title=\"Product Categories\" id=\"ali-anchor-AliPostDhMb-62uzs\" style=\"padding-top: 8px;\">\n<div id=\"ali-title-AliPostDhMb-62uzs\" style=\"padding: 8px 0; border-bottom: 1px solid #ddd;\"><span style=\"background-color: #ddd; color: #333; font-weight: bold; padding: 8px 10px; line-height: 12px;\">cat\u00e9gories de produits<\/span><\/div>\n<div style=\"padding: 10px 0;\">\n<p><a href=\"https:\/\/www.alibaba.com\/product-detail\/Babycare-Pregnancy-test-fetal-heartbeat-fetal_60751845426.html?spm=a2747.manage.list.130.671a71d2Ciz3gy\" target=\"_blank\" rel=\"noopener\"><img decoding=\"async\" data-alt=\"Low price small portable travel vehicle oxygen concentrator with battery\" data-src=\"\" ori-height=\"321\" ori-width=\"750\" src=\"https:\/\/anbanjia.com.cn\/wp-content\/uploads\/2022\/05\/HTB1cdBMXOLxK1Rjy0Ffq6zYdVXaj.jpg\"><\/a><\/p>\n<\/div>\n<\/div>\n<div data-section=\"AliPostDhMb-ho4en\" data-section-title=\"certificate\" id=\"ali-anchor-AliPostDhMb-ho4en\" style=\"padding-top: 8px;\">\n<div id=\"ali-title-AliPostDhMb-ho4en\" style=\"padding: 8px 0; border-bottom: 1px solid #ddd;\"><span style=\"background-color: #ddd; color: #333; font-weight: bold; padding: 8px 10px; line-height: 12px;\">certificat<\/span><\/div>\n<div style=\"padding: 10px 0;\">\n<p><img decoding=\"async\" data-alt=\"Low price small portable travel vehicle oxygen concentrator with battery\" data-src=\"\" ori-height=\"365\" ori-width=\"750\" src=\"https:\/\/anbanjia.com.cn\/wp-content\/uploads\/2022\/05\/HTB1Z1olSpXXXXctXXXXq6xXFXXXu-1.jpg\"> <\/p>\n<\/div>\n<\/div>\n<div data-section=\"AliPostDhMb-69t1h\" data-section-title=\"company information\" id=\"ali-anchor-AliPostDhMb-69t1h\" style=\"padding-top: 8px;\">\n<div id=\"ali-title-AliPostDhMb-69t1h\" style=\"padding: 8px 0; border-bottom: 1px solid #ddd;\"><span style=\"background-color: #ddd; color: #333; font-weight: bold; padding: 8px 10px; line-height: 12px;\">Informations sur la soci\u00e9t\u00e9<\/span><\/div>\n<div style=\"padding: 10px 0;\">\n<p><img decoding=\"async\" data-alt=\"Low price small portable travel vehicle oxygen concentrator with battery\" data-src=\"\" ori-height=\"1857\" ori-width=\"750\" src=\"https:\/\/anbanjia.com.cn\/wp-content\/uploads\/2022\/05\/HTB1MME3SpXXXXbJaXXXq6xXFXXXA-1.jpg\"> <\/p>\n<\/div>\n<\/div>\n<div data-section=\"AliPostDhMb-8850z\" data-section-title=\"Home\" id=\"ali-anchor-AliPostDhMb-8850z\" style=\"padding-top: 8px;\">\n<div id=\"ali-title-AliPostDhMb-8850z\" style=\"padding: 8px 0; border-bottom: 1px solid #ddd;\"><span style=\"background-color: #ddd; color: #333; font-weight: bold; padding: 8px 10px; line-height: 12px;\">Accueil<\/span><\/div>\n<div style=\"padding: 10px 0;\">\n<p><img decoding=\"async\" data-alt=\"Low price small portable travel vehicle oxygen concentrator with battery\" data-src=\"\" ori-height=\"172\" ori-width=\"750\" src=\"https:\/\/anbanjia.com.cn\/wp-content\/uploads\/2022\/05\/unnamed-file-3.jpg\"><\/p>\n<p><a href=\"https:\/\/abj-medical.en.alibaba.com\/?spm=a2700.8304367.topnav.1.7fb94f0d6W4Kaf\" target=\"_blank\" rel=\"noopener\"><img decoding=\"async\" data-alt=\"Low price small portable travel vehicle oxygen concentrator with battery\" data-src=\"\" ori-height=\"124\" ori-width=\"750\" src=\"https:\/\/anbanjia.com.cn\/wp-content\/uploads\/2022\/05\/HTB10aT7SpXXXXa7XFXXq6xXFXXXO-1.jpg\"> <\/a><\/p>\n<\/div>\n<\/div>\n<\/div>\n","protected":false},"excerpt":{"rendered":"<div style=\"width:auto\">\n<div style=\"min-width: 300px;max-width: 300px;word-wrap: break-word;float: left\">Nom de marque : ABJ\/OEM <\/div>\n<div style=\"min-width: 300px;max-width: 300px;word-wrap: break-word;float: left\">Num\u00e9ro de mod\u00e8le&nbsp;: ABJ-TP2<\/div>\n<\/p><\/div>\n<div style=\"width:auto\">\n<div style=\"min-width: 300px;max-width: 300px;word-wrap: break-word;float: left\">Classification des instruments&nbsp;: classe&nbsp;II <\/div>\n<div style=\"min-width: 300px;max-width: 300px;word-wrap: break-word;float: left\">Concentration d&rsquo;oxyg\u00e8ne&nbsp;: 29 %\u00b12%<\/div>\n<\/p><\/div>\n<div style=\"width:auto\">\n<div style=\"min-width: 300px;max-width: 300px;word-wrap: break-word;float: left\">Sortie de d\u00e9bit d&rsquo;air&nbsp;: environ 3&nbsp;+\/-1,5&nbsp;l\/min. <\/div>\n<div style=\"min-width: 300px;max-width: 300px;word-wrap: break-word;float: left\">Tension nominale : AC100V-240V \/DC12V-16.8V<\/div>\n<\/p><\/div>\n<div style=\"width:auto\">\n<div style=\"min-width: 300px;max-width: 300px;word-wrap: break-word;float: left\">Consommation d&rsquo;\u00e9nergie&nbsp;: 32&nbsp;W <\/div>\n<div style=\"min-width: 300px;max-width: 300px;word-wrap: break-word;float: left\">Taille du produit : 230 mm (L) * 110 mm (L) * 160 mm (H)<\/div>\n<\/p><\/div>\n<div style=\"width:auto\">\n<div style=\"min-width: 300px;max-width: 300px;word-wrap: break-word;float: left\">Bruit :\u226445dB <\/div>\n<div style=\"min-width: 300px;max-width: 300px;word-wrap: break-word;float: left\">Taille d&#8217;emballage:30*20*24CM<\/div>\n<\/p><\/div>\n<div>Logo personnalis\u00e9(Min. Commande : 200 pi\u00e8ces)<\/div>\n<div>Emballage personnalis\u00e9(Min. Commande : 200 pi\u00e8ces)<\/div>\n","protected":false},"featured_media":6763,"comment_status":"closed","ping_status":"closed","template":"","meta":[],"product_cat":[136],"product_tag":[],"class_list":["post-13054","product","type-product","status-publish","has-post-thumbnail","hentry","product_cat-concentrateur-doxygene"],"_links":{"self":[{"href":"https:\/\/anbanjia.com.cn\/fr\/wp-json\/wp\/v2\/product\/13054","targetHints":{"allow":["GET"]}}],"collection":[{"href":"https:\/\/anbanjia.com.cn\/fr\/wp-json\/wp\/v2\/product"}],"about":[{"href":"https:\/\/anbanjia.com.cn\/fr\/wp-json\/wp\/v2\/types\/product"}],"replies":[{"embeddable":true,"href":"https:\/\/anbanjia.com.cn\/fr\/wp-json\/wp\/v2\/comments?post=13054"}],"wp:featuredmedia":[{"embeddable":true,"href":"https:\/\/anbanjia.com.cn\/fr\/wp-json\/wp\/v2\/media\/6763"}],"wp:attachment":[{"href":"https:\/\/anbanjia.com.cn\/fr\/wp-json\/wp\/v2\/media?parent=13054"}],"wp:term":[{"taxonomy":"product_cat","embeddable":true,"href":"https:\/\/anbanjia.com.cn\/fr\/wp-json\/wp\/v2\/product_cat?post=13054"},{"taxonomy":"product_tag","embeddable":true,"href":"https:\/\/anbanjia.com.cn\/fr\/wp-json\/wp\/v2\/product_tag?post=13054"}],"curies":[{"name":"wp","href":"https:\/\/api.w.org\/{rel}","templated":true}]}}