{"id":13050,"date":"2022-05-02T18:02:55","date_gmt":"2022-05-02T18:02:55","guid":{"rendered":"https:\/\/www.anbanjia.com.cn\/product\/detecteur-de-veine-infrarouge-nouveau-style-visionneuse-de-veine-portative-medicale-pour-ponction-ou-injection\/"},"modified":"2022-05-02T18:02:55","modified_gmt":"2022-05-02T18:02:55","slug":"infrarouge-vein-finder-new-style-medical-portable-handheld-vein-viewer-for-puncture-or-inject","status":"publish","type":"product","link":"https:\/\/anbanjia.com.cn\/fr\/produit\/infrarouge-vein-finder-new-style-medical-portable-handheld-vein-viewer-for-puncture-or-inject\/","title":{"rendered":"D\u00e9tecteur de veine infrarouge nouveau style visionneuse de veine portative m\u00e9dicale pour ponction ou injection"},"content":{"rendered":"<div style=\"max-width: 750px;margin: 0 auto;\">\n<p><img decoding=\"async\" data-alt=\"Infrared vein finder new style medical portable handheld vein viewer for puncture or inject\" data-src=\"\" ori-height=\"280\" ori-width=\"746\" src=\"https:\/\/anbanjia.com.cn\/wp-content\/uploads\/2022\/05\/H2d00607136e64c9c89111d500178b4adZ.png\" style=\"max-width: 750;\"><\/p>\n<\/p>\n<p><strong><span style=\"font-size: 32px;\">   <span style=\"font-size: 24px;\">      <\/span>     <span style=\"font-size: 24px;\">D\u00e9tecteur de veine infrarouge New Style Medical <\/span><\/span><\/strong><\/p>\n<p><strong> <span style=\"font-size: 32px;\"><span style=\"font-size: 24px;\">Visionneuse portative portative de veine F<\/span><\/span> <span style=\"font-size: 24px;\">ou perforer ou injecter<\/span> <\/strong><\/p>\n<\/p>\n<p><img decoding=\"async\" data-alt=\"Infrared vein finder new style medical portable handheld vein viewer for puncture or inject\" data-src=\"\" ori-height=\"800\" ori-width=\"800\" src=\"https:\/\/anbanjia.com.cn\/wp-content\/uploads\/2022\/05\/H0c7089dcf3b7449199d8e40255375c47u.jpg\"><img decoding=\"async\" data-alt=\"Infrared vein finder new style medical portable handheld vein viewer for puncture or inject\" data-src=\"\" ori-height=\"640\" ori-width=\"640\" src=\"https:\/\/anbanjia.com.cn\/wp-content\/uploads\/2022\/05\/H3f8946194f954876b875f209e7697a55d.jpg\"><img decoding=\"async\" data-alt=\"Infrared vein finder new style medical portable handheld vein viewer for puncture or inject\" data-src=\"\" ori-height=\"706\" ori-width=\"748\" src=\"https:\/\/anbanjia.com.cn\/wp-content\/uploads\/2022\/05\/H19fc1af41c8b47c9ad79946c572f6ffdF.png\"><img decoding=\"async\" data-alt=\"Infrared vein finder new style medical portable handheld vein viewer for puncture or inject\" data-src=\"\" ori-height=\"800\" ori-width=\"800\" src=\"https:\/\/anbanjia.com.cn\/wp-content\/uploads\/2022\/05\/H7f7418ddaab3405b9afab43f10f666417.jpg\"><img decoding=\"async\" data-alt=\"Infrared vein finder new style medical portable handheld vein viewer for puncture or inject\" data-src=\"\" ori-height=\"800\" ori-width=\"800\" src=\"https:\/\/anbanjia.com.cn\/wp-content\/uploads\/2022\/05\/H78ea5224cf124d3ca4d1f8564cefefa7m.jpg\"><img decoding=\"async\" data-alt=\"Infrared vein finder new style medical portable handheld vein viewer for puncture or inject\" data-src=\"\" ori-height=\"800\" ori-width=\"800\" src=\"https:\/\/anbanjia.com.cn\/wp-content\/uploads\/2022\/05\/H9ce3032d92fe4c8990c7a9f46fe8a634n.jpg\"><img decoding=\"async\" data-alt=\"Infrared vein finder new style medical portable handheld vein viewer for puncture or inject\" data-src=\"\" ori-height=\"790\" ori-width=\"681\" src=\"https:\/\/anbanjia.com.cn\/wp-content\/uploads\/2022\/05\/H29e9ded9df854c99a626867bb48dae0cj.png\"><\/p>\n<\/p>\n<p style=\"margin: 0px; padding: 0px; color: #000000; font-family: Arial; font-size: 12px; font-style: normal; font-weight: 400;\"><span style=\"line-height: 27px; font-size: 18px;\">Caract\u00e9ristiques du produit:<\/span><\/p>\n<p style=\"margin: 0px; padding: 0px; color: #000000; font-family: Arial; font-size: 12px; font-style: normal; font-weight: 400;\"><span style=\"line-height: 27px; font-size: 18px;\">1. Notre d\u00e9tecteur de veines est portable, fiable et bon march\u00e9. il est pratique de charger<\/span><\/p>\n<p style=\"margin: 0px; padding: 0px; color: #000000; font-family: Arial; font-size: 12px; font-style: normal; font-weight: 400;\"><span style=\"line-height: 27px; font-size: 18px;\">2. Il aide les infirmi\u00e8res et les m\u00e9decins \u00e0 trouver les veines facilement et rapidement, afin de r\u00e9duire les piq\u00fbres d&rsquo;aiguille douloureuses r\u00e9p\u00e9titives des patients.<\/span><\/p>\n<p style=\"margin: 0px; padding: 0px; color: #000000; font-family: Arial; font-size: 12px; font-style: normal; font-weight: 400;\"><span style=\"line-height: 27px; font-size: 18px;\">3. Convient aux adultes, aux enfants, aux nourrissons, aux vieillards, aux gros hommes, qui ne trouvent pas facilement les veines.<\/span><\/p>\n<pre> <\/pre>\n<\/p>\n<p><img decoding=\"async\" data-alt=\"Infrared vein finder new style medical portable handheld vein viewer for puncture or inject\" data-src=\"\" ori-height=\"944\" ori-width=\"750\" src=\"https:\/\/anbanjia.com.cn\/wp-content\/uploads\/2022\/05\/H2624fa5d782c4876bf4d35d9dc8a3fa9k.jpg\"><\/p>\n<p><img decoding=\"async\" data-src=\"\" ori-height=\"271\" ori-width=\"760\" src=\"https:\/\/anbanjia.com.cn\/wp-content\/uploads\/2022\/05\/Hee9408d448ab460f94c285e537e347025.png\"><\/p>\n<\/div>\n","protected":false},"excerpt":{"rendered":"<div style=\"width:auto\">\n<div style=\"min-width: 300px;max-width: 300px;word-wrap: break-word;float: left\">Lieu d&rsquo;origine&nbsp;: Guangdong, Chine <\/div>\n<div style=\"min-width: 300px;max-width: 300px;word-wrap: break-word;float: left\">Nom de marque : ABJ<\/div>\n<\/p><\/div>\n<div style=\"width:auto\">\n<div style=\"min-width: 300px;max-width: 300px;word-wrap: break-word;float: left\">Num\u00e9ro de mod\u00e8le : Y01 <\/div>\n<div style=\"min-width: 300px;max-width: 300px;word-wrap: break-word;float: left\">Source d&rsquo;alimentation&nbsp;: \u00c9lectricit\u00e9<\/div>\n<\/p><\/div>\n<div style=\"width:auto\">\n<div style=\"min-width: 300px;max-width: 300px;word-wrap: break-word;float: left\">Garantie : AUCUNE <\/div>\n<div style=\"min-width: 300px;max-width: 300px;word-wrap: break-word;float: left\">Service apr\u00e8s-vente : AUCUN<\/div>\n<\/p><\/div>\n<div style=\"width:auto\">\n<div style=\"min-width: 300px;max-width: 300px;word-wrap: break-word;float: left\">Mode d&rsquo;alimentation&nbsp;: enfichable <\/div>\n<div style=\"min-width: 300px;max-width: 300px;word-wrap: break-word;float: left\">Mat\u00e9riel:Plastique<\/div>\n<\/p><\/div>\n<div style=\"width:auto\">\n<div style=\"min-width: 300px;max-width: 300px;word-wrap: break-word;float: left\">Dur\u00e9e de conservation&nbsp;: 6&nbsp;mois <\/div>\n<div style=\"min-width: 300px;max-width: 300px;word-wrap: break-word;float: left\">Certificat de qualit\u00e9&nbsp;: ce<\/div>\n<\/p><\/div>\n<div style=\"width:auto\">\n<div style=\"min-width: 300px;max-width: 300px;word-wrap: break-word;float: left\">Classification des instruments&nbsp;: classe&nbsp;II <\/div>\n<div style=\"min-width: 300px;max-width: 300px;word-wrap: break-word;float: left\">Norme de s\u00e9curit\u00e9&nbsp;:&nbsp;Aucune<\/div>\n<\/p><\/div>\n<div style=\"width:auto\">\n<div style=\"min-width: 300px;max-width: 300px;word-wrap: break-word;float: left\">Nom du produit : \u00e9cran de veine. <\/div>\n<div style=\"min-width: 300px;max-width: 300px;word-wrap: break-word;float: left\">Mod\u00e8le : ABJ-Y01<\/div>\n<\/p><\/div>\n<div style=\"width:auto\">\n<div style=\"min-width: 300px;max-width: 300px;word-wrap: break-word;float: left\">Taille:190*24*35mm <\/div>\n<div style=\"min-width: 300px;max-width: 300px;word-wrap: break-word;float: left\">Batterie : batterie au lithium 3,7 V * 2<\/div>\n<\/p><\/div>\n<div style=\"width:auto\">\n<div style=\"min-width: 300px;max-width: 300px;word-wrap: break-word;float: left\">Chargeur : DC8.4v\/1000ma <\/div>\n<div style=\"min-width: 300px;max-width: 300px;word-wrap: break-word;float: left\">NO&nbsp;: 260&nbsp;g<\/div>\n<\/p><\/div>\n","protected":false},"featured_media":6475,"comment_status":"closed","ping_status":"closed","template":"","meta":[],"product_cat":[141],"product_tag":[],"class_list":["post-13050","product","type-product","status-publish","has-post-thumbnail","hentry","product_cat-chercheur-de-veine"],"_links":{"self":[{"href":"https:\/\/anbanjia.com.cn\/fr\/wp-json\/wp\/v2\/product\/13050","targetHints":{"allow":["GET"]}}],"collection":[{"href":"https:\/\/anbanjia.com.cn\/fr\/wp-json\/wp\/v2\/product"}],"about":[{"href":"https:\/\/anbanjia.com.cn\/fr\/wp-json\/wp\/v2\/types\/product"}],"replies":[{"embeddable":true,"href":"https:\/\/anbanjia.com.cn\/fr\/wp-json\/wp\/v2\/comments?post=13050"}],"wp:featuredmedia":[{"embeddable":true,"href":"https:\/\/anbanjia.com.cn\/fr\/wp-json\/wp\/v2\/media\/6475"}],"wp:attachment":[{"href":"https:\/\/anbanjia.com.cn\/fr\/wp-json\/wp\/v2\/media?parent=13050"}],"wp:term":[{"taxonomy":"product_cat","embeddable":true,"href":"https:\/\/anbanjia.com.cn\/fr\/wp-json\/wp\/v2\/product_cat?post=13050"},{"taxonomy":"product_tag","embeddable":true,"href":"https:\/\/anbanjia.com.cn\/fr\/wp-json\/wp\/v2\/product_tag?post=13050"}],"curies":[{"name":"wp","href":"https:\/\/api.w.org\/{rel}","templated":true}]}}