{"id":13042,"date":"2022-05-02T18:03:01","date_gmt":"2022-05-02T18:03:01","guid":{"rendered":"https:\/\/www.anbanjia.com.cn\/product\/inhalateur-de-cylindre-de-pression-de-compteur-doxygene-de-regulateur-de-menage-avec-humidification\/"},"modified":"2022-05-02T18:03:01","modified_gmt":"2022-05-02T18:03:01","slug":"detendeur-domestique-compteur-d-oxygene-bouteille-de-pression-inhalateur-avec-humidificateur","status":"publish","type":"product","link":"https:\/\/anbanjia.com.cn\/fr\/produit\/detendeur-domestique-compteur-d-oxygene-bouteille-de-pression-inhalateur-avec-humidificateur\/","title":{"rendered":"Inhalateur de cylindre de pression de compteur d&rsquo;oxyg\u00e8ne de r\u00e9gulateur de m\u00e9nage avec humidification"},"content":{"rendered":"<div style=\"max-width: 750px;margin: 0 auto;\">\n<div class=\"mceSectionContainer\" data-section=\"AliPostDhMb-ljvh5\" data-section-title=\"Product Details\" id=\"ali-anchor-AliPostDhMb-ljvh5\" style=\"padding-top: 8px;\">\n<div id=\"ali-title-AliPostDhMb-ljvh5\" style=\"padding: 8px 0; border-bottom: 1px solid #ddd;\"><span style=\"background-color: #ddd; color: #333; font-weight: bold; padding: 8px 10px; line-height: 12px;\">d\u00e9tails du produit<\/span><\/div>\n<div style=\"padding: 10px 0;\">\n<p style=\"text-align: center;\"><span style=\"font-size: 24px;\"><strong>Aspirateur de machine d&rsquo;aspiration chirurgicale portable d&rsquo;appareil d&rsquo;aspiration \u00e9lectrique chirurgical m\u00e9dical<\/strong><\/span><\/p>\n<table border=\"1\" style=\"border-collapse: collapse; background-color: #ffffff; width: 707px; height: 502px;\">\n<tbody>\n<tr style=\"height: 53px;\">\n<td style=\"width: 353px; text-align: center; height: 53px;\"><span style=\"font-size: 18px;\"><strong>Nom du produit<\/strong><\/span><\/td>\n<td style=\"width: 348px; text-align: center; height: 53px;\"><span style=\"font-size: 18px;\"><strong>Type de bou\u00e9e\u00b7inhalateur d&rsquo;oxyg\u00e8ne<\/strong><\/span><\/td>\n<\/tr>\n<tr style=\"height: 38px;\">\n<td style=\"width: 353px; text-align: center; height: 38px;\"><span style=\"font-size: 18px;\"><strong>Pression d&rsquo;entr\u00e9e<\/strong><\/span><\/td>\n<p>&lt; <\/p>\n<td style=\"width: 348px; text-align: center; height: 38px;\"><span style=\"font-size: 18px;\"><strong>15Mpa<\/strong><\/span><\/td>\n<\/tr>\n<tr style=\"height: 38px;\">\n<td style=\"width: 353px; text-align: center; height: 38px;\"><span style=\"font-size: 18px;\"><strong>Pression de sortie<\/strong><\/span><\/td>\n<td style=\"width: 348px; text-align: center; height: 38px;\"><span style=\"font-size: 18px;\"><strong>0.25Mpa<\/strong><\/span><\/td>\n<\/tr>\n<tr style=\"height: 38px;\">\n<td style=\"width: 353px; text-align: center; height: 38px;\"><span style=\"font-size: 18px;\"><strong>Plage de r\u00e9glage du d\u00e9bit<\/strong><\/span><\/td>\n<td style=\"width: 348px; text-align: center; height: 38px;\"><span style=\"font-size: 18px;\"><strong>1-10L\/min<\/strong><\/span><\/td>\n<\/tr>\n<tr style=\"height: 38px;\">\n<td style=\"width: 353px; text-align: center; height: 38px;\"><span style=\"font-size: 18px;\"><strong>Soupape de s\u00e9curit\u00e9<\/strong><\/span><\/td>\n<td style=\"width: 348px; text-align: center; height: 38px;\"><span style=\"font-size: 18px;\"><strong>0.5Mpa \u00e9chappement automatique<\/strong><\/span><\/td>\n<\/tr>\n<tr style=\"height: 38px;\">\n<td style=\"width: 353px; text-align: center; height: 38px;\"><span style=\"font-size: 18px;\"><strong>Filetage import\u00e9<\/strong><\/span><\/td>\n<td style=\"width: 348px; text-align: center; height: 38px;\"><span style=\"font-size: 18px;\"><strong>G5\/8\u00a0\u00bb<\/strong><\/span><\/td>\n<\/tr>\n<tr style=\"height: 38px;\">\n<td style=\"width: 353px; text-align: center; height: 38px;\"><span style=\"font-size: 18px;\"><strong>Filetage d&rsquo;exportation<\/strong><\/span><\/td>\n<td style=\"width: 348px; text-align: center; height: 38px;\"><span style=\"font-size: 18px;\"><strong>M12x1<\/strong><\/span><\/td>\n<\/tr>\n<\/tbody>\n<\/table>\n<p><span style=\"font-size: 24px;\"><strong>Introduction:<\/strong><\/span><\/p>\n<p><span style=\"font-size: 18px;\">Il est principalement utilis\u00e9 dans le syst\u00e8me d&rsquo;alimentation en oxyg\u00e8ne du centre m\u00e9dical, qui est utilis\u00e9 par les unit\u00e9s m\u00e9dicales pour donner de l&rsquo;oxyg\u00e8ne et des patients hypoxiques pour l&rsquo;inhalation d&rsquo;oxyg\u00e8ne, les instituts de recherche scientifique, l&rsquo;industrie et l&rsquo;exploitation mini\u00e8re et d&rsquo;autres dispositifs de contr\u00f4le du d\u00e9bit d&rsquo;inhalation. Le d\u00e9bit de l&rsquo;inhalateur d&rsquo;oxyg\u00e8ne est pr\u00e9cis, pratique et s\u00fbr \u00e0 utiliser. C&rsquo;est un appareil essentiel pour l&rsquo;oxyg\u00e9noth\u00e9rapie pour les patients dans les salles d&rsquo;urgence et les services hospitaliers<\/span><\/p>\n<p><span style=\"font-size: 18px;\">principe de fonctionnement<\/span><br \/><span style=\"font-size: 18px;\">Le r\u00f4le de l&rsquo;inhalateur d&rsquo;oxyg\u00e8ne est de fournir une pression et un d\u00e9bit constants et continus d&rsquo;oxyg\u00e8ne aux patients. L&rsquo;inhalateur d&rsquo;oxyg\u00e8ne enfichable pour bouteille utilise son propre dispositif de r\u00e9duction de pression pour r\u00e9duire la haute pression dans la bouteille d&rsquo;oxyg\u00e8ne (pression de 15 MPa lorsque la bouteille est pleine) \u00e0 une basse pression adapt\u00e9e \u00e0 un usage humain (0,2 ~ 0,2 MPa), puis sortie vers le corps humain apr\u00e8s avoir \u00e9t\u00e9 humidifi\u00e9 par l&rsquo;eau. \u00c9tant donn\u00e9 que l&rsquo;inhalateur d&rsquo;oxyg\u00e8ne enfichable mural a une pression d&rsquo;entr\u00e9e de 0,2 ~ 0,4 MPa, il n&rsquo;a pas besoin d&rsquo;\u00eatre d\u00e9compress\u00e9 et peut \u00eatre directement envoy\u00e9 au corps humain.<\/span><\/p>\n<p><span style=\"font-size: 18px;\"><img decoding=\"async\" data-alt=\"Household regulator oxygen meter pressure cylinder inhaler with humidifying\" data-src=\"\" ori-height=\"800\" ori-width=\"800\" src=\"https:\/\/anbanjia.com.cn\/wp-content\/uploads\/2022\/05\/Hdfb8de8ac8d34552aea13fd5f6de4a7b1.jpg\" style=\"max-width: 750;\"><img decoding=\"async\" data-alt=\"Household regulator oxygen meter pressure cylinder inhaler with humidifying\" data-src=\"\" ori-height=\"800\" ori-width=\"800\" src=\"https:\/\/anbanjia.com.cn\/wp-content\/uploads\/2022\/05\/H96c5d8e05a94414382e40ce59c68abf2o.jpg\"><img decoding=\"async\" data-alt=\"Household regulator oxygen meter pressure cylinder inhaler with humidifying\" data-src=\"\" ori-height=\"800\" ori-width=\"800\" src=\"https:\/\/anbanjia.com.cn\/wp-content\/uploads\/2022\/05\/H178fb4b6d89b48ceb58138076d268965d.jpg\"><img decoding=\"async\" data-alt=\"Household regulator oxygen meter pressure cylinder inhaler with humidifying\" data-src=\"\" ori-height=\"800\" ori-width=\"800\" src=\"https:\/\/anbanjia.com.cn\/wp-content\/uploads\/2022\/05\/H4e429c6e674840aa94464d35d3ae601cB.jpg\"><img decoding=\"async\" data-alt=\"Household regulator oxygen meter pressure cylinder inhaler with humidifying\" data-src=\"\" ori-height=\"800\" ori-width=\"800\" src=\"https:\/\/anbanjia.com.cn\/wp-content\/uploads\/2022\/05\/H178fb4b6d89b48ceb58138076d268965d.jpg\"><img decoding=\"async\" data-alt=\"Household regulator oxygen meter pressure cylinder inhaler with humidifying\" data-src=\"\" ori-height=\"800\" ori-width=\"800\" src=\"https:\/\/anbanjia.com.cn\/wp-content\/uploads\/2022\/05\/H57e5909876274489b4b03e254fcafa86k.jpg\"><img decoding=\"async\" data-alt=\"Household regulator oxygen meter pressure cylinder inhaler with humidifying\" data-src=\"\" ori-height=\"800\" ori-width=\"800\" src=\"https:\/\/anbanjia.com.cn\/wp-content\/uploads\/2022\/05\/H50b4943df6ab4f2281ddc3afbb27dfad0.jpg\"><img decoding=\"async\" data-alt=\"Household regulator oxygen meter pressure cylinder inhaler with humidifying\" data-src=\"\" ori-height=\"800\" ori-width=\"800\" src=\"https:\/\/anbanjia.com.cn\/wp-content\/uploads\/2022\/05\/H571b3c22cf464104b148c341a8d93087O.jpg\"><img decoding=\"async\" data-alt=\"Household regulator oxygen meter pressure cylinder inhaler with humidifying\" data-src=\"\" ori-height=\"1920\" ori-width=\"1440\" src=\"https:\/\/anbanjia.com.cn\/wp-content\/uploads\/2022\/05\/H1904a56cba844143acaace6e1a24d2a7b.jpg\"><img decoding=\"async\" data-alt=\"Household regulator oxygen meter pressure cylinder inhaler with humidifying\" data-src=\"\" ori-height=\"800\" ori-width=\"800\" src=\"https:\/\/anbanjia.com.cn\/wp-content\/uploads\/2022\/05\/H68133c361fe44a6c9cb14ded4cc8edc9o.jpg\"><img decoding=\"async\" data-alt=\"Household regulator oxygen meter pressure cylinder inhaler with humidifying\" data-src=\"\" ori-height=\"800\" ori-width=\"800\" src=\"https:\/\/anbanjia.com.cn\/wp-content\/uploads\/2022\/05\/Hd172e361694f424eb187d5cd172829f34.jpg\"><\/span><\/p>\n<\/p><\/div>\n<\/p><\/div>\n<div class=\"mceSectionContainer\" data-section=\"AliPostDhMb-g8zpw\" data-section-title=\"contact us\" id=\"ali-anchor-AliPostDhMb-g8zpw\" style=\"padding-top: 8px;\">\n<div id=\"ali-title-AliPostDhMb-g8zpw\" style=\"padding: 8px 0; border-bottom: 1px solid #ddd;\"><span style=\"background-color: #ddd; color: #333; font-weight: bold; padding: 8px 10px; line-height: 12px;\">Nous contacter<\/span><\/div>\n<div style=\"padding: 10px 0;\">\n<p><a href=\"https:\/\/abj-medical.en.alibaba.com\/contactinfo.html?spm=a2700.8304367.topnav.8.5d239224wxD2sy\" target=\"_blank\" rel=\"noopener\"> <img decoding=\"async\" data-alt=\"Household regulator oxygen meter pressure cylinder inhaler with humidifying\" data-src=\"\" ori-height=\"271\" ori-width=\"760\" src=\"https:\/\/anbanjia.com.cn\/wp-content\/uploads\/2022\/05\/H4a476ca2a62642c5955586ce8e509aa6M.png\"><\/a><\/p>\n<\/p><\/div>\n<\/p><\/div>\n<div class=\"mceSectionContainer\" data-section=\"AliPostDhMb-vv6n9\" data-section-title=\"Product Categories\" id=\"ali-anchor-AliPostDhMb-vv6n9\" style=\"padding-top: 8px;\">\n<div id=\"ali-title-AliPostDhMb-vv6n9\" style=\"padding: 8px 0; border-bottom: 1px solid #ddd;\"><span style=\"background-color: #ddd; color: #333; font-weight: bold; padding: 8px 10px; line-height: 12px;\">cat\u00e9gories de produits<\/span><\/div>\n<div style=\"padding: 10px 0;\">\n<p> <a href=\"https:\/\/abj-medical.en.alibaba.com\/productgrouplist-804871560\/Electric_wheelchair_and_apparatus.html?spm=a2700.icbuShop.88.30.704a44ebaAhP4D\" target=\"_blank\" rel=\"noopener\"><img decoding=\"async\" data-alt=\"Household regulator oxygen meter pressure cylinder inhaler with humidifying\" data-src=\"\" ori-height=\"285\" ori-width=\"750\" src=\"https:\/\/anbanjia.com.cn\/wp-content\/uploads\/2022\/05\/HTB1ERWiSFXXXXasXXXXq6xXFXXXw.jpg\"><\/a><\/p>\n<\/p><\/div>\n<\/p><\/div>\n<div class=\"mceSectionContainer\" data-section=\"AliPostDhMb-ub5hb\" data-section-title=\"certificate\" id=\"ali-anchor-AliPostDhMb-ub5hb\" style=\"padding-top: 8px;\">\n<div id=\"ali-title-AliPostDhMb-ub5hb\" style=\"padding: 8px 0; border-bottom: 1px solid #ddd;\"><span style=\"background-color: #ddd; color: #333; font-weight: bold; padding: 8px 10px; line-height: 12px;\">certificat<\/span><\/div>\n<div style=\"padding: 10px 0;\">\n<p><img decoding=\"async\" data-alt=\"Household regulator oxygen meter pressure cylinder inhaler with humidifying\" data-src=\"\" ori-height=\"365\" ori-width=\"750\" src=\"https:\/\/anbanjia.com.cn\/wp-content\/uploads\/2022\/05\/HTB1Z1olSpXXXXctXXXXq6xXFXXXu-1.jpg\"> <\/p>\n<\/p><\/div>\n<\/p><\/div>\n<div class=\"mceSectionContainer\" data-section=\"AliPostDhMb-yhho8\" data-section-title=\"company information\" id=\"ali-anchor-AliPostDhMb-yhho8\" style=\"padding-top: 8px;\">\n<div id=\"ali-title-AliPostDhMb-yhho8\" style=\"padding: 8px 0; border-bottom: 1px solid #ddd;\"><span style=\"background-color: #ddd; color: #333; font-weight: bold; padding: 8px 10px; line-height: 12px;\">Informations sur la soci\u00e9t\u00e9<\/span><\/div>\n<div style=\"padding: 10px 0;\">\n<p><img decoding=\"async\" data-src=\"\" ori-height=\"1100\" ori-width=\"750\" src=\"https:\/\/anbanjia.com.cn\/wp-content\/uploads\/2022\/05\/HTB1HgKPcQ5E3KVjSZFCq6zuzXXay.jpg\"><\/p>\n<\/p><\/div>\n<\/p><\/div>\n<div class=\"mceSectionContainer\" data-section=\"AliPostDhMb-dlpgq\" data-section-title=\"Home\" id=\"ali-anchor-AliPostDhMb-dlpgq\" style=\"padding-top: 8px;\">\n<div id=\"ali-title-AliPostDhMb-dlpgq\" style=\"padding: 8px 0; border-bottom: 1px solid #ddd;\"><span style=\"background-color: #ddd; color: #333; font-weight: bold; padding: 8px 10px; line-height: 12px;\">Accueil<\/span><\/div>\n<div style=\"padding: 10px 0;\">\n<p><img decoding=\"async\" data-alt=\"Household regulator oxygen meter pressure cylinder inhaler with humidifying\" data-src=\"\" ori-height=\"172\" ori-width=\"750\" src=\"https:\/\/anbanjia.com.cn\/wp-content\/uploads\/2022\/05\/unnamed-file-3.jpg\"><\/p>\n<p><a href=\"https:\/\/abj-medical.en.alibaba.com\/?spm=a2700.8304367.topnav.1.7fb94f0d6W4Kaf\" target=\"_blank\" rel=\"noopener\"><img decoding=\"async\" data-alt=\"Household regulator oxygen meter pressure cylinder inhaler with humidifying\" data-src=\"\" ori-height=\"124\" ori-width=\"750\" src=\"https:\/\/anbanjia.com.cn\/wp-content\/uploads\/2022\/05\/HTB10aT7SpXXXXa7XFXXq6xXFXXXO-1.jpg\"><\/a> <\/p>\n<\/p><\/div>\n<\/p><\/div>\n<\/div>\n","protected":false},"excerpt":{"rendered":"<div style=\"width:auto\">\n<div style=\"min-width: 300px;max-width: 300px;word-wrap: break-word;float: left\">Lieu d&rsquo;origine : Chine <\/div>\n<div style=\"min-width: 300px;max-width: 300px;word-wrap: break-word;float: left\">Nom de marque:Anbanjia<\/div>\n<\/p><\/div>\n<div style=\"width:auto\">\n<div style=\"min-width: 300px;max-width: 300px;word-wrap: break-word;float: left\">Num\u00e9ro de mod\u00e8le&nbsp;: KL05 <\/div>\n<div style=\"min-width: 300px;max-width: 300px;word-wrap: break-word;float: left\">Source d&rsquo;alimentation : MANUEL<\/div>\n<\/p><\/div>\n<div style=\"width:auto\">\n<div style=\"min-width: 300px;max-width: 300px;word-wrap: break-word;float: left\">Garantie 1 ann\u00e9e <\/div>\n<div style=\"min-width: 300px;max-width: 300px;word-wrap: break-word;float: left\">Service apr\u00e8s-vente : AUCUN<\/div>\n<\/p><\/div>\n<div style=\"width:auto\">\n<div style=\"min-width: 300px;max-width: 300px;word-wrap: break-word;float: left\">Mat\u00e9riel:Plastique <\/div>\n<div style=\"min-width: 300px;max-width: 300px;word-wrap: break-word;float: left\">Dur\u00e9e de conservation&nbsp;: 1&nbsp;ans<\/div>\n<\/p><\/div>\n<div style=\"width:auto\">\n<div style=\"min-width: 300px;max-width: 300px;word-wrap: break-word;float: left\">Certificat de qualit\u00e9&nbsp;: ce <\/div>\n<div style=\"min-width: 300px;max-width: 300px;word-wrap: break-word;float: left\">Classification des instruments&nbsp;: classe&nbsp;II<\/div>\n<\/p><\/div>\n<div style=\"width:auto\">\n<div style=\"min-width: 300px;max-width: 300px;word-wrap: break-word;float: left\">Norme de s\u00e9curit\u00e9&nbsp;:&nbsp;Aucune <\/div>\n<div style=\"min-width: 300px;max-width: 300px;word-wrap: break-word;float: left\">Tension d&rsquo;entr\u00e9e :&lt;15Mpa<\/div>\n<\/p><\/div>\n<div style=\"width:auto\">\n<div style=\"min-width: 300px;max-width: 300px;word-wrap: break-word;float: left\">tension de sortie&nbsp;: 0,25&nbsp;Mpa <\/div>\n<div style=\"min-width: 300px;max-width: 300px;word-wrap: break-word;float: left\">R\u00e9gulation du d\u00e9bit : 1-10L\/MIN<\/div>\n<\/p><\/div>\n<div style=\"width:auto\">\n<div style=\"min-width: 300px;max-width: 300px;word-wrap: break-word;float: left\">Soupape de s\u00e9curit\u00e9 : \u00c9chappement automatique de 0,5 MPa <\/div>\n<div style=\"min-width: 300px;max-width: 300px;word-wrap: break-word;float: left\">Filetage import\u00e9 : G5\/8<\/div>\n<\/p><\/div>\n<div>Logo personnalis\u00e9(Min. Commande : 500 pi\u00e8ces)<\/div>\n<div>Emballage personnalis\u00e9(Min. Commande : 500 Pi\u00e8ces)<\/div>\n","protected":false},"featured_media":6861,"comment_status":"closed","ping_status":"closed","template":"","meta":[],"product_cat":[136],"product_tag":[],"class_list":["post-13042","product","type-product","status-publish","has-post-thumbnail","hentry","product_cat-concentrateur-doxygene"],"_links":{"self":[{"href":"https:\/\/anbanjia.com.cn\/fr\/wp-json\/wp\/v2\/product\/13042","targetHints":{"allow":["GET"]}}],"collection":[{"href":"https:\/\/anbanjia.com.cn\/fr\/wp-json\/wp\/v2\/product"}],"about":[{"href":"https:\/\/anbanjia.com.cn\/fr\/wp-json\/wp\/v2\/types\/product"}],"replies":[{"embeddable":true,"href":"https:\/\/anbanjia.com.cn\/fr\/wp-json\/wp\/v2\/comments?post=13042"}],"wp:featuredmedia":[{"embeddable":true,"href":"https:\/\/anbanjia.com.cn\/fr\/wp-json\/wp\/v2\/media\/6861"}],"wp:attachment":[{"href":"https:\/\/anbanjia.com.cn\/fr\/wp-json\/wp\/v2\/media?parent=13042"}],"wp:term":[{"taxonomy":"product_cat","embeddable":true,"href":"https:\/\/anbanjia.com.cn\/fr\/wp-json\/wp\/v2\/product_cat?post=13042"},{"taxonomy":"product_tag","embeddable":true,"href":"https:\/\/anbanjia.com.cn\/fr\/wp-json\/wp\/v2\/product_tag?post=13042"}],"curies":[{"name":"wp","href":"https:\/\/api.w.org\/{rel}","templated":true}]}}