{"id":13040,"date":"2022-05-02T18:02:57","date_gmt":"2022-05-02T18:02:57","guid":{"rendered":"https:\/\/www.anbanjia.com.cn\/product\/bon-marche-health-ccare-medical-equipment-smart-3l-concentrateur-doxygene-portable\/"},"modified":"2022-05-02T18:02:57","modified_gmt":"2022-05-02T18:02:57","slug":"pas-cher-sante-ccare-equipement-medical-smart-3l-concentrateur-doxygene-portable","status":"publish","type":"product","link":"https:\/\/anbanjia.com.cn\/fr\/produit\/pas-cher-sante-ccare-equipement-medical-smart-3l-concentrateur-doxygene-portable\/","title":{"rendered":"Bon march\u00e9 Health Ccare Medical Equipment Smart 3L Concentrateur d&rsquo;oxyg\u00e8ne portable"},"content":{"rendered":"<div style=\"max-width: 750px; margin: 0 auto;\">\n<div id=\"detail_decorate_root\" data-magic-global=\"%7B%22bizId%22%3A3215165050%2C%22pageId%22%3A5052073411%2C%22siteId%22%3A5005610021%7D\">\n<div class=\"J_module\">\n<div class=\"icbu-pc-images magic-1\">\n<div>\n<div class=\"flex-layout-v\">\n<div class=\"flex-layout-h magic-1\">\n<div class=\"magic-2\"><a href=\"https:\/\/abj-medical.en.alibaba.com\/productlist.html?spm=a2700.icbuShop.0.0.438f80adrWcIeK\" target=\"_blank\" rel=\"noopener\"><img decoding=\"async\" class=\"magic-3\" style=\"max-width: 750;\" src=\"https:\/\/anbanjia.com.cn\/wp-content\/uploads\/2022\/05\/HTB16GafKuySBuNjy1zd760PxFXaR.jpg\" data-src=\"\"><\/a><\/div>\n<div><img decoding=\"async\" src=\"https:\/\/s.alicdn.com\/@sc01\/kf\/HTB1Ge7jv0knBKNjSZKPq6x6OFXai\/230438700\/HTB1Ge7jv0knBKNjSZKPq6x6OFXai.jpg?quality=close\"><img decoding=\"async\" src=\"https:\/\/s.alicdn.com\/@sc02\/kf\/HTB1VN_Dwb3nBKNjSZFM761USFXa9\/230438700\/HTB1VN_Dwb3nBKNjSZFM761USFXa9.png?quality=close\"><img decoding=\"async\" src=\"https:\/\/s.alicdn.com\/@sc02\/kf\/HTB1Uq5pB5CYBuNkHFCc763HtVXau\/230438700\/HTB1Uq5pB5CYBuNkHFCc763HtVXau.png?quality=close\"><img decoding=\"async\" src=\"https:\/\/s.alicdn.com\/@sc01\/kf\/HTB1vgSYdjfguuRjSszcq6zb7FXaU\/230438700\/HTB1vgSYdjfguuRjSszcq6zb7FXaU.jpg?quality=close\"><img decoding=\"async\" src=\"https:\/\/s.alicdn.com\/@sc02\/kf\/HTB1S.pKKx9YBuNjy0Ffq6xIsVXaJ\/230438700\/HTB1S.pKKx9YBuNjy0Ffq6xIsVXaJ.jpg?quality=close\"><img decoding=\"async\" src=\"https:\/\/s.alicdn.com\/@sc02\/kf\/HTB1qUtKKx9YBuNjy0Ffq6xIsVXax\/230438700\/HTB1qUtKKx9YBuNjy0Ffq6xIsVXax.jpg?quality=close\"><img decoding=\"async\" src=\"https:\/\/s.alicdn.com\/@sc01\/kf\/HTB1vx0wKrGYBuNjy0Foq6AiBFXao\/230438700\/HTB1vx0wKrGYBuNjy0Foq6AiBFXao.jpg?quality=close\"><img decoding=\"async\" src=\"https:\/\/s.alicdn.com\/@sc01\/kf\/HTB1qVFgKpuWBuNjSszbq6AS7FXaJ\/230438700\/HTB1qVFgKpuWBuNjSszbq6AS7FXaJ.jpg?quality=close\"><img decoding=\"async\" src=\"https:\/\/s.alicdn.com\/@sc01\/kf\/HTB1oBcfIamWBuNjy1Xaq6xCbXXao\/230438700\/HTB1oBcfIamWBuNjy1Xaq6xCbXXao.jpg?quality=close\"><img decoding=\"async\" src=\"https:\/\/s.alicdn.com\/@sc02\/kf\/HTB1waInH4SYBuNjSsphq6zGvVXaG\/230438700\/HTB1waInH4SYBuNjSsphq6zGvVXaG.jpg?quality=close\"><img decoding=\"async\" src=\"https:\/\/s.alicdn.com\/@sc02\/kf\/HTB1Vxgov8jTBKNjSZFDq6zVgVXaj\/230438700\/HTB1Vxgov8jTBKNjSZFDq6zVgVXaj.jpg?quality=close\"><img decoding=\"async\" src=\"https:\/\/s.alicdn.com\/@sc02\/kf\/HTB12nKfIkOWBuNjSsppq6xPgpXal\/230438700\/HTB12nKfIkOWBuNjSsppq6xPgpXal.jpg?quality=close\"><\/div>\n<div>\n<p class=\"magic-32\"><b><span style=\"font-family: Arial, Helvetica; font-size: large;\">\u00c0 propos de nous:<\/span><\/b><\/p>\n<p class=\"magic-32\" data-spm-anchor-id=\"a2700.wholesale.0.i33.2c55ae36Rspp9e\"><b><span style=\"font-family: Arial, Helvetica; font-size: large;\">1. Plus de commande, plus de remise, prix comp\u00e9titif.<br \/>\n2. Bienvenue \u00e0 nous contacter pour obtenir un meilleur prix&nbsp;!<br \/>\n3.Bon service, livraison rapide, et nous valons la peine d&rsquo;\u00eatre dignes de confiance.<br \/>\n4. Nous pouvons vous garantir que vous serez satisfait de nos produits.<br \/>\n5. Nous traitons les clients comme des amis et vous offrons un service consid\u00e9rable.<\/span><\/b><img decoding=\"async\" src=\"https:\/\/s.alicdn.com\/@sc01\/kf\/H10fdde19478c4022952b6ef21b37e97bx\/230438700\/H10fdde19478c4022952b6ef21b37e97bx.jpg?quality=close\"><\/p>\n<\/div>\n<\/div>\n<\/div>\n<\/div>\n<\/div>\n<\/div>\n<\/div>\n<\/div>\n","protected":false},"excerpt":{"rendered":"<p>&nbsp;<\/p>\n<div style=\"width: auto;\">\n<div style=\"min-width: 300px; max-width: 300px; word-wrap: break-word; float: left;\">Lieu d&rsquo;origine&nbsp;: Guangdong, Chine<\/div>\n<div style=\"min-width: 300px; max-width: 300px; word-wrap: break-word; float: left;\">Nom de marque:OEM ODM<\/div>\n<\/div>\n<div style=\"width: auto;\">\n<div style=\"min-width: 300px; max-width: 300px; word-wrap: break-word; float: left;\">Num\u00e9ro de mod\u00e8le&nbsp;: ABJ-ZY3LW<\/div>\n<div style=\"min-width: 300px; max-width: 300px; word-wrap: break-word; float: left;\">Source d&rsquo;alimentation&nbsp;: \u00e9lectrique<\/div>\n<\/div>\n<div style=\"width: auto;\">\n<div style=\"min-width: 300px; max-width: 300px; word-wrap: break-word; float: left;\">Garantie : AUCUNE<\/div>\n<div style=\"min-width: 300px; max-width: 300px; word-wrap: break-word; float: left;\">Service apr\u00e8s-vente : Support technique en ligne<\/div>\n<\/div>\n<div style=\"width: auto;\">\n<div style=\"min-width: 300px; max-width: 300px; word-wrap: break-word; float: left;\">Mat\u00e9riel:Plastique<\/div>\n<div style=\"min-width: 300px; max-width: 300px; word-wrap: break-word; float: left;\">Dur\u00e9e de conservation&nbsp;: 6&nbsp;mois<\/div>\n<\/div>\n<div style=\"width: auto;\">\n<div style=\"min-width: 300px; max-width: 300px; word-wrap: break-word; float: left;\">Certificat de qualit\u00e9&nbsp;: ce<\/div>\n<div style=\"min-width: 300px; max-width: 300px; word-wrap: break-word; float: left;\">Classification des instruments&nbsp;: classe&nbsp;II<\/div>\n<\/div>\n<div style=\"width: auto;\">\n<div style=\"min-width: 300px; max-width: 300px; word-wrap: break-word; float: left;\">Norme de s\u00e9curit\u00e9&nbsp;:&nbsp;Aucune<\/div>\n<div style=\"min-width: 300px; max-width: 300px; word-wrap: break-word; float: left;\">Type&nbsp;: Appareil respiratoire<\/div>\n<\/div>\n<div style=\"width: auto;\">\n<div style=\"min-width: 300px; max-width: 300px; word-wrap: break-word; float: left;\">Nom du produit : concentrateur d&rsquo;oxyg\u00e8ne.<\/div>\n<div style=\"min-width: 300px; max-width: 300px; word-wrap: break-word; float: left;\">Application&nbsp;: salle d&rsquo;op\u00e9ration<\/div>\n<\/div>\n<div style=\"width: auto;\">\n<div style=\"min-width: 300px; max-width: 300px; word-wrap: break-word; float: left;\">Caract\u00e9ristique:Durable<\/div>\n<div style=\"min-width: 300px; max-width: 300px; word-wrap: break-word; float: left;\">Alimentation : 220V \u00b1 50Hz<\/div>\n<\/div>\n<div style=\"width: auto;\">\n<div style=\"min-width: 300px; max-width: 300px; word-wrap: break-word; float: left;\">Taille:47*28*5*55.6 cm<\/div>\n<div style=\"min-width: 300px; max-width: 300px; word-wrap: break-word; float: left;\">Puissance :\u2264 300W<\/div>\n<\/div>\n<div style=\"width: auto;\">\n<div style=\"min-width: 300px; max-width: 300px; word-wrap: break-word; float: left;\">D\u00e9bit d&rsquo;oxyg\u00e8ne&nbsp;: 0,5 \u00e0 3&nbsp;l\/min.<\/div>\n<div style=\"min-width: 300px; max-width: 300px; word-wrap: break-word; float: left;\">Bruit&nbsp;: \u2264&nbsp;45&nbsp;dB<\/div>\n<\/div>\n<div>Logo personnalis\u00e9(Min. Commande : 200 pi\u00e8ces)<\/div>\n<div>Emballage personnalis\u00e9(Min. Commande : 200 pi\u00e8ces)<\/div>\n","protected":false},"featured_media":11978,"comment_status":"closed","ping_status":"closed","template":"","meta":[],"product_cat":[136],"product_tag":[],"class_list":["post-13040","product","type-product","status-publish","has-post-thumbnail","hentry","product_cat-concentrateur-doxygene"],"_links":{"self":[{"href":"https:\/\/anbanjia.com.cn\/fr\/wp-json\/wp\/v2\/product\/13040","targetHints":{"allow":["GET"]}}],"collection":[{"href":"https:\/\/anbanjia.com.cn\/fr\/wp-json\/wp\/v2\/product"}],"about":[{"href":"https:\/\/anbanjia.com.cn\/fr\/wp-json\/wp\/v2\/types\/product"}],"replies":[{"embeddable":true,"href":"https:\/\/anbanjia.com.cn\/fr\/wp-json\/wp\/v2\/comments?post=13040"}],"wp:featuredmedia":[{"embeddable":true,"href":"https:\/\/anbanjia.com.cn\/fr\/wp-json\/wp\/v2\/media\/11978"}],"wp:attachment":[{"href":"https:\/\/anbanjia.com.cn\/fr\/wp-json\/wp\/v2\/media?parent=13040"}],"wp:term":[{"taxonomy":"product_cat","embeddable":true,"href":"https:\/\/anbanjia.com.cn\/fr\/wp-json\/wp\/v2\/product_cat?post=13040"},{"taxonomy":"product_tag","embeddable":true,"href":"https:\/\/anbanjia.com.cn\/fr\/wp-json\/wp\/v2\/product_tag?post=13040"}],"curies":[{"name":"wp","href":"https:\/\/api.w.org\/{rel}","templated":true}]}}