{"id":13036,"date":"2022-05-02T18:02:59","date_gmt":"2022-05-02T18:02:59","guid":{"rendered":"https:\/\/www.anbanjia.com.cn\/product\/machine-a-oxygene-portable-avec-concentrateur-doxygene-a-batterie-prix-portable\/"},"modified":"2022-05-02T18:02:59","modified_gmt":"2022-05-02T18:02:59","slug":"machine-a-oxygene-portable-avec-batterie-concentrateur-d-oxygene-prix-portable","status":"publish","type":"product","link":"https:\/\/anbanjia.com.cn\/fr\/produit\/machine-a-oxygene-portable-avec-batterie-concentrateur-d-oxygene-prix-portable\/","title":{"rendered":"Machine \u00e0 oxyg\u00e8ne portable avec concentrateur d&rsquo;oxyg\u00e8ne \u00e0 batterie Prix portable"},"content":{"rendered":"<div style=\"max-width: 750px; margin: 0 auto;\">\n<div id=\"detail_decorate_root\" data-magic-global=\"%7B%22bizId%22%3A3215165050%2C%22pageId%22%3A20118007039%2C%22siteId%22%3A5005610021%7D\">\n<div class=\"J_module\">\n<div class=\"detail-decorate-json-renderer-container\">\n<div class=\"magic-1\">\n<div class=\"magic-2\">\n<div class=\"magic-3\">\n<div class=\"magic-4\">Ce mod\u00e8le n&rsquo;est pas m\u00e9dical \uff0c Lorsqu&rsquo;il est de 3L, le concentrateur d&rsquo;oxyg\u00e8ne est de 30% \u00b1 3%<br \/>\nConcentration d&rsquo;oxyg\u00e8ne&nbsp;: 30&nbsp;% \u00b1 3&nbsp;%<\/p>\n<div>Sortie de d\u00e9bit d&rsquo;air&nbsp;: environ 3&nbsp;+\/-1,5&nbsp;l\/min.<br \/>\nAlimentation en oxyg\u00e8ne&nbsp;: Fourniture directe<br \/>\nTension nominale : AC100V-240V \/DC12V-16.8V<br \/>\nConsommation d&rsquo;\u00e9nergie&nbsp;: 32&nbsp;W<br \/>\nTaille du produit : 230 mm (L) * 110 mm (L) * 160 mm (H)<br \/>\nBruit : \u226445dB<br \/>\nConsommation :moyenne inf\u00e9rieure \u00e0 32W<br \/>\nCertificat&nbsp;:&nbsp;CE<\/p>\n<div><\/div>\n<div class=\"magic-5\"><span class=\"magic-6\">Avoir des prises standard britanniques, am\u00e9ricaines et europ\u00e9ennes, <\/span><\/div>\n<div class=\"magic-5\"><span class=\"magic-6\">quelle prise vous avez besoin, pouvez contacter Shmily,<\/span><\/div>\n<div class=\"magic-5\"><span class=\"magic-6\">Merci <\/span><\/div>\n<div class=\"magic-5\">\n<div class=\"magic-7\"><\/div>\n<\/div>\n<\/div>\n<\/div>\n<\/div>\n<\/div>\n<\/div>\n<\/div>\n<\/div>\n<div class=\"J_module\">\n<div class=\"icbu-pc-detailManyImage magic-8\">\n<div class=\"magic-9\"><img decoding=\"async\" class=\"magic-10\" style=\"max-width: 750;\" src=\"https:\/\/anbanjia.com.cn\/wp-content\/uploads\/2022\/05\/H2f2b67d09f24488c89bbd75c52e078d2C.png\" data-src=\"\"><\/div>\n<div class=\"magic-9\"><img decoding=\"async\" class=\"magic-10\" src=\"https:\/\/anbanjia.com.cn\/wp-content\/uploads\/2022\/05\/H2ddb26914dd14ce6be8b644c6f720c73Q.png\" data-src=\"\"><\/div>\n<div class=\"magic-9\"><img decoding=\"async\" class=\"magic-10\" src=\"https:\/\/anbanjia.com.cn\/wp-content\/uploads\/2022\/05\/HTB1n5jrXZnrK1RjSspkq6yuvXXaz.jpg\" data-src=\"\"><\/div>\n<div class=\"magic-9\"><img decoding=\"async\" class=\"magic-10\" src=\"https:\/\/anbanjia.com.cn\/wp-content\/uploads\/2022\/05\/HTB1fCDrX0fvK1RjSszhq6AcGFXaF.jpg\" data-src=\"\"><\/div>\n<div class=\"magic-9\"><img decoding=\"async\" class=\"magic-10\" src=\"https:\/\/anbanjia.com.cn\/wp-content\/uploads\/2022\/05\/HTB1cjHrB4uTBuNkHFNRq6A9qpXaM.jpg\" data-src=\"\"><\/div>\n<div class=\"magic-9\"><img decoding=\"async\" class=\"magic-10\" src=\"https:\/\/anbanjia.com.cn\/wp-content\/uploads\/2022\/05\/H73af31c4698f4ab5831c7cbaff21ca6fy.png\" data-src=\"\"><\/div>\n<div class=\"magic-9\"><img decoding=\"async\" class=\"magic-10\" src=\"https:\/\/anbanjia.com.cn\/wp-content\/uploads\/2022\/05\/HTB1lAoJabY1gK0jSZTEq6xDQVXaa.jpg\" data-src=\"\"><\/div>\n<div class=\"magic-9\"><img decoding=\"async\" class=\"magic-10\" src=\"https:\/\/anbanjia.com.cn\/wp-content\/uploads\/2022\/05\/HTB16EVGRFXXXXa4XFXXq6xXFXXXF.jpg\" data-src=\"\"><\/div>\n<\/div>\n<\/div>\n<\/div>\n<\/div>\n","protected":false},"excerpt":{"rendered":"<p>&nbsp;<\/p>\n<div style=\"width: auto;\">\n<div style=\"min-width: 300px; max-width: 300px; word-wrap: break-word; float: left;\">Lieu d&rsquo;origine&nbsp;: Guangdong, Chine<\/div>\n<div style=\"min-width: 300px; max-width: 300px; word-wrap: break-word; float: left;\">Nom de marque:OEM ODM<\/div>\n<\/div>\n<div style=\"width: auto;\">\n<div style=\"min-width: 300px; max-width: 300px; word-wrap: break-word; float: left;\">Num\u00e9ro de mod\u00e8le: TP B1<\/div>\n<div style=\"min-width: 300px; max-width: 300px; word-wrap: break-word; float: left;\">Source d&rsquo;alimentation&nbsp;: \u00e9lectrique<\/div>\n<\/div>\n<div style=\"width: auto;\">\n<div style=\"min-width: 300px; max-width: 300px; word-wrap: break-word; float: left;\">Garantie 1 ann\u00e9e<\/div>\n<div style=\"min-width: 300px; max-width: 300px; word-wrap: break-word; float: left;\">Service apr\u00e8s-vente : AUCUN<\/div>\n<\/div>\n<div style=\"width: auto;\">\n<div style=\"min-width: 300px; max-width: 300px; word-wrap: break-word; float: left;\">Mat\u00e9riel:M\u00e9tal<\/div>\n<div style=\"min-width: 300px; max-width: 300px; word-wrap: break-word; float: left;\">Dur\u00e9e de conservation&nbsp;: 1&nbsp;ans<\/div>\n<\/div>\n<div style=\"width: auto;\">\n<div style=\"min-width: 300px; max-width: 300px; word-wrap: break-word; float: left;\">Certificat de qualit\u00e9&nbsp;: ce<\/div>\n<div style=\"min-width: 300px; max-width: 300px; word-wrap: break-word; float: left;\">Classification des instruments&nbsp;: classe&nbsp;II<\/div>\n<\/div>\n<div style=\"width: auto;\">\n<div style=\"min-width: 300px; max-width: 300px; word-wrap: break-word; float: left;\">Norme de s\u00e9curit\u00e9&nbsp;:&nbsp;Aucune<\/div>\n<div style=\"min-width: 300px; max-width: 300px; word-wrap: break-word; float: left;\">Type&nbsp;: Appareil respiratoire<\/div>\n<\/div>\n<div style=\"width: auto;\">\n<div style=\"min-width: 300px; max-width: 300px; word-wrap: break-word; float: left;\">Nom du produit : concentrateur d&rsquo;oxyg\u00e8ne<\/div>\n<div style=\"min-width: 300px; max-width: 300px; word-wrap: break-word; float: left;\">Couleur blanche<\/div>\n<\/div>\n<div style=\"width: auto;\">\n<div style=\"min-width: 300px; max-width: 300px; word-wrap: break-word; float: left;\">Taille : 230 mm (L) x 110 mm (l) x 160 mm (H).<\/div>\n<div style=\"min-width: 300px; max-width: 300px; word-wrap: break-word; float: left;\">Tension nominale : AC 100-240 V 50-60 HZ ou DC 12-17 V.<\/div>\n<\/div>\n<div style=\"width: auto;\">\n<div style=\"min-width: 300px; max-width: 300px; word-wrap: break-word; float: left;\">Bruit&nbsp;: inf\u00e9rieur \u00e0 48&nbsp;dB<\/div>\n<div style=\"min-width: 300px; max-width: 300px; word-wrap: break-word; float: left;\">Consommation d&rsquo;\u00e9nergie&nbsp;: moyenne inf\u00e9rieure \u00e0 32&nbsp;W<\/div>\n<\/div>\n<div style=\"width: auto;\">\n<div style=\"min-width: 300px; max-width: 300px; word-wrap: break-word; float: left;\">Concentration&nbsp;: 29 %+\/-2% (pression atmosph\u00e9rique standard)<\/div>\n<div style=\"min-width: 300px; max-width: 300px; word-wrap: break-word; float: left;\">Sortie de d\u00e9bit d&rsquo;air : environ 3+\/-1,5 L\/min (pression atmosph\u00e9rique standard)<\/div>\n<\/div>\n<div>Emballage personnalis\u00e9 (Min. Commande : 1000 Pi\u00e8ces)<\/div>\n","protected":false},"featured_media":12583,"comment_status":"closed","ping_status":"closed","template":"","meta":[],"product_cat":[136],"product_tag":[],"class_list":["post-13036","product","type-product","status-publish","has-post-thumbnail","hentry","product_cat-concentrateur-doxygene"],"_links":{"self":[{"href":"https:\/\/anbanjia.com.cn\/fr\/wp-json\/wp\/v2\/product\/13036","targetHints":{"allow":["GET"]}}],"collection":[{"href":"https:\/\/anbanjia.com.cn\/fr\/wp-json\/wp\/v2\/product"}],"about":[{"href":"https:\/\/anbanjia.com.cn\/fr\/wp-json\/wp\/v2\/types\/product"}],"replies":[{"embeddable":true,"href":"https:\/\/anbanjia.com.cn\/fr\/wp-json\/wp\/v2\/comments?post=13036"}],"wp:featuredmedia":[{"embeddable":true,"href":"https:\/\/anbanjia.com.cn\/fr\/wp-json\/wp\/v2\/media\/12583"}],"wp:attachment":[{"href":"https:\/\/anbanjia.com.cn\/fr\/wp-json\/wp\/v2\/media?parent=13036"}],"wp:term":[{"taxonomy":"product_cat","embeddable":true,"href":"https:\/\/anbanjia.com.cn\/fr\/wp-json\/wp\/v2\/product_cat?post=13036"},{"taxonomy":"product_tag","embeddable":true,"href":"https:\/\/anbanjia.com.cn\/fr\/wp-json\/wp\/v2\/product_tag?post=13036"}],"curies":[{"name":"wp","href":"https:\/\/api.w.org\/{rel}","templated":true}]}}