{"id":13033,"date":"2022-05-02T18:02:58","date_gmt":"2022-05-02T18:02:58","guid":{"rendered":"https:\/\/www.anbanjia.com.cn\/product\/produits-medicaux-de-soins-de-sante-utilises-mini-concentrateurs-doxygene-avec-batterie\/"},"modified":"2022-05-02T18:02:58","modified_gmt":"2022-05-02T18:02:58","slug":"soins-de-sante-produits-medicaux-mini-concentrateurs-d-oxygene-utilises-avec-batterie","status":"publish","type":"product","link":"https:\/\/anbanjia.com.cn\/fr\/produit\/soins-de-sante-produits-medicaux-mini-concentrateurs-d-oxygene-utilises-avec-batterie\/","title":{"rendered":"Produits m\u00e9dicaux de soins de sant\u00e9 utilis\u00e9s mini concentrateurs d&rsquo;oxyg\u00e8ne avec batterie"},"content":{"rendered":"<div style=\"max-width: 750px; margin: 0 auto;\">\n<div id=\"ali-anchor-AliPostDhMb-5yjm4\" style=\"padding-top: 8px;\" data-section=\"AliPostDhMb-5yjm4\" data-section-title=\"Product Details\">\n<div id=\"ali-title-AliPostDhMb-5yjm4\" style=\"padding: 8px 0; border-bottom: 1px solid #ddd;\"><span style=\"background-color: #ddd; color: #333; font-weight: bold; padding: 8px 10px; line-height: 12px;\">d\u00e9tails du produit<\/span><\/div>\n<div style=\"padding: 10px 0;\">\n<p><img decoding=\"async\" style=\"max-width: 750;\" src=\"https:\/\/anbanjia.com.cn\/wp-content\/uploads\/2022\/05\/HTB1pKcVSpXXXXa8XXXXq6xXFXXXs-2.jpg\" data-alt=\"Health care medical products used mini oxygen concentrators with battery\" data-src=\"\"><img decoding=\"async\" src=\"https:\/\/anbanjia.com.cn\/wp-content\/uploads\/2022\/05\/HTB1st0IXiERMeJjSspiq6zZLFXa9-2.jpg\" data-alt=\"Health care medical products used mini oxygen concentrators with battery\" data-src=\"\"><\/p>\n<p><span style=\"font-size: large;\"><span style=\"font-size: 24px; color: #008000;\">1. Sortie de d\u00e9bit d&rsquo;air : Environ 3+\/-1,5 L\/min (pression atmosph\u00e9rique standard)<\/span><br \/>\n<span style=\"font-size: 24px; color: #008000;\">2. Concentration&nbsp;: 29 %+\/-2% (pression atmosph\u00e9rique standard)<\/span><br \/>\n<span style=\"font-size: 24px; color: #008000;\">3. Consommation d&rsquo;\u00e9nergie&nbsp;: moyenne inf\u00e9rieure \u00e0 32&nbsp;W<\/span><br \/>\n<span style=\"font-size: 24px; color: #008000;\">4. Tension nominale : AC 100-240V 50-60HZ ou DC 12-17V<\/span><br \/>\n<span style=\"font-size: 24px; color: #008000;\">5. Bruit&nbsp;: inf\u00e9rieur \u00e0 48&nbsp;dB<\/span><br \/>\n<span style=\"font-size: 24px; color: #008000;\">6. Dur\u00e9e de vie de la batterie pour OX-08CR : 2,5 heures<\/span><br \/>\n<span style=\"font-size: 24px; color: #008000;\">7. Dur\u00e9e de vie de la batterie pour OX-08CR- <span style=\"margin: 0px; padding: 0px; border: 0px; font-style: normal; font-weight: normal; line-height: auto; font-family: Arial, Helvetica; vertical-align: baseline;\">2&nbsp;: 1,5 heures<\/span><\/span><\/span><\/p>\n<p>&nbsp;<\/p>\n<p><span style=\"font-size: 24px;\"><span style=\"color: #008000;\"><span style=\"margin: 0px; padding: 0px; border: 0px; font-style: normal; font-weight: normal; line-height: auto; font-family: Arial, Helvetica; vertical-align: baseline;\"><strong>Environnement de travail&nbsp;:<\/strong><br \/>\n Temp\u00e9rature de fonctionnement : 5\u2103\u201440\u2103<br \/>\nHumidit\u00e9&nbsp;: 20&nbsp;-%\u201460%<br \/>\nPression atmosph\u00e9rique : 86KPA~106KPA<\/span><\/span><\/span><\/p>\n<p><img decoding=\"async\" src=\"https:\/\/anbanjia.com.cn\/wp-content\/uploads\/2022\/05\/HTB1GvIMiSMmBKNjSZTEq6ysKpXaK.jpg\" data-alt=\"Health care medical products used mini oxygen concentrators with battery\" data-src=\"\"><img decoding=\"async\" src=\"https:\/\/anbanjia.com.cn\/wp-content\/uploads\/2022\/05\/HTB1GV8jzkKWBuNjy1zjq6AOypXaN.jpg\" data-alt=\"Health care medical products used mini oxygen concentrators with battery\" data-src=\"\"><img decoding=\"async\" src=\"https:\/\/anbanjia.com.cn\/wp-content\/uploads\/2022\/05\/unnamed-file-3.jpg\" data-alt=\"Health care medical products used mini oxygen concentrators with battery\" data-src=\"\"><img decoding=\"async\" src=\"https:\/\/anbanjia.com.cn\/wp-content\/uploads\/2022\/05\/HTB1prVHXgsSMeJjSspeq6y77VXa2-1.jpg\" data-alt=\"Health care medical products used mini oxygen concentrators with battery\" data-src=\"\"><a href=\"https:\/\/abj-medical.en.alibaba.com\/productgrouplist-804757852\/Home_care_machine.html?spm=a2700.8304367.topnav.7.73152c54BKm3eK\" target=\"_blank\" rel=\"noopener\"><img decoding=\"async\" src=\"https:\/\/anbanjia.com.cn\/wp-content\/uploads\/2022\/05\/HTB1SPJUXiERMeJjSspiq6zZLFXa2-1.jpg\" data-alt=\"Health care medical products used mini oxygen concentrators with battery\" data-src=\"\"><\/a><img decoding=\"async\" src=\"https:\/\/anbanjia.com.cn\/wp-content\/uploads\/2022\/05\/HTB1sf0UXiERMeJjy0Fdq6yIbpXa0-1.jpg\" data-alt=\"Health care medical products used mini oxygen concentrators with battery\" data-src=\"\"><\/p>\n<\/div>\n<\/div>\n<div id=\"ali-anchor-AliPostDhMb-s7xuh\" style=\"padding-top: 8px;\" data-section=\"AliPostDhMb-s7xuh\" data-section-title=\"contact us\">\n<div id=\"ali-title-AliPostDhMb-s7xuh\" style=\"padding: 8px 0; border-bottom: 1px solid #ddd;\"><span style=\"background-color: #ddd; color: #333; font-weight: bold; padding: 8px 10px; line-height: 12px;\">Nous contacter<\/span><\/div>\n<div style=\"padding: 10px 0;\">\n<p><a href=\"https:\/\/abj-medical.en.alibaba.com\/contactinfo.html?spm=a2700.8304367.topnav.8.5d239224wxD2sy\" target=\"_blank\" rel=\"noopener\"><img decoding=\"async\" src=\"https:\/\/anbanjia.com.cn\/wp-content\/uploads\/2022\/05\/HTB1XU1rouySBuNjy1zd760PxFXaK-2.png\" data-alt=\"Health care medical products used mini oxygen concentrators with battery\" data-src=\"\"><\/a><\/p>\n<\/div>\n<\/div>\n<div id=\"ali-anchor-AliPostDhMb-4oxt3\" style=\"padding-top: 8px;\" data-section=\"AliPostDhMb-4oxt3\" data-section-title=\"company information\">\n<div id=\"ali-title-AliPostDhMb-4oxt3\" style=\"padding: 8px 0; border-bottom: 1px solid #ddd;\"><span style=\"background-color: #ddd; color: #333; font-weight: bold; padding: 8px 10px; line-height: 12px;\">Informations sur la soci\u00e9t\u00e9<\/span><\/div>\n<div style=\"padding: 10px 0;\">\n<p><img decoding=\"async\" src=\"https:\/\/anbanjia.com.cn\/wp-content\/uploads\/2022\/05\/HTB1MME3SpXXXXbJaXXXq6xXFXXXA-1.jpg\" data-alt=\"Health care medical products used mini oxygen concentrators with battery\" data-src=\"\"><\/p>\n<\/div>\n<\/div>\n<div id=\"ali-anchor-AliPostDhMb-kcxhh\" style=\"padding-top: 8px;\" data-section=\"AliPostDhMb-kcxhh\" data-section-title=\"certificate\">\n<div id=\"ali-title-AliPostDhMb-kcxhh\" style=\"padding: 8px 0; border-bottom: 1px solid #ddd;\"><span style=\"background-color: #ddd; color: #333; font-weight: bold; padding: 8px 10px; line-height: 12px;\">certificat<\/span><\/div>\n<div style=\"padding: 10px 0;\">\n<p><img decoding=\"async\" src=\"https:\/\/anbanjia.com.cn\/wp-content\/uploads\/2022\/05\/HTB1Z1olSpXXXXctXXXXq6xXFXXXu-1.jpg\" data-alt=\"Health care medical products used mini oxygen concentrators with battery\" data-src=\"\"><\/p>\n<\/div>\n<\/div>\n<div id=\"ali-anchor-AliPostDhMb-vajcj\" style=\"padding-top: 8px;\" data-section=\"AliPostDhMb-vajcj\" data-section-title=\"produce &amp; payment\">\n<div id=\"ali-title-AliPostDhMb-vajcj\" style=\"padding: 8px 0; border-bottom: 1px solid #ddd;\"><span style=\"background-color: #ddd; color: #333; font-weight: bold; padding: 8px 10px; line-height: 12px;\">produire et payer<\/span><\/div>\n<div style=\"padding: 10px 0;\">\n<p><img decoding=\"async\" src=\"https:\/\/anbanjia.com.cn\/wp-content\/uploads\/2022\/05\/HTB1LlvUSpXXXXbJXVXXq6xXFXXXf-1.jpg\" data-alt=\"Health care medical products used mini oxygen concentrators with battery\" data-src=\"\"><img decoding=\"async\" src=\"https:\/\/anbanjia.com.cn\/wp-content\/uploads\/2022\/05\/HTB1R1haSFXXXXXNXVXXq6xXFXXXz-1.jpg\" data-alt=\"Health care medical products used mini oxygen concentrators with battery\" data-src=\"\"><\/p>\n<\/div>\n<\/div>\n<div id=\"ali-anchor-AliPostDhMb-e7iw6\" style=\"padding-top: 8px;\" data-section=\"AliPostDhMb-e7iw6\" data-section-title=\"Home\">\n<div id=\"ali-title-AliPostDhMb-e7iw6\" style=\"padding: 8px 0; border-bottom: 1px solid #ddd;\"><span style=\"background-color: #ddd; color: #333; font-weight: bold; padding: 8px 10px; line-height: 12px;\">Accueil<\/span><\/div>\n<div style=\"padding: 10px 0;\">\n<p><img decoding=\"async\" src=\"https:\/\/anbanjia.com.cn\/wp-content\/uploads\/2022\/05\/unnamed-file-3.jpg\" data-alt=\"Health care medical products used mini oxygen concentrators with battery\" data-src=\"\"><\/p>\n<p><a href=\"https:\/\/abj-medical.en.alibaba.com\/?spm=a2700.8304367.topnav.1.7fb94f0d6W4Kaf\" target=\"_blank\" rel=\"noopener\"><img decoding=\"async\" src=\"https:\/\/anbanjia.com.cn\/wp-content\/uploads\/2022\/05\/HTB10aT7SpXXXXa7XFXXq6xXFXXXO-1.jpg\" data-alt=\"Health care medical products used mini oxygen concentrators with battery\" data-src=\"\"><\/a><\/p>\n<\/div>\n<\/div>\n<\/div>\n","protected":false},"excerpt":{"rendered":"<p>&nbsp;<\/p>\n<div style=\"width: auto;\">\n<div style=\"min-width: 300px; max-width: 300px; word-wrap: break-word; float: left;\">Propri\u00e9t\u00e9s : fournitures de th\u00e9rapie de r\u00e9adaptation.<\/div>\n<div style=\"min-width: 300px; max-width: 300px; word-wrap: break-word; float: left;\">Lieu d&rsquo;origine&nbsp;: Guangdong, Chine<\/div>\n<\/div>\n<div style=\"width: auto;\">\n<div style=\"min-width: 300px; max-width: 300px; word-wrap: break-word; float: left;\">Nom de marque:Anbanjia\/OEM<\/div>\n<div style=\"min-width: 300px; max-width: 300px; word-wrap: break-word; float: left;\">Num\u00e9ro de mod\u00e8le&nbsp;: ABJ-B1<\/div>\n<\/div>\n<div style=\"width: auto;\">\n<div style=\"min-width: 300px; max-width: 300px; word-wrap: break-word; float: left;\">Type : \u00e9quipements de s\u00e9curit\u00e9 pour salle de bain.<\/div>\n<div style=\"min-width: 300px; max-width: 300px; word-wrap: break-word; float: left;\">Concentration d&rsquo;oxyg\u00e8ne&nbsp;: 30&nbsp;%, 3&nbsp;L<\/div>\n<\/div>\n<div style=\"width: auto;\">\n<div style=\"min-width: 300px; max-width: 300px; word-wrap: break-word; float: left;\">ize(mm):230(L)*110(W)*160(H)<\/div>\n<div style=\"min-width: 300px; max-width: 300px; word-wrap: break-word; float: left;\">Bruit:&lt; 45dB<\/div>\n<\/div>\n<div style=\"width: auto;\">\n<div style=\"min-width: 300px; max-width: 300px; word-wrap: break-word; float: left;\">D\u00e9bit d&rsquo;oxyg\u00e8ne&nbsp;: 3&nbsp;L\/min<\/div>\n<div style=\"min-width: 300px; max-width: 300px; word-wrap: break-word; float: left;\">Application&nbsp;: Respiration d&rsquo;oxyg\u00e8ne<\/div>\n<\/div>\n<div style=\"width: auto;\">\n<div style=\"min-width: 300px; max-width: 300px; word-wrap: break-word; float: left;\">Alimentation: cc 12-16.8V<\/div>\n<div style=\"min-width: 300px; max-width: 300px; word-wrap: break-word; float: left;\">Certificat:CE ISO<\/div>\n<\/div>\n","protected":false},"featured_media":12585,"comment_status":"closed","ping_status":"closed","template":"","meta":[],"product_cat":[136],"product_tag":[],"class_list":["post-13033","product","type-product","status-publish","has-post-thumbnail","hentry","product_cat-concentrateur-doxygene"],"_links":{"self":[{"href":"https:\/\/anbanjia.com.cn\/fr\/wp-json\/wp\/v2\/product\/13033","targetHints":{"allow":["GET"]}}],"collection":[{"href":"https:\/\/anbanjia.com.cn\/fr\/wp-json\/wp\/v2\/product"}],"about":[{"href":"https:\/\/anbanjia.com.cn\/fr\/wp-json\/wp\/v2\/types\/product"}],"replies":[{"embeddable":true,"href":"https:\/\/anbanjia.com.cn\/fr\/wp-json\/wp\/v2\/comments?post=13033"}],"wp:featuredmedia":[{"embeddable":true,"href":"https:\/\/anbanjia.com.cn\/fr\/wp-json\/wp\/v2\/media\/12585"}],"wp:attachment":[{"href":"https:\/\/anbanjia.com.cn\/fr\/wp-json\/wp\/v2\/media?parent=13033"}],"wp:term":[{"taxonomy":"product_cat","embeddable":true,"href":"https:\/\/anbanjia.com.cn\/fr\/wp-json\/wp\/v2\/product_cat?post=13033"},{"taxonomy":"product_tag","embeddable":true,"href":"https:\/\/anbanjia.com.cn\/fr\/wp-json\/wp\/v2\/product_tag?post=13033"}],"curies":[{"name":"wp","href":"https:\/\/api.w.org\/{rel}","templated":true}]}}