{"id":13030,"date":"2022-05-02T18:03:02","date_gmt":"2022-05-02T18:03:02","guid":{"rendered":"https:\/\/www.anbanjia.com.cn\/product\/soins-a-domicile-chinois-massage-de-sante-medicale-6-ventouses-pour-enfants-adultes-et-personnes-agees\/"},"modified":"2022-05-02T18:03:02","modified_gmt":"2022-05-02T18:03:02","slug":"soins-a-domicile-chinois-medical-sante-massage-6-ventouses-pour-enfants-adultes-et-personnes-agees","status":"publish","type":"product","link":"https:\/\/anbanjia.com.cn\/fr\/produit\/soins-a-domicile-chinois-medical-sante-massage-6-ventouses-pour-enfants-adultes-et-personnes-agees\/","title":{"rendered":"Soins \u00e0 domicile chinois massage de sant\u00e9 m\u00e9dicale 6 ventouses pour enfants, adultes et personnes \u00e2g\u00e9es"},"content":{"rendered":"<div style=\"max-width: 750px; margin: 0 auto;\">\n<div id=\"ali-anchor-AliPostDhMb-34si4\" style=\"padding-top: 8px;\" data-section=\"AliPostDhMb-34si4\" data-section-title=\"Product Details\">\n<div id=\"ali-title-AliPostDhMb-34si4\" style=\"padding: 8px 0; border-bottom: 1px solid #ddd;\"><span style=\"background-color: #ddd; color: #333; font-weight: bold; padding: 8px 10px; line-height: 12px;\">d\u00e9tails du produit<\/span><\/div>\n<div style=\"padding: 10px 0;\">\n<p style=\"text-align: center;\"><span style=\"font-size: 24px;\"><strong>Tasse \u00e0 ventouses simple \u00e0 pompe Hijama<\/strong><\/span><\/p>\n<p><span style=\"color: #0000ff; font-family: Verdana, Geneva; font-size: 32px;\"><strong><img decoding=\"async\" style=\"max-width: 750;\" src=\"https:\/\/anbanjia.com.cn\/wp-content\/uploads\/2022\/05\/HTB1CtXhaLBj_uVjSZFpq6A0SXXal.jpg\" data-alt=\"Chinese home care medical health massage 6 cupping cup for Children ,adult and elderly\" data-src=\"\">Caract\u00e9ristiques:<\/strong><\/span><br \/>\n<span style=\"font-size: 24px; color: #008000;\">1 Sept tailles de bonnets diff\u00e9rentes vous permettent de traiter n&rsquo;importe quelle partie du corps.<br \/>\n2 Les ventouses sous vide sont faciles et pratiques \u00e0 utiliser sans avoir besoin de feu, \u00e9liminant ainsi les risques de br\u00fblure de la peau.<br \/>\n3 tasses sont con\u00e7ues avec des bords incurv\u00e9s lisses pour un confort accru et un contact avec la peau pour une fermeture herm\u00e9tique.<br \/>\n4 gobelets en plastique transparents durables permettent une visualisation facile de la zone de traitement et de voir la pression n\u00e9gative et le rougissement de la peau.<br \/>\n5 soupapes de pression faciles \u00e0 utiliser vous permettent de rel\u00e2cher sans effort la pression pour le retrait de la tasse (comprend des soupapes de rechange).<br \/>\n6 points biomagn\u00e9tiques inclus augmentent l&rsquo;efficacit\u00e9 du traitement.<\/span><\/p>\n<p><span style=\"font-size: 24px; color: #008000;\"><img decoding=\"async\" src=\"https:\/\/anbanjia.com.cn\/wp-content\/uploads\/2022\/05\/HTB1xloRcW5s3KVjSZFNq6AD3FXa7.jpg\" data-alt=\"Chinese home care medical health massage 6 cupping cup for Children ,adult and elderly\" data-src=\"\"><img decoding=\"async\" src=\"https:\/\/anbanjia.com.cn\/wp-content\/uploads\/2022\/05\/HTB1g9D9dlaE3KVjSZLeq6xsSFXao.jpg\" data-alt=\"Chinese home care medical health massage 6 cupping cup for Children ,adult and elderly\" data-src=\"\"><img decoding=\"async\" src=\"https:\/\/anbanjia.com.cn\/wp-content\/uploads\/2022\/05\/HTB1hLwcdlKw3KVjSZTEq6AuRpXaI.jpg\" data-alt=\"Chinese home care medical health massage 6 cupping cup for Children ,adult and elderly\" data-src=\"\"> <\/span><\/p>\n<\/div>\n<\/div>\n<div id=\"ali-anchor-AliPostDhMb-78h55\" style=\"padding-top: 8px;\" data-section=\"AliPostDhMb-78h55\" data-section-title=\"Product Description\">\n<div id=\"ali-title-AliPostDhMb-78h55\" style=\"padding: 8px 0; border-bottom: 1px solid #ddd;\"><span style=\"background-color: #ddd; color: #333; font-weight: bold; padding: 8px 10px; line-height: 12px;\">Description du produit<\/span><\/div>\n<div style=\"padding: 10px 0;\">\n<p><span style=\"font-size: 32px; color: #0000ff;\">COMMENT UTILISER<\/span><\/p>\n<p><span style=\"font-size: 32px; color: #0000ff;\"><img decoding=\"async\" src=\"https:\/\/anbanjia.com.cn\/wp-content\/uploads\/2022\/05\/HTB1F0YMXTzGK1JjSspbq6zHpFXaP.jpg\" data-src=\"\"><\/span><\/p>\n<p>&nbsp;<\/p>\n<div id=\"4mg33\" style=\"margin: 0px; padding: 4px 0px; border: 0px; font-style: normal; font-weight: normal; font-size: 14px; line-height: inherit; font-family: Arial,Helvetica; vertical-align: top; word-wrap: break-word; color: #333333; background-color: #ffffff; box-sizing: border-box;\">\n<h3 style=\"margin: 0px; padding: 0px; border: 0px; font-style: inherit; font-weight: bold; font-size: 1.17em; line-height: 20px; vertical-align: baseline;\"><span style=\"color: #ff0000; font-size: 32px; font-family: arial, helvetica, sans-serif;\">ATTENTION:<\/span><\/h3>\n<\/div>\n<div id=\"dzqts\" style=\"margin: 0px; padding: 4px 0px; border: 0px; font-style: normal; font-weight: normal; font-size: 14px; line-height: inherit; font-family: Arial,Helvetica; vertical-align: top; word-wrap: break-word; color: #333333; background-color: #ffffff; box-sizing: border-box;\">\n<p style=\"margin: 0px; padding: 0px; border: 0px; font-style: inherit; font-weight: inherit; font-size: inherit; line-height: inherit; vertical-align: baseline; word-wrap: break-word;\"><span style=\"color: #ff3f3f; font-family: arial, helvetica, sans-serif; font-size: 24px;\">1. Veuillez choisir des pi\u00e8ces de sant\u00e9 appropri\u00e9es, qui ont des muscles abdominaux, une peau lisse et sans fourrure. Mais si vous voulez vraiment faire sur des parties rugueuses avec de la fourrure, mieux vaut mettre le bon tapis de beignets sous l&rsquo;ouverture de celui-ci en cas de fuite d&rsquo;air. De plus, si la peau est s\u00e8che, mouillez d&rsquo;abord la peau, puis ventousez.<br \/>\n2. En utilisant les ventouses pour la premi\u00e8re fois, veuillez choisir les petites ventouses et stimuler la lumi\u00e8re<br \/>\n3. Ne d\u00e9placez pas la position lors de l&rsquo;utilisation des ventouses et devez vous tenir entre les ventouses<br \/>\n4. Le patient qui a une forte fi\u00e8vre, un coma et une crampe aigu\u00eb doit d&rsquo;abord \u00e9tablir un diagnostic clair en cas de retard du gain de temps<br \/>\n5. Si une partie de la sant\u00e9 est rouge et prurit, ne griffez pas sauvagement, ce sera bon apr\u00e8s plusieurs jours<\/span><\/p>\n<p style=\"margin: 0px; padding: 0px; border: 0px; font-style: inherit; font-weight: inherit; font-size: inherit; line-height: inherit; vertical-align: baseline; word-wrap: break-word;\"><span style=\"color: #ff3f3f; font-family: arial, helvetica, sans-serif; font-size: 24px;\"><a href=\"https:\/\/abj-medical.en.alibaba.com\/productgrouplist-804976426\/Chinese_traditional_therapy.html?spm=a2700.8304367.topnav.6.73152c54YkSwN6\" target=\"_blank\" rel=\"noopener\"><img decoding=\"async\" src=\"https:\/\/anbanjia.com.cn\/wp-content\/uploads\/2022\/05\/HTB1tIa1aXHFK1JjSZFzq6z23XXaa.jpg\" data-alt=\"Chinese home care medical health massage 6 cupping cup for Children ,adult and elderly\" data-src=\"\"><img decoding=\"async\" src=\"https:\/\/anbanjia.com.cn\/wp-content\/uploads\/2022\/05\/HTB1RDS2agYDK1JjSZPcq6yjZpXaK.jpg\" data-alt=\"Chinese home care medical health massage 6 cupping cup for Children ,adult and elderly\" data-src=\"\"><\/a><\/span><\/p>\n<p style=\"margin: 0px; padding: 0px; border: 0px; font-style: inherit; font-weight: inherit; font-size: inherit; line-height: inherit; vertical-align: baseline; word-wrap: break-word;\">\n<\/div>\n<\/div>\n<\/div>\n<div id=\"ali-anchor-AliPostDhMb-540wo\" style=\"padding-top: 8px;\" data-section=\"AliPostDhMb-540wo\" data-section-title=\"company information\">\n<div id=\"ali-title-AliPostDhMb-540wo\" style=\"padding: 8px 0; border-bottom: 1px solid #ddd;\"><span style=\"background-color: #ddd; color: #333; font-weight: bold; padding: 8px 10px; line-height: 12px;\">Informations sur la soci\u00e9t\u00e9<\/span><\/div>\n<div style=\"padding: 10px 0;\">\n<p><img decoding=\"async\" src=\"https:\/\/anbanjia.com.cn\/wp-content\/uploads\/2022\/05\/HTB1HgKPcQ5E3KVjSZFCq6zuzXXay.jpg\" data-src=\"\"><\/p>\n<\/div>\n<\/div>\n<div id=\"ali-anchor-AliPostDhMb-v8csu\" style=\"padding-top: 8px;\" data-section=\"AliPostDhMb-v8csu\" data-section-title=\"certificate\">\n<div id=\"ali-title-AliPostDhMb-v8csu\" style=\"padding: 8px 0; border-bottom: 1px solid #ddd;\"><span style=\"background-color: #ddd; color: #333; font-weight: bold; padding: 8px 10px; line-height: 12px;\">certificat<\/span><\/div>\n<div style=\"padding: 10px 0;\">\n<p><img decoding=\"async\" src=\"https:\/\/anbanjia.com.cn\/wp-content\/uploads\/2022\/05\/HTB1Z1olSpXXXXctXXXXq6xXFXXXu-1.jpg\" data-alt=\"Chinese home care medical health massage 6 cupping cup for Children ,adult and elderly\" data-src=\"\"><\/p>\n<\/div>\n<\/div>\n<div id=\"ali-anchor-AliPostDhMb-z2exa\" style=\"padding-top: 8px;\" data-section=\"AliPostDhMb-z2exa\" data-section-title=\"produce &amp; payment\">\n<div id=\"ali-title-AliPostDhMb-z2exa\" style=\"padding: 8px 0; border-bottom: 1px solid #ddd;\"><span style=\"background-color: #ddd; color: #333; font-weight: bold; padding: 8px 10px; line-height: 12px;\">produire et payer<\/span><\/div>\n<div style=\"padding: 10px 0;\">\n<p><img decoding=\"async\" src=\"https:\/\/anbanjia.com.cn\/wp-content\/uploads\/2022\/05\/HTB1LlvUSpXXXXbJXVXXq6xXFXXXf-1.jpg\" data-alt=\"Chinese home care medical health massage 6 cupping cup for Children ,adult and elderly\" data-src=\"\"><img decoding=\"async\" src=\"https:\/\/anbanjia.com.cn\/wp-content\/uploads\/2022\/05\/HTB1R1haSFXXXXXNXVXXq6xXFXXXz-1.jpg\" data-alt=\"Chinese home care medical health massage 6 cupping cup for Children ,adult and elderly\" data-src=\"\"><\/p>\n<\/div>\n<\/div>\n<div id=\"ali-anchor-AliPostDhMb-u8yfo\" style=\"padding-top: 8px;\" data-section=\"AliPostDhMb-u8yfo\" data-section-title=\"contact us\">\n<div id=\"ali-title-AliPostDhMb-u8yfo\" style=\"padding: 8px 0; border-bottom: 1px solid #ddd;\"><span style=\"background-color: #ddd; color: #333; font-weight: bold; padding: 8px 10px; line-height: 12px;\">Nous contacter<\/span><\/div>\n<div style=\"padding: 10px 0;\">\n<p><img decoding=\"async\" src=\"https:\/\/anbanjia.com.cn\/wp-content\/uploads\/2022\/05\/HTB1XU1rouySBuNjy1zd760PxFXaK-2.png\" data-alt=\"Chinese home care medical health massage 6 cupping cup for Children ,adult and elderly\" data-src=\"\"><\/p>\n<\/div>\n<\/div>\n<\/div>\n","protected":false},"excerpt":{"rendered":"<p>&nbsp;<\/p>\n<div style=\"width: auto;\">\n<div style=\"min-width: 300px; max-width: 300px; word-wrap: break-word; float: left;\">Propri\u00e9t\u00e9s : fournitures de th\u00e9rapie de r\u00e9adaptation.<\/div>\n<div style=\"min-width: 300px; max-width: 300px; word-wrap: break-word; float: left;\">Lieu d&rsquo;origine&nbsp;: Guangdong, Chine<\/div>\n<\/div>\n<div style=\"width: auto;\">\n<div style=\"min-width: 300px; max-width: 300px; word-wrap: break-word; float: left;\">Nom de marque:Anbanjia\/OEM<\/div>\n<div style=\"min-width: 300px; max-width: 300px; word-wrap: break-word; float: left;\">Num\u00e9ro de mod\u00e8le : ABJ-C<\/div>\n<\/div>\n<div style=\"width: auto;\">\n<div style=\"min-width: 300px; max-width: 300px; word-wrap: break-word; float: left;\">Type : \u00e9quipements de s\u00e9curit\u00e9 pour salle de bain.<\/div>\n<div style=\"min-width: 300px; max-width: 300px; word-wrap: break-word; float: left;\">Mat\u00e9riel:Plastique<\/div>\n<\/div>\n<div style=\"width: auto;\">\n<div style=\"min-width: 300px; max-width: 300px; word-wrap: break-word; float: left;\">Tailles&nbsp;: B1\/B2\/B3\/B4\/B5\/B6<\/div>\n<div style=\"min-width: 300px; max-width: 300px; word-wrap: break-word; float: left;\">mod\u00e8le: tasse C<\/div>\n<\/div>\n<div style=\"width: auto;\">\n<div style=\"min-width: 300px; max-width: 300px; word-wrap: break-word; float: left;\">emballage:Sac<\/div>\n<div style=\"min-width: 300px; max-width: 300px; word-wrap: break-word; float: left;\">article: 6 tasses<\/div>\n<\/div>\n","protected":false},"featured_media":6991,"comment_status":"closed","ping_status":"closed","template":"","meta":[],"product_cat":[134],"product_tag":[],"class_list":["post-13030","product","type-product","status-publish","has-post-thumbnail","hentry","product_cat-tasse-a-ventouses"],"_links":{"self":[{"href":"https:\/\/anbanjia.com.cn\/fr\/wp-json\/wp\/v2\/product\/13030","targetHints":{"allow":["GET"]}}],"collection":[{"href":"https:\/\/anbanjia.com.cn\/fr\/wp-json\/wp\/v2\/product"}],"about":[{"href":"https:\/\/anbanjia.com.cn\/fr\/wp-json\/wp\/v2\/types\/product"}],"replies":[{"embeddable":true,"href":"https:\/\/anbanjia.com.cn\/fr\/wp-json\/wp\/v2\/comments?post=13030"}],"wp:featuredmedia":[{"embeddable":true,"href":"https:\/\/anbanjia.com.cn\/fr\/wp-json\/wp\/v2\/media\/6991"}],"wp:attachment":[{"href":"https:\/\/anbanjia.com.cn\/fr\/wp-json\/wp\/v2\/media?parent=13030"}],"wp:term":[{"taxonomy":"product_cat","embeddable":true,"href":"https:\/\/anbanjia.com.cn\/fr\/wp-json\/wp\/v2\/product_cat?post=13030"},{"taxonomy":"product_tag","embeddable":true,"href":"https:\/\/anbanjia.com.cn\/fr\/wp-json\/wp\/v2\/product_tag?post=13030"}],"curies":[{"name":"wp","href":"https:\/\/api.w.org\/{rel}","templated":true}]}}