{"id":13029,"date":"2022-05-02T18:02:55","date_gmt":"2022-05-02T18:02:55","guid":{"rendered":"https:\/\/www.anbanjia.com.cn\/product\/detecteur-de-veine-infrarouge-medical-pratique-et-leger-pour-la-ponction-ou-linjection\/"},"modified":"2022-05-02T18:02:55","modified_gmt":"2022-05-02T18:02:55","slug":"detecteur-de-veine-infrarouge-medical-infrarouge-pratique-et-leger-pour-percer-ou-injecter","status":"publish","type":"product","link":"https:\/\/anbanjia.com.cn\/fr\/produit\/detecteur-de-veine-infrarouge-medical-infrarouge-pratique-et-leger-pour-percer-ou-injecter\/","title":{"rendered":"D\u00e9tecteur de veine infrarouge m\u00e9dical pratique et l\u00e9ger pour la ponction ou l&rsquo;injection"},"content":{"rendered":"<div style=\"max-width: 750px;margin: 0 auto;\">\n<p><img decoding=\"async\" data-alt=\"Convenient and lightweight infrared medical vein finder vein detector for puncture or inject\" data-src=\"\" ori-height=\"280\" ori-width=\"746\" src=\"https:\/\/anbanjia.com.cn\/wp-content\/uploads\/2022\/05\/H2d00607136e64c9c89111d500178b4adZ.png\" style=\"max-width: 750;\"><\/p>\n<\/p>\n<p><strong><span style=\"font-size: 32px;\">   <span style=\"font-size: 24px;\">      <\/span>        <span style=\"font-size: 24px;\">D\u00e9tecteur de veine m\u00e9dical infrarouge pratique et l\u00e9ger pour la perforation ou l&rsquo;injection <\/span><\/span><\/strong><\/p>\n<\/p>\n<p><img decoding=\"async\" data-alt=\"Convenient and lightweight infrared medical vein finder vein detector for puncture or inject\" data-src=\"\" ori-height=\"750\" ori-width=\"750\" src=\"https:\/\/anbanjia.com.cn\/wp-content\/uploads\/2022\/05\/H1af4be91db0945909e6e74377107a51fK.jpg\"><img decoding=\"async\" data-alt=\"Convenient and lightweight infrared medical vein finder vein detector for puncture or inject\" data-src=\"\" ori-height=\"800\" ori-width=\"800\" src=\"https:\/\/anbanjia.com.cn\/wp-content\/uploads\/2022\/05\/Hd23171d1a5274f9196d619cde6c6060eB.jpg\"><img decoding=\"async\" data-alt=\"Convenient and lightweight infrared medical vein finder vein detector for puncture or inject\" data-src=\"\" ori-height=\"800\" ori-width=\"800\" src=\"https:\/\/anbanjia.com.cn\/wp-content\/uploads\/2022\/05\/Hcf60ca9377d744c0a24a273155585502S.jpg\"><img decoding=\"async\" data-alt=\"Convenient and lightweight infrared medical vein finder vein detector for puncture or inject\" data-src=\"\" ori-height=\"423\" ori-width=\"416\" src=\"https:\/\/anbanjia.com.cn\/wp-content\/uploads\/2022\/05\/Heb0ce172cf82462f90915636fcfc5907o.png\"><img decoding=\"async\" data-alt=\"Convenient and lightweight infrared medical vein finder vein detector for puncture or inject\" data-src=\"\" ori-height=\"609\" ori-width=\"759\" src=\"https:\/\/anbanjia.com.cn\/wp-content\/uploads\/2022\/05\/H55c02e925e3744178aba13203a0e71b1x.png\"><img decoding=\"async\" data-alt=\"Convenient and lightweight infrared medical vein finder vein detector for puncture or inject\" data-src=\"\" ori-height=\"722\" ori-width=\"753\" src=\"https:\/\/anbanjia.com.cn\/wp-content\/uploads\/2022\/05\/Hd493dbb626a44bf690695e4dc4e7eac41.png\"><img decoding=\"async\" data-alt=\"Convenient and lightweight infrared medical vein finder vein detector for puncture or inject\" data-src=\"\" ori-height=\"675\" ori-width=\"762\" src=\"https:\/\/anbanjia.com.cn\/wp-content\/uploads\/2022\/05\/H825b0c86e8084ef58b6f522d2edec5feS.png\"><img decoding=\"async\" data-alt=\"Convenient and lightweight infrared medical vein finder vein detector for puncture or inject\" data-src=\"\" ori-height=\"720\" ori-width=\"745\" src=\"https:\/\/anbanjia.com.cn\/wp-content\/uploads\/2022\/05\/H82861b972e9d4576abb300b39529c346k.png\"><\/p>\n<\/p>\n<p style=\"margin: 0px; padding: 0px; color: #000000; font-family: Arial; font-size: 12px; font-style: normal; font-weight: 400;\"><span style=\"line-height: 27px; font-size: 24px;\">Caract\u00e9ristiques du produit:<\/span><\/p>\n<p style=\"margin: 0px; padding: 0px; color: #000000; font-family: Arial; font-size: 12px; font-style: normal; font-weight: 400;\"><span style=\"line-height: 27px; font-size: 18px;\">1. Notre d\u00e9tecteur de veines est portable, fiable et bon march\u00e9. il est pratique de charger<\/span><\/p>\n<p style=\"margin: 0px; padding: 0px; color: #000000; font-family: Arial; font-size: 12px; font-style: normal; font-weight: 400;\"><span style=\"line-height: 27px; font-size: 18px;\">2. Il aide les infirmi\u00e8res et les m\u00e9decins \u00e0 trouver les veines facilement et rapidement, afin de r\u00e9duire les piq\u00fbres d&rsquo;aiguille douloureuses r\u00e9p\u00e9titives des patients.<\/span><\/p>\n<p style=\"margin: 0px; padding: 0px; color: #000000; font-family: Arial; font-size: 12px; font-style: normal; font-weight: 400;\"><span style=\"line-height: 27px; font-size: 18px;\">3. Convient aux adultes, aux enfants, aux nourrissons, aux vieillards, aux gros hommes, qui ne trouvent pas facilement les veines.<\/span><\/p>\n<p style=\"margin: 0px; padding: 0px; color: #000000; font-family: Arial; font-size: 12px; font-style: normal; font-weight: 400;\">\n<p style=\"margin: 0px; padding: 0px; color: #000000; font-family: Arial; font-size: 12px; font-style: normal; font-weight: 400;\"><span style=\"font-size: 18px;\"><span style=\"font-size: 24px;\">Personnalisation&nbsp;:<\/span><\/span><span style=\"font-size: 18px;\"><br \/>Nous offrons des services OEM. Et nous pouvons imprimer votre propre logo sur le produit.<\/span><\/p>\n<p style=\"margin: 0px; padding: 0px; color: #000000; font-family: Arial; font-size: 12px; font-style: normal; font-weight: 400;\"><span style=\"font-size: 18px;\"><br \/><span style=\"color: #202124; font-family: arial, sans-serif; font-style: normal; font-weight: 400; text-align: left; background-color: #f8f9fa; float: none; display: inline !important; font-size: 24px;\">Livraison:<\/span><\/span><br \/><span style=\"font-size: 18px;\">Apr\u00e8s avoir termin\u00e9 le paiement, nous organiserons la livraison d\u00e8s que possible.<\/span><\/p>\n<p style=\"margin: 0px; padding: 0px; color: #000000; font-family: Arial; font-size: 12px; font-style: normal; font-weight: 400;\"><span style=\"font-size: 18px;\"> <\/span><\/p>\n<p><img decoding=\"async\" data-alt=\"Convenient and lightweight infrared medical vein finder vein detector for puncture or inject\" data-src=\"\" ori-height=\"944\" ori-width=\"750\" src=\"https:\/\/anbanjia.com.cn\/wp-content\/uploads\/2022\/05\/H2624fa5d782c4876bf4d35d9dc8a3fa9k.jpg\"><\/p>\n<p><img decoding=\"async\" data-src=\"\" ori-height=\"271\" ori-width=\"760\" src=\"https:\/\/anbanjia.com.cn\/wp-content\/uploads\/2022\/05\/Hee9408d448ab460f94c285e537e347025.png\"><\/p>\n<\/div>\n","protected":false},"excerpt":{"rendered":"<div style=\"width:auto\">\n<div style=\"min-width: 300px;max-width: 300px;word-wrap: break-word;float: left\">Lieu d&rsquo;origine&nbsp;: Guangdong, Chine <\/div>\n<div style=\"min-width: 300px;max-width: 300px;word-wrap: break-word;float: left\">Nom de marque : ABJ<\/div>\n<\/p><\/div>\n<div style=\"width:auto\">\n<div style=\"min-width: 300px;max-width: 300px;word-wrap: break-word;float: left\">Num\u00e9ro de mod\u00e8le : Y099 <\/div>\n<div style=\"min-width: 300px;max-width: 300px;word-wrap: break-word;float: left\">Source d&rsquo;alimentation&nbsp;: \u00c9lectricit\u00e9<\/div>\n<\/p><\/div>\n<div style=\"width:auto\">\n<div style=\"min-width: 300px;max-width: 300px;word-wrap: break-word;float: left\">Garantie : AUCUNE <\/div>\n<div style=\"min-width: 300px;max-width: 300px;word-wrap: break-word;float: left\">Service apr\u00e8s-vente : AUCUN<\/div>\n<\/p><\/div>\n<div style=\"width:auto\">\n<div style=\"min-width: 300px;max-width: 300px;word-wrap: break-word;float: left\">Mode d&rsquo;alimentation&nbsp;: enfichable <\/div>\n<div style=\"min-width: 300px;max-width: 300px;word-wrap: break-word;float: left\">Mat\u00e9riel:Plastique, ABS<\/div>\n<\/p><\/div>\n<div style=\"width:auto\">\n<div style=\"min-width: 300px;max-width: 300px;word-wrap: break-word;float: left\">Dur\u00e9e de conservation&nbsp;: 6&nbsp;mois <\/div>\n<div style=\"min-width: 300px;max-width: 300px;word-wrap: break-word;float: left\">Certificat de qualit\u00e9&nbsp;: ce<\/div>\n<\/p><\/div>\n<div style=\"width:auto\">\n<div style=\"min-width: 300px;max-width: 300px;word-wrap: break-word;float: left\">Classification des instruments&nbsp;: classe&nbsp;II <\/div>\n<div style=\"min-width: 300px;max-width: 300px;word-wrap: break-word;float: left\">Norme de s\u00e9curit\u00e9&nbsp;:&nbsp;Aucune<\/div>\n<\/p><\/div>\n<div style=\"width:auto\">\n<div style=\"min-width: 300px;max-width: 300px;word-wrap: break-word;float: left\">Nom du produit:Instrument d&rsquo;affichage de veine <\/div>\n<div style=\"min-width: 300px;max-width: 300px;word-wrap: break-word;float: left\">Mod\u00e8le&nbsp;: ABJ-Y099<\/div>\n<\/p><\/div>\n<div style=\"width:auto\">\n<div style=\"min-width: 300px;max-width: 300px;word-wrap: break-word;float: left\">Taille du produit : 19*10*5 cm <\/div>\n<div style=\"min-width: 300px;max-width: 300px;word-wrap: break-word;float: left\">Forme de la source lumineuse&nbsp;: Led<\/div>\n<\/p><\/div>\n<div style=\"width:auto\">\n<div style=\"min-width: 300px;max-width: 300px;word-wrap: break-word;float: left\">Mode de commutation&nbsp;: bouton poussoir (un allum\u00e9 et un \u00e9teint) <\/div>\n<div style=\"min-width: 300px;max-width: 300px;word-wrap: break-word;float: left\">Tension&nbsp;: 5&nbsp;V<\/div>\n<\/p><\/div>\n<div style=\"width:auto\">\n<div style=\"min-width: 300px;max-width: 300px;word-wrap: break-word;float: left\">Couleur blanche <\/div>\n<div style=\"min-width: 300px;max-width: 300px;word-wrap: break-word;float: left\">Poids du produit&nbsp;: 20&nbsp;G<\/div>\n<\/p><\/div>\n","protected":false},"featured_media":6515,"comment_status":"closed","ping_status":"closed","template":"","meta":[],"product_cat":[141],"product_tag":[],"class_list":["post-13029","product","type-product","status-publish","has-post-thumbnail","hentry","product_cat-chercheur-de-veine"],"_links":{"self":[{"href":"https:\/\/anbanjia.com.cn\/fr\/wp-json\/wp\/v2\/product\/13029","targetHints":{"allow":["GET"]}}],"collection":[{"href":"https:\/\/anbanjia.com.cn\/fr\/wp-json\/wp\/v2\/product"}],"about":[{"href":"https:\/\/anbanjia.com.cn\/fr\/wp-json\/wp\/v2\/types\/product"}],"replies":[{"embeddable":true,"href":"https:\/\/anbanjia.com.cn\/fr\/wp-json\/wp\/v2\/comments?post=13029"}],"wp:featuredmedia":[{"embeddable":true,"href":"https:\/\/anbanjia.com.cn\/fr\/wp-json\/wp\/v2\/media\/6515"}],"wp:attachment":[{"href":"https:\/\/anbanjia.com.cn\/fr\/wp-json\/wp\/v2\/media?parent=13029"}],"wp:term":[{"taxonomy":"product_cat","embeddable":true,"href":"https:\/\/anbanjia.com.cn\/fr\/wp-json\/wp\/v2\/product_cat?post=13029"},{"taxonomy":"product_tag","embeddable":true,"href":"https:\/\/anbanjia.com.cn\/fr\/wp-json\/wp\/v2\/product_tag?post=13029"}],"curies":[{"name":"wp","href":"https:\/\/api.w.org\/{rel}","templated":true}]}}