{"id":13028,"date":"2022-05-02T18:02:58","date_gmt":"2022-05-02T18:02:58","guid":{"rendered":"https:\/\/www.anbanjia.com.cn\/product\/mini-concentrateur-doxygene-electrique-portable-a-batterie-medicale-amazon-pas-cher-avec-walmart\/"},"modified":"2022-05-02T18:02:58","modified_gmt":"2022-05-02T18:02:58","slug":"pas-cher-mini-amazon-medical-batterie-portable-concentrateur-d-oxygene-electrique-avec-walmart","status":"publish","type":"product","link":"https:\/\/anbanjia.com.cn\/fr\/produit\/pas-cher-mini-amazon-medical-batterie-portable-concentrateur-d-oxygene-electrique-avec-walmart\/","title":{"rendered":"Mini concentrateur d&rsquo;oxyg\u00e8ne \u00e9lectrique portable \u00e0 batterie m\u00e9dicale amazon pas cher avec walmart"},"content":{"rendered":"<div style=\"max-width: 750px;margin: 0 auto;\">\n<div data-section=\"AliPostDhMb-kczpq\" data-section-title=\"Product Details\" id=\"ali-anchor-AliPostDhMb-kczpq\" style=\"padding-top: 8px;\">\n<div id=\"ali-title-AliPostDhMb-kczpq\" style=\"padding: 8px 0; border-bottom: 1px solid #ddd;\"><span style=\"background-color: #ddd; color: #333; font-weight: bold; padding: 8px 10px; line-height: 12px;\">d\u00e9tails du produit<\/span><\/div>\n<div style=\"padding: 10px 0;\">\n<p><img decoding=\"async\" data-alt=\"Cheap mini amazon medical battery portable electric oxygen concentrator with walmart\" data-src=\"\" ori-height=\"476\" ori-width=\"750\" src=\"https:\/\/anbanjia.com.cn\/wp-content\/uploads\/2022\/05\/HTB1pKcVSpXXXXa8XXXXq6xXFXXXs-2.jpg\" style=\"max-width: 750;\"><\/p>\n<p style=\"text-align: center;\"><span style=\"font-size: 24px; color: #0000ff;\">Mini concentrateur d&rsquo;oxyg\u00e8ne<\/span><\/p>\n<p style=\"text-align: center;\"><span style=\"font-size: 24px; color: #0000ff;\">Si vous avez des questions, n&rsquo;h\u00e9sitez pas \u00e0 me le dire.<\/span><\/p>\n<p style=\"text-align: center;\"><span style=\"font-size: 24px; color: #0000ff;\"><strong><span style=\"color: #0070c0;\">Le mod\u00e8le ABJ-TP2 est pratique pour les clients, qui peuvent \u00eatre utilis\u00e9s en voiture.<\/span><\/strong><\/span><\/p>\n<\/p>\n<p><img decoding=\"async\" data-alt=\"Cheap mini amazon medical battery portable electric oxygen concentrator with walmart\" data-src=\"\" ori-height=\"800\" ori-width=\"800\" src=\"https:\/\/anbanjia.com.cn\/wp-content\/uploads\/2022\/05\/HTB1zXlBavfsK1RjSszgq6yXzpXaD.jpg\"><img decoding=\"async\" data-alt=\"Cheap mini amazon medical battery portable electric oxygen concentrator with walmart\" data-src=\"\" ori-height=\"712\" ori-width=\"800\" src=\"https:\/\/anbanjia.com.cn\/wp-content\/uploads\/2022\/05\/HTB14tBLXIfrK1Rjy0Fmq6xhEXXaN.jpg\"><img decoding=\"async\" data-alt=\"Cheap mini amazon medical battery portable electric oxygen concentrator with walmart\" data-src=\"\" ori-height=\"655\" ori-width=\"800\" src=\"https:\/\/anbanjia.com.cn\/wp-content\/uploads\/2022\/05\/HTB1LplKXLvsK1RjSspdq6AZepXa1.jpg\"><img decoding=\"async\" data-alt=\"Cheap mini amazon medical battery portable electric oxygen concentrator with walmart\" data-src=\"\" ori-height=\"758\" ori-width=\"800\" src=\"https:\/\/anbanjia.com.cn\/wp-content\/uploads\/2022\/05\/HTB1RYlQXPzuK1RjSsppq6xz0XXaj.jpg\"><img decoding=\"async\" data-alt=\"Cheap mini amazon medical battery portable electric oxygen concentrator with walmart\" data-src=\"\" ori-height=\"652\" ori-width=\"800\" src=\"https:\/\/anbanjia.com.cn\/wp-content\/uploads\/2022\/05\/HTB1mU4QXLjsK1Rjy1Xaq6zispXay.jpg\"><\/p>\n<p><span style=\"font-size: 18px; color: #0000ff;\"><strong>* La batterie peut \u00eatre utilis\u00e9e pendant 4 heures apr\u00e8s une charge compl\u00e8te, et elle doit se reposer apr\u00e8s avoir continu\u00e9 \u00e0 l&rsquo;utiliser pendant 2 heures.<\/strong><\/span><img decoding=\"async\" data-alt=\"Cheap mini amazon medical battery portable electric oxygen concentrator with walmart\" data-src=\"\" ori-height=\"800\" ori-width=\"800\" src=\"https:\/\/anbanjia.com.cn\/wp-content\/uploads\/2022\/05\/HTB11ixJXTHuK1RkSndVq6xVwpXan.jpg\"><\/p>\n<p><img decoding=\"async\" data-alt=\"Cheap mini amazon medical battery portable electric oxygen concentrator with walmart\" data-src=\"\" ori-height=\"800\" ori-width=\"800\" src=\"https:\/\/anbanjia.com.cn\/wp-content\/uploads\/2022\/05\/HTB1Yj0NXInrK1RjSspkq6yuvXXaj.jpg\"><img decoding=\"async\" data-alt=\"Cheap mini amazon medical battery portable electric oxygen concentrator with walmart\" data-src=\"\" ori-height=\"800\" ori-width=\"800\" src=\"https:\/\/anbanjia.com.cn\/wp-content\/uploads\/2022\/05\/HTB15nKMajLuK1Rjy0Fhq6xpdFXav.jpg\"><\/p>\n<p style=\"color: #333333; font-family: Arial, Verdana, sans-serif; font-size: 12px; font-style: normal; font-weight: normal; line-height: normal;\"><span style=\"color: #ffffff;\"><strong><span style=\"font-size: 26px;\"><span style=\"background-color: #0070c0;\">Pourquoi choisir notre concentrateur d&rsquo;oxyg\u00e8ne ?<\/span><\/span><\/strong><\/span><\/p>\n<div style=\"color: #333333; font-family: Arial, Verdana, sans-serif; font-size: 12px; font-style: normal; font-weight: normal; line-height: normal;\"><span style=\"color: #0070c0;\"><span style=\"font-size: 24px;\">* \u00c9conome en \u00e9nergie et rentable : taille mini, consommation d&rsquo;\u00e9nergie \u00e9conomique. Concentre simplement l&rsquo;oxyg\u00e8ne pur de l&rsquo;air ambiant,<\/span><\/span> <span style=\"color: #0070c0;\"><span style=\"font-size: 24px;\">donc c&rsquo;est presque sans frais. Une utilisation \u00e0 long terme peut vous faire \u00e9conomiser des milliers de dollars<\/span> .<\/span><\/div>\n<div style=\"color: #333333; font-family: Arial, Verdana, sans-serif; font-size: 12px; font-style: normal; font-weight: normal; line-height: normal;\"><span style=\"font-size: 24px;\"><span style=\"color: #0070c0;\">*pratique&nbsp;: il fournit un apport continu d&rsquo;oxyg\u00e8ne<\/span><\/span><\/div>\n<div style=\"color: #333333; font-family: Arial, Verdana, sans-serif; font-size: 12px; font-style: normal; font-weight: normal; line-height: normal;\"><span style=\"font-size: 24px;\"><span style=\"color: #0070c0;\"> sans avoir besoin de stocker et de remplacer les bouteilles.<\/span><\/span><\/div>\n<div style=\"color: #333333; font-family: Arial, Verdana, sans-serif; font-size: 12px; font-style: normal; font-weight: normal; line-height: normal;\"><span style=\"color: #0070c0; font-size: 24px;\">*Fiable et facile \u00e0 entretenir. <\/span><\/div>\n<div style=\"color: #333333; font-family: Arial, Verdana, sans-serif; font-size: 12px; font-style: normal; font-weight: normal; line-height: normal;\"><span style=\"color: #0070c0; font-size: 24px;\">* Facile \u00e0 utiliser. Contr\u00f4le concis simplifi\u00e9 <\/span><\/div>\n<\/p>\n<\/div>\n<\/div>\n<div data-section=\"AliPostDhMb-qlv2n\" data-section-title=\"contact us\" id=\"ali-anchor-AliPostDhMb-qlv2n\" style=\"padding-top: 8px;\">\n<div id=\"ali-title-AliPostDhMb-qlv2n\" style=\"padding: 8px 0; border-bottom: 1px solid #ddd;\"><span style=\"background-color: #ddd; color: #333; font-weight: bold; padding: 8px 10px; line-height: 12px;\">Nous contacter<\/span><\/div>\n<div style=\"padding: 10px 0;\">\n<p><a href=\"https:\/\/abj-medical.en.alibaba.com\/contactinfo.html?spm=a2700.8304367.topnav.8.5d239224wxD2sy\" target=\"_blank\" rel=\"noopener\"><img decoding=\"async\" data-alt=\"Cheap mini amazon medical battery portable electric oxygen concentrator with walmart\" data-src=\"\" ori-height=\"332\" ori-width=\"800\" src=\"https:\/\/anbanjia.com.cn\/wp-content\/uploads\/2022\/05\/HTB1E_8LXOLxK1Rjy0Ffq6zYdVXay.jpg\"> <\/a><\/p>\n<\/div>\n<\/div>\n<div data-section=\"AliPostDhMb-62uzs\" data-section-title=\"Product Categories\" id=\"ali-anchor-AliPostDhMb-62uzs\" style=\"padding-top: 8px;\">\n<div id=\"ali-title-AliPostDhMb-62uzs\" style=\"padding: 8px 0; border-bottom: 1px solid #ddd;\"><span style=\"background-color: #ddd; color: #333; font-weight: bold; padding: 8px 10px; line-height: 12px;\">cat\u00e9gories de produits<\/span><\/div>\n<div style=\"padding: 10px 0;\">\n<p><a href=\"https:\/\/abj-medical.en.alibaba.com\/productlist.html?spm=a2700.icbuShop.88.17.628e44ebBXll1d\" target=\"_blank\" rel=\"noopener\"><img decoding=\"async\" data-alt=\"Cheap mini amazon medical battery portable electric oxygen concentrator with walmart\" data-src=\"\" ori-height=\"321\" ori-width=\"750\" src=\"https:\/\/anbanjia.com.cn\/wp-content\/uploads\/2022\/05\/HTB1cdBMXOLxK1Rjy0Ffq6zYdVXaj.jpg\"><\/a><\/p>\n<\/div>\n<\/div>\n<div data-section=\"AliPostDhMb-ho4en\" data-section-title=\"certificate\" id=\"ali-anchor-AliPostDhMb-ho4en\" style=\"padding-top: 8px;\">\n<div id=\"ali-title-AliPostDhMb-ho4en\" style=\"padding: 8px 0; border-bottom: 1px solid #ddd;\"><span style=\"background-color: #ddd; color: #333; font-weight: bold; padding: 8px 10px; line-height: 12px;\">certificat<\/span><\/div>\n<div style=\"padding: 10px 0;\">\n<p><img decoding=\"async\" data-alt=\"Cheap mini amazon medical battery portable electric oxygen concentrator with walmart\" data-src=\"\" ori-height=\"365\" ori-width=\"750\" src=\"https:\/\/anbanjia.com.cn\/wp-content\/uploads\/2022\/05\/HTB1Z1olSpXXXXctXXXXq6xXFXXXu-1.jpg\"> <\/p>\n<\/div>\n<\/div>\n<div data-section=\"AliPostDhMb-69t1h\" data-section-title=\"company information\" id=\"ali-anchor-AliPostDhMb-69t1h\" style=\"padding-top: 8px;\">\n<div id=\"ali-title-AliPostDhMb-69t1h\" style=\"padding: 8px 0; border-bottom: 1px solid #ddd;\"><span style=\"background-color: #ddd; color: #333; font-weight: bold; padding: 8px 10px; line-height: 12px;\">Informations sur la soci\u00e9t\u00e9<\/span><\/div>\n<div style=\"padding: 10px 0;\">\n<p><img decoding=\"async\" data-alt=\"Cheap mini amazon medical battery portable electric oxygen concentrator with walmart\" data-src=\"\" ori-height=\"1857\" ori-width=\"750\" src=\"https:\/\/anbanjia.com.cn\/wp-content\/uploads\/2022\/05\/HTB1MME3SpXXXXbJaXXXq6xXFXXXA-1.jpg\"> <\/p>\n<\/div>\n<\/div>\n<div data-section=\"AliPostDhMb-8850z\" data-section-title=\"Home\" id=\"ali-anchor-AliPostDhMb-8850z\" style=\"padding-top: 8px;\">\n<div id=\"ali-title-AliPostDhMb-8850z\" style=\"padding: 8px 0; border-bottom: 1px solid #ddd;\"><span style=\"background-color: #ddd; color: #333; font-weight: bold; padding: 8px 10px; line-height: 12px;\">Accueil<\/span><\/div>\n<div style=\"padding: 10px 0;\">\n<p><img decoding=\"async\" data-alt=\"Cheap mini amazon medical battery portable electric oxygen concentrator with walmart\" data-src=\"\" ori-height=\"172\" ori-width=\"750\" src=\"https:\/\/anbanjia.com.cn\/wp-content\/uploads\/2022\/05\/unnamed-file-3.jpg\"><\/p>\n<p><a href=\"https:\/\/abj-medical.en.alibaba.com\/?spm=a2700.8304367.topnav.1.7fb94f0d6W4Kaf\" target=\"_blank\" rel=\"noopener\"><img decoding=\"async\" data-alt=\"Cheap mini amazon medical battery portable electric oxygen concentrator with walmart\" data-src=\"\" ori-height=\"124\" ori-width=\"750\" src=\"https:\/\/anbanjia.com.cn\/wp-content\/uploads\/2022\/05\/HTB10aT7SpXXXXa7XFXXq6xXFXXXO-1.jpg\"> <\/a><\/p>\n<\/div>\n<\/div>\n<\/div>\n","protected":false},"excerpt":{"rendered":"<div style=\"width:auto\">\n<div style=\"min-width: 300px;max-width: 300px;word-wrap: break-word;float: left\">Nom de marque : ABJ\/OEM <\/div>\n<div style=\"min-width: 300px;max-width: 300px;word-wrap: break-word;float: left\">Num\u00e9ro de mod\u00e8le&nbsp;: ABJ-TP2<\/div>\n<\/p><\/div>\n<div style=\"width:auto\">\n<div style=\"min-width: 300px;max-width: 300px;word-wrap: break-word;float: left\">Classification des instruments&nbsp;: classe&nbsp;II <\/div>\n<div style=\"min-width: 300px;max-width: 300px;word-wrap: break-word;float: left\">Concentration d&rsquo;oxyg\u00e8ne&nbsp;: 30 %\u00b12%<\/div>\n<\/p><\/div>\n<div style=\"width:auto\">\n<div style=\"min-width: 300px;max-width: 300px;word-wrap: break-word;float: left\">Sortie de d\u00e9bit d&rsquo;air : environ 4 +\/- 0,5 L\/min. <\/div>\n<div style=\"min-width: 300px;max-width: 300px;word-wrap: break-word;float: left\">Alimentation en oxyg\u00e8ne&nbsp;: Fourniture directe<\/div>\n<\/p><\/div>\n<div style=\"width:auto\">\n<div style=\"min-width: 300px;max-width: 300px;word-wrap: break-word;float: left\">Tension nominale : AC100V-240V \/DC12V-16.8V <\/div>\n<div style=\"min-width: 300px;max-width: 300px;word-wrap: break-word;float: left\">Consommation d&rsquo;\u00e9nergie&nbsp;: moyenne inf\u00e9rieure \u00e0 30&nbsp;W<\/div>\n<\/p><\/div>\n<div style=\"width:auto\">\n<div style=\"min-width: 300px;max-width: 300px;word-wrap: break-word;float: left\">Taille du produit : 165 mm (L) x 120 mm (l) x 75 mm (H). <\/div>\n<div style=\"min-width: 300px;max-width: 300px;word-wrap: break-word;float: left\">Certificat&nbsp;:&nbsp;CE<\/div>\n<\/p><\/div>\n<div>Logo personnalis\u00e9(Min. Commande : 200 pi\u00e8ces)<\/div>\n<div>Emballage personnalis\u00e9(Min. Commande : 200 pi\u00e8ces)<\/div>\n","protected":false},"featured_media":6737,"comment_status":"closed","ping_status":"closed","template":"","meta":[],"product_cat":[136],"product_tag":[],"class_list":["post-13028","product","type-product","status-publish","has-post-thumbnail","hentry","product_cat-concentrateur-doxygene"],"_links":{"self":[{"href":"https:\/\/anbanjia.com.cn\/fr\/wp-json\/wp\/v2\/product\/13028","targetHints":{"allow":["GET"]}}],"collection":[{"href":"https:\/\/anbanjia.com.cn\/fr\/wp-json\/wp\/v2\/product"}],"about":[{"href":"https:\/\/anbanjia.com.cn\/fr\/wp-json\/wp\/v2\/types\/product"}],"replies":[{"embeddable":true,"href":"https:\/\/anbanjia.com.cn\/fr\/wp-json\/wp\/v2\/comments?post=13028"}],"wp:featuredmedia":[{"embeddable":true,"href":"https:\/\/anbanjia.com.cn\/fr\/wp-json\/wp\/v2\/media\/6737"}],"wp:attachment":[{"href":"https:\/\/anbanjia.com.cn\/fr\/wp-json\/wp\/v2\/media?parent=13028"}],"wp:term":[{"taxonomy":"product_cat","embeddable":true,"href":"https:\/\/anbanjia.com.cn\/fr\/wp-json\/wp\/v2\/product_cat?post=13028"},{"taxonomy":"product_tag","embeddable":true,"href":"https:\/\/anbanjia.com.cn\/fr\/wp-json\/wp\/v2\/product_tag?post=13028"}],"curies":[{"name":"wp","href":"https:\/\/api.w.org\/{rel}","templated":true}]}}