{"id":13027,"date":"2022-05-02T18:02:56","date_gmt":"2022-05-02T18:02:56","guid":{"rendered":"https:\/\/www.anbanjia.com.cn\/product\/inhalateur-nebuliseur-portable-pour-bebe-a-compresseur-dasthme-eleve\/"},"modified":"2022-05-02T18:02:56","modified_gmt":"2022-05-02T18:02:56","slug":"inhalateur-nebuliseur-bebe-compresseur-portatif-pour-asthme-grave","status":"publish","type":"product","link":"https:\/\/anbanjia.com.cn\/fr\/produit\/inhalateur-nebuliseur-bebe-compresseur-portatif-pour-asthme-grave\/","title":{"rendered":"Inhalateur n\u00e9buliseur portable pour b\u00e9b\u00e9 \u00e0 compresseur d&rsquo;asthme \u00e9lev\u00e9"},"content":{"rendered":"<div style=\"max-width: 750px; margin: 0 auto;\">\n<div id=\"ali-anchor-AliPostDhMb-8o9zx\" style=\"padding-top: 8px;\" data-section=\"AliPostDhMb-8o9zx\" data-section-title=\"Product Details\">\n<div id=\"ali-title-AliPostDhMb-8o9zx\" style=\"padding: 8px 0; border-bottom: 1px solid #ddd;\"><span style=\"background-color: #ddd; color: #333; font-weight: bold; padding: 8px 10px; line-height: 12px;\">d\u00e9tails du produit<\/span><\/div>\n<div style=\"padding: 10px 0;\">\n<p><img decoding=\"async\" style=\"max-width: 750;\" src=\"https:\/\/anbanjia.com.cn\/wp-content\/uploads\/2022\/05\/HTB1pKcVSpXXXXa8XXXXq6xXFXXXs-2.jpg\" data-alt=\"Portable high asthma compressor baby nebulizer inhalator\" data-src=\"\"><\/p>\n<p style=\"text-align: center;\"><span style=\"font-size: 24px;\"><strong><span style=\"color: #0000ff;\">inhalateur de compresseur de qualit\u00e9 d&rsquo;aspiration m\u00e9dicale \u00e0 bas prix n\u00e9buliseur silencieux ortable<\/span><\/strong><\/span><\/p>\n<p style=\"text-align: left;\"><span style=\"color: #0000ff;\"><strong><span style=\"font-size: 24px;\">*<\/span><\/strong> <span style=\"font-size: 24px;\">Nous proposons des services d&rsquo;\u00e9tiquetage personnalis\u00e9s. Si vous souhaitez y apposer votre logo, n&rsquo;h\u00e9sitez pas \u00e0 nous le dire et \u00e0 nous contacter.<\/span><br \/>\n <span style=\"font-size: 24px;\">pour faire plus de d\u00e9tails \u00e0 ce sujet, merci.<\/span><\/span><\/p>\n<p style=\"text-align: left;\"><img decoding=\"async\" src=\"https:\/\/anbanjia.com.cn\/wp-content\/uploads\/2022\/05\/HTB1rYB3aZ_vK1Rjy0Fo760IxVXam.png\" data-alt=\"Portable high asthma compressor baby nebulizer inhalator\" data-src=\"\"><img decoding=\"async\" src=\"https:\/\/anbanjia.com.cn\/wp-content\/uploads\/2022\/05\/HTB1_h00a2fsK1RjSszbq6AqBXXaC.jpg\" data-alt=\"Portable high asthma compressor baby nebulizer inhalator\" data-src=\"\"><img decoding=\"async\" src=\"https:\/\/anbanjia.com.cn\/wp-content\/uploads\/2022\/05\/HTB1QY82a6zuK1Rjy0Fpq6yEpFXal.jpg\" data-alt=\"Portable high asthma compressor baby nebulizer inhalator\" data-src=\"\"><img decoding=\"async\" src=\"https:\/\/anbanjia.com.cn\/wp-content\/uploads\/2022\/05\/HTB1Xvl0aZvrK1Rjy0Fe763TmVXau.png\" data-alt=\"Portable high asthma compressor baby nebulizer inhalator\" data-src=\"\"><img decoding=\"async\" src=\"https:\/\/anbanjia.com.cn\/wp-content\/uploads\/2022\/05\/HTB1rYB3aZ_vK1Rjy0Fo760IxVXam.png\" data-alt=\"Portable high asthma compressor baby nebulizer inhalator\" data-src=\"\"><\/p>\n<p style=\"text-align: left;\"><a href=\"https:\/\/abj-medical.en.alibaba.com\/productgrouplist-804757852\/Home_care_machine.html?spm=a2700.icbuShop.88.22.6f7544ebOU9VNx\" target=\"_blank\" rel=\"noopener noreferrer\"><img decoding=\"async\" src=\"https:\/\/anbanjia.com.cn\/wp-content\/uploads\/2022\/05\/HTB1jiZDX5rxK1RkHFCcq6AQCVXaL.jpg\" data-alt=\"Portable high asthma compressor baby nebulizer inhalator\" data-src=\"\"><img decoding=\"async\" src=\"https:\/\/anbanjia.com.cn\/wp-content\/uploads\/2022\/05\/HTB1s4oKX4_rK1RkHFqDq6yJAFXa7.jpg\" data-alt=\"Portable high asthma compressor baby nebulizer inhalator\" data-src=\"\"><\/a><\/p>\n<\/div>\n<\/div>\n<div id=\"ali-anchor-AliPostDhMb-bxp78\" style=\"padding-top: 8px;\" data-section=\"AliPostDhMb-bxp78\" data-section-title=\"contact us\">\n<div id=\"ali-title-AliPostDhMb-bxp78\" style=\"padding: 8px 0; border-bottom: 1px solid #ddd;\"><span style=\"background-color: #ddd; color: #333; font-weight: bold; padding: 8px 10px; line-height: 12px;\">Nous contacter<\/span><\/div>\n<div style=\"padding: 10px 0;\">\n<p><a href=\"https:\/\/abj-medical.en.alibaba.com\/contactinfo.html?spm=a2700.8304367.topnav.8.5d239224wxD2sy\" target=\"_blank\" rel=\"noopener noreferrer\"><img decoding=\"async\" src=\"https:\/\/anbanjia.com.cn\/wp-content\/uploads\/2022\/05\/HTB1E_8LXOLxK1Rjy0Ffq6zYdVXay.jpg\" data-alt=\"Portable high asthma compressor baby nebulizer inhalator\" data-src=\"\"> <\/a><\/p>\n<\/div>\n<\/div>\n<div id=\"ali-anchor-AliPostDhMb-btqku\" style=\"padding-top: 8px;\" data-section=\"AliPostDhMb-btqku\" data-section-title=\"certificate\">\n<div id=\"ali-title-AliPostDhMb-btqku\" style=\"padding: 8px 0; border-bottom: 1px solid #ddd;\"><span style=\"background-color: #ddd; color: #333; font-weight: bold; padding: 8px 10px; line-height: 12px;\">certificat<\/span><\/div>\n<div style=\"padding: 10px 0;\">\n<p><img decoding=\"async\" src=\"https:\/\/anbanjia.com.cn\/wp-content\/uploads\/2022\/05\/HTB1Z1olSpXXXXctXXXXq6xXFXXXu-1.jpg\" data-alt=\"Portable high asthma compressor baby nebulizer inhalator\" data-src=\"\"><\/p>\n<\/div>\n<\/div>\n<div id=\"ali-anchor-AliPostDhMb-gyeue\" style=\"padding-top: 8px;\" data-section=\"AliPostDhMb-gyeue\" data-section-title=\"company information\">\n<div id=\"ali-title-AliPostDhMb-gyeue\" style=\"padding: 8px 0; border-bottom: 1px solid #ddd;\"><span style=\"background-color: #ddd; color: #333; font-weight: bold; padding: 8px 10px; line-height: 12px;\">Informations sur la soci\u00e9t\u00e9<\/span><\/div>\n<div style=\"padding: 10px 0;\">\n<p><img decoding=\"async\" src=\"https:\/\/s.alicdn.com\/@sc01\/kf\/HTB1Jw.sBZuYBuNkSmRyq6AA3pXaz\/230438700\/HTB1Jw.sBZuYBuNkSmRyq6AA3pXaz.jpg?quality=close\" alt=\"Portable high asthma compressor baby nebulizer inhalator\"><img decoding=\"async\" src=\"https:\/\/anbanjia.com.cn\/wp-content\/uploads\/2022\/05\/HTB1axkqKXGWBuNjy0Fbq6z4sXXao.jpg\" data-alt=\"Portable high asthma compressor baby nebulizer inhalator\" data-src=\"\"><\/p>\n<\/div>\n<\/div>\n<\/div>\n","protected":false},"excerpt":{"rendered":"<p>&nbsp;<\/p>\n<div style=\"width: auto;\">\n<div style=\"min-width: 300px; max-width: 300px; word-wrap: break-word; float: left;\">Lieu d&rsquo;origine: Chine<\/div>\n<div style=\"min-width: 300px; max-width: 300px; word-wrap: break-word; float: left;\">Nom de marque : ABJ\/OEM<\/div>\n<\/div>\n<div style=\"width: auto;\">\n<div style=\"min-width: 300px; max-width: 300px; word-wrap: break-word; float: left;\">Num\u00e9ro de mod\u00e8le&nbsp;: ABJ-AN-832<\/div>\n<div style=\"min-width: 300px; max-width: 300px; word-wrap: break-word; float: left;\">Source d&rsquo;alimentation&nbsp;: \u00e9lectrique<\/div>\n<\/div>\n<div style=\"width: auto;\">\n<div style=\"min-width: 300px; max-width: 300px; word-wrap: break-word; float: left;\">Garantie 1 ann\u00e9e<\/div>\n<div style=\"min-width: 300px; max-width: 300px; word-wrap: break-word; float: left;\">Service apr\u00e8s-vente : AUCUN<\/div>\n<\/div>\n<div style=\"width: auto;\">\n<div style=\"min-width: 300px; max-width: 300px; word-wrap: break-word; float: left;\">Application : pour un usage domestique.<\/div>\n<div style=\"min-width: 300px; max-width: 300px; word-wrap: break-word; float: left;\">Mode d&rsquo;alimentation&nbsp;: enfichable<\/div>\n<\/div>\n<div style=\"width: auto;\">\n<div style=\"min-width: 300px; max-width: 300px; word-wrap: break-word; float: left;\">Mat\u00e9riel:Plastique<\/div>\n<div style=\"min-width: 300px; max-width: 300px; word-wrap: break-word; float: left;\">Dur\u00e9e de conservation&nbsp;: 1&nbsp;ans<\/div>\n<\/div>\n<div style=\"width: auto;\">\n<div style=\"min-width: 300px; max-width: 300px; word-wrap: break-word; float: left;\">Certificat de qualit\u00e9&nbsp;: ce<\/div>\n<div style=\"min-width: 300px; max-width: 300px; word-wrap: break-word; float: left;\">Classification des instruments&nbsp;: classe&nbsp;II<\/div>\n<\/div>\n<div style=\"width: auto;\">\n<div style=\"min-width: 300px; max-width: 300px; word-wrap: break-word; float: left;\">Norme de s\u00e9curit\u00e9&nbsp;: MOL<\/div>\n<div style=\"min-width: 300px; max-width: 300px; word-wrap: break-word; float: left;\">Taux de n\u00e9bulisation moyen : 0,2 ml\/min<\/div>\n<\/div>\n<div style=\"width: auto;\">\n<div style=\"min-width: 300px; max-width: 300px; word-wrap: break-word; float: left;\">Pression de n\u00e9bulisation : 86KPa~106KPa<\/div>\n<div style=\"min-width: 300px; max-width: 300px; word-wrap: break-word; float: left;\">MMAD&nbsp;: 2,5&nbsp;\u03bcm<\/div>\n<\/div>\n<div style=\"width: auto;\">\n<div style=\"min-width: 300px; max-width: 300px; word-wrap: break-word; float: left;\">Taille:269mm*169.5mm*96mm<\/div>\n<div style=\"min-width: 300px; max-width: 300px; word-wrap: break-word; float: left;\">Plage de temp\u00e9rature de fonctionnement&nbsp;: 10&nbsp;\u00b0C ~ \u00e0 40&nbsp;\u00b0C (50&nbsp;\u00b0F ~ 104&nbsp;\u00b0F)<\/div>\n<\/div>\n<div>Logo personnalis\u00e9(Min. Commande : 200 pi\u00e8ces)<\/div>\n<div>Emballage personnalis\u00e9(Min. Commande : 200 pi\u00e8ces)<\/div>\n","protected":false},"featured_media":6567,"comment_status":"closed","ping_status":"closed","template":"","meta":[],"product_cat":[140],"product_tag":[],"class_list":["post-13027","product","type-product","status-publish","has-post-thumbnail","hentry","product_cat-nebuliseur"],"_links":{"self":[{"href":"https:\/\/anbanjia.com.cn\/fr\/wp-json\/wp\/v2\/product\/13027","targetHints":{"allow":["GET"]}}],"collection":[{"href":"https:\/\/anbanjia.com.cn\/fr\/wp-json\/wp\/v2\/product"}],"about":[{"href":"https:\/\/anbanjia.com.cn\/fr\/wp-json\/wp\/v2\/types\/product"}],"replies":[{"embeddable":true,"href":"https:\/\/anbanjia.com.cn\/fr\/wp-json\/wp\/v2\/comments?post=13027"}],"wp:featuredmedia":[{"embeddable":true,"href":"https:\/\/anbanjia.com.cn\/fr\/wp-json\/wp\/v2\/media\/6567"}],"wp:attachment":[{"href":"https:\/\/anbanjia.com.cn\/fr\/wp-json\/wp\/v2\/media?parent=13027"}],"wp:term":[{"taxonomy":"product_cat","embeddable":true,"href":"https:\/\/anbanjia.com.cn\/fr\/wp-json\/wp\/v2\/product_cat?post=13027"},{"taxonomy":"product_tag","embeddable":true,"href":"https:\/\/anbanjia.com.cn\/fr\/wp-json\/wp\/v2\/product_tag?post=13027"}],"curies":[{"name":"wp","href":"https:\/\/api.w.org\/{rel}","templated":true}]}}