{"id":13024,"date":"2022-05-02T18:02:57","date_gmt":"2022-05-02T18:02:57","guid":{"rendered":"https:\/\/www.anbanjia.com.cn\/product\/prix-bon-marche-a-usage-domestique-concentrateur-doxygene-3l-5l-avec-nebuliseur\/"},"modified":"2022-05-02T18:02:57","modified_gmt":"2022-05-02T18:02:57","slug":"pas-cher-prix-usage-domicile-3l5l-concentrateur-doxygene-avec-nebuliseur","status":"publish","type":"product","link":"https:\/\/anbanjia.com.cn\/fr\/produit\/pas-cher-prix-usage-domicile-3l5l-concentrateur-doxygene-avec-nebuliseur\/","title":{"rendered":"Prix bon march\u00e9 \u00e0 usage domestique Concentrateur d&rsquo;oxyg\u00e8ne 3L, 5L avec n\u00e9buliseur"},"content":{"rendered":"<div style=\"max-width: 750px;margin: 0 auto;\">\n<div data-section=\"AliPostDhMb-uk9uo\" data-section-title=\"Product Details\" id=\"ali-anchor-AliPostDhMb-uk9uo\" style=\"padding-top: 8px;\">\n<div id=\"ali-title-AliPostDhMb-uk9uo\" style=\"padding: 8px 0; border-bottom: 1px solid #ddd;\"><span style=\"background-color: #ddd; color: #333; font-weight: bold; padding: 8px 10px; line-height: 12px;\">d\u00e9tails du produit<\/span><\/div>\n<div style=\"padding: 10px 0;\">\n<p><img decoding=\"async\" data-alt=\"Cheap price home use 3L,5L oxygen concentrator with nebulizer\" data-src=\"\" ori-height=\"476\" ori-width=\"750\" src=\"https:\/\/anbanjia.com.cn\/wp-content\/uploads\/2022\/05\/HTB1pKcVSpXXXXa8XXXXq6xXFXXXs-2.jpg\" style=\"max-width: 750;\"><\/p>\n<p style=\"text-align: center;\"><span style=\"color: #0000ff; font-size: 24px;\"><strong>Veuillez contacter le vendeur pour obtenir plus de d\u00e9tails \u00e0 ce sujet<\/strong><\/span><\/p>\n<p><span style=\"color: #008080; font-size: 24px;\">Si vous avez des questions, n&rsquo;h\u00e9sitez pas \u00e0 me le dire.<\/span><\/p>\n<p> <img decoding=\"async\" data-alt=\"Cheap price home use 3L,5L oxygen concentrator with nebulizer\" data-src=\"\" ori-height=\"1049\" ori-width=\"790\" src=\"https:\/\/anbanjia.com.cn\/wp-content\/uploads\/2022\/05\/HTB1HzblXZnrK1RjSspkq6yuvXXaM.jpg\"><img decoding=\"async\" data-alt=\"Cheap price home use 3L,5L oxygen concentrator with nebulizer\" data-src=\"\" ori-height=\"560\" ori-width=\"790\" src=\"https:\/\/anbanjia.com.cn\/wp-content\/uploads\/2022\/05\/HTB12ZreXVzsK1Rjy1Xbq6xOaFXaQ.jpg\"><img decoding=\"async\" data-alt=\"Cheap price home use 3L,5L oxygen concentrator with nebulizer\" data-src=\"\" ori-height=\"937\" ori-width=\"800\" src=\"https:\/\/anbanjia.com.cn\/wp-content\/uploads\/2022\/05\/Haf93d70b7c3745a4b9a7f62c6f86ac0aN.jpg\"><img decoding=\"async\" data-alt=\"Cheap price home use 3L,5L oxygen concentrator with nebulizer\" data-src=\"\" ori-height=\"891\" ori-width=\"800\" src=\"https:\/\/anbanjia.com.cn\/wp-content\/uploads\/2022\/05\/Hc912e109aac746d0a38f80a187c5e47aE.jpg\"><img decoding=\"async\" data-alt=\"Cheap price home use 3L,5L oxygen concentrator with nebulizer\" data-src=\"\" ori-height=\"800\" ori-width=\"800\" src=\"https:\/\/anbanjia.com.cn\/wp-content\/uploads\/2022\/05\/H7276e9b9a827421684180bac6ea0514bZ.jpg\"><\/p>\n<\/p>\n<\/div>\n<\/div>\n<div data-section=\"AliPostDhMb-yq7ri\" data-section-title=\"Product Categories\" id=\"ali-anchor-AliPostDhMb-yq7ri\" style=\"padding-top: 8px;\">\n<div id=\"ali-title-AliPostDhMb-yq7ri\" style=\"padding: 8px 0; border-bottom: 1px solid #ddd;\"><span style=\"background-color: #ddd; color: #333; font-weight: bold; padding: 8px 10px; line-height: 12px;\">cat\u00e9gories de produits<\/span><\/div>\n<div style=\"padding: 10px 0;\">\n<p><a href=\"https:\/\/abj-medical.en.alibaba.com\/productgrouplist-804757852\/Home_care_machine.html?spm=a2700.icbuShop.88.22.302f44ebIaA8rU\" rel=\"noopener noreferrer\" target=\"_blank\"><img decoding=\"async\" data-src=\"\" ori-height=\"600\" ori-width=\"800\" src=\"https:\/\/anbanjia.com.cn\/wp-content\/uploads\/2022\/05\/HTB1gY8WaozrK1RjSspmq6AOdFXad.jpg\"><\/a> <\/p>\n<div id=\"ali-title-AliPostDhMb-5b8m7\" style=\"padding: 8px 0; border-bottom: 1px solid #ddd;\"><span style=\"background-color: #ddd; color: #333; font-weight: bold; padding: 8px 10px; line-height: 12px;\">Nous contacter<\/span><\/div>\n<div style=\"padding: 10px 0;\">\n<p><a href=\"https:\/\/abj-medical.en.alibaba.com\/contactinfo.html?spm=a2700.8304367.topnav.8.5d239224wxD2sy\" rel=\"noopener noreferrer\" target=\"_blank\"><img decoding=\"async\" data-alt=\"Cheap price home use 3L,5L oxygen concentrator with nebulizer\" data-src=\"\" ori-height=\"332\" ori-width=\"800\" src=\"https:\/\/anbanjia.com.cn\/wp-content\/uploads\/2022\/05\/HTB1E_8LXOLxK1Rjy0Ffq6zYdVXay.jpg\"> <\/a><\/p>\n<\/div>\n<\/div>\n<\/div>\n<div data-section=\"AliPostDhMb-devom\" data-section-title=\"company information\" id=\"ali-anchor-AliPostDhMb-devom\" style=\"padding-top: 8px;\">\n<div id=\"ali-title-AliPostDhMb-devom\" style=\"padding: 8px 0; border-bottom: 1px solid #ddd;\"><span style=\"background-color: #ddd; color: #333; font-weight: bold; padding: 8px 10px; line-height: 12px;\">Informations sur la soci\u00e9t\u00e9<\/span><\/div>\n<div style=\"padding: 10px 0;\">\n<p><img decoding=\"async\" data-alt=\"Cheap price home use 3L,5L oxygen concentrator with nebulizer\" data-src=\"\" ori-height=\"1857\" ori-width=\"750\" src=\"https:\/\/anbanjia.com.cn\/wp-content\/uploads\/2022\/05\/HTB1MME3SpXXXXbJaXXXq6xXFXXXA-1.jpg\"> <\/p>\n<\/div>\n<\/div>\n<div data-section=\"AliPostDhMb-o4lid\" data-section-title=\"certificate\" id=\"ali-anchor-AliPostDhMb-o4lid\" style=\"padding-top: 8px;\">\n<div id=\"ali-title-AliPostDhMb-o4lid\" style=\"padding: 8px 0; border-bottom: 1px solid #ddd;\"><span style=\"background-color: #ddd; color: #333; font-weight: bold; padding: 8px 10px; line-height: 12px;\">certificat<\/span><\/div>\n<div style=\"padding: 10px 0;\">\n<p><img decoding=\"async\" data-alt=\"Cheap price home use 3L,5L oxygen concentrator with nebulizer\" data-src=\"\" ori-height=\"365\" ori-width=\"750\" src=\"https:\/\/anbanjia.com.cn\/wp-content\/uploads\/2022\/05\/HTB1Z1olSpXXXXctXXXXq6xXFXXXu-1.jpg\"> <\/p>\n<\/div>\n<\/div>\n<div data-section=\"AliPostDhMb-ve2nk\" data-section-title=\"produce &amp; payment\" id=\"ali-anchor-AliPostDhMb-ve2nk\" style=\"padding-top: 8px;\">\n<div id=\"ali-title-AliPostDhMb-ve2nk\" style=\"padding: 8px 0; border-bottom: 1px solid #ddd;\"><span style=\"background-color: #ddd; color: #333; font-weight: bold; padding: 8px 10px; line-height: 12px;\">produire et payer<\/span><\/div>\n<div style=\"padding: 10px 0;\">\n<p><img decoding=\"async\" data-alt=\"Cheap price home use 3L,5L oxygen concentrator with nebulizer\" data-src=\"\" ori-height=\"454\" ori-width=\"750\" src=\"https:\/\/anbanjia.com.cn\/wp-content\/uploads\/2022\/05\/HTB1LlvUSpXXXXbJXVXXq6xXFXXXf-1.jpg\"><img decoding=\"async\" data-alt=\"Cheap price home use 3L,5L oxygen concentrator with nebulizer\" data-src=\"\" ori-height=\"58\" ori-width=\"750\" src=\"https:\/\/anbanjia.com.cn\/wp-content\/uploads\/2022\/05\/HTB1O0UfSpXXXXaRXpXXq6xXFXXXA.jpg\"> <\/p>\n<\/div>\n<\/div>\n<div data-section=\"AliPostDhMb-o4nbd\" data-section-title=\"Home\" id=\"ali-anchor-AliPostDhMb-o4nbd\" style=\"padding-top: 8px;\">\n<div id=\"ali-title-AliPostDhMb-o4nbd\" style=\"padding: 8px 0; border-bottom: 1px solid #ddd;\"><span style=\"background-color: #ddd; color: #333; font-weight: bold; padding: 8px 10px; line-height: 12px;\">Accueil<\/span><\/div>\n<div style=\"padding: 10px 0;\">\n<p><img decoding=\"async\" data-alt=\"Cheap price home use 3L,5L oxygen concentrator with nebulizer\" data-src=\"\" ori-height=\"172\" ori-width=\"750\" src=\"https:\/\/anbanjia.com.cn\/wp-content\/uploads\/2022\/05\/unnamed-file-3.jpg\"><\/p>\n<p><a href=\"https:\/\/abj-medical.en.alibaba.com\/?spm=a2700.8304367.topnav.1.7fb94f0d6W4Kaf\" rel=\"noopener noreferrer\" target=\"_blank\"><img decoding=\"async\" data-alt=\"Cheap price home use 3L,5L oxygen concentrator with nebulizer\" data-src=\"\" ori-height=\"124\" ori-width=\"750\" src=\"https:\/\/anbanjia.com.cn\/wp-content\/uploads\/2022\/05\/HTB10aT7SpXXXXa7XFXXq6xXFXXXO-1.jpg\"> <\/a><\/p>\n<\/div>\n<\/div>\n<\/div>\n","protected":false},"excerpt":{"rendered":"<div style=\"width:auto\">\n<div style=\"min-width: 300px;max-width: 300px;word-wrap: break-word;float: left\">Lieu d&rsquo;origine : Chine <\/div>\n<div style=\"min-width: 300px;max-width: 300px;word-wrap: break-word;float: left\">Nom de marque : ABJ<\/div>\n<\/p><\/div>\n<div style=\"width:auto\">\n<div style=\"min-width: 300px;max-width: 300px;word-wrap: break-word;float: left\">Num\u00e9ro de mod\u00e8le : ABJ-C <\/div>\n<div style=\"min-width: 300px;max-width: 300px;word-wrap: break-word;float: left\">Source d&rsquo;alimentation&nbsp;: \u00e9lectrique<\/div>\n<\/p><\/div>\n<div style=\"width:auto\">\n<div style=\"min-width: 300px;max-width: 300px;word-wrap: break-word;float: left\">Garantie 1 ann\u00e9e <\/div>\n<div style=\"min-width: 300px;max-width: 300px;word-wrap: break-word;float: left\">Service apr\u00e8s-vente&nbsp;: formation sur site<\/div>\n<\/p><\/div>\n<div style=\"width:auto\">\n<div style=\"min-width: 300px;max-width: 300px;word-wrap: break-word;float: left\">Application&nbsp;: pour le m\u00e9dical <\/div>\n<div style=\"min-width: 300px;max-width: 300px;word-wrap: break-word;float: left\">Mode d&rsquo;alimentation&nbsp;: enfichable<\/div>\n<\/p><\/div>\n<div style=\"width:auto\">\n<div style=\"min-width: 300px;max-width: 300px;word-wrap: break-word;float: left\">Mat\u00e9riel:Plastique <\/div>\n<div style=\"min-width: 300px;max-width: 300px;word-wrap: break-word;float: left\">Dur\u00e9e de conservation&nbsp;: 6&nbsp;mois<\/div>\n<\/p><\/div>\n<div style=\"width:auto\">\n<div style=\"min-width: 300px;max-width: 300px;word-wrap: break-word;float: left\">Certificat de qualit\u00e9&nbsp;: ce <\/div>\n<div style=\"min-width: 300px;max-width: 300px;word-wrap: break-word;float: left\">Classification des instruments&nbsp;: classe&nbsp;II<\/div>\n<\/p><\/div>\n<div style=\"width:auto\">\n<div style=\"min-width: 300px;max-width: 300px;word-wrap: break-word;float: left\">Norme de s\u00e9curit\u00e9&nbsp;:&nbsp;Aucune <\/div>\n<div style=\"min-width: 300px;max-width: 300px;word-wrap: break-word;float: left\">oxyg\u00e8ne: 5L<\/div>\n<\/p><\/div>\n","protected":false},"featured_media":6679,"comment_status":"closed","ping_status":"closed","template":"","meta":[],"product_cat":[136],"product_tag":[],"class_list":["post-13024","product","type-product","status-publish","has-post-thumbnail","hentry","product_cat-concentrateur-doxygene"],"_links":{"self":[{"href":"https:\/\/anbanjia.com.cn\/fr\/wp-json\/wp\/v2\/product\/13024","targetHints":{"allow":["GET"]}}],"collection":[{"href":"https:\/\/anbanjia.com.cn\/fr\/wp-json\/wp\/v2\/product"}],"about":[{"href":"https:\/\/anbanjia.com.cn\/fr\/wp-json\/wp\/v2\/types\/product"}],"replies":[{"embeddable":true,"href":"https:\/\/anbanjia.com.cn\/fr\/wp-json\/wp\/v2\/comments?post=13024"}],"wp:featuredmedia":[{"embeddable":true,"href":"https:\/\/anbanjia.com.cn\/fr\/wp-json\/wp\/v2\/media\/6679"}],"wp:attachment":[{"href":"https:\/\/anbanjia.com.cn\/fr\/wp-json\/wp\/v2\/media?parent=13024"}],"wp:term":[{"taxonomy":"product_cat","embeddable":true,"href":"https:\/\/anbanjia.com.cn\/fr\/wp-json\/wp\/v2\/product_cat?post=13024"},{"taxonomy":"product_tag","embeddable":true,"href":"https:\/\/anbanjia.com.cn\/fr\/wp-json\/wp\/v2\/product_tag?post=13024"}],"curies":[{"name":"wp","href":"https:\/\/api.w.org\/{rel}","templated":true}]}}