{"id":13023,"date":"2022-05-02T18:02:55","date_gmt":"2022-05-02T18:02:55","guid":{"rendered":"https:\/\/www.anbanjia.com.cn\/product\/machine-portative-de-nebuliseur-dinhalateur-de-compresseur-dasthme-eleve-de-soin-de-bebe-de-soins-a-la-maison-pour-des-enfants\/"},"modified":"2022-05-02T18:02:55","modified_gmt":"2022-05-02T18:02:55","slug":"soins-a-domicile-soins-de-bebe-inhalateur-compresseur-inhalateur-nebuliseur-portable-pour-enfants","status":"publish","type":"product","link":"https:\/\/anbanjia.com.cn\/fr\/produit\/soins-a-domicile-soins-de-bebe-inhalateur-compresseur-inhalateur-nebuliseur-portable-pour-enfants\/","title":{"rendered":"Machine portative de n\u00e9buliseur d&rsquo;inhalateur de compresseur d&rsquo;asthme \u00e9lev\u00e9 de soin de b\u00e9b\u00e9 de soins \u00e0 la maison pour des enfants"},"content":{"rendered":"<div style=\"max-width: 750px; margin: 0 auto;\">\n<div id=\"ali-anchor-AliPostDhMb-34si4\" style=\"padding-top: 8px;\" data-section=\"AliPostDhMb-34si4\" data-section-title=\"Product Details\">\n<div id=\"ali-title-AliPostDhMb-34si4\" style=\"padding: 8px 0; border-bottom: 1px solid #ddd;\"><span style=\"background-color: #ddd; color: #333; font-weight: bold; padding: 8px 10px; line-height: 12px;\">d\u00e9tails du produit<\/span><\/div>\n<div style=\"padding: 10px 0;\">\n<p><img decoding=\"async\" style=\"max-width: 750;\" src=\"https:\/\/anbanjia.com.cn\/wp-content\/uploads\/2022\/05\/HTB1pKcVSpXXXXa8XXXXq6xXFXXXs-2.jpg\" data-alt=\"Home care baby care portable high asthma compressor inhalator nebulizer machine for children\" data-src=\"\"><\/p>\n<p><span style=\"font-size: 32px; color: #000000;\">Veuillez contacter le vendeur pour obtenir plus de d\u00e9tails \u00e0 ce sujet.<\/span><\/p>\n<p><span style=\"font-size: 32px; color: #000000;\">Nous pouvons ajouter votre logo sur le <span style=\"font-family: Arial; font-size: 32px; font-style: normal; font-weight: 400; text-align: center; background-color: #f5f5f5; float: none; display: inline !important;\">n\u00e9buliseur et vous pouvez personnaliser l&#8217;emballage.<\/span><\/span><\/p>\n<p style=\"text-align: center;\"><span style=\"font-size: 32px; color: #0000ff;\">Machine de n\u00e9buliseur portable pour soins de b\u00e9b\u00e9 \u00e0 domicile pour enfants<\/span><\/p>\n<p><strong><span style=\"font-size: 24px;\"><img decoding=\"async\" src=\"https:\/\/anbanjia.com.cn\/wp-content\/uploads\/2022\/05\/HTB1jiZDX5rxK1RkHFCcq6AQCVXaL.jpg\" data-alt=\"Home care baby care portable high asthma compressor inhalator nebulizer machine for children\" data-src=\"\"><img decoding=\"async\" src=\"https:\/\/anbanjia.com.cn\/wp-content\/uploads\/2022\/05\/HTB1s4oKX4_rK1RkHFqDq6yJAFXa7.jpg\" data-alt=\"Home care baby care portable high asthma compressor inhalator nebulizer machine for children\" data-src=\"\"><img decoding=\"async\" src=\"https:\/\/anbanjia.com.cn\/wp-content\/uploads\/2022\/05\/HTB1cNqMqqSWBuNjSsrbq6y0mVXar.jpg\" data-alt=\"Home care baby care portable high asthma compressor inhalator nebulizer machine for children\" data-src=\"\"><\/span><\/strong><\/p>\n<p><span style=\"font-size: 18px; color: #0000ff;\">1. Fr\u00e9quence de vibration : 120 \u00b1 10 % KHz.<\/span><br \/>\n<span style=\"font-size: 18px; color: #0000ff;\">2.120\u00b110&nbsp;%&nbsp;KHz&nbsp;: \u22650,25&nbsp;ml\/min<\/span><br \/>\n<span style=\"font-size: 18px; color: #0000ff;\">3. Taille des particules (MMAD) : 5 \u03bcm<\/span><br \/>\n<span style=\"font-size: 18px; color: #0000ff;\">4. Nosie de travail&nbsp;: \u2264&nbsp;21&nbsp;dB<\/span><br \/>\n<span style=\"font-size: 18px; color: #0000ff;\">5. Fonction diff\u00e9rente : fonction de d\u00e9tection de m\u00e9dicament liquide ; S&rsquo;il n&rsquo;y a pas de m\u00e9dicament dans le flacon, arr\u00eatez automatiquement<\/span><br \/>\n<span style=\"font-size: 18px; color: #0000ff;\">6. Couleur de MaiUnit&nbsp;: blanc, rose, vert, bleu, violet, jaune.<\/span><br \/>\n<span style=\"font-size: 18px; color: #0000ff;\">7. Couleur du flacon de m\u00e9dicament : Couleur du flacon de m\u00e9dicament<\/span><br \/>\n<span style=\"font-size: 18px; color: #0000ff;\">8. Couleur du flacon de m\u00e9dicament : 79 g.<\/span><br \/>\n<span style=\"font-size: 18px; color: #0000ff;\">9. Alimentation : 2 piles Akline \u00ab AA \u00bb ; C\u00e2ble micro-USB<\/span><br \/>\n<span style=\"font-size: 18px; color: #0000ff;\">10.Dimension du produit (mm):45*61*121mm<\/span><\/p>\n<p><strong><span style=\"font-size: 24px;\"><img decoding=\"async\" src=\"https:\/\/anbanjia.com.cn\/wp-content\/uploads\/2022\/05\/HTB1pzpQigKTBuNkSne1q6yJoXXam.jpg\" data-alt=\"Home care baby care portable high asthma compressor inhalator nebulizer machine for children\" data-src=\"\"><img decoding=\"async\" src=\"https:\/\/anbanjia.com.cn\/wp-content\/uploads\/2022\/05\/HTB1caqVqpuWBuNjSszbq6AS7FXaI.jpg\" data-alt=\"Home care baby care portable high asthma compressor inhalator nebulizer machine for children\" data-src=\"\"><\/span><\/strong><\/p>\n<div id=\"e5gey\" style=\"margin: 0px; padding: 4px 0px; border: 0px; font-style: normal; font-weight: normal; font-size: 14px; line-height: inherit; font-family: Arial,Helvetica; vertical-align: top; word-wrap: break-word; color: #333333; background-color: #ffffff; box-sizing: border-box;\">\n<h3 style=\"margin: 0px; padding: 0px; border: 0px; font-style: inherit; font-weight: bold; font-size: 1.17em; line-height: 20px; vertical-align: baseline;\">machine portative de n\u00e9buliseur de soins m\u00e9dicaux :<\/h3>\n<\/div>\n<div id=\"sl59k\" style=\"margin: 0px; padding: 4px 0px; border: 0px; font-style: normal; font-weight: normal; font-size: 14px; line-height: inherit; font-family: Arial,Helvetica; vertical-align: top; word-wrap: break-word; color: #333333; background-color: #ffffff; box-sizing: border-box;\">\n<p style=\"margin: 0px; padding: 0px; border: 0px; font-style: inherit; font-weight: inherit; font-size: inherit; line-height: inherit; vertical-align: baseline; word-wrap: break-word;\"><span style=\"font-size: large;\">Machine principale 1 pi\u00e8ces&nbsp;; <\/span><\/p>\n<p style=\"margin: 0px; padding: 0px; border: 0px; font-style: inherit; font-weight: inherit; font-size: inherit; line-height: inherit; vertical-align: baseline; word-wrap: break-word;\"><span style=\"font-size: large;\"> Embouchure 1 pi\u00e8ces&nbsp;; <\/span><\/p>\n<p style=\"margin: 0px; padding: 0px; border: 0px; font-style: inherit; font-weight: inherit; font-size: inherit; line-height: inherit; vertical-align: baseline; word-wrap: break-word;\"><span style=\"font-size: large;\"> Masque enfant 1PCS; <\/span><\/p>\n<p style=\"margin: 0px; padding: 0px; border: 0px; font-style: inherit; font-weight: inherit; font-size: inherit; line-height: inherit; vertical-align: baseline; word-wrap: break-word;\"><span style=\"font-size: large;\"> Masque adulte 1 pi\u00e8ces&nbsp;; <\/span><\/p>\n<p style=\"margin: 0px; padding: 0px; border: 0px; font-style: inherit; font-weight: inherit; font-size: inherit; line-height: inherit; vertical-align: baseline; word-wrap: break-word;\"><span style=\"font-size: large;\"> Manuel d&rsquo;instructions 1 pi\u00e8ces&nbsp;;<\/span><\/p>\n<p style=\"margin: 0px; padding: 0px; border: 0px; font-style: inherit; font-weight: inherit; font-size: inherit; line-height: inherit; vertical-align: baseline; word-wrap: break-word;\"><span style=\"font-size: large;\"> Pochette de transport 1 pi\u00e8ces&nbsp;; <\/span><\/p>\n<p style=\"margin: 0px; padding: 0px; border: 0px; font-style: inherit; font-weight: inherit; font-size: inherit; line-height: inherit; vertical-align: baseline; word-wrap: break-word;\"><span style=\"font-size: large;\"> C\u00e2ble micro-USB 1 pi\u00e8ces<\/span><\/p>\n<p style=\"margin: 0px; padding: 0px; border: 0px; font-style: inherit; font-weight: inherit; font-size: inherit; line-height: inherit; vertical-align: baseline; word-wrap: break-word;\"><span style=\"color: #0000ff;\"><strong><span style=\"font-size: 24px;\">Autres types de petits n\u00e9buliseurs&nbsp;: ABJ-32<\/span><\/strong><\/span><\/p>\n<p style=\"margin: 0px; padding: 0px; border: 0px; font-style: inherit; font-weight: inherit; font-size: inherit; line-height: inherit; vertical-align: baseline; word-wrap: break-word;\"><span style=\"font-size: large;\"><img decoding=\"async\" src=\"https:\/\/anbanjia.com.cn\/wp-content\/uploads\/2022\/05\/HTB1XWO8quGSBuNjSspbq6AiipXaZ.jpg\" data-alt=\"Home care baby care portable high asthma compressor inhalator nebulizer machine for children\" data-src=\"\"><\/span><\/p>\n<h3 style=\"margin: 0px; padding: 0px; border: 0px; font-style: normal; font-weight: bold; font-size: 1.17em; line-height: 20px; font-family: Arial,Helvetica; vertical-align: baseline; color: #333333; background-color: #ffffff;\"><span style=\"color: #3f6fff; font-size: xx-large;\">N\u00e9buliseur ABJ31 et ABJ32&nbsp;:<\/span><\/h3>\n<p><span style=\"color: #3f6fff; font-size: xx-large;\"><img decoding=\"async\" src=\"https:\/\/anbanjia.com.cn\/wp-content\/uploads\/2022\/05\/HTB1rOidinXYBeNkHFrd763iuVXaP.png\" data-alt=\"Home care baby care portable high asthma compressor inhalator nebulizer machine for children\" data-src=\"\"><img decoding=\"async\" src=\"https:\/\/anbanjia.com.cn\/wp-content\/uploads\/2022\/05\/HTB1E_8LXOLxK1Rjy0Ffq6zYdVXay.jpg\" data-alt=\"Home care baby care portable high asthma compressor inhalator nebulizer machine for children\" data-src=\"\"><\/span><\/p>\n<\/div>\n<\/div>\n<\/div>\n<div id=\"ali-anchor-AliPostDhMb-540wo\" style=\"padding-top: 8px;\" data-section=\"AliPostDhMb-540wo\" data-section-title=\"company information\">\n<div id=\"ali-title-AliPostDhMb-540wo\" style=\"padding: 8px 0; border-bottom: 1px solid #ddd;\"><span style=\"background-color: #ddd; color: #333; font-weight: bold; padding: 8px 10px; line-height: 12px;\">Informations sur la soci\u00e9t\u00e9<\/span><\/div>\n<div style=\"padding: 10px 0;\">\n<p><img decoding=\"async\" src=\"https:\/\/anbanjia.com.cn\/wp-content\/uploads\/2022\/05\/HTB1MME3SpXXXXbJaXXXq6xXFXXXA-1.jpg\" data-alt=\"Home care baby care portable high asthma compressor inhalator nebulizer machine for children\" data-src=\"\"><\/p>\n<\/div>\n<\/div>\n<div id=\"ali-anchor-AliPostDhMb-v8csu\" style=\"padding-top: 8px;\" data-section=\"AliPostDhMb-v8csu\" data-section-title=\"certificate\">\n<div id=\"ali-title-AliPostDhMb-v8csu\" style=\"padding: 8px 0; border-bottom: 1px solid #ddd;\"><span style=\"background-color: #ddd; color: #333; font-weight: bold; padding: 8px 10px; line-height: 12px;\">certificat<\/span><\/div>\n<div style=\"padding: 10px 0;\">\n<p><img decoding=\"async\" src=\"https:\/\/anbanjia.com.cn\/wp-content\/uploads\/2022\/05\/HTB1Z1olSpXXXXctXXXXq6xXFXXXu-1.jpg\" data-alt=\"Home care baby care portable high asthma compressor inhalator nebulizer machine for children\" data-src=\"\"><\/p>\n<\/div>\n<\/div>\n<div id=\"ali-anchor-AliPostDhMb-z2exa\" style=\"padding-top: 8px;\" data-section=\"AliPostDhMb-z2exa\" data-section-title=\"produce &amp; payment\">\n<div id=\"ali-title-AliPostDhMb-z2exa\" style=\"padding: 8px 0; border-bottom: 1px solid #ddd;\"><span style=\"background-color: #ddd; color: #333; font-weight: bold; padding: 8px 10px; line-height: 12px;\">produire et payer<\/span><\/div>\n<div style=\"padding: 10px 0;\">\n<p><img decoding=\"async\" src=\"https:\/\/anbanjia.com.cn\/wp-content\/uploads\/2022\/05\/HTB1LlvUSpXXXXbJXVXXq6xXFXXXf-1.jpg\" data-alt=\"Home care baby care portable high asthma compressor inhalator nebulizer machine for children\" data-src=\"\"><img decoding=\"async\" src=\"https:\/\/anbanjia.com.cn\/wp-content\/uploads\/2022\/05\/HTB1R1haSFXXXXXNXVXXq6xXFXXXz-1.jpg\" data-alt=\"Home care baby care portable high asthma compressor inhalator nebulizer machine for children\" data-src=\"\"><\/p>\n<\/div>\n<\/div>\n<div id=\"ali-anchor-AliPostDhMb-tuceb\" style=\"padding-top: 8px;\" data-section=\"AliPostDhMb-tuceb\" data-section-title=\"Home\">\n<div style=\"padding: 10px 0;\">\n<p>&nbsp;<\/p>\n<p>&nbsp;<\/p>\n<\/div>\n<\/div>\n<\/div>\n","protected":false},"excerpt":{"rendered":"<p>&nbsp;<\/p>\n<div style=\"width: auto;\">\n<div style=\"min-width: 300px; max-width: 300px; word-wrap: break-word; float: left;\">Lieu d&rsquo;origine&nbsp;: Guangdong, Chine<\/div>\n<div style=\"min-width: 300px; max-width: 300px; word-wrap: break-word; float: left;\">Nom de marque : ABJ\/OEM<\/div>\n<\/div>\n<div style=\"width: auto;\">\n<div style=\"min-width: 300px; max-width: 300px; word-wrap: break-word; float: left;\">Num\u00e9ro de mod\u00e8le&nbsp;: ABJ-YS31<\/div>\n<div style=\"min-width: 300px; max-width: 300px; word-wrap: break-word; float: left;\">Source d&rsquo;alimentation&nbsp;: \u00e9lectrique<\/div>\n<\/div>\n<div style=\"width: auto;\">\n<div style=\"min-width: 300px; max-width: 300px; word-wrap: break-word; float: left;\">Garantie 1 ann\u00e9e<\/div>\n<div style=\"min-width: 300px; max-width: 300px; word-wrap: break-word; float: left;\">Service apr\u00e8s-vente : AUCUN<\/div>\n<\/div>\n<div style=\"width: auto;\">\n<div style=\"min-width: 300px; max-width: 300px; word-wrap: break-word; float: left;\">Application : pour un usage domestique.<\/div>\n<div style=\"min-width: 300px; max-width: 300px; word-wrap: break-word; float: left;\">Mode d&rsquo;alimentation&nbsp;: enfichable<\/div>\n<\/div>\n<div style=\"width: auto;\">\n<div style=\"min-width: 300px; max-width: 300px; word-wrap: break-word; float: left;\">Mat\u00e9riel:Plastique<\/div>\n<div style=\"min-width: 300px; max-width: 300px; word-wrap: break-word; float: left;\">Dur\u00e9e de conservation&nbsp;: 1&nbsp;ans<\/div>\n<\/div>\n<div style=\"width: auto;\">\n<div style=\"min-width: 300px; max-width: 300px; word-wrap: break-word; float: left;\">Certificat de qualit\u00e9&nbsp;: ce<\/div>\n<div style=\"min-width: 300px; max-width: 300px; word-wrap: break-word; float: left;\">Classification des instruments&nbsp;: classe&nbsp;II<\/div>\n<\/div>\n<div style=\"width: auto;\">\n<div style=\"min-width: 300px; max-width: 300px; word-wrap: break-word; float: left;\">Norme de s\u00e9curit\u00e9&nbsp;:&nbsp;Aucune<\/div>\n<div style=\"min-width: 300px; max-width: 300px; word-wrap: break-word; float: left;\">Type&nbsp;: Orth\u00e8ses<\/div>\n<\/div>\n<div style=\"width: auto;\">\n<div style=\"min-width: 300px; max-width: 300px; word-wrap: break-word; float: left;\">Certificat:CE FED ISO<\/div>\n<div style=\"min-width: 300px; max-width: 300px; word-wrap: break-word; float: left;\">alimentation: 2 piles alcalines AA<\/div>\n<\/div>\n<div style=\"width: auto;\">\n<div style=\"min-width: 300px; max-width: 300px; word-wrap: break-word; float: left;\">consommations d&rsquo;\u00e9nergie&nbsp;: 1,5&nbsp;w d&rsquo;aide \u00e0 la respiration<\/div>\n<div style=\"min-width: 300px; max-width: 300px; word-wrap: break-word; float: left;\">Dimensions (mm):45(L)*61(W)*121(H)<\/div>\n<\/div>\n","protected":false},"featured_media":12597,"comment_status":"closed","ping_status":"closed","template":"","meta":[],"product_cat":[140],"product_tag":[],"class_list":["post-13023","product","type-product","status-publish","has-post-thumbnail","hentry","product_cat-nebuliseur"],"_links":{"self":[{"href":"https:\/\/anbanjia.com.cn\/fr\/wp-json\/wp\/v2\/product\/13023","targetHints":{"allow":["GET"]}}],"collection":[{"href":"https:\/\/anbanjia.com.cn\/fr\/wp-json\/wp\/v2\/product"}],"about":[{"href":"https:\/\/anbanjia.com.cn\/fr\/wp-json\/wp\/v2\/types\/product"}],"replies":[{"embeddable":true,"href":"https:\/\/anbanjia.com.cn\/fr\/wp-json\/wp\/v2\/comments?post=13023"}],"wp:featuredmedia":[{"embeddable":true,"href":"https:\/\/anbanjia.com.cn\/fr\/wp-json\/wp\/v2\/media\/12597"}],"wp:attachment":[{"href":"https:\/\/anbanjia.com.cn\/fr\/wp-json\/wp\/v2\/media?parent=13023"}],"wp:term":[{"taxonomy":"product_cat","embeddable":true,"href":"https:\/\/anbanjia.com.cn\/fr\/wp-json\/wp\/v2\/product_cat?post=13023"},{"taxonomy":"product_tag","embeddable":true,"href":"https:\/\/anbanjia.com.cn\/fr\/wp-json\/wp\/v2\/product_tag?post=13023"}],"curies":[{"name":"wp","href":"https:\/\/api.w.org\/{rel}","templated":true}]}}