{"id":13018,"date":"2022-05-02T18:02:58","date_gmt":"2022-05-02T18:02:58","guid":{"rendered":"https:\/\/www.anbanjia.com.cn\/product\/prix-bas-portable-mini-breating-care-3l-concentrateur-doxygene-maison-avec-batterie-pour-avion\/"},"modified":"2022-05-02T18:02:58","modified_gmt":"2022-05-02T18:02:58","slug":"mini-soin-respiration-portable-3l-concentrateur-d-oxygene-a-domicile-avec-batterie-pour-avion-petit-prix","status":"publish","type":"product","link":"https:\/\/anbanjia.com.cn\/fr\/produit\/mini-soin-respiration-portable-3l-concentrateur-d-oxygene-a-domicile-avec-batterie-pour-avion-petit-prix\/","title":{"rendered":"Prix bas Portable mini breating care 3L concentrateur d&rsquo;oxyg\u00e8ne maison avec batterie pour avion"},"content":{"rendered":"<div style=\"max-width: 750px; margin: 0 auto;\">\n<div id=\"detail_decorate_root\" data-magic-global=\"%7B%22bizId%22%3A3215165050%2C%22pageId%22%3A20158158413%2C%22siteId%22%3A5005610021%7D\">\n<div class=\"J_module\">\n<div class=\"detail-decorate-json-renderer-container\">\n<div class=\"magic-1\">\n<h3 class=\"magic-2\"><\/h3>\n<h3 class=\"magic-3\"><\/h3>\n<p>&nbsp;<\/p>\n<div class=\"magic-5\"><b><span class=\"magic-6\"> <\/span><\/b><\/div>\n<div class=\"magic-5\"><b><span class=\"magic-7\">Concentrateur d&rsquo;oxyg\u00e8ne portable \u00e0 domicile avec batterie <\/span><\/b><\/div>\n<p>&nbsp;<\/p>\n<h3 class=\"magic-3\"><\/h3>\n<div class=\"magic-8\">\n<div class=\"magic-9\">\n<div class=\"magic-10\"><\/div>\n<\/div>\n<\/div>\n<\/div>\n<\/div>\n<\/div>\n<div class=\"J_module\">\n<div class=\"icbu-pc-images magic-11\">\n<div>\n<div class=\"flex-layout-v\">\n<div class=\"flex-layout-h magic-11\">\n<div class=\"magic-12\"><img decoding=\"async\" class=\"magic-13\" style=\"max-width: 750;\" src=\"https:\/\/anbanjia.com.cn\/wp-content\/uploads\/2022\/05\/HTB16EVGRFXXXXa4XFXXq6xXFXXXF.jpg\" data-src=\"\"><\/div>\n<\/div>\n<\/div>\n<\/div>\n<\/div>\n<\/div>\n<div class=\"J_module\">\n<div class=\"icbu-pc-images magic-11\">\n<div class=\"flex-layout-v\">\n<div class=\"magic-14\">\n<p><img decoding=\"async\" src=\"https:\/\/s.alicdn.com\/@sc02\/kf\/HTB1n6.NQpXXXXaEXXXXq6xXFXXXx\/230438700\/HTB1n6.NQpXXXXaEXXXXq6xXFXXXx.jpg?quality=close\"><img decoding=\"async\" src=\"https:\/\/s.alicdn.com\/@sc01\/kf\/HTB1iG8FRFXXXXcmXFXXq6xXFXXXu\/230438700\/HTB1iG8FRFXXXXcmXFXXq6xXFXXXu.jpg?quality=close\"><img decoding=\"async\" src=\"https:\/\/s.alicdn.com\/@sc04\/kf\/H2f2b67d09f24488c89bbd75c52e078d2C\/230438700\/H2f2b67d09f24488c89bbd75c52e078d2C.png?quality=close\"><img decoding=\"async\" src=\"https:\/\/s.alicdn.com\/@sc04\/kf\/H2ddb26914dd14ce6be8b644c6f720c73Q\/230438700\/H2ddb26914dd14ce6be8b644c6f720c73Q.png?quality=close\"><img decoding=\"async\" src=\"https:\/\/s.alicdn.com\/@sc04\/kf\/HTB1PMpQRFXXXXa.XpXX760XFXXXt\/230438700\/HTB1PMpQRFXXXXa.XpXX760XFXXXt.png?quality=close\"><img decoding=\"async\" src=\"https:\/\/s.alicdn.com\/@sc04\/kf\/H15ddb64bc6214230abf5dd859af9a0aeJ\/230438700\/H15ddb64bc6214230abf5dd859af9a0aeJ.jpg?quality=close\"><img decoding=\"async\" src=\"https:\/\/s.alicdn.com\/@sc04\/kf\/HTB1Jll4RFXXXXXCXXXXq6xXFXXXz\/230438700\/HTB1Jll4RFXXXXXCXXXXq6xXFXXXz.jpg?quality=close\"><img decoding=\"async\" src=\"https:\/\/s.alicdn.com\/@sc04\/kf\/HTB1azrnXZTxK1Rjy0Fgq6yovpXaj\/230438700\/HTB1azrnXZTxK1Rjy0Fgq6yovpXaj.jpg?quality=close\"><img decoding=\"async\" src=\"https:\/\/s.alicdn.com\/@sc04\/kf\/HTB1fCDrX0fvK1RjSszhq6AcGFXaF\/230438700\/HTB1fCDrX0fvK1RjSszhq6AcGFXaF.jpg?quality=close\"><img decoding=\"async\" src=\"https:\/\/s.alicdn.com\/@sc04\/kf\/HTB1cjHrB4uTBuNkHFNRq6A9qpXaM\/230438700\/HTB1cjHrB4uTBuNkHFNRq6A9qpXaM.jpg?quality=close\"><img decoding=\"async\" src=\"https:\/\/s.alicdn.com\/@sc01\/kf\/HTB1Je9WQpXXXXafXpXXq6xXFXXX1\/230438700\/HTB1Je9WQpXXXXafXpXXq6xXFXXX1.jpg?quality=close\"><img decoding=\"async\" src=\"https:\/\/s.alicdn.com\/@sc02\/kf\/HTB1usj7QpXXXXcDaXXXq6xXFXXXc\/230438700\/HTB1usj7QpXXXXcDaXXXq6xXFXXXc.jpg?quality=close\"><img decoding=\"async\" src=\"https:\/\/s.alicdn.com\/@sc02\/kf\/HTB1U7dlRFXXXXb9aXXXq6xXFXXXK\/230438700\/HTB1U7dlRFXXXXb9aXXXq6xXFXXXK.jpg?quality=close\"><img decoding=\"async\" src=\"https:\/\/s.alicdn.com\/@sc01\/kf\/HTB1OJ4JQpXXXXXcapXXq6xXFXXXh\/230438700\/HTB1OJ4JQpXXXXXcapXXq6xXFXXXh.jpg?quality=close\"><img decoding=\"async\" src=\"https:\/\/s.alicdn.com\/@sc01\/kf\/HTB16jBTQpXXXXXLaXXXq6xXFXXXP\/230438700\/HTB16jBTQpXXXXXLaXXXq6xXFXXXP.jpg?quality=close\"><img decoding=\"async\" src=\"https:\/\/s.alicdn.com\/@sc04\/kf\/H2624fa5d782c4876bf4d35d9dc8a3fa9k\/230438700\/H2624fa5d782c4876bf4d35d9dc8a3fa9k.jpg?quality=close\"><\/p>\n<h3 class=\"magic-3\"><span style=\"color: #002fbf; font-family: Trebuchet MS, sans-serif; font-size: x-large;\" data-spm-anchor-id=\"a2700.details.0.i50.6a8573ecdanhLC\">Choisissez-nous non seulement pour les affaires<\/span><\/h3>\n<div class=\"magic-8\">\n<div class=\"magic-9\">\n<div class=\"magic-10\">\n<p class=\"magic-37\"><span style=\"font-family: Trebuchet MS, sans-serif; font-size: large;\">Nous prenons au s\u00e9rieux votre commande et appr\u00e9cions chaque demande qui nous est envoy\u00e9e, garantissant un prix comp\u00e9titif rapide.<br \/>\nD\u00e9lai de livraison ponctuel :<br \/>\n&#8211;nous passons votre commande et traitons imm\u00e9diatement, assurons votre d\u00e9lai de livraison ponctuel<\/span><\/p>\n<p>V\u00e9rifier avant exp\u00e9dition :<br \/>\n&#8211;Nos coll\u00e8gues d&rsquo;inspection v\u00e9rifient la qualit\u00e9 avant l&rsquo;exp\u00e9dition, nous faisons un avis d&rsquo;exp\u00e9dition d\u00e8s que votre commande est exp\u00e9di\u00e9e<\/p>\n<p>Service apr\u00e8s-vente :<br \/>\nNous nous f\u00e9licitons de votre demande sur les marchandises et respectons vos commentaires apr\u00e8s r\u00e9ception des marchandises.<img decoding=\"async\" src=\"https:\/\/s.alicdn.com\/@sc04\/kf\/Hff98939fdc8e43e2be5c782ddbe4cc5ez\/230438700\/Hff98939fdc8e43e2be5c782ddbe4cc5ez.png?quality=close\"><\/p>\n<\/div>\n<\/div>\n<\/div>\n<\/div>\n<\/div>\n<\/div>\n<\/div>\n<\/div>\n<\/div>\n","protected":false},"excerpt":{"rendered":"<p>&nbsp;<\/p>\n<div style=\"width: auto;\">\n<div style=\"min-width: 300px; max-width: 300px; word-wrap: break-word; float: left;\">Lieu d&rsquo;origine&nbsp;: Guangdong, Chine<\/div>\n<div style=\"min-width: 300px; max-width: 300px; word-wrap: break-word; float: left;\">Nom de marque:Anbanjia<\/div>\n<\/div>\n<div style=\"width: auto;\">\n<div style=\"min-width: 300px; max-width: 300px; word-wrap: break-word; float: left;\">Num\u00e9ro de mod\u00e8le : TPB1<\/div>\n<div style=\"min-width: 300px; max-width: 300px; word-wrap: break-word; float: left;\">Classification des instruments&nbsp;: classe&nbsp;II<\/div>\n<\/div>\n<div style=\"width: auto;\">\n<div style=\"min-width: 300px; max-width: 300px; word-wrap: break-word; float: left;\">Garantie 1 ann\u00e9e<\/div>\n<div style=\"min-width: 300px; max-width: 300px; word-wrap: break-word; float: left;\">Service apr\u00e8s-vente : Pi\u00e8ces de rechange gratuites<\/div>\n<\/div>\n<div style=\"width: auto;\">\n<div style=\"min-width: 300px; max-width: 300px; word-wrap: break-word; float: left;\">Alimentation: cc 12-16.8V<\/div>\n<div style=\"min-width: 300px; max-width: 300px; word-wrap: break-word; float: left;\">Poids&nbsp;: 2&nbsp;kg<\/div>\n<\/div>\n<div style=\"width: auto;\">\n<div style=\"min-width: 300px; max-width: 300px; word-wrap: break-word; float: left;\">D\u00e9bit d&rsquo;oxyg\u00e8ne&nbsp;: 3&nbsp;L\/min<\/div>\n<div style=\"min-width: 300px; max-width: 300px; word-wrap: break-word; float: left;\">Concentration d&rsquo;oxyg\u00e8ne&nbsp;: 30&nbsp;%, 3&nbsp;L<\/div>\n<\/div>\n<div style=\"width: auto;\">\n<div style=\"min-width: 300px; max-width: 300px; word-wrap: break-word; float: left;\">Puissance d&rsquo;entr\u00e9e&nbsp;: 32&nbsp;VA<\/div>\n<div style=\"min-width: 300px; max-width: 300px; word-wrap: break-word; float: left;\">Taille (mm):230(L)*110(W)*160(H)<\/div>\n<\/div>\n<div style=\"width: auto;\">\n<div style=\"min-width: 300px; max-width: 300px; word-wrap: break-word; float: left;\">Application&nbsp;: Respiration d&rsquo;oxyg\u00e8ne<\/div>\n<div style=\"min-width: 300px; max-width: 300px; word-wrap: break-word; float: left;\">Certificat:CE ISO<\/div>\n<\/div>\n<div>Emballage personnalis\u00e9(Min. Commande : 500 Pi\u00e8ces)<\/div>\n","protected":false},"featured_media":12587,"comment_status":"closed","ping_status":"closed","template":"","meta":[],"product_cat":[136],"product_tag":[],"class_list":["post-13018","product","type-product","status-publish","has-post-thumbnail","hentry","product_cat-concentrateur-doxygene"],"_links":{"self":[{"href":"https:\/\/anbanjia.com.cn\/fr\/wp-json\/wp\/v2\/product\/13018","targetHints":{"allow":["GET"]}}],"collection":[{"href":"https:\/\/anbanjia.com.cn\/fr\/wp-json\/wp\/v2\/product"}],"about":[{"href":"https:\/\/anbanjia.com.cn\/fr\/wp-json\/wp\/v2\/types\/product"}],"replies":[{"embeddable":true,"href":"https:\/\/anbanjia.com.cn\/fr\/wp-json\/wp\/v2\/comments?post=13018"}],"wp:featuredmedia":[{"embeddable":true,"href":"https:\/\/anbanjia.com.cn\/fr\/wp-json\/wp\/v2\/media\/12587"}],"wp:attachment":[{"href":"https:\/\/anbanjia.com.cn\/fr\/wp-json\/wp\/v2\/media?parent=13018"}],"wp:term":[{"taxonomy":"product_cat","embeddable":true,"href":"https:\/\/anbanjia.com.cn\/fr\/wp-json\/wp\/v2\/product_cat?post=13018"},{"taxonomy":"product_tag","embeddable":true,"href":"https:\/\/anbanjia.com.cn\/fr\/wp-json\/wp\/v2\/product_tag?post=13018"}],"curies":[{"name":"wp","href":"https:\/\/api.w.org\/{rel}","templated":true}]}}