{"id":13017,"date":"2022-05-02T18:03:02","date_gmt":"2022-05-02T18:03:02","guid":{"rendered":"https:\/\/www.anbanjia.com.cn\/product\/outils-de-thermometre-oral-chauffant-numerique-lcd-enfants-bebe-enfant-mesure-de-la-temperature-infantile-thermometre-clinique-electronique\/"},"modified":"2022-05-02T18:03:02","modified_gmt":"2022-05-02T18:03:02","slug":"lcd-digital-heating-oral-thermometer-tools-kids-baby-child-infantile-temperature-measure-electronic-clinical-thermometer","status":"publish","type":"product","link":"https:\/\/anbanjia.com.cn\/fr\/produit\/lcd-digital-heating-oral-thermometer-tools-kids-baby-child-infantile-temperature-measure-electronic-clinical-thermometer\/","title":{"rendered":"Outils de thermom\u00e8tre oral chauffant num\u00e9rique LCD enfants b\u00e9b\u00e9 enfant mesure de la temp\u00e9rature infantile thermom\u00e8tre clinique \u00e9lectronique"},"content":{"rendered":"<div style=\"max-width: 750px; margin: 0 auto;\">\n<div id=\"detail_decorate_root\" data-magic-global=\"%7B%22bizId%22%3A3215165050%2C%22pageId%22%3A21027124131%2C%22siteId%22%3A5005610021%7D\">\n<div class=\"J_module\">\n<div class=\"detail-decorate-json-renderer-container\">\n<div class=\"magic-1\">\n<div class=\"magic-3\"><span class=\"magic-4\" style=\"color: #e87474;\">thermom\u00e8tre num\u00e9rique <\/span><\/div>\n<div class=\"magic-5\">\n<div class=\"magic-6\">\n<div class=\"magic-7\">\n<div class=\"magic-3\"><b><span class=\"magic-8\"><span class=\"magic-9\"> <\/span><\/span><\/b><\/div>\n<div class=\"magic-3\"><b><span class=\"magic-8\"><span class=\"magic-9\">Veuillez contacter le vendeur pour obtenir le prix d&rsquo;exp\u00e9dition r\u00e9el, vous pouvez contacter le vendeur par whatsapp.afin qu&rsquo;elle puisse vous r\u00e9pondre bient\u00f4t, whatsapp<\/span> : 86 + 13246918260<\/span><\/b><\/div>\n<div class=\"magic-10\"><b><span class=\"magic-8\"> <\/span><\/b><\/div>\n<div class=\"magic-3\">\n<div class=\"magic-10\"><\/div>\n<p>&nbsp;<\/p>\n<div class=\"magic-10\"><b class=\"magic-11\">Temps de mesure de la temp\u00e9rature : 20-60s<\/b><\/div>\n<p>&nbsp;<\/p>\n<div class=\"magic-10\"><b class=\"magic-11\">Mod\u00e8le de batterie : LR41<\/b><\/div>\n<div class=\"magic-10\"><b class=\"magic-11\">Courant de la batterie : 28mah<\/b><\/div>\n<div class=\"magic-10\"><b class=\"magic-11\">Tension de la batterie&nbsp;: 1,5&nbsp;V<\/b><\/div>\n<div class=\"magic-10\"><b class=\"magic-11\">Taille du produit : 126*19*9mm<\/b><\/div>\n<div class=\"magic-10\"><b class=\"magic-11\">Plage de mesure de la temp\u00e9rature : 32-42,9\u2103<\/b><\/div>\n<div class=\"magic-10\"><b class=\"magic-11\">Poids du produit : 10g<\/b><\/div>\n<div class=\"magic-10\"><b class=\"magic-11\">Quantit\u00e9 FCL&nbsp;: 500&nbsp;pi\u00e8ces<\/b><\/div>\n<div class=\"magic-10\"><b class=\"magic-11\">Poids brut du produit&nbsp;: 17&nbsp;g<\/b><\/div>\n<div class=\"magic-10\"><b class=\"magic-11\">Taille de bo\u00eete : 136*26*20mm<\/b><\/div>\n<div class=\"magic-10\"><b class=\"magic-12\">Poids brut de l&rsquo;ensemble du coffret : 9,45 kg<\/b><\/div>\n<div class=\"magic-10\"><b class=\"magic-11\">Taille FCL: 545*290*295mm<\/b><\/div>\n<div class=\"magic-10\"><b class=\"magic-11\">Poids net de la caisse enti\u00e8re \u00ab\u00a08.5kg<\/b><\/div>\n<p>&nbsp;<\/p>\n<div class=\"magic-10\"><\/div>\n<p>&nbsp;<\/p>\n<\/div>\n<div class=\"magic-3\"><\/div>\n<\/div>\n<\/div>\n<\/div>\n<\/div>\n<\/div>\n<\/div>\n<div class=\"J_module\">\n<div class=\"icbu-pc-detailManyImage magic-13\">\n<div class=\"magic-14\"><img decoding=\"async\" class=\"magic-15\" style=\"max-width: 750;\" src=\"https:\/\/anbanjia.com.cn\/wp-content\/uploads\/2022\/05\/H32d58117906d4f00a396e756723a6c11H.png\" data-src=\"\"><\/div>\n<div class=\"magic-14\"><img decoding=\"async\" class=\"magic-15\" src=\"https:\/\/anbanjia.com.cn\/wp-content\/uploads\/2022\/05\/H50d032d1b02f4c1783623ffa21d1c081e.png\" data-src=\"\"><\/div>\n<div class=\"magic-14\"><img decoding=\"async\" class=\"magic-15\" src=\"https:\/\/anbanjia.com.cn\/wp-content\/uploads\/2022\/05\/Hf03845d678cd42869d1c26b808ea97c4R.png\" data-src=\"\"><\/div>\n<div class=\"magic-14\"><img decoding=\"async\" class=\"magic-15\" src=\"https:\/\/anbanjia.com.cn\/wp-content\/uploads\/2022\/05\/H2fcdf3825cea4ff7a85c4ca75f6c8f1ck.png\" data-src=\"\"><\/div>\n<div class=\"magic-14\"><img decoding=\"async\" class=\"magic-15\" src=\"https:\/\/anbanjia.com.cn\/wp-content\/uploads\/2022\/05\/H216625f45b90485dbb4978e969ee4682o.png\" data-src=\"\"><\/div>\n<div class=\"magic-14\"><img decoding=\"async\" class=\"magic-15\" src=\"https:\/\/anbanjia.com.cn\/wp-content\/uploads\/2022\/05\/H6292e035da6849d3b9eda742dc8b8224m.png\" data-src=\"\"><\/div>\n<div class=\"magic-14\"><img decoding=\"async\" class=\"magic-15\" src=\"https:\/\/anbanjia.com.cn\/wp-content\/uploads\/2022\/05\/H30b0a697dbe34ef0bb899c859edd17c7Q.png\" data-src=\"\"><\/div>\n<div class=\"magic-14\"><img decoding=\"async\" class=\"magic-15\" src=\"https:\/\/anbanjia.com.cn\/wp-content\/uploads\/2022\/05\/Hcb99ac36bf544519b710a64953ad917by.png\" data-src=\"\"><\/div>\n<\/div>\n<\/div>\n<div class=\"J_module\">\n<div class=\"icbu-pc-images magic-16\">\n<div>\n<div class=\"flex-layout-v\">\n<div class=\"flex-layout-h magic-16\">\n<div class=\"magic-17\"><img decoding=\"async\" class=\"magic-18\" src=\"https:\/\/anbanjia.com.cn\/wp-content\/uploads\/2022\/05\/H863df5af39f14de1ab5fe15f7bd17f2fu.png\" data-src=\"\"><\/div>\n<\/div>\n<\/div>\n<\/div>\n<\/div>\n<\/div>\n<div class=\"J_module\">\n<div class=\"icbu-pc-images magic-16\">\n<div>\n<div class=\"flex-layout-v\">\n<div class=\"flex-layout-h magic-16\">\n<div class=\"magic-19\"><img decoding=\"async\" class=\"magic-20\" src=\"https:\/\/anbanjia.com.cn\/wp-content\/uploads\/2022\/05\/H1e5919cd7dbd45a3a184ba507a9a5471E.png\" data-src=\"\"><\/div>\n<\/div>\n<\/div>\n<\/div>\n<\/div>\n<\/div>\n<\/div>\n<\/div>\n","protected":false},"excerpt":{"rendered":"<p>&nbsp;<\/p>\n<div style=\"width: auto;\">\n<div style=\"min-width: 300px; max-width: 300px; word-wrap: break-word; float: left;\">Lieu d&rsquo;origine : Chine<\/div>\n<div style=\"min-width: 300px; max-width: 300px; word-wrap: break-word; float: left;\">Nom de marque: XHF<\/div>\n<\/div>\n<div style=\"width: auto;\">\n<div style=\"min-width: 300px; max-width: 300px; word-wrap: break-word; float: left;\">Num\u00e9ro de mod\u00e8le&nbsp;: 01<\/div>\n<div style=\"min-width: 300px; max-width: 300px; word-wrap: break-word; float: left;\">Source d&rsquo;alimentation&nbsp;: \u00e9lectrique<\/div>\n<\/div>\n<div style=\"width: auto;\">\n<div style=\"min-width: 300px; max-width: 300px; word-wrap: break-word; float: left;\">Garantie 1 ann\u00e9e<\/div>\n<div style=\"min-width: 300px; max-width: 300px; word-wrap: break-word; float: left;\">Service apr\u00e8s-vente : Pi\u00e8ces de rechange gratuites<\/div>\n<\/div>\n<div style=\"width: auto;\">\n<div style=\"min-width: 300px; max-width: 300px; word-wrap: break-word; float: left;\">Mode d&rsquo;alimentation&nbsp;: batterie int\u00e9gr\u00e9e<\/div>\n<div style=\"min-width: 300px; max-width: 300px; word-wrap: break-word; float: left;\">Application&nbsp;: front<\/div>\n<\/div>\n<div style=\"width: auto;\">\n<div style=\"min-width: 300px; max-width: 300px; word-wrap: break-word; float: left;\">Mat\u00e9riel:Plastique<\/div>\n<div style=\"min-width: 300px; max-width: 300px; word-wrap: break-word; float: left;\">Dur\u00e9e de conservation : 2 ans<\/div>\n<\/div>\n<div style=\"width: auto;\">\n<div style=\"min-width: 300px; max-width: 300px; word-wrap: break-word; float: left;\">Certificat de qualit\u00e9&nbsp;: ce<\/div>\n<div style=\"min-width: 300px; max-width: 300px; word-wrap: break-word; float: left;\">Classification des instruments&nbsp;: classe&nbsp;I<\/div>\n<\/div>\n<div style=\"width: auto;\">\n<div style=\"min-width: 300px; max-width: 300px; word-wrap: break-word; float: left;\">Norme de s\u00e9curit\u00e9&nbsp;: MOL<\/div>\n<div style=\"min-width: 300px; max-width: 300px; word-wrap: break-word; float: left;\">Mod\u00e8le : thermom\u00e8tre num\u00e9rique<\/div>\n<\/div>\n<div style=\"width: auto;\">\n<div style=\"min-width: 300px; max-width: 300px; word-wrap: break-word; float: left;\">temps de mesure: 20-60s<\/div>\n<div style=\"min-width: 300px; max-width: 300px; word-wrap: break-word; float: left;\">Poids du produit&nbsp;: 10&nbsp;g<\/div>\n<\/div>\n<div style=\"width: auto;\">\n<div style=\"min-width: 300px; max-width: 300px; word-wrap: break-word; float: left;\">Poids brut du produit&nbsp;: 17&nbsp;g<\/div>\n<div style=\"min-width: 300px; max-width: 300px; word-wrap: break-word; float: left;\">Taille du produit : 126*19*9mm<\/div>\n<\/div>\n<div>Logo personnalis\u00e9(Min. Commande : 5000 pi\u00e8ces)<\/div>\n<div>Emballage personnalis\u00e9 (Min. Commande : 5000 Pi\u00e8ces)<\/div>\n","protected":false},"featured_media":12581,"comment_status":"closed","ping_status":"closed","template":"","meta":[],"product_cat":[138],"product_tag":[],"class_list":["post-13017","product","type-product","status-publish","has-post-thumbnail","hentry","product_cat-thermometre-digital"],"_links":{"self":[{"href":"https:\/\/anbanjia.com.cn\/fr\/wp-json\/wp\/v2\/product\/13017","targetHints":{"allow":["GET"]}}],"collection":[{"href":"https:\/\/anbanjia.com.cn\/fr\/wp-json\/wp\/v2\/product"}],"about":[{"href":"https:\/\/anbanjia.com.cn\/fr\/wp-json\/wp\/v2\/types\/product"}],"replies":[{"embeddable":true,"href":"https:\/\/anbanjia.com.cn\/fr\/wp-json\/wp\/v2\/comments?post=13017"}],"wp:featuredmedia":[{"embeddable":true,"href":"https:\/\/anbanjia.com.cn\/fr\/wp-json\/wp\/v2\/media\/12581"}],"wp:attachment":[{"href":"https:\/\/anbanjia.com.cn\/fr\/wp-json\/wp\/v2\/media?parent=13017"}],"wp:term":[{"taxonomy":"product_cat","embeddable":true,"href":"https:\/\/anbanjia.com.cn\/fr\/wp-json\/wp\/v2\/product_cat?post=13017"},{"taxonomy":"product_tag","embeddable":true,"href":"https:\/\/anbanjia.com.cn\/fr\/wp-json\/wp\/v2\/product_tag?post=13017"}],"curies":[{"name":"wp","href":"https:\/\/api.w.org\/{rel}","templated":true}]}}