{"id":13013,"date":"2022-05-02T18:03:02","date_gmt":"2022-05-02T18:03:02","guid":{"rendered":"https:\/\/www.anbanjia.com.cn\/product\/pompe-daspiration-hijama-a-ventouses-sous-vide-jetable-kangzhu-pour-la-vente-en-gros\/"},"modified":"2022-05-02T18:03:02","modified_gmt":"2022-05-02T18:03:02","slug":"kangzhu-vide-jetable-ventouses-hijama-pompe-daspiration-pour-la-vente-en-gros","status":"publish","type":"product","link":"https:\/\/anbanjia.com.cn\/fr\/produit\/kangzhu-vide-jetable-ventouses-hijama-pompe-daspiration-pour-la-vente-en-gros\/","title":{"rendered":"Pompe d&rsquo;aspiration hijama \u00e0 ventouses sous vide jetable Kangzhu pour la vente en gros"},"content":{"rendered":"<div style=\"max-width: 750px; margin: 0 auto;\">\n<div id=\"ali-anchor-AliPostDhMb-oqdwv\" style=\"padding-top: 8px;\" data-section=\"AliPostDhMb-oqdwv\" data-section-title=\"Product Details\">\n<div id=\"ali-title-AliPostDhMb-oqdwv\" style=\"padding: 8px 0; border-bottom: 1px solid #ddd;\"><span style=\"background-color: #ddd; color: #333; font-weight: bold; padding: 8px 10px; line-height: 12px;\">d\u00e9tails du produit<\/span><\/div>\n<div style=\"padding: 10px 0px; text-align: center;\">\n<p><strong><span style=\"font-size: 24px;\"> <span style=\"font-size: 32px;\">tasses \u00e0 ventouses<\/span><\/span><\/strong><\/p>\n<p style=\"text-align: left;\"><strong><span style=\"font-size: 24px; background-color: #ffffff; color: #ff0000;\">Pompe \u00e0 ventouses de diff\u00e9rentes tailles&nbsp;:<\/span><\/strong><\/p>\n<p style=\"text-align: left;\"><img decoding=\"async\" style=\"max-width: 750;\" src=\"https:\/\/anbanjia.com.cn\/wp-content\/uploads\/2022\/05\/HTB1PRQQcWSs3KVjSZPi763siVXa5.png\" data-alt=\"Kangzhu disposable vacuum cupping hijama suction pump for wholesale\" data-height=\"1137\" data-src=\"\" data-width=\"696\"><\/p>\n<p style=\"text-align: left;\"><span style=\"color: #ff0000; font-family: Verdana, Geneva; font-size: large;\"><strong>Caract\u00e9ristiques:<\/strong><\/span><br \/>\n<span style=\"font-size: medium;\">1 Sept tailles de bonnets diff\u00e9rentes vous permettent de traiter n&rsquo;importe quelle partie du corps.<br \/>\n2 Les ventouses sous vide sont faciles et pratiques \u00e0 utiliser sans avoir besoin de feu, \u00e9liminant ainsi les risques de br\u00fblure de la peau.<br \/>\n3 tasses sont con\u00e7ues avec des bords incurv\u00e9s lisses pour un confort accru et un contact avec la peau pour une fermeture herm\u00e9tique.<br \/>\n4 gobelets en plastique transparents durables permettent une visualisation facile de la zone de traitement et de voir la pression n\u00e9gative et le rougissement de la peau.<br \/>\n5 soupapes de pression faciles \u00e0 utiliser vous permettent de rel\u00e2cher sans effort la pression pour le retrait de la tasse (comprend des soupapes de rechange).<br \/>\n6 points biomagn\u00e9tiques inclus augmentent l&rsquo;efficacit\u00e9 du traitement.<\/p>\n<p>Autres :<br \/>\nPompe d&rsquo;aspiration 1<br \/>\nTuyau de connecteur de pompe 1<br \/>\nManuel de ventouses (anglais et chinois) et CD d&rsquo;information (chinois uniquement)<\/span><\/p>\n<p><img decoding=\"async\" src=\"https:\/\/anbanjia.com.cn\/wp-content\/uploads\/2022\/05\/HTB1xloRcW5s3KVjSZFNq6AD3FXa7.jpg\" data-alt=\"Kangzhu disposable vacuum cupping hijama suction pump for wholesale\" data-src=\"\"><img decoding=\"async\" src=\"https:\/\/anbanjia.com.cn\/wp-content\/uploads\/2022\/05\/HTB1WUhHX2vsK1RjSspdq6AZepXaE.jpg\" data-alt=\"Kangzhu disposable vacuum cupping hijama suction pump for wholesale\" data-src=\"\"><\/p>\n<p><img decoding=\"async\" src=\"https:\/\/anbanjia.com.cn\/wp-content\/uploads\/2022\/05\/HTB1ZFjVXRWD3KVjSZFsq6AqkpXae.jpg\" data-alt=\"Kangzhu disposable vacuum cupping hijama suction pump for wholesale\" data-height=\"785\" data-src=\"\" data-width=\"785\"><\/p>\n<p><img decoding=\"async\" src=\"https:\/\/anbanjia.com.cn\/wp-content\/uploads\/2022\/05\/HTB14egnc9WD3KVjSZSgq6ACxVXai-scaled.jpg\" data-alt=\"Kangzhu disposable vacuum cupping hijama suction pump for wholesale\" data-height=\"590\" data-src=\"\" data-width=\"787\"><\/p>\n<p><img decoding=\"async\" src=\"https:\/\/anbanjia.com.cn\/wp-content\/uploads\/2022\/05\/HTB1qKNtkBmWBuNkSndVq6AsApXaY.jpg\" data-alt=\"Kangzhu disposable vacuum cupping hijama suction pump for wholesale\" data-src=\"\"><\/p>\n<\/div>\n<\/div>\n<div id=\"ali-anchor-AliPostDhMb-u133x\" style=\"padding-top: 8px;\" data-section=\"AliPostDhMb-u133x\" data-section-title=\"Product Categories\">\n<div id=\"ali-title-AliPostDhMb-u133x\" style=\"padding: 8px 0; border-bottom: 1px solid #ddd;\"><span style=\"background-color: #ddd; color: #333; font-weight: bold; padding: 8px 10px; line-height: 12px;\">cat\u00e9gories de produits<\/span><\/div>\n<div style=\"padding: 10px 0;\">\n<p><a href=\"https:\/\/abj-medical.en.alibaba.com\/productgrouplist-804976426\/Chinese_traditional_therapy.html?spm=a2700.icbuShop.88.22.bcfb43b5Eh9mxp\" target=\"_blank\" rel=\"noopener\"><img decoding=\"async\" src=\"https:\/\/anbanjia.com.cn\/wp-content\/uploads\/2022\/05\/HTB1CLPpcRKw3KVjSZTEq6AuRpXa7.jpg\" data-alt=\"Kangzhu disposable vacuum cupping hijama suction pump for wholesale\" data-src=\"\"><img decoding=\"async\" src=\"https:\/\/anbanjia.com.cn\/wp-content\/uploads\/2022\/05\/HTB1iR_icQ5E3KVjSZFCq6zuzXXaa.jpg\" data-alt=\"Kangzhu disposable vacuum cupping hijama suction pump for wholesale\" data-src=\"\"><\/a><\/p>\n<\/div>\n<\/div>\n<div id=\"ali-anchor-AliPostDhMb-40hgj\" style=\"padding-top: 8px;\" data-section=\"AliPostDhMb-40hgj\" data-section-title=\"contact us\">\n<div id=\"ali-title-AliPostDhMb-40hgj\" style=\"padding: 8px 0; border-bottom: 1px solid #ddd;\"><span style=\"background-color: #ddd; color: #333; font-weight: bold; padding: 8px 10px; line-height: 12px;\">Nous contacter<\/span><\/div>\n<div style=\"padding: 10px 0;\">\n<p><a href=\"https:\/\/abj-medical.en.alibaba.com\/contactinfo.html?spm=a2700.8304367.topnav.8.5d239224wxD2sy\" target=\"_blank\" rel=\"noopener\"><img decoding=\"async\" src=\"https:\/\/anbanjia.com.cn\/wp-content\/uploads\/2022\/05\/HTB1E_8LXOLxK1Rjy0Ffq6zYdVXay.jpg\" data-alt=\"Kangzhu disposable vacuum cupping hijama suction pump for wholesale\" data-src=\"\"> <\/a><\/p>\n<\/div>\n<\/div>\n<div id=\"ali-anchor-AliPostDhMb-61bnf\" style=\"padding-top: 8px;\" data-section=\"AliPostDhMb-61bnf\" data-section-title=\"company information\">\n<div id=\"ali-title-AliPostDhMb-61bnf\" style=\"padding: 8px 0; border-bottom: 1px solid #ddd;\"><span style=\"background-color: #ddd; color: #333; font-weight: bold; padding: 8px 10px; line-height: 12px;\">Informations sur la soci\u00e9t\u00e9<\/span><\/div>\n<div style=\"padding: 10px 0;\">\n<p> <img decoding=\"async\" src=\"https:\/\/anbanjia.com.cn\/wp-content\/uploads\/2022\/05\/HTB1HgKPcQ5E3KVjSZFCq6zuzXXay.jpg\" data-src=\"\"><\/p>\n<\/div>\n<\/div>\n<div id=\"ali-anchor-AliPostDhMb-m4bno\" style=\"padding-top: 8px;\" data-section=\"AliPostDhMb-m4bno\" data-section-title=\"certificate\">\n<div id=\"ali-title-AliPostDhMb-m4bno\" style=\"padding: 8px 0; border-bottom: 1px solid #ddd;\"><span style=\"background-color: #ddd; color: #333; font-weight: bold; padding: 8px 10px; line-height: 12px;\">certificat<\/span><\/div>\n<div style=\"padding: 10px 0;\">\n<p><img decoding=\"async\" src=\"https:\/\/anbanjia.com.cn\/wp-content\/uploads\/2022\/05\/HTB1Z1olSpXXXXctXXXXq6xXFXXXu-1.jpg\" data-alt=\"Kangzhu disposable vacuum cupping hijama suction pump for wholesale\" data-src=\"\"><\/p>\n<\/div>\n<\/div>\n<div id=\"ali-anchor-AliPostDhMb-yi74o\" style=\"padding-top: 8px;\" data-section=\"AliPostDhMb-yi74o\" data-section-title=\"Home\">\n<div style=\"padding: 10px 0;\">\n<p>&nbsp;<\/p>\n<\/div>\n<\/div>\n<\/div>\n","protected":false},"excerpt":{"rendered":"<p>&nbsp;<\/p>\n<div style=\"width: auto;\">\n<div style=\"min-width: 300px; max-width: 300px; word-wrap: break-word; float: left;\">Propri\u00e9t\u00e9s : fournitures de th\u00e9rapie de r\u00e9adaptation.<\/div>\n<div style=\"min-width: 300px; max-width: 300px; word-wrap: break-word; float: left;\">Nom de marque : ABJ\/OEM<\/div>\n<\/div>\n<div style=\"width: auto;\">\n<div style=\"min-width: 300px; max-width: 300px; word-wrap: break-word; float: left;\">Num\u00e9ro de mod\u00e8le&nbsp;: ABJ-SC<\/div>\n<div style=\"min-width: 300px; max-width: 300px; word-wrap: break-word; float: left;\">Mat\u00e9riau des tasses : ABS<\/div>\n<\/div>\n<div style=\"width: auto;\">\n<div style=\"min-width: 300px; max-width: 300px; word-wrap: break-word; float: left;\">nombre : pompe simple<\/div>\n<div style=\"min-width: 300px; max-width: 300px; word-wrap: break-word; float: left;\">taille de bonnet: plusieurs tailles de mod\u00e8le \u00e0 choisir<\/div>\n<\/div>\n<div style=\"width: auto;\">\n<div style=\"min-width: 300px; max-width: 300px; word-wrap: break-word; float: left;\">Fonction : pour ventouses<\/div>\n<div style=\"min-width: 300px; max-width: 300px; word-wrap: break-word; float: left;\">Taille:Taille standard<\/div>\n<\/div>\n","protected":false},"featured_media":12579,"comment_status":"closed","ping_status":"closed","template":"","meta":[],"product_cat":[134],"product_tag":[],"class_list":["post-13013","product","type-product","status-publish","has-post-thumbnail","hentry","product_cat-tasse-a-ventouses"],"_links":{"self":[{"href":"https:\/\/anbanjia.com.cn\/fr\/wp-json\/wp\/v2\/product\/13013","targetHints":{"allow":["GET"]}}],"collection":[{"href":"https:\/\/anbanjia.com.cn\/fr\/wp-json\/wp\/v2\/product"}],"about":[{"href":"https:\/\/anbanjia.com.cn\/fr\/wp-json\/wp\/v2\/types\/product"}],"replies":[{"embeddable":true,"href":"https:\/\/anbanjia.com.cn\/fr\/wp-json\/wp\/v2\/comments?post=13013"}],"wp:featuredmedia":[{"embeddable":true,"href":"https:\/\/anbanjia.com.cn\/fr\/wp-json\/wp\/v2\/media\/12579"}],"wp:attachment":[{"href":"https:\/\/anbanjia.com.cn\/fr\/wp-json\/wp\/v2\/media?parent=13013"}],"wp:term":[{"taxonomy":"product_cat","embeddable":true,"href":"https:\/\/anbanjia.com.cn\/fr\/wp-json\/wp\/v2\/product_cat?post=13013"},{"taxonomy":"product_tag","embeddable":true,"href":"https:\/\/anbanjia.com.cn\/fr\/wp-json\/wp\/v2\/product_tag?post=13013"}],"curies":[{"name":"wp","href":"https:\/\/api.w.org\/{rel}","templated":true}]}}