{"id":13010,"date":"2022-05-02T18:03:06","date_gmt":"2022-05-02T18:03:06","guid":{"rendered":"https:\/\/www.anbanjia.com.cn\/product\/aiguille-dacupuncture-hwato-de-haute-qualite-100-poignee-en-cuivre-aiguilles-dacupuncture-steriles-chinoises-jetables-aiguille-de-massage\/"},"modified":"2022-05-02T18:03:06","modified_gmt":"2022-05-02T18:03:06","slug":"aiguille-dacupuncture-hwato-de-haute-qualite-100-poignee-en-cuivre-aiguilles-dacupuncture-steriles-chinoises-jetables-aiguille-de-massage","status":"publish","type":"product","link":"https:\/\/anbanjia.com.cn\/fr\/produit\/aiguille-dacupuncture-hwato-de-haute-qualite-100-poignee-en-cuivre-aiguilles-dacupuncture-steriles-chinoises-jetables-aiguille-de-massage\/","title":{"rendered":"Aiguille d&rsquo;acupuncture Hwato de haute qualit\u00e9 100 poign\u00e9e en cuivre aiguilles d&rsquo;acupuncture st\u00e9riles chinoises jetables aiguille de Massage"},"content":{"rendered":"<div style=\"max-width: 750px;margin: 0 auto;\">\n<div data-magic-global=\"%7B%22bizId%22%3A3215165050%2C%22pageId%22%3A21006163123%2C%22siteId%22%3A5005610021%7D\" id=\"detail_decorate_root\">\n<div class=\"J_module\" module-id=\"27165595207\" module-title=\"detailTextContent\" render=\"true\">\n<div class=\"detail-decorate-json-renderer-container\">\n<div class=\"magic-1\">\n<div class=\"magic-2\">\n<div class=\"magic-3\">\n<div class=\"magic-4\">\n<div class=\"magic-5\"><font class=\"magic-6\">Aiguille d&rsquo;acupuncture Hwato de haute qualit\u00e9 100 poign\u00e9e en cuivre aiguilles d&rsquo;acupuncture st\u00e9riles chinoises jetables aiguille de Massage<\/font><\/div>\n<\/div>\n<\/div>\n<\/div>\n<\/div>\n<\/div>\n<\/div>\n<div class=\"J_module\" module-id=\"27166298533\" module-title=\"detailHorizontalImageText\" render=\"true\">\n<div class=\"icbu-pc-images magic-7\">\n<div>\n<div class=\"flex-layout-h\">\n<div class=\"flex-layout-v magic-8\">\n<div class=\"magic-9\"><img decoding=\"async\" class=\"magic-10\" data-src=\"\" src=\"https:\/\/anbanjia.com.cn\/wp-content\/uploads\/2022\/05\/Hc6f54f4a099d4ed2902a4af5748cb79ae.png\" style=\"max-width: 750;\"><\/div>\n<\/div>\n<div class=\"text-wrapper magic-11\">\n<div class=\"text-wrapper-right text-theme-light text-align-left\">\n<div class=\"text-title\">\n<h3 class=\"magic-12\"><span class=\"magic-13\">D\u00e9tail<\/span><br \/><\/h3>\n<\/div>\n<div class=\"text-content\">\n<p class=\"magic-14\"><\/p>\n<p class=\"magic-14\"><span>Marque : <span>Hwato<\/span> <\/span><\/p>\n<p class=\"magic-14\"><span><br \/><\/span><\/p>\n<p class=\"magic-14\"><span>Mat\u00e9riel: acier inoxydable <\/span><\/p>\n<p class=\"magic-14\"><span><br \/><\/span><\/p>\n<p class=\"magic-14\"><span>Diam\u00e8tre du produit : 0,25 mm &#8212; 0,35 mm <\/span><\/p>\n<p class=\"magic-14\"><span><br \/><\/span><\/p>\n<p class=\"magic-14\"><span>Longueur du produit : 13 mm &#8212;- 75 mm<\/span><\/p>\n<p class=\"magic-14\"><span><br \/><\/span><\/p>\n<p class=\"magic-14\"><span>Descriptif taille : <\/span><\/p>\n<p class=\"magic-14\"><span>Par exemple, 0.25*25mm<\/span><\/p>\n<p class=\"magic-14\"><span><br \/><\/span><\/p>\n<p class=\"magic-14\"><span>diam\u00e8tre de la pointe de l&rsquo;aiguille 0,25 mm, longueur de l&rsquo;aiguille <\/span><\/p>\n<p class=\"magic-14\"><span><br \/><\/span><\/p>\n<p class=\"magic-14\"><span>25 mm (la longueur n&rsquo;inclut pas le manche de l&rsquo;aiguille)<\/span><\/p>\n<\/div>\n<\/div>\n<\/div>\n<\/div>\n<\/div>\n<\/div>\n<\/div>\n<div class=\"J_module\" module-id=\"27166298534\" module-title=\"detailTableTitleHightLight\" render=\"true\">\n<div class=\"ife-detail-decorate-table\">\n<table class=\"has-title hight-light-first-column all magic-15\">\n<tbody>\n<tr>\n<td colspan=\"1\" rowspan=\"1\">\n<div class=\"magic-16\">\n<div class=\"magic-5\" data-spm-anchor-id=\"a2700.pc-decorate.0.i158.7f583333QzZklO\"><font class=\"magic-17\" color=\"#000000\">TAILLE<\/font><\/div>\n<\/div>\n<\/td>\n<td colspan=\"1\" rowspan=\"1\">\n<div class=\"magic-18\">\n<div class=\"magic-5\"><font class=\"magic-19\">13mm<\/font><\/div>\n<\/div>\n<\/td>\n<td colspan=\"1\" rowspan=\"1\">\n<div class=\"magic-20\">\n<div class=\"magic-5\" data-spm-anchor-id=\"a2700.pc-decorate.0.i25.14d23333wPOxHe\"><font class=\"magic-19\">25mm<\/font><\/div>\n<\/div>\n<\/td>\n<td colspan=\"1\" rowspan=\"1\">\n<div class=\"magic-21\">\n<div class=\"magic-5\"><font class=\"magic-19\">40mm<\/font><\/div>\n<\/div>\n<\/td>\n<td colspan=\"1\" rowspan=\"1\">\n<div class=\"magic-22\">\n<div class=\"magic-5\"><font class=\"magic-19\">50mm<\/font><\/div>\n<\/div>\n<\/td>\n<td colspan=\"1\" rowspan=\"1\">\n<div class=\"magic-20\">\n<div class=\"magic-5\"><font class=\"magic-19\">60mm<\/font><\/div>\n<\/div>\n<\/td>\n<td colspan=\"1\" rowspan=\"1\">\n<div class=\"magic-23\">\n<div class=\"magic-5\"><font class=\"magic-19\">75mm<\/font><\/div>\n<\/div>\n<\/td>\n<\/tr>\n<tr>\n<td colspan=\"1\" rowspan=\"1\">\n<div class=\"magic-16\">\n<div class=\"magic-5\"><font class=\"magic-19\">0,25 mm<\/font><\/div>\n<\/div>\n<\/td>\n<td colspan=\"1\" rowspan=\"1\">\n<div class=\"magic-18\">\n<div class=\"magic-5\">\u2713<\/div>\n<\/div>\n<\/td>\n<td colspan=\"1\" rowspan=\"1\">\n<div class=\"magic-20\">\n<div class=\"magic-5\" data-spm-anchor-id=\"a2700.pc-decorate.0.i126.7f583333QzZklO\">\u2713<\/div>\n<\/div>\n<\/td>\n<td colspan=\"1\" rowspan=\"1\">\n<div class=\"magic-21\">\n<div class=\"magic-5\" data-spm-anchor-id=\"a2700.pc-decorate.0.i135.7f583333QzZklO\">\u2713<\/div>\n<\/div>\n<\/td>\n<td colspan=\"1\" rowspan=\"1\">\n<div class=\"magic-22\">\n<div class=\"magic-5\" data-spm-anchor-id=\"a2700.pc-decorate.0.i136.7f583333QzZklO\">\u2713<\/div>\n<\/div>\n<\/td>\n<td colspan=\"1\" rowspan=\"1\">\n<div class=\"magic-20\">\n<div class=\"magic-5\" data-spm-anchor-id=\"a2700.pc-decorate.0.i137.7f583333QzZklO\">\u2713<\/div>\n<\/div>\n<\/td>\n<td colspan=\"1\" rowspan=\"1\">\n<div class=\"magic-23\">\n<div class=\"magic-5\" data-spm-anchor-id=\"a2700.pc-decorate.0.i138.7f583333QzZklO\">\u2713<\/div>\n<\/div>\n<\/td>\n<\/tr>\n<tr>\n<td colspan=\"1\" rowspan=\"1\">\n<div class=\"magic-16\">\n<div class=\"magic-5\"><font class=\"magic-19\">0,30 mm<\/font><\/div>\n<\/div>\n<\/td>\n<td colspan=\"1\" rowspan=\"1\">\n<div class=\"magic-18\">\n<div class=\"magic-5\" data-spm-anchor-id=\"a2700.pc-decorate.0.i146.7f583333QzZklO\">\u2713<\/div>\n<\/div>\n<\/td>\n<td colspan=\"1\" rowspan=\"1\">\n<div class=\"magic-20\">\n<div class=\"magic-5\" data-spm-anchor-id=\"a2700.pc-decorate.0.i145.7f583333QzZklO\">\u2713<\/div>\n<\/div>\n<\/td>\n<td colspan=\"1\" rowspan=\"1\">\n<div class=\"magic-21\">\n<div class=\"magic-5\" data-spm-anchor-id=\"a2700.pc-decorate.0.i144.7f583333QzZklO\">\u2713<\/div>\n<\/div>\n<\/td>\n<td colspan=\"1\" rowspan=\"1\">\n<div class=\"magic-22\">\n<div class=\"magic-5\">\u2713<\/div>\n<\/div>\n<\/td>\n<td colspan=\"1\" rowspan=\"1\">\n<div class=\"magic-20\">\n<div class=\"magic-5\">\u2713<\/div>\n<\/div>\n<\/td>\n<td colspan=\"1\" rowspan=\"1\">\n<div class=\"magic-23\">\n<div class=\"magic-5\" data-spm-anchor-id=\"a2700.pc-decorate.0.i139.7f583333QzZklO\">\u2713<\/div>\n<\/div>\n<\/td>\n<\/tr>\n<tr>\n<td colspan=\"1\" rowspan=\"1\">\n<div class=\"magic-16\">\n<div class=\"magic-5\"><font class=\"magic-19\">0,35 mm<\/font><\/div>\n<\/div>\n<\/td>\n<td colspan=\"1\" rowspan=\"1\">\n<div class=\"magic-18\">\n<div class=\"magic-5\" data-spm-anchor-id=\"a2700.pc-decorate.0.i147.7f583333QzZklO\">\u2713<\/div>\n<\/div>\n<\/td>\n<td colspan=\"1\" rowspan=\"1\">\n<div class=\"magic-20\">\n<div class=\"magic-5\" data-spm-anchor-id=\"a2700.pc-decorate.0.i148.7f583333QzZklO\">\u2713<\/div>\n<\/div>\n<\/td>\n<td colspan=\"1\" rowspan=\"1\">\n<div class=\"magic-21\">\n<div class=\"magic-5\" data-spm-anchor-id=\"a2700.pc-decorate.0.i149.7f583333QzZklO\">\u2713<\/div>\n<\/div>\n<\/td>\n<td colspan=\"1\" rowspan=\"1\">\n<div class=\"magic-22\">\n<div class=\"magic-5\" data-spm-anchor-id=\"a2700.pc-decorate.0.i150.7f583333QzZklO\">\u2713<\/div>\n<\/div>\n<\/td>\n<td colspan=\"1\" rowspan=\"1\">\n<div class=\"magic-20\">\n<div class=\"magic-5\" data-spm-anchor-id=\"a2700.pc-decorate.0.i152.7f583333QzZklO\">\u2713<\/div>\n<\/div>\n<\/td>\n<td colspan=\"1\" rowspan=\"1\">\n<div class=\"magic-23\">\n<div class=\"magic-5\" data-spm-anchor-id=\"a2700.pc-decorate.0.i153.7f583333QzZklO\">\u2713<\/div>\n<\/div>\n<\/td>\n<\/tr>\n<\/tbody>\n<\/table>\n<\/div>\n<\/div>\n<div class=\"J_module\" module-id=\"27166298535\" module-title=\"detailManyImage\" render=\"true\">\n<div class=\"icbu-pc-detailManyImage magic-24\">\n<div class=\"magic-25\"><img decoding=\"async\" class=\"magic-26\" data-src=\"\" src=\"https:\/\/anbanjia.com.cn\/wp-content\/uploads\/2022\/05\/H3e0687aca9cb44a09b69ea12bda67fb7x.png\"><\/div>\n<div class=\"magic-25\"><img decoding=\"async\" class=\"magic-26\" data-src=\"\" src=\"https:\/\/anbanjia.com.cn\/wp-content\/uploads\/2022\/05\/H00a5a1759fe74273945a46e3ef24d94f6.png\"><\/div>\n<div class=\"magic-25\"><img decoding=\"async\" class=\"magic-26\" data-src=\"\" src=\"https:\/\/anbanjia.com.cn\/wp-content\/uploads\/2022\/05\/Hc6f54f4a099d4ed2902a4af5748cb79ae.png\"><\/div>\n<div class=\"magic-25\"><img decoding=\"async\" class=\"magic-26\" data-src=\"\" src=\"https:\/\/anbanjia.com.cn\/wp-content\/uploads\/2022\/05\/Hb66f1c7ff82341dda223fed0906bc549R.png\"><\/div>\n<div class=\"magic-25\"><img decoding=\"async\" class=\"magic-26\" data-src=\"\" src=\"https:\/\/anbanjia.com.cn\/wp-content\/uploads\/2022\/05\/H986f45df3b9d44f0ad92ff91629872e9T.png\"><\/div>\n<div class=\"magic-25\"><img decoding=\"async\" class=\"magic-26\" data-src=\"\" src=\"https:\/\/anbanjia.com.cn\/wp-content\/uploads\/2022\/05\/H9e0a62bd16064c349ad59dd1247e181f8.png\"><\/div>\n<div class=\"magic-25\"><img decoding=\"async\" class=\"magic-26\" data-src=\"\" src=\"https:\/\/anbanjia.com.cn\/wp-content\/uploads\/2022\/05\/Ha734a220fd264ef1add38a2ac2ca148dE.png\"><\/div>\n<\/div>\n<\/div><\/div>\n<\/div>\n","protected":false},"excerpt":{"rendered":"<div style=\"width:auto\">\n<div style=\"min-width: 300px;max-width: 300px;word-wrap: break-word;float: left\">Lieu d&rsquo;origine&nbsp;: Jiangsu, Chine <\/div>\n<div style=\"min-width: 300px;max-width: 300px;word-wrap: break-word;float: left\">Nom de marque: Hwato<\/div>\n<\/p><\/div>\n<div style=\"width:auto\">\n<div style=\"min-width: 300px;max-width: 300px;word-wrap: break-word;float: left\">Num\u00e9ro de mod\u00e8le&nbsp;: CR <\/div>\n<div style=\"min-width: 300px;max-width: 300px;word-wrap: break-word;float: left\">Fonction : diur\u00e9tiques pour \u00e9liminer l&rsquo;humidit\u00e9, am\u00e9liorer le corps.<\/div>\n<\/p><\/div>\n<div style=\"width:auto\">\n<div style=\"min-width: 300px;max-width: 300px;word-wrap: break-word;float: left\">Demande:Corps <\/div>\n<div style=\"min-width: 300px;max-width: 300px;word-wrap: break-word;float: left\">Dur\u00e9e de conservation : 3 ans<\/div>\n<\/p><\/div>\n<div style=\"width:auto\">\n<div style=\"min-width: 300px;max-width: 300px;word-wrap: break-word;float: left\">Certificat de qualit\u00e9&nbsp;: ce <\/div>\n<div style=\"min-width: 300px;max-width: 300px;word-wrap: break-word;float: left\">Classification des instruments&nbsp;: classe&nbsp;I<\/div>\n<\/p><\/div>\n<div style=\"width:auto\">\n<div style=\"min-width: 300px;max-width: 300px;word-wrap: break-word;float: left\">Norme de s\u00e9curit\u00e9&nbsp;:&nbsp;Aucune <\/div>\n<div style=\"min-width: 300px;max-width: 300px;word-wrap: break-word;float: left\">Type : aiguilles d&rsquo;acupuncture.<\/div>\n<\/p><\/div>\n<div style=\"width:auto\">\n<div style=\"min-width: 300px;max-width: 300px;word-wrap: break-word;float: left\">Propri\u00e9t\u00e9s&nbsp;: appareil de m\u00e9decine chinoise <\/div>\n<div style=\"min-width: 300px;max-width: 300px;word-wrap: break-word;float: left\">Mat\u00e9riel: acier inoxydable<\/div>\n<\/p><\/div>\n<div style=\"width:auto\">\n<div style=\"min-width: 300px;max-width: 300px;word-wrap: break-word;float: left\">Quantit\u00e9 : 100 pi\u00e8ces\/bo\u00eete <\/div>\n<div style=\"min-width: 300px;max-width: 300px;word-wrap: break-word;float: left\">Taille: diverses sp\u00e9cifications<\/div>\n<\/p><\/div>\n","protected":false},"featured_media":7213,"comment_status":"closed","ping_status":"closed","template":"","meta":[],"product_cat":[132],"product_tag":[],"class_list":["post-13010","product","type-product","status-publish","has-post-thumbnail","hentry","product_cat-aiguille"],"_links":{"self":[{"href":"https:\/\/anbanjia.com.cn\/fr\/wp-json\/wp\/v2\/product\/13010","targetHints":{"allow":["GET"]}}],"collection":[{"href":"https:\/\/anbanjia.com.cn\/fr\/wp-json\/wp\/v2\/product"}],"about":[{"href":"https:\/\/anbanjia.com.cn\/fr\/wp-json\/wp\/v2\/types\/product"}],"replies":[{"embeddable":true,"href":"https:\/\/anbanjia.com.cn\/fr\/wp-json\/wp\/v2\/comments?post=13010"}],"wp:featuredmedia":[{"embeddable":true,"href":"https:\/\/anbanjia.com.cn\/fr\/wp-json\/wp\/v2\/media\/7213"}],"wp:attachment":[{"href":"https:\/\/anbanjia.com.cn\/fr\/wp-json\/wp\/v2\/media?parent=13010"}],"wp:term":[{"taxonomy":"product_cat","embeddable":true,"href":"https:\/\/anbanjia.com.cn\/fr\/wp-json\/wp\/v2\/product_cat?post=13010"},{"taxonomy":"product_tag","embeddable":true,"href":"https:\/\/anbanjia.com.cn\/fr\/wp-json\/wp\/v2\/product_tag?post=13010"}],"curies":[{"name":"wp","href":"https:\/\/api.w.org\/{rel}","templated":true}]}}