{"id":13007,"date":"2022-05-02T18:03:04","date_gmt":"2022-05-02T18:03:04","guid":{"rendered":"https:\/\/www.anbanjia.com.cn\/product\/ventouses-a-aspiration-simple-sous-vide-chinois-therapie-sous-vide-jetable-en-gros-ventouses-hijama-tasses\/"},"modified":"2022-05-02T18:03:04","modified_gmt":"2022-05-02T18:03:04","slug":"ventouses-a-ventouses-simples-ventouses-vide-chinois-therapie-vide-jetables-gros-ventouses-hijama-tasses","status":"publish","type":"product","link":"https:\/\/anbanjia.com.cn\/fr\/produit\/ventouses-a-ventouses-simples-ventouses-vide-chinois-therapie-vide-jetables-gros-ventouses-hijama-tasses\/","title":{"rendered":"Ventouses \u00e0 aspiration simple sous vide chinois th\u00e9rapie sous vide jetable en gros ventouses hijama tasses"},"content":{"rendered":"<div style=\"max-width: 750px;margin: 0 auto;\">\n<div data-section=\"AliPostDhMb-6l3ho\" data-section-title=\"Product Details\" id=\"ali-anchor-AliPostDhMb-6l3ho\" style=\"padding-top: 8px;\">\n<div id=\"ali-title-AliPostDhMb-6l3ho\" style=\"padding: 8px 0; border-bottom: 1px solid #ddd;\"><span style=\"background-color: #ddd; color: #333; font-weight: bold; padding: 8px 10px; line-height: 12px;\">d\u00e9tails du produit<\/span><\/div>\n<div style=\"padding: 10px 0;\">\n<p><img decoding=\"async\" data-src=\"\" ori-height=\"800\" ori-width=\"800\" src=\"https:\/\/anbanjia.com.cn\/wp-content\/uploads\/2022\/05\/unnamed-file-3.jpg\" style=\"max-width: 750;\"><\/p>\n<h3 style=\"margin: 0px; padding: 0px; border: 0px; font-style: normal; font-weight: bold; font-size: 1.17em; line-height: 20px; font-family: Arial,Helvetica; vertical-align: baseline; color: #333333; background-color: #ffffff;\"><span style=\"font-size: 32px; color: #0000ff;\">Tasses de th\u00e9rapie sous vide en plastique&nbsp;:<\/span><\/h3>\n<p><span style=\"font-size: 24px; color: #008000;\"><span style=\"font-family: Arial, Helvetica; font-style: normal; font-weight: normal; float: none; display: inline !important;\">1. diff\u00e9rentes tailles et formes pour une partie sp\u00e9ciale de votre corps&nbsp;;<\/span><br \/><span style=\"font-family: Arial, Helvetica; font-style: normal; font-weight: normal; float: none; display: inline !important;\">2.transparent pour voir \u00e0 l&rsquo;int\u00e9rieur.<\/span><br \/><span style=\"font-family: Arial, Helvetica; font-style: normal; font-weight: normal; float: none; display: inline !important;\">3. paquet diff\u00e9rent pour diff\u00e9rents ensembles. n&rsquo;h\u00e9sitez pas \u00e0 contacter nos ventes pour plus de d\u00e9tails.<\/span><br \/><span style=\"font-family: Arial, Helvetica; font-style: normal; font-weight: normal; float: none; display: inline !important;\">4. disponible \u00e0 l&rsquo;h\u00f4pital et dans la famille ;<\/span><\/span><\/p>\n<p><span style=\"font-size: 24px; color: #008000;\"><span style=\"font-family: Arial, Helvetica; font-style: normal; font-weight: normal; float: none; display: inline !important;\"><strong> <span style=\"color: #0000ff; font-size: 32px;\">Six tailles de bonnet correspondent \u00e0 diff\u00e9rents endroits du corps&nbsp;:<\/span><\/strong><\/span><\/span><\/p>\n<p><span style=\"color: #008000; font-size: 24px;\"><span style=\"font-family: Arial, Helvetica; font-style: normal; font-weight: normal; float: none; display: inline !important;\"><strong><span style=\"font-family: Arial, Helvetica; font-style: normal; font-weight: normal; float: none; display: inline !important;\">1.Petite taille pour le visage ou les points moins muscl\u00e9s :<\/span><br \/><span style=\"font-family: Arial, Helvetica; font-style: normal; font-weight: normal; float: none; display: inline !important;\">2. pieds, mains, avant-bras. Taille moyenne pour le haut des bras et le bas des jambes<\/span><br \/><span style=\"font-family: Arial, Helvetica; font-style: normal; font-weight: normal; float: none; display: inline !important;\">3.Grande et tr\u00e8s grande taille pour le haut des jambes, le dos ou l&rsquo;abdomen.<\/span><\/strong><\/span><\/span><\/p>\n<p><img decoding=\"async\" data-alt=\"Chinese vacuum single suction cupping cups disposable vacuum therapy wholesale cupping hijama cups\" data-src=\"\" ori-height=\"674\" ori-width=\"884\" src=\"https:\/\/anbanjia.com.cn\/wp-content\/uploads\/2022\/05\/HTB1AgqFVmzqK1RjSZPc762TepXa1.png\"><img decoding=\"async\" data-alt=\"Chinese vacuum single suction cupping cups disposable vacuum therapy wholesale cupping hijama cups\" data-src=\"\" ori-height=\"1700\" ori-width=\"750\" src=\"https:\/\/anbanjia.com.cn\/wp-content\/uploads\/2022\/05\/HTB1WIeiXbsTMeJjy1zbq6AhlVXaQ.jpg\"><img decoding=\"async\" data-alt=\"Chinese vacuum single suction cupping cups disposable vacuum therapy wholesale cupping hijama cups\" data-height=\"1600\" data-src=\"\" data-width=\"750\" ori-height=\"1600\" ori-width=\"750\" src=\"https:\/\/anbanjia.com.cn\/wp-content\/uploads\/2022\/05\/HTB1J4QWXuMxLeJjy0Fjq6ADbVXao.jpg\"><\/p>\n<p><span style=\"font-size: 32px; color: #0000ff;\"><strong>Voyez ce que font les gobelets&nbsp;: s\u00fbrs et contr\u00f4lables<\/strong> <\/span><\/p>\n<div style=\"margin: 0px -4px; padding: 10px 0px; border: 0px; font-style: normal; font-weight: normal; font-size: 14px; line-height: inherit; font-family: Arial,Helvetica; vertical-align: top; word-wrap: break-word; color: #333333; background-color: #ffffff;\">\n<div id=\"p9ty2\" style=\"margin: 0px; padding: 0px 4px; border: 0px; font-style: inherit; font-weight: inherit; font-size: inherit; line-height: inherit; vertical-align: top; word-wrap: break-word; box-sizing: border-box;\">\n<p style=\"margin: 0px; padding: 0px; border: 0px; font-style: inherit; font-weight: inherit; font-size: inherit; line-height: inherit; vertical-align: baseline; word-wrap: break-word;\"><span style=\"font-family: 'Times New Roman', Times; font-size: 24px; color: #008000;\">La transparence des ventouses vous permet de voir clairement le rougissement de la peau avec l&rsquo;augmentation du temps de ventouses, de sorte que vous pouvez contr\u00f4ler compl\u00e8tement les ventouses quant \u00e0 ses effets et le temps de ventouses optimal n\u00e9cessaire. Sans l&rsquo;usage du feu, il n&rsquo;y a pas de danger de se br\u00fbler la peau ; et la pression n\u00e9gative \u00e0 l&rsquo;int\u00e9rieur de la tasse peut \u00eatre adapt\u00e9e \u00e0 l&rsquo;\u00e9tat de chaque patient, car vous la contr\u00f4lez \u00e0 la main \u00e0 l&rsquo;aide du pistolet \u00e0 pression.<\/span><\/p>\n<\/div>\n<\/div>\n<div style=\"margin: 0px -4px; padding: 10px 0px; border: 0px; font-style: normal; font-weight: normal; font-size: 14px; line-height: inherit; font-family: Arial,Helvetica; vertical-align: top; word-wrap: break-word; color: #333333; background-color: #ffffff;\">\n<div id=\"pvghm\" style=\"margin: 0px; padding: 0px 4px; border: 0px; font-style: inherit; font-weight: inherit; font-size: inherit; line-height: inherit; vertical-align: top; word-wrap: break-word; box-sizing: border-box;\">\n<p style=\"margin: 0px; padding: 0px; border: 0px; font-style: inherit; font-weight: inherit; font-size: inherit; line-height: inherit; vertical-align: baseline; word-wrap: break-word;\"><span style=\"font-size: 32px; color: #0000ff;\"><strong><img decoding=\"async\" data-alt=\"Chinese vacuum single suction cupping cups disposable vacuum therapy wholesale cupping hijama cups\" data-height=\"561\" data-src=\"\" data-width=\"748\" ori-height=\"1080\" ori-width=\"1440\" src=\"https:\/\/anbanjia.com.cn\/wp-content\/uploads\/2022\/05\/HTB10ZeWcBaE3KVjSZLeq6xsSFXam.jpg\"><img decoding=\"async\" data-alt=\"Chinese vacuum single suction cupping cups disposable vacuum therapy wholesale cupping hijama cups\" data-height=\"562\" data-src=\"\" data-width=\"750\" ori-height=\"1080\" ori-width=\"1440\" src=\"https:\/\/anbanjia.com.cn\/wp-content\/uploads\/2022\/05\/HTB1JjyScwmH3KVjSZKzq6z2OXXaF.jpg\"><\/strong><\/span><\/p>\n<p style=\"margin: 0px; padding: 0px; border: 0px; font-style: inherit; font-weight: inherit; font-size: inherit; line-height: inherit; vertical-align: baseline; word-wrap: break-word;\"><span style=\"font-size: 32px; color: #0000ff;\"><strong>Remarque&nbsp;:<\/strong><\/span><\/p>\n<p style=\"margin: 0px; padding: 0px; border: 0px; font-style: inherit; font-weight: inherit; font-size: inherit; line-height: inherit; vertical-align: baseline; word-wrap: break-word;\"><span style=\"font-size: 24px; color: #008000;\"><strong><span style=\"font-family: 'Times New Roman', Times; font-style: normal; font-weight: normal; background-color: #ffffff; float: none; display: inline !important;\">1. Veuillez choisir des pi\u00e8ces de sant\u00e9 appropri\u00e9es, qui ont des muscles abdominaux, une peau lisse et sans fourrure. Mais si vous voulez vraiment faire sur des parties rugueuses avec de la fourrure, mieux vaut mettre le bon tapis de beignets sous l&rsquo;ouverture de celui-ci en cas de fuite d&rsquo;air. De plus, si la peau est s\u00e8che, mouillez d&rsquo;abord la peau, puis ventousez.<\/span><br \/><span style=\"font-family: 'Times New Roman', Times; font-style: normal; font-weight: normal; background-color: #ffffff; float: none; display: inline !important;\">  2. En utilisant les ventouses pour la premi\u00e8re fois, veuillez choisir les petites ventouses et stimuler la lumi\u00e8re<\/span><br \/><span style=\"font-family: 'Times New Roman', Times; font-style: normal; font-weight: normal; background-color: #ffffff; float: none; display: inline !important;\">  3. Ne bougez pas la position lors de l&rsquo;utilisation des ventouses et devez vous tenir entre les ventouses <\/span><br \/><span style=\"font-family: 'Times New Roman', Times; font-style: normal; font-weight: normal; background-color: #ffffff; float: none; display: inline !important;\">  4. Le patient qui a une forte fi\u00e8vre, un coma et des crampes aigu\u00ebs doit d&rsquo;abord clarifier le diagnostic en cas de retard du gain de temps<\/span><br \/><span style=\"font-family: 'Times New Roman', Times; font-style: normal; font-weight: normal; background-color: #ffffff; float: none; display: inline !important;\">5. Si une partie de la sant\u00e9 est rouge et prurit, ne griffez pas sauvagement, ce sera bon apr\u00e8s plusieurs jours<\/span><\/strong><\/span><\/p>\n<h3 style=\"margin: 0px; padding: 0px; border: 0px; font-style: normal; font-weight: bold; font-size: 1.17em; line-height: 20px; font-family: Arial,Helvetica; vertical-align: baseline; color: #333333; background-color: #ffffff; text-align: center;\"><span style=\"color: #0000ff; font-size: 32px;\">votre sant\u00e9 nous tient \u00e0 c\u0153ur<\/span><\/h3>\n<p><span style=\"color: #0000ff; font-size: 32px;\"><img decoding=\"async\" data-alt=\"Chinese vacuum single suction cupping cups disposable vacuum therapy wholesale cupping hijama cups\" data-src=\"\" ori-height=\"317\" ori-width=\"651\" src=\"https:\/\/anbanjia.com.cn\/wp-content\/uploads\/2022\/05\/unnamed-file-3.jpg\"><a href=\"https:\/\/abj-medical.en.alibaba.com\/productgrouplist-804976426\/Chinese_traditional_therapy.html?spm=a2700.8304367.topnav.6.73152c54tEAdqB\" rel=\"noopener noreferrer\" target=\"_blank\"><img decoding=\"async\" data-alt=\"Chinese vacuum single suction cupping cups disposable vacuum therapy wholesale cupping hijama cups\" data-src=\"\" ori-height=\"286\" ori-width=\"746\" src=\"https:\/\/anbanjia.com.cn\/wp-content\/uploads\/2022\/05\/HTB1tIa1aXHFK1JjSZFzq6z23XXaa.jpg\"><img decoding=\"async\" data-alt=\"Chinese vacuum single suction cupping cups disposable vacuum therapy wholesale cupping hijama cups\" data-src=\"\" ori-height=\"269\" ori-width=\"748\" src=\"https:\/\/anbanjia.com.cn\/wp-content\/uploads\/2022\/05\/HTB1RDS2agYDK1JjSZPcq6yjZpXaK.jpg\"><\/a><\/span><\/p>\n<\/p>\n<\/div>\n<\/div>\n<\/div>\n<\/div>\n<div data-section=\"AliPostDhMb-oujz6\" data-section-title=\"company information\" id=\"ali-anchor-AliPostDhMb-oujz6\" style=\"padding-top: 8px;\">\n<div id=\"ali-title-AliPostDhMb-oujz6\" style=\"padding: 8px 0; border-bottom: 1px solid #ddd;\"><span style=\"background-color: #ddd; color: #333; font-weight: bold; padding: 8px 10px; line-height: 12px;\">Informations sur la soci\u00e9t\u00e9<\/span><\/div>\n<div style=\"padding: 10px 0;\">\n<p><img decoding=\"async\" data-alt=\"Chinese vacuum single suction cupping cups disposable vacuum therapy wholesale cupping hijama cups\" data-src=\"\" ori-height=\"1857\" ori-width=\"750\" src=\"https:\/\/anbanjia.com.cn\/wp-content\/uploads\/2022\/05\/HTB1MME3SpXXXXbJaXXXq6xXFXXXA-1.jpg\"> <\/p>\n<\/div>\n<\/div>\n<div data-section=\"AliPostDhMb-50edq\" data-section-title=\"certificate\" id=\"ali-anchor-AliPostDhMb-50edq\" style=\"padding-top: 8px;\">\n<div id=\"ali-title-AliPostDhMb-50edq\" style=\"padding: 8px 0; border-bottom: 1px solid #ddd;\"><span style=\"background-color: #ddd; color: #333; font-weight: bold; padding: 8px 10px; line-height: 12px;\">certificat<\/span><\/div>\n<div style=\"padding: 10px 0;\">\n<p><img decoding=\"async\" data-alt=\"Chinese vacuum single suction cupping cups disposable vacuum therapy wholesale cupping hijama cups\" data-src=\"\" ori-height=\"365\" ori-width=\"750\" src=\"https:\/\/anbanjia.com.cn\/wp-content\/uploads\/2022\/05\/HTB1Z1olSpXXXXctXXXXq6xXFXXXu-1.jpg\"> <\/p>\n<\/div>\n<\/div>\n<div data-section=\"AliPostDhMb-8kx8w\" data-section-title=\"produce &amp; payment\" id=\"ali-anchor-AliPostDhMb-8kx8w\" style=\"padding-top: 8px;\">\n<div id=\"ali-title-AliPostDhMb-8kx8w\" style=\"padding: 8px 0; border-bottom: 1px solid #ddd;\"><span style=\"background-color: #ddd; color: #333; font-weight: bold; padding: 8px 10px; line-height: 12px;\">produire et payer<\/span><\/div>\n<div style=\"padding: 10px 0;\">\n<p><img decoding=\"async\" data-alt=\"Chinese vacuum single suction cupping cups disposable vacuum therapy wholesale cupping hijama cups\" data-src=\"\" ori-height=\"454\" ori-width=\"750\" src=\"https:\/\/anbanjia.com.cn\/wp-content\/uploads\/2022\/05\/HTB1LlvUSpXXXXbJXVXXq6xXFXXXf-1.jpg\"><img decoding=\"async\" data-alt=\"Chinese vacuum single suction cupping cups disposable vacuum therapy wholesale cupping hijama cups\" data-src=\"\" ori-height=\"524\" ori-width=\"750\" src=\"https:\/\/anbanjia.com.cn\/wp-content\/uploads\/2022\/05\/HTB1R1haSFXXXXXNXVXXq6xXFXXXz-1.jpg\"> <\/p>\n<\/div>\n<\/div>\n<div data-section=\"AliPostDhMb-t0muh\" data-section-title=\"Home\" id=\"ali-anchor-AliPostDhMb-t0muh\" style=\"padding-top: 8px;\">\n<div id=\"ali-title-AliPostDhMb-t0muh\" style=\"padding: 8px 0; border-bottom: 1px solid #ddd;\"><span style=\"background-color: #ddd; color: #333; font-weight: bold; padding: 8px 10px; line-height: 12px;\">Accueil<\/span><\/div>\n<div style=\"padding: 10px 0;\">\n<p><img decoding=\"async\" data-alt=\"Chinese vacuum single suction cupping cups disposable vacuum therapy wholesale cupping hijama cups\" data-src=\"\" ori-height=\"172\" ori-width=\"750\" src=\"https:\/\/anbanjia.com.cn\/wp-content\/uploads\/2022\/05\/unnamed-file-3.jpg\"><\/p>\n<p><a href=\"https:\/\/abj-medical.en.alibaba.com\/?spm=a2700.8304367.topnav.1.7fb94f0d6W4Kaf\" rel=\"noopener noreferrer\" target=\"_blank\"><img decoding=\"async\" data-alt=\"Chinese vacuum single suction cupping cups disposable vacuum therapy wholesale cupping hijama cups\" data-src=\"\" ori-height=\"124\" ori-width=\"750\" src=\"https:\/\/anbanjia.com.cn\/wp-content\/uploads\/2022\/05\/HTB10aT7SpXXXXa7XFXXq6xXFXXXO-1.jpg\"> <\/a><\/p>\n<\/div>\n<\/div>\n<\/div>\n","protected":false},"excerpt":{"rendered":"<div style=\"width:auto\">\n<div style=\"min-width: 300px;max-width: 300px;word-wrap: break-word;float: left\">Propri\u00e9t\u00e9s : fournitures de th\u00e9rapie de r\u00e9adaptation. <\/div>\n<div style=\"min-width: 300px;max-width: 300px;word-wrap: break-word;float: left\">Lieu d&rsquo;origine&nbsp;: Guangdong, Chine<\/div>\n<\/p><\/div>\n<div style=\"width:auto\">\n<div style=\"min-width: 300px;max-width: 300px;word-wrap: break-word;float: left\">Nom de marque:Anbanjia\/OEM <\/div>\n<div style=\"min-width: 300px;max-width: 300px;word-wrap: break-word;float: left\">Num\u00e9ro de mod\u00e8le : ABJ-B<\/div>\n<\/p><\/div>\n<div style=\"width:auto\">\n<div style=\"min-width: 300px;max-width: 300px;word-wrap: break-word;float: left\">Type : \u00e9quipements de s\u00e9curit\u00e9 pour salle de bain. <\/div>\n<div style=\"min-width: 300px;max-width: 300px;word-wrap: break-word;float: left\">Mat\u00e9riel:Plastique<\/div>\n<\/p><\/div>\n<div style=\"width:auto\">\n<div style=\"min-width: 300px;max-width: 300px;word-wrap: break-word;float: left\">Couleur:Transparent <\/div>\n<div style=\"min-width: 300px;max-width: 300px;word-wrap: break-word;float: left\">Fonction : am\u00e9liore la qualit\u00e9 du corps.<\/div>\n<\/p><\/div>\n<div style=\"width:auto\">\n<div style=\"min-width: 300px;max-width: 300px;word-wrap: break-word;float: left\">Types&nbsp;: gobelets de diff\u00e9rentes tailles <\/div>\n<div style=\"min-width: 300px;max-width: 300px;word-wrap: break-word;float: left\">\u00c9chantillon&nbsp;: \u00c9chantillons offerts<\/div>\n<\/p><\/div>\n<div>Logo personnalis\u00e9(Min. Commande : 50000 Pi\u00e8ces)<\/div>\n<div>Emballage personnalis\u00e9 (Min. Commande : 50000 Pi\u00e8ces)<\/div>\n","protected":false},"featured_media":12052,"comment_status":"closed","ping_status":"closed","template":"","meta":[],"product_cat":[134],"product_tag":[],"class_list":["post-13007","product","type-product","status-publish","has-post-thumbnail","hentry","product_cat-tasse-a-ventouses"],"_links":{"self":[{"href":"https:\/\/anbanjia.com.cn\/fr\/wp-json\/wp\/v2\/product\/13007","targetHints":{"allow":["GET"]}}],"collection":[{"href":"https:\/\/anbanjia.com.cn\/fr\/wp-json\/wp\/v2\/product"}],"about":[{"href":"https:\/\/anbanjia.com.cn\/fr\/wp-json\/wp\/v2\/types\/product"}],"replies":[{"embeddable":true,"href":"https:\/\/anbanjia.com.cn\/fr\/wp-json\/wp\/v2\/comments?post=13007"}],"wp:featuredmedia":[{"embeddable":true,"href":"https:\/\/anbanjia.com.cn\/fr\/wp-json\/wp\/v2\/media\/12052"}],"wp:attachment":[{"href":"https:\/\/anbanjia.com.cn\/fr\/wp-json\/wp\/v2\/media?parent=13007"}],"wp:term":[{"taxonomy":"product_cat","embeddable":true,"href":"https:\/\/anbanjia.com.cn\/fr\/wp-json\/wp\/v2\/product_cat?post=13007"},{"taxonomy":"product_tag","embeddable":true,"href":"https:\/\/anbanjia.com.cn\/fr\/wp-json\/wp\/v2\/product_tag?post=13007"}],"curies":[{"name":"wp","href":"https:\/\/api.w.org\/{rel}","templated":true}]}}