{"id":13002,"date":"2022-05-02T18:03:04","date_gmt":"2022-05-02T18:03:04","guid":{"rendered":"https:\/\/www.anbanjia.com.cn\/product\/pistolet-a-ventouses-simple-sous-vide-chinois-a-bas-prix-pour-lutilisation-de-ventouses\/"},"modified":"2022-05-02T18:03:04","modified_gmt":"2022-05-02T18:03:04","slug":"pistolet-ventouse-simple-aspirateur-chinois-bas-prix-pour-lutilisation-de-ventouses","status":"publish","type":"product","link":"https:\/\/anbanjia.com.cn\/fr\/produit\/pistolet-ventouse-simple-aspirateur-chinois-bas-prix-pour-lutilisation-de-ventouses\/","title":{"rendered":"Pistolet \u00e0 ventouses simple sous vide chinois \u00e0 bas prix pour l&rsquo;utilisation de ventouses"},"content":{"rendered":"<div style=\"max-width: 750px; margin: 0 auto;\">\n<div id=\"detail_decorate_root\" data-magic-global=\"%7B%22bizId%22%3A3215165050%2C%22pageId%22%3A20070891977%2C%22siteId%22%3A5005610021%7D\">\n<div class=\"J_module\">\n<div class=\"detail-decorate-json-renderer-container\">\n<div class=\"magic-1\">\n<h3 class=\"magic-2\"><\/h3>\n<div class=\"J_module\">\n<div class=\"detail-decorate-json-renderer-container\">\n<div class=\"magic-1\">\n<h3 class=\"magic-3\" data-spm-anchor-id=\"a2700.details.0.i26.400639a3eDvjus\"><span style=\"font-size: xx-large;\" data-spm-anchor-id=\"a2700.details.0.i25.400639a3eDvjus\">Pistolet \u00e0 ventouses simple sous vide chinois \u00e0 bas prix pour l&rsquo;utilisation de ventouses<\/span><\/h3>\n<\/div>\n<\/div>\n<\/div>\n<div class=\"magic-4\">\n<div class=\"magic-5\">\n<div class=\"magic-6\"><img decoding=\"async\" src=\"https:\/\/s.alicdn.com\/@sc01\/kf\/HTB1X.1FRVXXXXX.apXXq6xXFXXXA\/230438700\/HTB1X.1FRVXXXXX.apXXq6xXFXXXA.jpg?quality=close\"><\/div>\n<\/div>\n<\/div>\n<\/div>\n<\/div>\n<\/div>\n<div class=\"J_module\">\n<div class=\"icbu-pc-images magic-7\">\n<div class=\"flex-layout-v\">\n<div class=\"flex-layout-h magic-7\">\n<div class=\"magic-8\"><img decoding=\"async\" class=\"\" src=\"https:\/\/s.alicdn.com\/@sc01\/kf\/HTB1AwyTRVXXXXcqXVXX760XFXXXb\/230438700\/HTB1AwyTRVXXXXcqXVXX760XFXXXb.png?quality=close\" width=\"748\" height=\"1313\"><img decoding=\"async\" src=\"https:\/\/s.alicdn.com\/@sc01\/kf\/HTB17YHGoNSYBuNjSsphq6zGvVXa8\/230438700\/HTB17YHGoNSYBuNjSsphq6zGvVXa8.jpg?quality=close\"><\/div>\n<div><img decoding=\"async\" src=\"https:\/\/s.alicdn.com\/@sc01\/kf\/HTB1C1n6oFuWBuNjSspnq6x1NVXaW\/230438700\/HTB1C1n6oFuWBuNjSspnq6x1NVXaW.jpg?quality=close\"><img decoding=\"async\" src=\"https:\/\/s.alicdn.com\/@sc01\/kf\/HTB1P762oL5TBuNjSspcq6znGFXaX\/230438700\/HTB1P762oL5TBuNjSspcq6znGFXaX.jpg?quality=close\"><img decoding=\"async\" src=\"https:\/\/s.alicdn.com\/@sc01\/kf\/HTB1F9zRoGSWBuNjSsrbq6y0mVXad\/230438700\/HTB1F9zRoGSWBuNjSsrbq6y0mVXad.jpg?quality=close\"><img decoding=\"async\" src=\"https:\/\/s.alicdn.com\/@sc01\/kf\/HTB1xQjvoQKWBuNjy1zjq6AOypXa2\/230438700\/HTB1xQjvoQKWBuNjy1zjq6AOypXa2.jpg?quality=close\"><img decoding=\"async\" src=\"https:\/\/s.alicdn.com\/@sc02\/kf\/HTB1g0AyoL1TBuNjy0Fjq6yjyXXa3\/230438700\/HTB1g0AyoL1TBuNjy0Fjq6yjyXXa3.jpg?quality=close\"><img decoding=\"async\" src=\"https:\/\/s.alicdn.com\/@sc02\/kf\/HTB1_X7UQFXXXXcsXpXXq6xXFXXXA\/230438700\/HTB1_X7UQFXXXXcsXpXXq6xXFXXXA.jpg?quality=close\"><img decoding=\"async\" src=\"https:\/\/s.alicdn.com\/@sc01\/kf\/HTB1y7oxQFXXXXaqXVXXq6xXFXXX9\/230438700\/HTB1y7oxQFXXXXaqXVXXq6xXFXXX9.jpg?quality=close\"><\/div>\n<div>\n<h3 class=\"magic-2\" data-spm-anchor-id=\"a2700.details.0.i39.400639a3eDvjus\"><span style=\"color: #3f3fff; font-size: x-large;\">Nouveau pack et changez l&rsquo;une des ventouses de type \u00ab\u00a0U\u00a0\u00bb<\/span><\/h3>\n<\/div>\n<div><img decoding=\"async\" class=\"\" src=\"https:\/\/s.alicdn.com\/@sc02\/kf\/HTB1S1cHQFXXXXcAXFXXq6xXFXXXW\/230438700\/HTB1S1cHQFXXXXcAXFXXq6xXFXXXW.jpg?quality=close\" width=\"337\" height=\"599\"><img decoding=\"async\" class=\"\" src=\"https:\/\/s.alicdn.com\/@sc02\/kf\/HTB1sfQBQFXXXXXPXVXXq6xXFXXXU\/230438700\/HTB1sfQBQFXXXXXPXVXXq6xXFXXXU.jpg?quality=close\" width=\"336\" height=\"597\"><\/div>\n<div><img decoding=\"async\" src=\"https:\/\/s.alicdn.com\/@sc01\/kf\/HTB1pXZFQFXXXXbYXFXXq6xXFXXXT\/230438700\/HTB1pXZFQFXXXXbYXFXXq6xXFXXXT.jpg?quality=close\"><img decoding=\"async\" src=\"https:\/\/s.alicdn.com\/@sc01\/kf\/HTB15NsQQFXXXXcCXpXXq6xXFXXX6\/230438700\/HTB15NsQQFXXXXcCXpXXq6xXFXXX6.jpg?quality=close\"><img decoding=\"async\" src=\"https:\/\/s.alicdn.com\/@sc02\/kf\/HTB1v3c9QFXXXXctXXXXq6xXFXXXg\/230438700\/HTB1v3c9QFXXXXctXXXXq6xXFXXXg.jpg?quality=close\"><\/div>\n<div>\n<div class=\"J_module\">\n<div class=\"detail-decorate-json-renderer-container\">\n<div class=\"magic-1\">\n<div class=\"magic-4\" data-spm-anchor-id=\"a2700.details.0.i43.400639a3eDvjus\">\n<div class=\"magic-5\">\n<div class=\"magic-6\">\n<p class=\"magic-19\"><b><span style=\"color: #1f57ff; font-size: large;\">Voyez ce que font les gobelets&nbsp;: s\u00fbrs et contr\u00f4lables<\/span><br \/>\n<\/b><br \/>\n<span style=\"font-family: Times New Roman, Times; font-size: large;\"> La transparence des ventouses vous permet de voir clairement le rougissement de la peau avec l&rsquo;augmentation du temps de ventouses, de sorte que vous pouvez contr\u00f4ler compl\u00e8tement les ventouses quant \u00e0 ses effets et le temps de ventouses optimal n\u00e9cessaire. Sans l&rsquo;usage du feu, il n&rsquo;y a pas de danger de se br\u00fbler la peau ; et la pression n\u00e9gative \u00e0 l&rsquo;int\u00e9rieur de la tasse peut \u00eatre adapt\u00e9e \u00e0 l&rsquo;\u00e9tat de chaque patient, car vous la contr\u00f4lez \u00e0 la main \u00e0 l&rsquo;aide du pistolet \u00e0 pression.<\/span><\/p>\n<\/div>\n<\/div>\n<\/div>\n<\/div>\n<\/div>\n<\/div>\n<div class=\"J_module\">\n<div class=\"detail-decorate-json-renderer-container\">\n<div class=\"magic-1\">\n<div class=\"magic-4\">\n<div class=\"magic-5\">\n<div class=\"magic-6\">\n<p class=\"magic-19\"><b><span style=\"color: #003fff; font-size: large;\">Remarque&nbsp;:<\/span><\/b><br \/>\n<span style=\"font-size: large;\"><br \/>\n<span style=\"font-family: Times New Roman, Times;\">  1. Veuillez choisir des pi\u00e8ces de sant\u00e9 appropri\u00e9es, qui ont des muscles abdominaux, une peau lisse et sans fourrure. Mais si vous voulez vraiment faire sur des parties rugueuses avec de la fourrure, mieux vaut mettre le bon tapis de beignets sous l&rsquo;ouverture de celui-ci en cas de fuite d&rsquo;air. De plus, si la peau est s\u00e8che, mouillez d&rsquo;abord la peau, puis ventousez.<br \/>\n2. En utilisant les ventouses pour la premi\u00e8re fois, veuillez choisir les petites ventouses et stimuler la lumi\u00e8re<br \/>\n3. Ne d\u00e9placez pas la position lors de l&rsquo;utilisation des ventouses et devez vous tenir entre les ventouses<br \/>\n4. Le patient qui a une forte fi\u00e8vre, un coma et une crampe aigu\u00eb doit d&rsquo;abord \u00e9tablir un diagnostic clair en cas de retard du gain de temps<br \/>\n5. Si une partie de la sant\u00e9 est rouge et prurit, ne griffez pas sauvagement, ce sera bon apr\u00e8s plusieurs jours<\/span><\/span><\/p>\n<\/div>\n<\/div>\n<\/div>\n<\/div>\n<\/div>\n<\/div>\n<div class=\"J_module\">\n<div id=\"ali-anchor-AliMagic-35g6d8\" class=\"magic-0\" data-section=\"AliMagic-35g6d8\" data-section-title=\"What we care\">\n<h3 class=\"magic-3\" data-spm-anchor-id=\"a2700.details.0.i44.400639a3eDvjus\"><span style=\"color: #5f5fff; font-size: xx-large;\"> votre sant\u00e9 nous tient \u00e0 c\u0153ur <\/span><\/h3>\n<div class=\"magic-4\">\n<div class=\"magic-5\">\n<div class=\"magic-6\">\n<p class=\"magic-19\"><span style=\"color: #000f3f; font-size: large;\"> fermez-vous et donnez-vous le meilleur service, pour mieux utiliser la machine et faire la formation en mati\u00e8re de sant\u00e9. nous allons aider les clients \u00e0 utiliser la machine m\u00e9dicale et enseigner les soins m\u00e9dicaux professionnels<b> <\/b><\/span><\/p>\n<p><img decoding=\"async\" src=\"https:\/\/s.alicdn.com\/@sc02\/kf\/HTB1_gauQpXXXXXQXXXXq6xXFXXXA\/230438700\/HTB1_gauQpXXXXXQXXXXq6xXFXXXA.jpg?quality=close\"><img decoding=\"async\" src=\"https:\/\/s.alicdn.com\/@sc01\/kf\/HTB1wKd.QpXXXXbiXFXXq6xXFXXXq\/230438700\/HTB1wKd.QpXXXXbiXFXXq6xXFXXXq.jpg?quality=close\"><img decoding=\"async\" src=\"https:\/\/s.alicdn.com\/@sc01\/kf\/HTB1Je9WQpXXXXafXpXXq6xXFXXX1\/230438700\/HTB1Je9WQpXXXXafXpXXq6xXFXXX1.jpg?quality=close\"><\/p>\n<p><img decoding=\"async\" src=\"https:\/\/s.alicdn.com\/@sc01\/kf\/HTB1h3vHQXXXXXXWapXXq6xXFXXXC\/230438700\/HTB1h3vHQXXXXXXWapXXq6xXFXXXC.jpg?quality=close\"><img decoding=\"async\" class=\"\" src=\"https:\/\/s.alicdn.com\/@sc01\/kf\/HTB1OJ4JQpXXXXXcapXXq6xXFXXXh\/230438700\/HTB1OJ4JQpXXXXXcapXXq6xXFXXXh.jpg?quality=close\" width=\"314\" height=\"236\"><img decoding=\"async\" class=\"\" src=\"https:\/\/s.alicdn.com\/@sc02\/kf\/HTB11KSMQFXXXXaCXFXXq6xXFXXXa\/230438700\/HTB11KSMQFXXXXaCXFXXq6xXFXXXa.jpg?quality=close\" width=\"418\" height=\"235\"><\/p>\n<div class=\"text-title\">\n<h3 class=\"magic-39\"><span style=\"color: #003fff;\"><span style=\"font-size: x-large;\" data-spm-anchor-id=\"a2700.details.0.i51.400639a3eDvjus\">C&rsquo;est notre formation <\/span><\/span><\/h3>\n<div><\/div>\n<\/div>\n<div class=\"text-content\">\n<p class=\"magic-19\"><b><span style=\"font-size: large;\">Allez dans les pharmacies, les h\u00f4pitaux, les cliniques, les magasins m\u00e9dicaux, les plates-formes o\u00f9 nous collaborons pour faire de la formation, enseignons aux clients comment bien utiliser et exploiter, afin de donner des suggestions professionnelles<\/span> <span style=\"font-size: medium;\">.<\/span><\/b><img decoding=\"async\" src=\"https:\/\/s.alicdn.com\/@sc01\/kf\/HTB16wWrQpXXXXchXXXXq6xXFXXXw\/230438700\/HTB16wWrQpXXXXchXXXXq6xXFXXXw.jpg?quality=close\"><\/p>\n<p class=\"magic-19\"><span style=\"color: #003fff; font-size: large;\"><b data-spm-anchor-id=\"a2700.details.0.i53.400639a3eDvjus\">Votre probl\u00e8me nous slove &#8211;FAQ<\/b><\/span><\/p>\n<p class=\"magic-19\"><b><span style=\"font-size: large;\">Q1. Quel est votre forfait<br \/>\nA : Forte bo\u00eete brune<br \/>\nQ2. Quelles sont vos conditions de paiement ?<br \/>\nA&nbsp;:&nbsp;T\/T 30&nbsp;% comme d\u00e9p\u00f4t, et 70&nbsp;% avant la livraison si le compte d\u00e9passe 10&nbsp;000,00&nbsp;USD<br \/>\n<\/span><\/b><\/p>\n<p class=\"magic-19\"><b><span style=\"font-size: large;\">Q3. Quelles sont vos conditions de livraison ?<br \/>\nA: EXW, GOUSSET, CAF<br \/>\nQ4. Qu&rsquo;en est-il de votre d\u00e9lai de livraison?<br \/>\nA: g\u00e9n\u00e9ralement, cela prendra 3 \u00e0 5 jours ouvrables apr\u00e8s r\u00e9ception de votre paiement anticip\u00e9. Le d\u00e9lai de livraison sp\u00e9cifique d\u00e9pend<br \/>\nsur les articles et la quantit\u00e9 de votre commande.<br \/>\nQ6. Testez-vous toutes vos marchandises avant la livraison&nbsp;?<br \/>\nA : Oui, nous avons 100 % de test avant la livraison<br \/>\nQ7&nbsp;:&nbsp;Comment faites-vous de notre entreprise une relation \u00e0 long terme et de bonne qualit\u00e9&nbsp;?<br \/>\nR&nbsp;:1. Nous gardons une bonne qualit\u00e9 et le prix le plus comp\u00e9titif pour assurer le b\u00e9n\u00e9fice de nos clients&nbsp;;<br \/>\nR&nbsp;:2. Nous respectons chaque client comme notre ami et nous faisons sinc\u00e8rement des affaires et nous nous lions d&rsquo;amiti\u00e9 avec eux, peu importe d&rsquo;o\u00f9 ils viennent.<\/span><\/b><\/p>\n<p><img decoding=\"async\" src=\"https:\/\/s.alicdn.com\/@sc04\/kf\/Ha43def8a2df44eac925e2c3ab5a1b97b2\/230438700\/Ha43def8a2df44eac925e2c3ab5a1b97b2.jpg?quality=close\"><\/p>\n<\/div>\n<\/div>\n<\/div>\n<\/div>\n<\/div>\n<\/div>\n<\/div>\n<\/div>\n<\/div>\n<\/div>\n<\/div>\n<\/div>\n<\/div>\n","protected":false},"excerpt":{"rendered":"<p>&nbsp;<\/p>\n<div style=\"width: auto;\">\n<div style=\"min-width: 300px; max-width: 300px; word-wrap: break-word; float: left;\">Lieu d&rsquo;origine&nbsp;: Guangdong, Chine<\/div>\n<div style=\"min-width: 300px; max-width: 300px; word-wrap: break-word; float: left;\">Nom de marque: Puci<\/div>\n<\/div>\n<div style=\"width: auto;\">\n<div style=\"min-width: 300px; max-width: 300px; word-wrap: break-word; float: left;\">Num\u00e9ro de mod\u00e8le:Bgun<\/div>\n<div style=\"min-width: 300px; max-width: 300px; word-wrap: break-word; float: left;\">Fonction : aromatique pour r\u00e9soudre l&rsquo;humidit\u00e9, am\u00e9liorer la qualit\u00e9 du corps.<\/div>\n<\/div>\n<div style=\"width: auto;\">\n<div style=\"min-width: 300px; max-width: 300px; word-wrap: break-word; float: left;\">Application&nbsp;:Retour<\/div>\n<div style=\"min-width: 300px; max-width: 300px; word-wrap: break-word; float: left;\">Dur\u00e9e de conservation&nbsp;: 1&nbsp;ans<\/div>\n<\/div>\n<div style=\"width: auto;\">\n<div style=\"min-width: 300px; max-width: 300px; word-wrap: break-word; float: left;\">Certificat de qualit\u00e9&nbsp;: ce<\/div>\n<div style=\"min-width: 300px; max-width: 300px; word-wrap: break-word; float: left;\">Classification des instruments&nbsp;: classe&nbsp;II<\/div>\n<\/div>\n<div style=\"width: auto;\">\n<div style=\"min-width: 300px; max-width: 300px; word-wrap: break-word; float: left;\">Norme de s\u00e9curit\u00e9&nbsp;:&nbsp;Aucune<\/div>\n<div style=\"min-width: 300px; max-width: 300px; word-wrap: break-word; float: left;\">Propri\u00e9t\u00e9s : Appareil de m\u00e9decine chinoise<\/div>\n<\/div>\n<div style=\"width: auto;\">\n<div style=\"min-width: 300px; max-width: 300px; word-wrap: break-word; float: left;\">Type : tasse \u00e0 ventouses.<\/div>\n<div style=\"min-width: 300px; max-width: 300px; word-wrap: break-word; float: left;\">Couleur:Transparent<\/div>\n<\/div>\n<div style=\"width: auto;\">\n<div style=\"min-width: 300px; max-width: 300px; word-wrap: break-word; float: left;\">Mat\u00e9riel:Plastique<\/div>\n<div style=\"min-width: 300px; max-width: 300px; word-wrap: break-word; float: left;\">Types:aspirations<\/div>\n<\/div>\n","protected":false},"featured_media":7107,"comment_status":"closed","ping_status":"closed","template":"","meta":[],"product_cat":[134],"product_tag":[],"class_list":["post-13002","product","type-product","status-publish","has-post-thumbnail","hentry","product_cat-tasse-a-ventouses"],"_links":{"self":[{"href":"https:\/\/anbanjia.com.cn\/fr\/wp-json\/wp\/v2\/product\/13002","targetHints":{"allow":["GET"]}}],"collection":[{"href":"https:\/\/anbanjia.com.cn\/fr\/wp-json\/wp\/v2\/product"}],"about":[{"href":"https:\/\/anbanjia.com.cn\/fr\/wp-json\/wp\/v2\/types\/product"}],"replies":[{"embeddable":true,"href":"https:\/\/anbanjia.com.cn\/fr\/wp-json\/wp\/v2\/comments?post=13002"}],"wp:featuredmedia":[{"embeddable":true,"href":"https:\/\/anbanjia.com.cn\/fr\/wp-json\/wp\/v2\/media\/7107"}],"wp:attachment":[{"href":"https:\/\/anbanjia.com.cn\/fr\/wp-json\/wp\/v2\/media?parent=13002"}],"wp:term":[{"taxonomy":"product_cat","embeddable":true,"href":"https:\/\/anbanjia.com.cn\/fr\/wp-json\/wp\/v2\/product_cat?post=13002"},{"taxonomy":"product_tag","embeddable":true,"href":"https:\/\/anbanjia.com.cn\/fr\/wp-json\/wp\/v2\/product_tag?post=13002"}],"curies":[{"name":"wp","href":"https:\/\/api.w.org\/{rel}","templated":true}]}}