{"id":13001,"date":"2022-05-02T18:03:03","date_gmt":"2022-05-02T18:03:03","guid":{"rendered":"https:\/\/www.anbanjia.com.cn\/product\/therapie-daspiration-medicale-massage-de-la-cellulite-ventouses-sous-vide\/"},"modified":"2022-05-02T18:03:03","modified_gmt":"2022-05-02T18:03:03","slug":"medical-aspiration-therapie-cellulite-massage-vacuum-cupping-cup","status":"publish","type":"product","link":"https:\/\/anbanjia.com.cn\/fr\/produit\/medical-aspiration-therapie-cellulite-massage-vacuum-cupping-cup\/","title":{"rendered":"Th\u00e9rapie d&rsquo;aspiration m\u00e9dicale massage de la cellulite ventouses sous vide"},"content":{"rendered":"<div style=\"max-width: 750px; margin: 0 auto;\">\n<div id=\"ali-anchor-AliPostDhMb-6l3ho\" style=\"padding-top: 8px;\" data-section=\"AliPostDhMb-6l3ho\" data-section-title=\"Product Details\">\n<div id=\"ali-title-AliPostDhMb-6l3ho\" style=\"padding: 8px 0; border-bottom: 1px solid #ddd;\"><span style=\"background-color: #ddd; color: #333; font-weight: bold; padding: 8px 10px; line-height: 12px;\">d\u00e9tails du produit<\/span><\/div>\n<div style=\"padding: 10px 0;\">\n<p><img decoding=\"async\" style=\"max-width: 750;\" src=\"https:\/\/anbanjia.com.cn\/wp-content\/uploads\/2022\/05\/HTB1pKcVSpXXXXa8XXXXq6xXFXXXs-2.jpg\" data-alt=\"Medical suction therapy cellulite massage vacuum cupping cup\" data-src=\"\"><\/p>\n<p><span style=\"font-size: 24px; color: #ff0000;\">Pls comtact crystal pour obtenir plus de d\u00e9tails \u00e0 ce sujet.<\/span><\/p>\n<p><strong><span style=\"font-size: 32px;\">Si vous commandez automatiquement un placement <span style=\"color: #000000; font-family: Arial; font-style: normal; background-color: #ffffff; float: none; display: inline !important;\">, je vous enverrai le # G1, alors veuillez me contacter pour obtenir plus de d\u00e9tails \u00e0 ce sujet avant de passer commande.<\/span><\/span><\/strong><\/p>\n<p><span style=\"color: #000000; font-family: Arial; font-size: 12px; font-style: normal; font-weight: 400; background-color: #ffffff; display: inline !important; float: none;\"><img decoding=\"async\" src=\"https:\/\/anbanjia.com.cn\/wp-content\/uploads\/2022\/05\/HTB1Q4wWBMKTBuNkSne1q6yJoXXaD.jpg\" data-alt=\"Medical suction therapy cellulite massage vacuum cupping cup\" data-src=\"\"><img decoding=\"async\" src=\"https:\/\/anbanjia.com.cn\/wp-content\/uploads\/2022\/05\/HTB1ZfwXm8jTBKNjSZFwq6AG4XXaq.jpg\" data-alt=\"Medical suction therapy cellulite massage vacuum cupping cup\" data-src=\"\"><img decoding=\"async\" src=\"https:\/\/anbanjia.com.cn\/wp-content\/uploads\/2022\/05\/HTB1AaaSc6fguuRjSspkq6xchpXaL.jpg\" data-alt=\"Medical suction therapy cellulite massage vacuum cupping cup\" data-src=\"\"><img decoding=\"async\" src=\"https:\/\/anbanjia.com.cn\/wp-content\/uploads\/2022\/05\/HTB1NPu_igZC2uNjSZFnq6yxZpXaI.jpg\" data-alt=\"Medical suction therapy cellulite massage vacuum cupping cup\" data-src=\"\"><\/span><\/p>\n<p><span style=\"font-size: 32px; color: #0000ff;\">Tasses de th\u00e9rapie sous vide en plastique&nbsp;:<\/span><\/p>\n<p><span style=\"font-size: 24px; color: #008000;\"><span style=\"font-family: Arial, Helvetica; font-style: normal; font-weight: normal; float: none; display: inline !important;\">1. diff\u00e9rentes tailles et formes pour une partie sp\u00e9ciale de votre corps&nbsp;;<\/span><br \/>\n<span style=\"font-family: Arial, Helvetica; font-style: normal; font-weight: normal; float: none; display: inline !important;\">2.transparent pour voir \u00e0 l&rsquo;int\u00e9rieur.<\/span><br \/>\n<span style=\"font-family: Arial, Helvetica; font-style: normal; font-weight: normal; float: none; display: inline !important;\">3. paquet diff\u00e9rent pour diff\u00e9rents ensembles. n&rsquo;h\u00e9sitez pas \u00e0 contacter nos ventes pour plus de d\u00e9tails.<\/span><br \/>\n<span style=\"font-family: Arial, Helvetica; font-style: normal; font-weight: normal; float: none; display: inline !important;\">4. disponible \u00e0 l&rsquo;h\u00f4pital et dans la famille ;<\/span><\/span><\/p>\n<p><span style=\"font-size: 24px; color: #008000;\"><span style=\"font-family: Arial, Helvetica; font-style: normal; font-weight: normal; float: none; display: inline !important;\"><strong> <span style=\"color: #0000ff; font-size: 32px;\">Six tailles de bonnet correspondent \u00e0 diff\u00e9rents endroits du corps&nbsp;:<\/span><\/strong><\/span><\/span><\/p>\n<p><span style=\"color: #008000; font-size: 24px;\"><span style=\"font-family: Arial, Helvetica; font-style: normal; font-weight: normal; float: none; display: inline !important;\"><strong><span style=\"font-family: Arial, Helvetica; font-style: normal; font-weight: normal; float: none; display: inline !important;\">1.Petite taille pour le visage ou les points moins muscl\u00e9s :<\/span><br \/>\n<span style=\"font-family: Arial, Helvetica; font-style: normal; font-weight: normal; float: none; display: inline !important;\">2. pieds, mains, avant-bras. Taille moyenne pour le haut des bras et le bas des jambes<\/span><br \/>\n<span style=\"font-family: Arial, Helvetica; font-style: normal; font-weight: normal; float: none; display: inline !important;\">3.Grande et tr\u00e8s grande taille pour le haut des jambes, le dos ou l&rsquo;abdomen.<\/span><\/strong><\/span><\/span><\/p>\n<p><span style=\"font-size: 32px; color: #0000ff;\"><strong>Voyez ce que font les gobelets&nbsp;: s\u00fbrs et contr\u00f4lables<\/strong> <\/span><\/p>\n<div style=\"margin: 0px -4px; padding: 10px 0px; border: 0px; font-style: normal; font-weight: normal; font-size: 14px; line-height: inherit; font-family: Arial,Helvetica; vertical-align: top; word-wrap: break-word; color: #333333; background-color: #ffffff;\">\n<div id=\"p9ty2\" style=\"margin: 0px; padding: 0px 4px; border: 0px; font-style: inherit; font-weight: inherit; font-size: inherit; line-height: inherit; vertical-align: top; word-wrap: break-word; box-sizing: border-box;\">\n<p style=\"margin: 0px; padding: 0px; border: 0px; font-style: inherit; font-weight: inherit; font-size: inherit; line-height: inherit; vertical-align: baseline; word-wrap: break-word;\"><span style=\"font-family: 'Times New Roman', Times; font-size: 24px; color: #008000;\">La transparence des ventouses vous permet de voir clairement le rougissement de la peau avec l&rsquo;augmentation du temps de ventouses, de sorte que vous pouvez contr\u00f4ler compl\u00e8tement les ventouses quant \u00e0 ses effets et le temps de ventouses optimal n\u00e9cessaire. Sans l&rsquo;usage du feu, il n&rsquo;y a pas de danger de se br\u00fbler la peau ; et la pression n\u00e9gative \u00e0 l&rsquo;int\u00e9rieur de la tasse peut \u00eatre adapt\u00e9e \u00e0 l&rsquo;\u00e9tat de chaque patient, car vous la contr\u00f4lez \u00e0 la main \u00e0 l&rsquo;aide du pistolet \u00e0 pression.<\/span><\/p>\n<\/div>\n<\/div>\n<div style=\"margin: 0px -4px; padding: 10px 0px; border: 0px; font-style: normal; font-weight: normal; font-size: 14px; line-height: inherit; font-family: Arial,Helvetica; vertical-align: top; word-wrap: break-word; color: #333333; background-color: #ffffff;\">\n<div id=\"pvghm\" style=\"margin: 0px; padding: 0px 4px; border: 0px; font-style: inherit; font-weight: inherit; font-size: inherit; line-height: inherit; vertical-align: top; word-wrap: break-word; box-sizing: border-box;\">\n<p style=\"margin: 0px; padding: 0px; border: 0px; font-style: inherit; font-weight: inherit; font-size: inherit; line-height: inherit; vertical-align: baseline; word-wrap: break-word;\"><span style=\"font-size: 32px; color: #0000ff;\"><strong>Remarque&nbsp;:<\/strong><\/span><\/p>\n<p style=\"margin: 0px; padding: 0px; border: 0px; font-style: inherit; font-weight: inherit; font-size: inherit; line-height: inherit; vertical-align: baseline; word-wrap: break-word;\"><span style=\"font-size: 24px; color: #008000;\"><strong><span style=\"font-family: 'Times New Roman', Times; font-style: normal; font-weight: normal; background-color: #ffffff; float: none; display: inline !important;\">1. Veuillez choisir des pi\u00e8ces de sant\u00e9 appropri\u00e9es, qui ont des muscles abdominaux, une peau lisse et sans fourrure. Mais si vous voulez vraiment faire sur des parties rugueuses avec de la fourrure, mieux vaut mettre le bon tapis de beignets sous l&rsquo;ouverture de celui-ci en cas de fuite d&rsquo;air. De plus, si la peau est s\u00e8che, mouillez d&rsquo;abord la peau, puis ventousez.<\/span><br \/>\n<span style=\"font-family: 'Times New Roman', Times; font-style: normal; font-weight: normal; background-color: #ffffff; float: none; display: inline !important;\">  2. En utilisant les ventouses pour la premi\u00e8re fois, veuillez choisir les petites ventouses et stimuler la lumi\u00e8re<\/span><br \/>\n<span style=\"font-family: 'Times New Roman', Times; font-style: normal; font-weight: normal; background-color: #ffffff; float: none; display: inline !important;\">  3. Ne bougez pas la position lors de l&rsquo;utilisation des ventouses et devez vous tenir entre les ventouses <\/span><br \/>\n<span style=\"font-family: 'Times New Roman', Times; font-style: normal; font-weight: normal; background-color: #ffffff; float: none; display: inline !important;\">  4. Le patient qui a une forte fi\u00e8vre, un coma et des crampes aigu\u00ebs doit d&rsquo;abord clarifier le diagnostic en cas de retard du gain de temps<\/span><br \/>\n<span style=\"font-family: 'Times New Roman', Times; font-style: normal; font-weight: normal; background-color: #ffffff; float: none; display: inline !important;\">5. Si une partie de la sant\u00e9 est rouge et prurit, ne griffez pas sauvagement, ce sera bon apr\u00e8s plusieurs jours<\/span><\/strong><\/span><\/p>\n<h3 style=\"margin: 0px; padding: 0px; border: 0px; font-style: normal; font-weight: bold; font-size: 1.17em; line-height: 20px; font-family: Arial,Helvetica; vertical-align: baseline; color: #333333; background-color: #ffffff; text-align: center;\"><span style=\"color: #0000ff; font-size: 32px;\">votre sant\u00e9 nous tient \u00e0 c\u0153ur<\/span><\/h3>\n<p><img decoding=\"async\" src=\"https:\/\/s.alicdn.com\/@sc02\/kf\/HTB1RiCFXxTxLuJjy1Xcq6z.gXXal\/230438700\/HTB1RiCFXxTxLuJjy1Xcq6z.gXXal.jpg?quality=close\" alt=\"Chinese vacuum cupping pump \/ suction pump\/ grip hand pump for cupping\"><\/p>\n<p><span style=\"color: #0000ff; font-size: 32px;\"><a href=\"https:\/\/abj-medical.en.alibaba.com\/productgrouplist-804976426\/Chinese_traditional_therapy.html?spm=a2700.8304367.topnav.6.73152c54tEAdqB\" target=\"_blank\" rel=\"noopener noreferrer\"><img decoding=\"async\" src=\"https:\/\/anbanjia.com.cn\/wp-content\/uploads\/2022\/05\/HTB1tIa1aXHFK1JjSZFzq6z23XXaa.jpg\" data-alt=\"Medical suction therapy cellulite massage vacuum cupping cup\" data-src=\"\"><img decoding=\"async\" src=\"https:\/\/anbanjia.com.cn\/wp-content\/uploads\/2022\/05\/HTB1RDS2agYDK1JjSZPcq6yjZpXaK.jpg\" data-alt=\"Medical suction therapy cellulite massage vacuum cupping cup\" data-src=\"\"><\/a><\/span><\/p>\n<\/div>\n<\/div>\n<\/div>\n<\/div>\n<div id=\"ali-anchor-AliPostDhMb-oujz6\" style=\"padding-top: 8px;\" data-section=\"AliPostDhMb-oujz6\" data-section-title=\"company information\">\n<div id=\"ali-title-AliPostDhMb-oujz6\" style=\"padding: 8px 0; border-bottom: 1px solid #ddd;\"><span style=\"background-color: #ddd; color: #333; font-weight: bold; padding: 8px 10px; line-height: 12px;\">Informations sur la soci\u00e9t\u00e9<\/span><\/div>\n<div style=\"padding: 10px 0;\">\n<p><img decoding=\"async\" src=\"https:\/\/anbanjia.com.cn\/wp-content\/uploads\/2022\/05\/HTB1MME3SpXXXXbJaXXXq6xXFXXXA-1.jpg\" data-alt=\"Medical suction therapy cellulite massage vacuum cupping cup\" data-src=\"\"><\/p>\n<\/div>\n<\/div>\n<div id=\"ali-anchor-AliPostDhMb-50edq\" style=\"padding-top: 8px;\" data-section=\"AliPostDhMb-50edq\" data-section-title=\"certificate\">\n<div id=\"ali-title-AliPostDhMb-50edq\" style=\"padding: 8px 0; border-bottom: 1px solid #ddd;\"><span style=\"background-color: #ddd; color: #333; font-weight: bold; padding: 8px 10px; line-height: 12px;\">certificat<\/span><\/div>\n<div style=\"padding: 10px 0;\">\n<p><img decoding=\"async\" src=\"https:\/\/anbanjia.com.cn\/wp-content\/uploads\/2022\/05\/HTB1Z1olSpXXXXctXXXXq6xXFXXXu-1.jpg\" data-alt=\"Medical suction therapy cellulite massage vacuum cupping cup\" data-src=\"\"><\/p>\n<\/div>\n<\/div>\n<div id=\"ali-anchor-AliPostDhMb-8kx8w\" style=\"padding-top: 8px;\" data-section=\"AliPostDhMb-8kx8w\" data-section-title=\"produce &amp; payment\">\n<div id=\"ali-title-AliPostDhMb-8kx8w\" style=\"padding: 8px 0; border-bottom: 1px solid #ddd;\"><span style=\"background-color: #ddd; color: #333; font-weight: bold; padding: 8px 10px; line-height: 12px;\">produire et payer<\/span><\/div>\n<div style=\"padding: 10px 0;\">\n<p><img decoding=\"async\" src=\"https:\/\/anbanjia.com.cn\/wp-content\/uploads\/2022\/05\/HTB1LlvUSpXXXXbJXVXXq6xXFXXXf-1.jpg\" data-alt=\"Medical suction therapy cellulite massage vacuum cupping cup\" data-src=\"\"><img decoding=\"async\" src=\"https:\/\/anbanjia.com.cn\/wp-content\/uploads\/2022\/05\/HTB1R1haSFXXXXXNXVXXq6xXFXXXz-1.jpg\" data-alt=\"Medical suction therapy cellulite massage vacuum cupping cup\" data-src=\"\"><\/p>\n<\/div>\n<\/div>\n<div id=\"ali-anchor-AliPostDhMb-io4z5\" style=\"padding-top: 8px;\" data-section=\"AliPostDhMb-io4z5\" data-section-title=\"contact us\">\n<div id=\"ali-title-AliPostDhMb-io4z5\" style=\"padding: 8px 0; border-bottom: 1px solid #ddd;\"><span style=\"background-color: #ddd; color: #333; font-weight: bold; padding: 8px 10px; line-height: 12px;\">Nous contacter<\/span><\/div>\n<div style=\"padding: 10px 0;\"><a href=\"https:\/\/abj-medical.en.alibaba.com\/contactinfo.html?spm=a2700.8304367.topnav.8.5d239224wxD2sy\" target=\"_blank\" rel=\"noopener noreferrer\"> <img decoding=\"async\" src=\"https:\/\/anbanjia.com.cn\/wp-content\/uploads\/2022\/05\/HTB1XU1rouySBuNjy1zd760PxFXaK-2.png\" data-alt=\"Medical suction therapy cellulite massage vacuum cupping cup\" data-src=\"\"><\/a><\/div>\n<\/div>\n<\/div>\n","protected":false},"excerpt":{"rendered":"<p>&nbsp;<\/p>\n<div style=\"width: auto;\">\n<div style=\"min-width: 300px; max-width: 300px; word-wrap: break-word; float: left;\">Lieu d&rsquo;origine&nbsp;: Guangdong, Chine<\/div>\n<div style=\"min-width: 300px; max-width: 300px; word-wrap: break-word; float: left;\">Nom de marque: Kangzhu<\/div>\n<\/div>\n<div style=\"width: auto;\">\n<div style=\"min-width: 300px; max-width: 300px; word-wrap: break-word; float: left;\">Num\u00e9ro de mod\u00e8le : G1<\/div>\n<div style=\"min-width: 300px; max-width: 300px; word-wrap: break-word; float: left;\">Type : marteau de massage.<\/div>\n<\/div>\n<div style=\"width: auto;\">\n<div style=\"min-width: 300px; max-width: 300px; word-wrap: break-word; float: left;\">Demande:Corps<\/div>\n<div style=\"min-width: 300px; max-width: 300px; word-wrap: break-word; float: left;\">Fonction : fonction musicale, am\u00e9liore la qualit\u00e9 du corps.<\/div>\n<\/div>\n<div style=\"width: auto;\">\n<div style=\"min-width: 300px; max-width: 300px; word-wrap: break-word; float: left;\">Service apr\u00e8s-vente : AUCUN<\/div>\n<div style=\"min-width: 300px; max-width: 300px; word-wrap: break-word; float: left;\">Propri\u00e9t\u00e9s : Masseur<\/div>\n<\/div>\n<div style=\"width: auto;\">\n<div style=\"min-width: 300px; max-width: 300px; word-wrap: break-word; float: left;\">Types&nbsp;: gobelets de diff\u00e9rentes tailles<\/div>\n<div style=\"min-width: 300px; max-width: 300px; word-wrap: break-word; float: left;\">Couleur:Transparent<\/div>\n<\/div>\n<div style=\"width: auto;\">\n<div style=\"min-width: 300px; max-width: 300px; word-wrap: break-word; float: left;\">Mat\u00e9riel:Plastique<\/div>\n<div style=\"min-width: 300px; max-width: 300px; word-wrap: break-word; float: left;\">taille:#G #B #F #R<\/div>\n<\/div>\n","protected":false},"featured_media":7053,"comment_status":"closed","ping_status":"closed","template":"","meta":[],"product_cat":[134],"product_tag":[],"class_list":["post-13001","product","type-product","status-publish","has-post-thumbnail","hentry","product_cat-tasse-a-ventouses"],"_links":{"self":[{"href":"https:\/\/anbanjia.com.cn\/fr\/wp-json\/wp\/v2\/product\/13001","targetHints":{"allow":["GET"]}}],"collection":[{"href":"https:\/\/anbanjia.com.cn\/fr\/wp-json\/wp\/v2\/product"}],"about":[{"href":"https:\/\/anbanjia.com.cn\/fr\/wp-json\/wp\/v2\/types\/product"}],"replies":[{"embeddable":true,"href":"https:\/\/anbanjia.com.cn\/fr\/wp-json\/wp\/v2\/comments?post=13001"}],"wp:featuredmedia":[{"embeddable":true,"href":"https:\/\/anbanjia.com.cn\/fr\/wp-json\/wp\/v2\/media\/7053"}],"wp:attachment":[{"href":"https:\/\/anbanjia.com.cn\/fr\/wp-json\/wp\/v2\/media?parent=13001"}],"wp:term":[{"taxonomy":"product_cat","embeddable":true,"href":"https:\/\/anbanjia.com.cn\/fr\/wp-json\/wp\/v2\/product_cat?post=13001"},{"taxonomy":"product_tag","embeddable":true,"href":"https:\/\/anbanjia.com.cn\/fr\/wp-json\/wp\/v2\/product_tag?post=13001"}],"curies":[{"name":"wp","href":"https:\/\/api.w.org\/{rel}","templated":true}]}}