{"id":12998,"date":"2022-05-02T18:03:05","date_gmt":"2022-05-02T18:03:05","guid":{"rendered":"https:\/\/www.anbanjia.com.cn\/product\/100-pieces-boite-aiguille-dacupuncture-jetable-beaute-massage-soins-de-sante-aiguille-de-soins-de-sante\/"},"modified":"2022-05-02T18:03:05","modified_gmt":"2022-05-02T18:03:05","slug":"100pcs-boite-aiguille-dacupuncture-jetable-beaute-massage-soins-de-sante-aiguille-de-soins-de-sante","status":"publish","type":"product","link":"https:\/\/anbanjia.com.cn\/fr\/produit\/100pcs-boite-aiguille-dacupuncture-jetable-beaute-massage-soins-de-sante-aiguille-de-soins-de-sante\/","title":{"rendered":"100 pi\u00e8ces\/bo\u00eete aiguille d&rsquo;acupuncture jetable beaut\u00e9 Massage soins de sant\u00e9 aiguille de soins de sant\u00e9"},"content":{"rendered":"<div style=\"max-width: 750px;margin: 0 auto;\">\n<div data-magic-global=\"%7B%22bizId%22%3A3215165050%2C%22pageId%22%3A21005986831%2C%22siteId%22%3A5005610021%7D\" id=\"detail_decorate_root\">\n<div class=\"J_module\" module-id=\"27170159952\" module-title=\"detailTextContent\" render=\"true\">\n<div class=\"detail-decorate-json-renderer-container\">\n<div class=\"magic-1\">\n<div class=\"magic-2\">\n<div class=\"magic-3\">\n<div class=\"magic-4\">\n<div class=\"magic-5\"><font class=\"magic-6\"><span>100 pi\u00e8ces\/bo\u00eete aiguille d&rsquo;acupuncture aiguille jetable Acupuncture beaut\u00e9 aiguille de Massage soins de sant\u00e9 aiguille de soins de sant\u00e9<\/span><\/font><\/div>\n<\/div>\n<\/div>\n<\/div>\n<\/div>\n<\/div>\n<\/div>\n<div class=\"J_module\" module-id=\"27170159953\" module-title=\"detailHorizontalImageText\" render=\"true\">\n<div class=\"icbu-pc-images magic-7\">\n<div>\n<div class=\"flex-layout-h\">\n<div class=\"flex-layout-v magic-8\">\n<div class=\"magic-9\"><img decoding=\"async\" class=\"magic-10\" data-src=\"\" src=\"https:\/\/anbanjia.com.cn\/wp-content\/uploads\/2022\/05\/Ha70568dd8f21415692fca7caf3f0afc5K.jpg\" style=\"max-width: 750;\"><\/div>\n<\/div>\n<div class=\"text-wrapper magic-11\">\n<div class=\"text-wrapper-right text-theme-light text-align-left\">\n<div class=\"text-title\">\n<h3 class=\"magic-12\"><span class=\"magic-13\">D\u00e9tail<\/span><br \/><\/h3>\n<\/div>\n<div class=\"text-content\">\n<p class=\"magic-14\"><\/p>\n<p class=\"magic-14\"><span>Marque : TIANXIE<\/span><\/p>\n<p class=\"magic-14\"><span><br \/><\/span><\/p>\n<p class=\"magic-14\"><span>Mat\u00e9riel: acier inoxydable <\/span><\/p>\n<p class=\"magic-14\"><span><br \/><\/span><\/p>\n<p class=\"magic-14\"><span>Diam\u00e8tre du produit : 0,25 mm &#8212; 0,35 mm <\/span><\/p>\n<p class=\"magic-14\"><span><br \/><\/span><\/p>\n<p class=\"magic-14\"><span>Longueur du produit : 13 mm &#8212;- 75 mm<\/span><\/p>\n<p class=\"magic-14\"><span><br \/><\/span><\/p>\n<p class=\"magic-14\"><span>Descriptif taille : <\/span><\/p>\n<p class=\"magic-14\"><span>Par exemple, 0.25*25mm<\/span><\/p>\n<p class=\"magic-14\"><span><br \/><\/span><\/p>\n<p class=\"magic-14\"><span>diam\u00e8tre de la pointe de l&rsquo;aiguille 0,25 mm, longueur de l&rsquo;aiguille <\/span><\/p>\n<p class=\"magic-14\"><span><br \/><\/span><\/p>\n<p class=\"magic-14\"><span>25 mm (la longueur n&rsquo;inclut pas le manche de l&rsquo;aiguille)<\/span><\/p>\n<p class=\"magic-14\"><span><br \/><\/span><\/p>\n<p class=\"magic-14\"><font color=\"#ff79a2\">*** Ce mod\u00e8le a 18 tailles au choix, peut contacter le vendeur pour v\u00e9rifier cette taille, merci.<\/font><\/p>\n<\/div>\n<\/div>\n<\/div>\n<\/div>\n<\/div>\n<\/div>\n<\/div>\n<div class=\"J_module\" module-id=\"27170159955\" module-title=\"detailManyImage\" render=\"true\">\n<div class=\"icbu-pc-detailManyImage magic-15\">\n<div class=\"magic-16\"><img decoding=\"async\" class=\"magic-17\" data-src=\"\" src=\"https:\/\/anbanjia.com.cn\/wp-content\/uploads\/2022\/05\/Hb7b43bc27aab4826bdb0ba71dd9530ca0.png\"><\/div>\n<div class=\"magic-16\"><img decoding=\"async\" class=\"magic-17\" data-src=\"\" src=\"https:\/\/anbanjia.com.cn\/wp-content\/uploads\/2022\/05\/Ha70568dd8f21415692fca7caf3f0afc5K.jpg\"><\/div>\n<div class=\"magic-16\"><img decoding=\"async\" class=\"magic-17\" data-src=\"\" src=\"https:\/\/anbanjia.com.cn\/wp-content\/uploads\/2022\/05\/H23fbf12a4b2c4323a46c71605aaf1142Z.png\"><\/div>\n<div class=\"magic-16\"><img decoding=\"async\" class=\"magic-17\" data-src=\"\" src=\"https:\/\/anbanjia.com.cn\/wp-content\/uploads\/2022\/05\/H3599697b692e436db449a70b25420046t.png\"><\/div>\n<div class=\"magic-16\"><img decoding=\"async\" class=\"magic-17\" data-src=\"\" src=\"https:\/\/anbanjia.com.cn\/wp-content\/uploads\/2022\/05\/H49b746a17ebb455591506a33ccd65ae49.jpg\"><\/div>\n<div class=\"magic-16\"><img decoding=\"async\" class=\"magic-17\" data-src=\"\" src=\"https:\/\/anbanjia.com.cn\/wp-content\/uploads\/2022\/05\/H4e27dd50f552433794c1bdeb6b7c5ad7S.png\"><\/div>\n<div class=\"magic-16\"><img decoding=\"async\" class=\"magic-17\" data-src=\"\" src=\"https:\/\/anbanjia.com.cn\/wp-content\/uploads\/2022\/05\/He1a8273b96fc4e86acd2cb36cf278bb3n.jpg\"><\/div>\n<div class=\"magic-16\"><img decoding=\"async\" class=\"magic-17\" data-src=\"\" src=\"https:\/\/anbanjia.com.cn\/wp-content\/uploads\/2022\/05\/Hbe4219f79818407288c55fa0c6af8dc0q.png\"><\/div>\n<\/div>\n<\/div><\/div>\n<\/div>\n","protected":false},"excerpt":{"rendered":"<div style=\"width:auto\">\n<div style=\"min-width: 300px;max-width: 300px;word-wrap: break-word;float: left\">Lieu d&rsquo;origine&nbsp;: Jiangsu, Chine <\/div>\n<div style=\"min-width: 300px;max-width: 300px;word-wrap: break-word;float: left\">Nom de marque: TIANXIE<\/div>\n<\/p><\/div>\n<div style=\"width:auto\">\n<div style=\"min-width: 300px;max-width: 300px;word-wrap: break-word;float: left\">Num\u00e9ro de mod\u00e8le&nbsp;: TX <\/div>\n<div style=\"min-width: 300px;max-width: 300px;word-wrap: break-word;float: left\">Fonction : diur\u00e9tiques pour \u00e9liminer l&rsquo;humidit\u00e9, am\u00e9liorer le corps.<\/div>\n<\/p><\/div>\n<div style=\"width:auto\">\n<div style=\"min-width: 300px;max-width: 300px;word-wrap: break-word;float: left\">Demande:Corps <\/div>\n<div style=\"min-width: 300px;max-width: 300px;word-wrap: break-word;float: left\">Dur\u00e9e de conservation : 3 ans<\/div>\n<\/p><\/div>\n<div style=\"width:auto\">\n<div style=\"min-width: 300px;max-width: 300px;word-wrap: break-word;float: left\">Certificat de qualit\u00e9&nbsp;: ce <\/div>\n<div style=\"min-width: 300px;max-width: 300px;word-wrap: break-word;float: left\">Classification des instruments&nbsp;: classe&nbsp;I<\/div>\n<\/p><\/div>\n<div style=\"width:auto\">\n<div style=\"min-width: 300px;max-width: 300px;word-wrap: break-word;float: left\">Norme de s\u00e9curit\u00e9&nbsp;:&nbsp;Aucune <\/div>\n<div style=\"min-width: 300px;max-width: 300px;word-wrap: break-word;float: left\">Type : aiguilles d&rsquo;acupuncture.<\/div>\n<\/p><\/div>\n<div style=\"width:auto\">\n<div style=\"min-width: 300px;max-width: 300px;word-wrap: break-word;float: left\">Propri\u00e9t\u00e9s&nbsp;: appareil de m\u00e9decine chinoise <\/div>\n<div style=\"min-width: 300px;max-width: 300px;word-wrap: break-word;float: left\">Mat\u00e9riel: acier inoxydable<\/div>\n<\/p><\/div>\n<div style=\"width:auto\">\n<div style=\"min-width: 300px;max-width: 300px;word-wrap: break-word;float: left\">Quantit\u00e9 : 100 pi\u00e8ces\/bo\u00eete <\/div>\n<div style=\"min-width: 300px;max-width: 300px;word-wrap: break-word;float: left\">Taille: diverses sp\u00e9cifications<\/div>\n<\/p><\/div>\n","protected":false},"featured_media":7189,"comment_status":"closed","ping_status":"closed","template":"","meta":[],"product_cat":[132],"product_tag":[],"class_list":["post-12998","product","type-product","status-publish","has-post-thumbnail","hentry","product_cat-aiguille"],"_links":{"self":[{"href":"https:\/\/anbanjia.com.cn\/fr\/wp-json\/wp\/v2\/product\/12998","targetHints":{"allow":["GET"]}}],"collection":[{"href":"https:\/\/anbanjia.com.cn\/fr\/wp-json\/wp\/v2\/product"}],"about":[{"href":"https:\/\/anbanjia.com.cn\/fr\/wp-json\/wp\/v2\/types\/product"}],"replies":[{"embeddable":true,"href":"https:\/\/anbanjia.com.cn\/fr\/wp-json\/wp\/v2\/comments?post=12998"}],"wp:featuredmedia":[{"embeddable":true,"href":"https:\/\/anbanjia.com.cn\/fr\/wp-json\/wp\/v2\/media\/7189"}],"wp:attachment":[{"href":"https:\/\/anbanjia.com.cn\/fr\/wp-json\/wp\/v2\/media?parent=12998"}],"wp:term":[{"taxonomy":"product_cat","embeddable":true,"href":"https:\/\/anbanjia.com.cn\/fr\/wp-json\/wp\/v2\/product_cat?post=12998"},{"taxonomy":"product_tag","embeddable":true,"href":"https:\/\/anbanjia.com.cn\/fr\/wp-json\/wp\/v2\/product_tag?post=12998"}],"curies":[{"name":"wp","href":"https:\/\/api.w.org\/{rel}","templated":true}]}}