{"id":12995,"date":"2022-05-02T18:03:03","date_gmt":"2022-05-02T18:03:03","guid":{"rendered":"https:\/\/www.anbanjia.com.cn\/product\/masseurs-traditionnels-chinois-produits-kangzhu-hijima-ensemble-de-ventouses-gobelets-en-plastique-sous-vide-prix-de-gros\/"},"modified":"2022-05-02T18:03:03","modified_gmt":"2022-05-02T18:03:03","slug":"produits-de-massage-traditionnels-chinois-kangzhu-hijima-ensemble-de-ventouses-tasses-en-plastique-vide-prix-de-grossiste","status":"publish","type":"product","link":"https:\/\/anbanjia.com.cn\/fr\/produit\/produits-de-massage-traditionnels-chinois-kangzhu-hijima-ensemble-de-ventouses-tasses-en-plastique-vide-prix-de-grossiste\/","title":{"rendered":"Masseurs traditionnels chinois Produits Kangzhu Hijima Ensemble de ventouses gobelets en plastique sous vide Prix de gros"},"content":{"rendered":"<div style=\"max-width: 750px; margin: 0 auto;\">\n<div id=\"detail_decorate_root\" data-host=\"112311420\" data-id=\"detail_decorate_root\">\n<div id=\"_root\" class=\"engine-app\" data-reactroot=\"\">\n<div id=\"ali-anchor-AliMagic-tmnyk9\" class=\"magic-0\" data-section=\"AliMagic-tmnyk9\" data-section-title=\"Product Description\">Description du produit<\/div>\n<div class=\"detail-decorate-json-renderer-container\">\n<div class=\"magic-1\">\n<h3 class=\"magic-2\" data-id=\"title0\"><\/h3>\n<h3 class=\"magic-3\"><span style=\"font-size: xx-large;\"> <\/span><\/h3>\n<h3 class=\"magic-3\"><span style=\"font-size: xx-large;\">Ventouses kangzhu de th\u00e9rapie sous vide chinoise<\/span> <span class=\"magic-4\">ABS<\/span><\/h3>\n<h3 class=\"magic-3\"><span class=\"magic-4\"> <\/span><\/h3>\n<h3 class=\"magic-3\"><span class=\"magic-4\"> ensemble de tasses<\/span><\/h3>\n<div class=\"magic-5\">\n<div class=\"magic-6\">\n<div class=\"magic-7\" data-id=\"paragraph0\">\n<p class=\"magic-8\"><span class=\"magic-9\">Ensemble de ventouses C1 * 24<\/span><\/p>\n<\/div>\n<\/div>\n<\/div>\n<\/div>\n<\/div>\n<div class=\"icbu-pc-images magic-10\">\n<div>\n<div class=\"flex-layout-v\">\n<div class=\"flex-layout-h magic-10\">\n<div class=\"magic-11\"><img decoding=\"async\" class=\"magic-12\" style=\"max-width: 750;\" src=\"https:\/\/anbanjia.com.cn\/wp-content\/uploads\/2022\/05\/Hcf5037115ee74c85b664fa22da6fbba5s.jpg\" data-src=\"\"><\/div>\n<\/div>\n<\/div>\n<\/div>\n<\/div>\n<div class=\"detail-decorate-json-renderer-container\">\n<div class=\"magic-1\">\n<div class=\"magic-5\">\n<div class=\"magic-6\">\n<div class=\"magic-7\"><span class=\"magic-9\">Ensemble de ventouses C1 * 12<\/span><\/div>\n<\/div>\n<\/div>\n<\/div>\n<\/div>\n<div class=\"icbu-pc-images magic-10\">\n<div>\n<div class=\"flex-layout-v\">\n<div class=\"flex-layout-h magic-10\">\n<div class=\"magic-13\"><img decoding=\"async\" class=\"magic-14\" src=\"https:\/\/anbanjia.com.cn\/wp-content\/uploads\/2022\/05\/H4858551f115442ad9449e06722095e68U.jpg\" data-src=\"\"><\/div>\n<\/div>\n<\/div>\n<\/div>\n<\/div>\n<div class=\"detail-decorate-json-renderer-container\">\n<div class=\"magic-1\">\n<div class=\"magic-5\">\n<div class=\"magic-6\">\n<div class=\"magic-7\">\n<p class=\"magic-8\"><span style=\"color: #ff0000; font-family: Verdana, Geneva; font-size: large;\"><b>Caract\u00e9ristiques:<\/b><\/span><br \/>\n<span style=\"font-size: medium;\"> 1 Sept tailles de bonnets diff\u00e9rentes vous permettent de traiter n&rsquo;importe quelle partie du corps.<br \/>\n2 Les ventouses sous vide sont faciles et pratiques \u00e0 utiliser sans avoir besoin de feu, \u00e9liminant ainsi les risques de br\u00fblure de la peau.<br \/>\n3 tasses sont con\u00e7ues avec des bords incurv\u00e9s lisses pour un confort accru et un contact avec la peau pour une fermeture herm\u00e9tique.<br \/>\n4 gobelets en plastique transparents durables permettent une visualisation facile de la zone de traitement et de voir la pression n\u00e9gative et le rougissement de la peau.<br \/>\n5 soupapes de pression faciles \u00e0 utiliser vous permettent de rel\u00e2cher sans effort la pression pour le retrait de la tasse (comprend des soupapes de rechange).<br \/>\n6 points biomagn\u00e9tiques inclus augmentent l&rsquo;efficacit\u00e9 du traitement. <\/span><\/p>\n<p class=\"magic-8\"><span style=\"font-size: medium;\"> <\/span><\/p>\n<p class=\"magic-8\"><span style=\"color: #ff0000; font-size: large;\">Nous avons plusieurs types de ventouses Kangzhu, si vous avez besoin, veuillez me contacter pour plus d&rsquo;informations.<\/span><\/p>\n<p><span style=\"font-size: medium;\">Autres :<\/span><br \/>\n<span style=\"font-size: medium;\">Pompe d&rsquo;aspiration 1<\/span><br \/>\n<span style=\"font-size: medium;\">Tuyau de connecteur de pompe 1<\/span><br \/>\n<span style=\"font-size: medium;\">Manuel de ventouses (anglais et chinois) et CD d&rsquo;information (chinois uniquement)<\/span><\/p>\n<\/div>\n<\/div>\n<\/div>\n<\/div>\n<\/div>\n<div class=\"icbu-pc-images magic-10\">\n<div>\n<div class=\"flex-layout-v\">\n<div class=\"flex-layout-h magic-10\">\n<div class=\"magic-15\"><img decoding=\"async\" class=\"magic-16\" src=\"https:\/\/anbanjia.com.cn\/wp-content\/uploads\/2022\/05\/HTB1CaV7RFXXXXasaXXXq6xXFXXXR.jpg\" data-src=\"\"><\/div>\n<\/div>\n<\/div>\n<\/div>\n<\/div>\n<div class=\"icbu-pc-images magic-10\">\n<div>\n<div class=\"flex-layout-v\">\n<div class=\"flex-layout-h magic-10\">\n<div class=\"magic-15\"><img decoding=\"async\" class=\"magic-16\" src=\"https:\/\/anbanjia.com.cn\/wp-content\/uploads\/2022\/05\/HTB1CYivRFXXXXbhXpXXq6xXFXXXk.jpg\" data-src=\"\"><\/div>\n<\/div>\n<\/div>\n<\/div>\n<\/div>\n<div id=\"ali-anchor-AliMagic-djwwjd\" class=\"magic-0\" data-section=\"AliMagic-djwwjd\" data-section-title=\"How to use\">Comment utiliser<\/div>\n<div class=\"icbu-pc-images magic-10\">\n<div class=\"flex-layout-v\">\n<div class=\"flex-layout-h magic-10\">\n<div class=\"magic-15\"><img decoding=\"async\" src=\"https:\/\/s.alicdn.com\/@sc02\/kf\/HTB1k.WbRFXXXXcdXVXXq6xXFXXXF\/230438700\/HTB1k.WbRFXXXXcdXVXXq6xXFXXXF.jpg?quality=close\"><\/div>\n<\/div>\n<\/div>\n<\/div>\n<div class=\"icbu-pc-images magic-10\">\n<div>\n<div class=\"flex-layout-v\">\n<div class=\"flex-layout-h magic-10\">\n<div class=\"magic-17\"><img decoding=\"async\" class=\"magic-18\" src=\"https:\/\/anbanjia.com.cn\/wp-content\/uploads\/2022\/05\/HTB19fmoRFXXXXaiXFXXq6xXFXXXn.jpg\" data-src=\"\"><\/div>\n<\/div>\n<\/div>\n<\/div>\n<\/div>\n<div class=\"icbu-pc-images magic-10\">\n<div>\n<div class=\"flex-layout-v\">\n<div class=\"flex-layout-h magic-10\">\n<div class=\"magic-15\"><img decoding=\"async\" class=\"magic-16\" src=\"https:\/\/anbanjia.com.cn\/wp-content\/uploads\/2022\/05\/H4a004cfde892421abda8249711942cf6b.jpg\" data-src=\"\"><\/div>\n<\/div>\n<\/div>\n<\/div>\n<\/div>\n<div class=\"detail-decorate-json-renderer-container\">\n<div class=\"magic-1\">\n<h3 class=\"magic-2\" data-id=\"title0\"><\/h3>\n<h3 class=\"magic-19\"><span style=\"color: #ff0000; font-size: xx-large;\">ATTENTION:<\/span><\/h3>\n<div class=\"magic-5\">\n<div class=\"magic-6\">\n<div class=\"magic-7\" data-id=\"paragraph0\">\n<p class=\"magic-8\"><span style=\"color: #ff3f3f; font-family: Trebuchet MS, sans-serif; font-size: large;\">1. Veuillez choisir des pi\u00e8ces de sant\u00e9 appropri\u00e9es, qui ont des muscles abdominaux, une peau lisse et sans fourrure. Mais si vous voulez vraiment faire sur des parties rugueuses avec de la fourrure, mieux vaut mettre le bon tapis de beignets sous l&rsquo;ouverture de celui-ci en cas de fuite d&rsquo;air. De plus, si la peau est s\u00e8che, mouillez d&rsquo;abord la peau, puis ventousez.<br \/>\n2. En utilisant les ventouses pour la premi\u00e8re fois, veuillez choisir les petites ventouses et stimuler la lumi\u00e8re<br \/>\n3. Ne d\u00e9placez pas la position lors de l&rsquo;utilisation des ventouses et devez vous tenir entre les ventouses<br \/>\n4. Le patient qui a une forte fi\u00e8vre, un coma et une crampe aigu\u00eb doit d&rsquo;abord \u00e9tablir un diagnostic clair en cas de retard du gain de temps<br \/>\n5. Si une partie de la sant\u00e9 est rouge et prurit, ne griffez pas sauvagement, ce sera bon apr\u00e8s plusieurs jours<\/span><\/p>\n<\/div>\n<\/div>\n<\/div>\n<\/div>\n<\/div>\n<div id=\"ali-anchor-AliMagic-ake639\" class=\"magic-0\" data-section=\"AliMagic-ake639\" data-section-title=\"About Anbanjia\">\u00c0 propos d&rsquo;Anbanjia<\/div>\n<div class=\"icbu-pc-images magic-10\">\n<div>\n<div class=\"flex-layout-v\">\n<div class=\"flex-layout-h magic-10\">\n<div class=\"magic-20\"><img decoding=\"async\" class=\"magic-21\" src=\"https:\/\/anbanjia.com.cn\/wp-content\/uploads\/2022\/05\/HTB1K8kkQXXXXXb1XXXXq6xXFXXXV.jpg\" data-src=\"\"><\/div>\n<\/div>\n<\/div>\n<\/div>\n<\/div>\n<div class=\"detail-decorate-json-renderer-container\">\n<div class=\"magic-1\">\n<div class=\"magic-5\">\n<div class=\"magic-6\">\n<div class=\"magic-7\">\n<p class=\"magic-8\"><span style=\"font-family: Trebuchet MS, sans-serif; font-size: large;\">1. Plus de commande, plus de remise, prix comp\u00e9titif&nbsp;!<br \/>\n2. Bienvenue \u00e0 nous contacter pour obtenir un meilleur prix&nbsp;!<br \/>\n3.Bon service, livraison rapide, et nous valons la peine d&rsquo;\u00eatre dignes de confiance.<br \/>\n4. Nous pouvons vous garantir que vous serez satisfait de nos produits.<br \/>\n5. Nous traitons les clients comme des amis et vous offrons un service consid\u00e9rable.<br \/>\n6. nous sommes une \u00e9quipe de vente avec des soins m\u00e9dicaux professionnels et un support technique de l&rsquo;\u00e9quipe d&rsquo;ing\u00e9nieurs.<\/span><\/p>\n<\/div>\n<\/div>\n<\/div>\n<\/div>\n<\/div>\n<div class=\"detail-decorate-json-renderer-container\">\n<div class=\"magic-1\">\n<h3 class=\"magic-2\" data-id=\"title0\"><\/h3>\n<h3 class=\"magic-19\"><span style=\"color: #ff3f3f; font-family: Trebuchet MS, sans-serif; font-size: xx-large;\">Choisissez-nous pas pour les affaires<\/span><\/h3>\n<div class=\"magic-5\">\n<div class=\"magic-6\">\n<div class=\"magic-7\" data-id=\"paragraph0\">\n<p class=\"magic-8\"><span style=\"font-family: Trebuchet MS, sans-serif; font-size: large;\">Nous prenons au s\u00e9rieux votre commande et appr\u00e9cions chaque demande qui nous est envoy\u00e9e, garantissant un prix comp\u00e9titif rapide.<br \/>\nD\u00e9lai de livraison ponctuel :<br \/>\n&#8211;nous passons votre commande et traitons imm\u00e9diatement, assurons votre d\u00e9lai de livraison ponctuel<\/p>\n<p>V\u00e9rifier avant exp\u00e9dition :<br \/>\n&#8211;Nos coll\u00e8gues d&rsquo;inspection v\u00e9rifient la qualit\u00e9 avant l&rsquo;exp\u00e9dition, nous faisons un avis d&rsquo;exp\u00e9dition d\u00e8s que votre commande est exp\u00e9di\u00e9e<\/p>\n<p>Service apr\u00e8s-vente :<br \/>\nNous nous f\u00e9licitons de votre demande sur les marchandises et respectons vos commentaires apr\u00e8s r\u00e9ception des marchandises.<\/span><\/p>\n<\/div>\n<\/div>\n<\/div>\n<\/div>\n<\/div>\n<div id=\"ali-anchor-AliMagic-sdhysh\" class=\"magic-0\" data-section=\"AliMagic-sdhysh\" data-section-title=\"Packing &amp; Delivery\">Emballage et livraison<\/div>\n<div class=\"icbu-pc-images magic-10\">\n<div>\n<div class=\"flex-layout-v\">\n<div class=\"flex-layout-h magic-10\">\n<div class=\"magic-22\"><img decoding=\"async\" class=\"magic-23\" src=\"https:\/\/anbanjia.com.cn\/wp-content\/uploads\/2022\/05\/HTB1h3vHQXXXXXXWapXXq6xXFXXXC.jpg\" data-src=\"\"><\/div>\n<\/div>\n<\/div>\n<\/div>\n<\/div>\n<div class=\"icbu-pc-images magic-10\">\n<div>\n<div class=\"flex-layout-v\">\n<div class=\"flex-layout-h magic-10\">\n<div class=\"magic-24\"><img decoding=\"async\" class=\"magic-25\" src=\"https:\/\/anbanjia.com.cn\/wp-content\/uploads\/2022\/05\/HTB16jBTQpXXXXXLaXXXq6xXFXXXP.jpg\" data-id=\"child-image-0\" data-src=\"\"><\/div>\n<div class=\"magic-26\"><img decoding=\"async\" class=\"magic-25\" src=\"https:\/\/anbanjia.com.cn\/wp-content\/uploads\/2022\/05\/HTB1OJ4JQpXXXXXcapXXq6xXFXXXh.jpg\" data-id=\"child-image-1\" data-src=\"\"><\/div>\n<\/div>\n<\/div>\n<\/div>\n<\/div>\n<div class=\"icbu-pc-images magic-10\">\n<div class=\"flex-layout-v\">\n<div class=\"flex-layout-h magic-10\">\n<div class=\"magic-27\"><img decoding=\"async\" class=\"\" src=\"https:\/\/s.alicdn.com\/@sc01\/kf\/HTB1XU1rouySBuNjy1zd760PxFXaK\/230438700\/HTB1XU1rouySBuNjy1zd760PxFXaK.png?quality=close\" alt=\"Chinese vacuum cupping pump \/ suction pump\/ grip hand pump for cupping\" width=\"752\" height=\"292\"><\/div>\n<\/div>\n<\/div>\n<\/div>\n<\/div>\n<\/div>\n<\/div>\n","protected":false},"excerpt":{"rendered":"<p>&nbsp;<\/p>\n<div style=\"width: auto;\">\n<div style=\"min-width: 300px; max-width: 300px; word-wrap: break-word; float: left;\">Lieu d&rsquo;origine : Chine<\/div>\n<div style=\"min-width: 300px; max-width: 300px; word-wrap: break-word; float: left;\">Nom de marque: Kangzhu<\/div>\n<\/div>\n<div style=\"width: auto;\">\n<div style=\"min-width: 300px; max-width: 300px; word-wrap: break-word; float: left;\">Num\u00e9ro de mod\u00e8le : C1<\/div>\n<div style=\"min-width: 300px; max-width: 300px; word-wrap: break-word; float: left;\">Classification des instruments&nbsp;: classe&nbsp;I<\/div>\n<\/div>\n<div style=\"width: auto;\">\n<div style=\"min-width: 300px; max-width: 300px; word-wrap: break-word; float: left;\">Propri\u00e9t\u00e9s : Appareil de m\u00e9decine chinoise<\/div>\n<div style=\"min-width: 300px; max-width: 300px; word-wrap: break-word; float: left;\">Type : tasse \u00e0 ventouses.<\/div>\n<\/div>\n<div style=\"width: auto;\">\n<div style=\"min-width: 300px; max-width: 300px; word-wrap: break-word; float: left;\">Mat\u00e9riel:ABS<\/div>\n<div style=\"min-width: 300px; max-width: 300px; word-wrap: break-word; float: left;\">Taille: avec diff\u00e9rentes tailles<\/div>\n<\/div>\n<div style=\"width: auto;\">\n<div style=\"min-width: 300px; max-width: 300px; word-wrap: break-word; float: left;\">Emballage : 14\/24 tasses<\/div>\n<div style=\"min-width: 300px; max-width: 300px; word-wrap: break-word; float: left;\">Fonction : am\u00e9liorer le corps<\/div>\n<\/div>\n","protected":false},"featured_media":12030,"comment_status":"closed","ping_status":"closed","template":"","meta":[],"product_cat":[134],"product_tag":[],"class_list":["post-12995","product","type-product","status-publish","has-post-thumbnail","hentry","product_cat-tasse-a-ventouses"],"_links":{"self":[{"href":"https:\/\/anbanjia.com.cn\/fr\/wp-json\/wp\/v2\/product\/12995","targetHints":{"allow":["GET"]}}],"collection":[{"href":"https:\/\/anbanjia.com.cn\/fr\/wp-json\/wp\/v2\/product"}],"about":[{"href":"https:\/\/anbanjia.com.cn\/fr\/wp-json\/wp\/v2\/types\/product"}],"replies":[{"embeddable":true,"href":"https:\/\/anbanjia.com.cn\/fr\/wp-json\/wp\/v2\/comments?post=12995"}],"wp:featuredmedia":[{"embeddable":true,"href":"https:\/\/anbanjia.com.cn\/fr\/wp-json\/wp\/v2\/media\/12030"}],"wp:attachment":[{"href":"https:\/\/anbanjia.com.cn\/fr\/wp-json\/wp\/v2\/media?parent=12995"}],"wp:term":[{"taxonomy":"product_cat","embeddable":true,"href":"https:\/\/anbanjia.com.cn\/fr\/wp-json\/wp\/v2\/product_cat?post=12995"},{"taxonomy":"product_tag","embeddable":true,"href":"https:\/\/anbanjia.com.cn\/fr\/wp-json\/wp\/v2\/product_tag?post=12995"}],"curies":[{"name":"wp","href":"https:\/\/api.w.org\/{rel}","templated":true}]}}