{"id":12993,"date":"2022-05-02T18:03:06","date_gmt":"2022-05-02T18:03:06","guid":{"rendered":"https:\/\/www.anbanjia.com.cn\/product\/aiguille-dacupuncture-sterile-jetable-toutes-tailles-a-usage-unique-poignee-plate-aiguilles-indolores-13-25-40-50-60-75mm\/"},"modified":"2022-05-02T18:03:06","modified_gmt":"2022-05-02T18:03:06","slug":"aiguille-dacupuncture-jetable-sterile-toutes-tailles-pour-manche-plat-a-usage-unique-aiguilles-indolores-13-25-40-50-60-75mm","status":"publish","type":"product","link":"https:\/\/anbanjia.com.cn\/fr\/produit\/aiguille-dacupuncture-jetable-sterile-toutes-tailles-pour-manche-plat-a-usage-unique-aiguilles-indolores-13-25-40-50-60-75mm\/","title":{"rendered":"Aiguille d&rsquo;acupuncture st\u00e9rile jetable toutes tailles \u00e0 usage unique poign\u00e9e plate aiguilles indolores 13\/25\/40\/50\/60\/75mm"},"content":{"rendered":"<div style=\"max-width: 750px;margin: 0 auto;\">\n<div data-magic-global=\"%7B%22bizId%22%3A3215165050%2C%22pageId%22%3A21005788941%2C%22siteId%22%3A5005610021%7D\" id=\"detail_decorate_root\">\n<div class=\"J_module\" module-id=\"27166637994\" module-title=\"detailTextContent\" render=\"true\">\n<div class=\"detail-decorate-json-renderer-container\">\n<div class=\"magic-1\">\n<div class=\"magic-2\">\n<div class=\"magic-3\">\n<div class=\"magic-4\">\n<div class=\"magic-5\"><span>Aiguille d&rsquo;acupuncture st\u00e9rile jetable toutes tailles \u00e0 usage unique poign\u00e9e plate aiguilles indolores 13\/25\/40\/50\/60\/75mm<\/span><\/div>\n<\/div>\n<\/div>\n<\/div>\n<\/div>\n<\/div>\n<\/div>\n<div class=\"J_module\" module-id=\"27166637995\" module-title=\"detailHorizontalImageText\" render=\"true\">\n<div class=\"icbu-pc-images magic-6\">\n<div>\n<div class=\"flex-layout-h\">\n<div class=\"flex-layout-v magic-7\">\n<div class=\"magic-8\"><img decoding=\"async\" class=\"magic-9\" data-src=\"\" src=\"https:\/\/anbanjia.com.cn\/wp-content\/uploads\/2022\/05\/Ha70568dd8f21415692fca7caf3f0afc5K.jpg\" style=\"max-width: 750;\"><\/div>\n<\/div>\n<div class=\"text-wrapper magic-10\">\n<div class=\"text-wrapper-right text-theme-light text-align-left\">\n<div class=\"text-title\">\n<h3 class=\"magic-11\"><span class=\"magic-12\">D\u00e9tail<\/span><br \/><\/h3>\n<\/div>\n<div class=\"text-content\">\n<p class=\"magic-13\"><\/p>\n<p class=\"magic-13\"><span>Marque : TIAN YUE<\/span><\/p>\n<p class=\"magic-13\"><span><br \/><\/span><\/p>\n<p class=\"magic-13\"><span>Mat\u00e9riel: acier inoxydable <\/span><\/p>\n<p class=\"magic-13\"><span><br \/><\/span><\/p>\n<p class=\"magic-13\"><span>Diam\u00e8tre du produit : 0,25 mm &#8212; 0,35 mm <\/span><\/p>\n<p class=\"magic-13\"><span><br \/><\/span><\/p>\n<p class=\"magic-13\"><span>Longueur du produit : 13 mm &#8212;- 75 mm<\/span><\/p>\n<p class=\"magic-13\"><span><br \/><\/span><\/p>\n<p class=\"magic-13\"><span>Descriptif taille : <\/span><\/p>\n<p class=\"magic-13\"><span>Par exemple, 0.25*25mm<\/span><\/p>\n<p class=\"magic-13\"><span><br \/><\/span><\/p>\n<p class=\"magic-13\"><span>diam\u00e8tre de la pointe de l&rsquo;aiguille 0,25 mm, longueur de l&rsquo;aiguille <\/span><\/p>\n<p class=\"magic-13\"><span><br \/><\/span><\/p>\n<p class=\"magic-13\"><span>25 mm (la longueur n&rsquo;inclut pas le manche de l&rsquo;aiguille)<\/span><\/p>\n<\/div>\n<\/div>\n<\/div>\n<\/div>\n<\/div>\n<\/div>\n<\/div>\n<div class=\"J_module\" module-id=\"27166637997\" module-title=\"detailManyImage\" render=\"true\">\n<div class=\"icbu-pc-detailManyImage magic-14\">\n<div class=\"magic-15\"><img decoding=\"async\" class=\"magic-16\" data-src=\"\" src=\"https:\/\/anbanjia.com.cn\/wp-content\/uploads\/2022\/05\/H4a05e2f569e346948d3ecd338bb63510W.png\"><\/div>\n<div class=\"magic-15\"><img decoding=\"async\" class=\"magic-16\" data-src=\"\" src=\"https:\/\/anbanjia.com.cn\/wp-content\/uploads\/2022\/05\/H0baa53a5f8ff4c99b0da082666a36724e.png\"><\/div>\n<div class=\"magic-15\"><img decoding=\"async\" class=\"magic-16\" data-src=\"\" src=\"https:\/\/anbanjia.com.cn\/wp-content\/uploads\/2022\/05\/Hb7b43bc27aab4826bdb0ba71dd9530ca0.png\"><\/div>\n<div class=\"magic-15\"><img decoding=\"async\" class=\"magic-16\" data-src=\"\" src=\"https:\/\/anbanjia.com.cn\/wp-content\/uploads\/2022\/05\/Ha70568dd8f21415692fca7caf3f0afc5K.jpg\"><\/div>\n<div class=\"magic-15\"><img decoding=\"async\" class=\"magic-16\" data-src=\"\" src=\"https:\/\/anbanjia.com.cn\/wp-content\/uploads\/2022\/05\/H3599697b692e436db449a70b25420046t.png\"><\/div>\n<div class=\"magic-15\"><img decoding=\"async\" class=\"magic-16\" data-src=\"\" src=\"https:\/\/anbanjia.com.cn\/wp-content\/uploads\/2022\/05\/H23fbf12a4b2c4323a46c71605aaf1142Z.png\"><\/div>\n<div class=\"magic-15\"><img decoding=\"async\" class=\"magic-16\" data-src=\"\" src=\"https:\/\/anbanjia.com.cn\/wp-content\/uploads\/2022\/05\/Hd69f5dcf95874093ba1886ef95183e2cO.jpg\"><\/div>\n<div class=\"magic-15\"><img decoding=\"async\" class=\"magic-16\" data-src=\"\" src=\"https:\/\/anbanjia.com.cn\/wp-content\/uploads\/2022\/05\/H4e27dd50f552433794c1bdeb6b7c5ad7S.png\"><\/div>\n<div class=\"magic-15\"><img decoding=\"async\" class=\"magic-16\" data-src=\"\" src=\"https:\/\/anbanjia.com.cn\/wp-content\/uploads\/2022\/05\/Hbe4219f79818407288c55fa0c6af8dc0q.png\"><\/div>\n<div class=\"magic-15\"><img decoding=\"async\" class=\"magic-16\" data-src=\"\" src=\"https:\/\/anbanjia.com.cn\/wp-content\/uploads\/2022\/05\/H49b746a17ebb455591506a33ccd65ae49.jpg\"><\/div>\n<\/div>\n<\/div><\/div>\n<\/div>\n","protected":false},"excerpt":{"rendered":"<div style=\"width:auto\">\n<div style=\"min-width: 300px;max-width: 300px;word-wrap: break-word;float: left\">Lieu d&rsquo;origine&nbsp;: Jiangsu, Chine <\/div>\n<div style=\"min-width: 300px;max-width: 300px;word-wrap: break-word;float: left\">Nom de marque: TIAN YUE<\/div>\n<\/p><\/div>\n<div style=\"width:auto\">\n<div style=\"min-width: 300px;max-width: 300px;word-wrap: break-word;float: left\">Num\u00e9ro de mod\u00e8le: TY <\/div>\n<div style=\"min-width: 300px;max-width: 300px;word-wrap: break-word;float: left\">Fonction : diur\u00e9tiques pour \u00e9liminer l&rsquo;humidit\u00e9, am\u00e9liorer le corps.<\/div>\n<\/p><\/div>\n<div style=\"width:auto\">\n<div style=\"min-width: 300px;max-width: 300px;word-wrap: break-word;float: left\">Demande:Corps <\/div>\n<div style=\"min-width: 300px;max-width: 300px;word-wrap: break-word;float: left\">Dur\u00e9e de conservation : 3 ans<\/div>\n<\/p><\/div>\n<div style=\"width:auto\">\n<div style=\"min-width: 300px;max-width: 300px;word-wrap: break-word;float: left\">Certificat de qualit\u00e9&nbsp;: ce <\/div>\n<div style=\"min-width: 300px;max-width: 300px;word-wrap: break-word;float: left\">Classification des instruments&nbsp;: classe&nbsp;I<\/div>\n<\/p><\/div>\n<div style=\"width:auto\">\n<div style=\"min-width: 300px;max-width: 300px;word-wrap: break-word;float: left\">Norme de s\u00e9curit\u00e9&nbsp;:&nbsp;Aucune <\/div>\n<div style=\"min-width: 300px;max-width: 300px;word-wrap: break-word;float: left\">Type : aiguilles d&rsquo;acupuncture.<\/div>\n<\/p><\/div>\n<div style=\"width:auto\">\n<div style=\"min-width: 300px;max-width: 300px;word-wrap: break-word;float: left\">Propri\u00e9t\u00e9s&nbsp;: appareil de m\u00e9decine chinoise <\/div>\n<div style=\"min-width: 300px;max-width: 300px;word-wrap: break-word;float: left\">Mat\u00e9riel: acier inoxydable<\/div>\n<\/p><\/div>\n<div style=\"width:auto\">\n<div style=\"min-width: 300px;max-width: 300px;word-wrap: break-word;float: left\">Quantit\u00e9 : 100 pi\u00e8ces\/bo\u00eete <\/div>\n<div style=\"min-width: 300px;max-width: 300px;word-wrap: break-word;float: left\">Taille: diverses sp\u00e9cifications<\/div>\n<\/p><\/div>\n","protected":false},"featured_media":7189,"comment_status":"closed","ping_status":"closed","template":"","meta":[],"product_cat":[132],"product_tag":[],"class_list":["post-12993","product","type-product","status-publish","has-post-thumbnail","hentry","product_cat-aiguille"],"_links":{"self":[{"href":"https:\/\/anbanjia.com.cn\/fr\/wp-json\/wp\/v2\/product\/12993","targetHints":{"allow":["GET"]}}],"collection":[{"href":"https:\/\/anbanjia.com.cn\/fr\/wp-json\/wp\/v2\/product"}],"about":[{"href":"https:\/\/anbanjia.com.cn\/fr\/wp-json\/wp\/v2\/types\/product"}],"replies":[{"embeddable":true,"href":"https:\/\/anbanjia.com.cn\/fr\/wp-json\/wp\/v2\/comments?post=12993"}],"wp:featuredmedia":[{"embeddable":true,"href":"https:\/\/anbanjia.com.cn\/fr\/wp-json\/wp\/v2\/media\/7189"}],"wp:attachment":[{"href":"https:\/\/anbanjia.com.cn\/fr\/wp-json\/wp\/v2\/media?parent=12993"}],"wp:term":[{"taxonomy":"product_cat","embeddable":true,"href":"https:\/\/anbanjia.com.cn\/fr\/wp-json\/wp\/v2\/product_cat?post=12993"},{"taxonomy":"product_tag","embeddable":true,"href":"https:\/\/anbanjia.com.cn\/fr\/wp-json\/wp\/v2\/product_tag?post=12993"}],"curies":[{"name":"wp","href":"https:\/\/api.w.org\/{rel}","templated":true}]}}