{"id":12992,"date":"2022-05-02T18:03:09","date_gmt":"2022-05-02T18:03:09","guid":{"rendered":"https:\/\/www.anbanjia.com.cn\/product\/fauteuil-roulant-electrique-portable-pliant-en-un-clic-pour-patient-hospitalise-pour-personnes-agees-handicapees\/"},"modified":"2022-05-02T18:03:09","modified_gmt":"2022-05-02T18:03:09","slug":"patient-hospitalier-un-clic-pliable-portable-fauteuil-roulant-electrique-fauteuil-roulant-electrique-pour-personnes-agees-handicapees","status":"publish","type":"product","link":"https:\/\/anbanjia.com.cn\/fr\/produit\/patient-hospitalier-un-clic-pliable-portable-fauteuil-roulant-electrique-fauteuil-roulant-electrique-pour-personnes-agees-handicapees\/","title":{"rendered":"Fauteuil roulant \u00e9lectrique portable pliant en un clic pour patient hospitalis\u00e9 pour personnes \u00e2g\u00e9es, handicap\u00e9es"},"content":{"rendered":"<div style=\"max-width: 750px;margin: 0 auto;\">\n<p><span style=\"font-size: 32px;\">Fauteuil roulant \u00e9lectrique t\u00e9l\u00e9commande \u00e0 un bouton pliage automatique avec GPS intelligent fauteuil roulant handicap\u00e9 pour personnes \u00e2g\u00e9es<\/span><\/p>\n<p><span style=\"font-size: 32px;\"><img decoding=\"async\" data-alt=\"Hospital Patient One-click folding portable power wheel chair electric wheelchair for elderly people, disabled\" data-src=\"\" ori-height=\"800\" ori-width=\"800\" src=\"https:\/\/anbanjia.com.cn\/wp-content\/uploads\/2022\/05\/Haf46a5cd29ac46f09efb160d03e2b6b0H.jpg\" style=\"max-width: 750;\"><img decoding=\"async\" data-alt=\"Hospital Patient One-click folding portable power wheel chair electric wheelchair for elderly people, disabled\" data-src=\"\" ori-height=\"515\" ori-width=\"790\" src=\"https:\/\/anbanjia.com.cn\/wp-content\/uploads\/2022\/05\/Hda9f043c6eb44ed6a7269a7c68566afbP.jpg\"><img decoding=\"async\" data-alt=\"Hospital Patient One-click folding portable power wheel chair electric wheelchair for elderly people, disabled\" data-src=\"\" ori-height=\"800\" ori-width=\"800\" src=\"https:\/\/anbanjia.com.cn\/wp-content\/uploads\/2022\/05\/Haf884c4af2e144e89414b11a63a3ca5dN.jpg\"><img decoding=\"async\" data-alt=\"Hospital Patient One-click folding portable power wheel chair electric wheelchair for elderly people, disabled\" data-src=\"\" ori-height=\"561\" ori-width=\"548\" src=\"https:\/\/anbanjia.com.cn\/wp-content\/uploads\/2022\/05\/H8930eb0c51714351bb0fc847c99b863bB.png\"><img decoding=\"async\" data-alt=\"Hospital Patient One-click folding portable power wheel chair electric wheelchair for elderly people, disabled\" data-src=\"\" ori-height=\"800\" ori-width=\"800\" src=\"https:\/\/anbanjia.com.cn\/wp-content\/uploads\/2022\/05\/Hde2b7c3245b1423ca3acaacbd4de7bd0b.jpg\"><\/span><\/p>\n<p><span style=\"font-size: 32px;\"><span style=\"background-color: #ffff00;\">Le probl\u00e8me que nous adorons&nbsp;:<\/span><br \/><span style=\"font-size: 24px;\">1.Qu&rsquo;en est-il de la garantie ?<\/span><br \/><span style=\"font-size: 24px;\">Le moteur, le joystick et le contr\u00f4leur, d&rsquo;autres pi\u00e8ces sont tous d&rsquo;un an, ne d\u00e9pendent pas de facteurs artificiels, et veuillez prendre la vid\u00e9o sur les marchandises et le code sur le cadre du fauteuil roulant, nous pouvons faire quelques compensations. <\/span><br \/><span style=\"font-size: 24px;\">2.Le meilleur prix que vous puissiez donner ?<\/span><br \/><span style=\"font-size: 24px;\">nous sommes un grossiste, et le prix d\u00e9pend des quantit\u00e9s de votre commande.<\/span><br \/><span style=\"font-size: 24px;\">3.Comment livrer ?<\/span><br \/><span style=\"font-size: 24px;\">Par expr\u00e8s, DHL, TNT, UPS, FEDEX, SEA, \u00e0 votre guise, vous choisissez.<\/span><\/span><\/p>\n<p><span style=\"font-size: 32px;\"><br \/><span style=\"background-color: #ffff00;\">2. \u00c0 propos de l&rsquo;exp\u00e9dition<\/span> <br \/><span style=\"font-size: 24px;\">1. Commandes trait\u00e9es en temps opportun apr\u00e8s la v\u00e9rification du paiement.<\/span><br \/><span style=\"font-size: 24px;\">2. Nous exp\u00e9dions uniquement aux adresses de commande confirm\u00e9es. Votre adresse de commande DOIT CORRESPONDRE \u00e0 votre adresse de livraison.<\/span><br \/><span style=\"font-size: 24px;\">3. Les images pr\u00e9sent\u00e9es ne sont pas l&rsquo;article r\u00e9el et sont uniquement \u00e0 titre de r\u00e9f\u00e9rence.<\/span><br \/><span style=\"font-size: 24px;\">4. Si vous n&rsquo;avez pas re\u00e7u votre envoi dans les 30 jours suivant le paiement, veuillez nous contacter. Nous suivrons l&rsquo;exp\u00e9dition et reviendrons vers vous d\u00e8s que possible avec une r\u00e9ponse. Notre objectif est la satisfaction du client!<\/span><\/p>\n<p><span style=\"background-color: #ffff00;\">4. Retour et remboursement<\/span> <br \/><span style=\"font-size: 24px;\">1. Veuillez nous contacter si vous ne recevez pas votre colis au-del\u00e0 de 30 jours ouvrables, hors week-ends et jours f\u00e9ri\u00e9s. Nous suivrons l&rsquo;exp\u00e9dition et reviendrons vers vous d\u00e8s que possible avec une r\u00e9ponse. Notre objectif est la satisfaction du client!<\/span><br \/><span style=\"font-size: 24px;\">  2. Le TEMPS DE TRANSIT DU SERVICE est fourni par le transporteur et exclut les week-ends et les jours f\u00e9ri\u00e9s. Le temps de d\u00e9placement peut varier, surtout en p\u00e9riode de f\u00eates<\/span><\/span><\/p>\n<p><span style=\"font-size: 32px;\"><br \/><span style=\"background-color: #ffff00;\">5. \u00c0 propos de la garantie<\/span> <br \/><span style=\"font-size: 24px;\">1. Le produit est livr\u00e9 avec une garantie de 3 mois.<\/span><br \/><span style=\"font-size: 24px;\">2. Les articles d\u00e9fectueux DOIVENT \u00caTRE signal\u00e9s et retourn\u00e9s pendant la p\u00e9riode de garantie (et dans l&#8217;emballage d&rsquo;origine, si possible). Vous devez nous dire quel est le d\u00e9faut et nous donner votre num\u00e9ro de commande. NOUS NE R\u00c9PARONS PAS OU NE REMPLA\u00c7ONS PAS LES ARTICLES AVEC UNE GARANTIE EXPIR\u00c9E.<\/span><\/p>\n<p><span style=\"background-color: #ffff00;\">6. \u00c0 propos des commentaires<\/span> <br \/><span style=\"font-size: 24px;\">Nous maintenons des normes d&rsquo;excellence \u00e9lev\u00e9es et nous nous effor\u00e7ons d&rsquo;obtenir une satisfaction client \u00e0 100&nbsp;%&nbsp;! Les commentaires sont tr\u00e8s importants, nous vous demandons sinc\u00e8rement de nous contacter imm\u00e9diatement AVANT de nous donner des commentaires neutres ou n\u00e9gatifs, afin que nous puissions r\u00e9pondre de mani\u00e8re satisfaisante \u00e0 votre<\/span><br \/><span style=\"font-size: 24px;\">pr\u00e9occupations.<\/span><\/span><\/p>\n<\/div>\n","protected":false},"excerpt":{"rendered":"<div style=\"width:auto\">\n<div style=\"min-width: 300px;max-width: 300px;word-wrap: break-word;float: left\">Propri\u00e9t\u00e9s : fournitures de th\u00e9rapie de r\u00e9adaptation. <\/div>\n<div style=\"min-width: 300px;max-width: 300px;word-wrap: break-word;float: left\">Lieu d&rsquo;origine&nbsp;: Guangdong, Chine<\/div>\n<\/p><\/div>\n<div style=\"width:auto\">\n<div style=\"min-width: 300px;max-width: 300px;word-wrap: break-word;float: left\">Nom de marque:Anbanjia <\/div>\n<div style=\"min-width: 300px;max-width: 300px;word-wrap: break-word;float: left\">Num\u00e9ro de mod\u00e8le : SW6000<\/div>\n<\/p><\/div>\n<div style=\"width:auto\">\n<div style=\"min-width: 300px;max-width: 300px;word-wrap: break-word;float: left\">Type&nbsp;: canne <\/div>\n<div style=\"min-width: 300px;max-width: 300px;word-wrap: break-word;float: left\">Mat\u00e9riau : alliage d&rsquo;aluminium.<\/div>\n<\/p><\/div>\n<div style=\"width:auto\">\n<div style=\"min-width: 300px;max-width: 300px;word-wrap: break-word;float: left\">Taille du produit: 108*61*98 cm <\/div>\n<div style=\"min-width: 300px;max-width: 300px;word-wrap: break-word;float: left\">Capacit\u00e9 de poids&nbsp;: 120&nbsp;kg<\/div>\n<\/p><\/div>\n<div style=\"width:auto\">\n<div style=\"min-width: 300px;max-width: 300px;word-wrap: break-word;float: left\">Distance parcourue&nbsp;: environ 25&nbsp;km <\/div>\n<div style=\"min-width: 300px;max-width: 300px;word-wrap: break-word;float: left\">Moteur&nbsp;: moteur \u00e0 brosse 200Wx2<\/div>\n<\/p><\/div>\n<div style=\"width:auto\">\n<div style=\"min-width: 300px;max-width: 300px;word-wrap: break-word;float: left\">Batterie&nbsp;: batterie lithium-ion 22&nbsp;Ah <\/div>\n<div style=\"min-width: 300px;max-width: 300px;word-wrap: break-word;float: left\">temps de charge : 4-6 heures<\/div>\n<\/p><\/div>\n<div style=\"width:auto\">\n<div style=\"min-width: 300px;max-width: 300px;word-wrap: break-word;float: left\">contr\u00f4leur&nbsp;: Bluetooth intelligent contr\u00f4l\u00e9 <\/div>\n<div style=\"min-width: 300px;max-width: 300px;word-wrap: break-word;float: left\">Poids net&nbsp;: 28&nbsp;kg<\/div>\n<\/p><\/div>\n<div>Emballage personnalis\u00e9(Min. Commande : 200 pi\u00e8ces)<\/div>\n<div>Logo personnalis\u00e9(Min. Commande : 200 pi\u00e8ces)<\/div>\n","protected":false},"featured_media":7307,"comment_status":"closed","ping_status":"closed","template":"","meta":[],"product_cat":[128],"product_tag":[],"class_list":["post-12992","product","type-product","status-publish","has-post-thumbnail","hentry","product_cat-fauteuil-roulant-electrique"],"_links":{"self":[{"href":"https:\/\/anbanjia.com.cn\/fr\/wp-json\/wp\/v2\/product\/12992","targetHints":{"allow":["GET"]}}],"collection":[{"href":"https:\/\/anbanjia.com.cn\/fr\/wp-json\/wp\/v2\/product"}],"about":[{"href":"https:\/\/anbanjia.com.cn\/fr\/wp-json\/wp\/v2\/types\/product"}],"replies":[{"embeddable":true,"href":"https:\/\/anbanjia.com.cn\/fr\/wp-json\/wp\/v2\/comments?post=12992"}],"wp:featuredmedia":[{"embeddable":true,"href":"https:\/\/anbanjia.com.cn\/fr\/wp-json\/wp\/v2\/media\/7307"}],"wp:attachment":[{"href":"https:\/\/anbanjia.com.cn\/fr\/wp-json\/wp\/v2\/media?parent=12992"}],"wp:term":[{"taxonomy":"product_cat","embeddable":true,"href":"https:\/\/anbanjia.com.cn\/fr\/wp-json\/wp\/v2\/product_cat?post=12992"},{"taxonomy":"product_tag","embeddable":true,"href":"https:\/\/anbanjia.com.cn\/fr\/wp-json\/wp\/v2\/product_tag?post=12992"}],"curies":[{"name":"wp","href":"https:\/\/api.w.org\/{rel}","templated":true}]}}