{"id":12991,"date":"2022-05-02T18:03:07","date_gmt":"2022-05-02T18:03:07","guid":{"rendered":"https:\/\/www.anbanjia.com.cn\/product\/remorque-pour-fauteuil-roulant-electrique-puissante-velo-a-main-en-fauteuil-roulant-electrique-velo-a-main-en-fauteuil-roulant-pour-personnes-agees\/"},"modified":"2022-05-02T18:03:07","modified_gmt":"2022-05-02T18:03:07","slug":"remorque-pour-fauteuil-roulant-electrique-puissant-fauteuil-roulant-electrique-handbike-fauteuil-roulant-handbike-pour-personnes-agees","status":"publish","type":"product","link":"https:\/\/anbanjia.com.cn\/fr\/produit\/remorque-pour-fauteuil-roulant-electrique-puissant-fauteuil-roulant-electrique-handbike-fauteuil-roulant-handbike-pour-personnes-agees\/","title":{"rendered":"Remorque pour fauteuil roulant \u00e9lectrique puissante\/v\u00e9lo \u00e0 main en fauteuil roulant \u00e9lectrique\/v\u00e9lo \u00e0 main en fauteuil roulant pour personnes \u00e2g\u00e9es"},"content":{"rendered":"<div style=\"max-width: 750px; margin: 0 auto;\">\n<div id=\"ali-anchor-AliPostDhMb-ljvh5\" style=\"padding-top: 8px;\" data-section=\"AliPostDhMb-ljvh5\" data-section-title=\"Product Details\">\n<div id=\"ali-title-AliPostDhMb-ljvh5\" style=\"padding: 8px 0; border-bottom: 1px solid #ddd;\"><span style=\"background-color: #ddd; color: #333; font-weight: bold; padding: 8px 10px; line-height: 12px;\">d\u00e9tails du produit<\/span><\/div>\n<div style=\"padding: 10px 0;\">\n<p style=\"text-align: center;\"><span style=\"font-size: 24px;\"> <strong>handbike fauteuil roulant pour personnes \u00e2g\u00e9es <\/strong><\/span><\/p>\n<table style=\"border-collapse: collapse; background-color: #ffffff; width: 622px; height: 277px;\" border=\"1\">\n<tbody>\n<tr>\n<td style=\"width: 318px; text-align: left;\"><span style=\"font-size: 24px;\">Moteur<\/span><\/td>\n<td style=\"width: 297px;\"><span style=\"font-size: 24px;\">Moteur sans balai 450w<\/span><\/td>\n<\/tr>\n<tr>\n<td style=\"width: 318px;\"><span style=\"font-size: 24px;\">poids total<\/span><\/td>\n<td style=\"width: 297px;\"><span style=\"font-size: 24px;\">11kg<\/span><\/td>\n<\/tr>\n<tr>\n<td style=\"width: 318px;\"><span style=\"font-size: 24px;\">taille d&#8217;emballage<\/span><\/td>\n<td style=\"width: 297px;\"><span style=\"font-size: 24px;\">110*30*40<\/span><\/td>\n<\/tr>\n<tr>\n<td style=\"width: 318px;\"><span style=\"font-size: 24px;\">la vitesse<\/span><\/td>\n<td style=\"width: 297px;\"><span style=\"font-size: 24px;\">20-25km\/h<\/span><\/td>\n<\/tr>\n<tr>\n<td style=\"width: 318px;\"><span style=\"font-size: 24px;\">capacit\u00e9 de chargement<\/span><\/td>\n<td style=\"width: 297px;\"><span style=\"font-size: 24px;\">100 kg<\/span><\/td>\n<\/tr>\n<tr>\n<td style=\"width: 318px;\"><span style=\"font-size: 24px;\">batterie<\/span><\/td>\n<td style=\"width: 297px;\"><span style=\"font-size: 24px;\">36v15ah<\/span><\/td>\n<\/tr>\n<\/tbody>\n<\/table>\n<p><img decoding=\"async\" style=\"max-width: 750;\" src=\"https:\/\/anbanjia.com.cn\/wp-content\/uploads\/2022\/05\/H20b424a35e764c40a87beb4694306ef5n.png\" data-alt=\"Powerful Electric wheelchair trailer\/electric wheelchair handcycle\/wheelchair handbike for old people\" data-src=\"\"><img decoding=\"async\" src=\"https:\/\/anbanjia.com.cn\/wp-content\/uploads\/2022\/05\/Haca504dba2cf4c56aa2bc6ef4e4541a9t.png\" data-alt=\"Powerful Electric wheelchair trailer\/electric wheelchair handcycle\/wheelchair handbike for old people\" data-src=\"\"><img decoding=\"async\" src=\"https:\/\/anbanjia.com.cn\/wp-content\/uploads\/2022\/05\/H761cd25ce1a94e12a9992eb8761b7717Y.jpg\" data-alt=\"Powerful Electric wheelchair trailer\/electric wheelchair handcycle\/wheelchair handbike for old people\" data-src=\"\"><\/p>\n<\/div>\n<\/div>\n<div id=\"ali-anchor-AliPostDhMb-g8zpw\" style=\"padding-top: 8px;\" data-section=\"AliPostDhMb-g8zpw\" data-section-title=\"contact us\">\n<div id=\"ali-title-AliPostDhMb-g8zpw\" style=\"padding: 8px 0; border-bottom: 1px solid #ddd;\"><span style=\"background-color: #ddd; color: #333; font-weight: bold; padding: 8px 10px; line-height: 12px;\">Nous contacter<\/span><\/div>\n<div style=\"padding: 10px 0;\">\n<p><a href=\"https:\/\/abj-medical.en.alibaba.com\/contactinfo.html?spm=a2700.8304367.topnav.8.5d239224wxD2sy\" target=\"_blank\" rel=\"noopener\"> <img decoding=\"async\" src=\"https:\/\/anbanjia.com.cn\/wp-content\/uploads\/2022\/05\/HTB1E_8LXOLxK1Rjy0Ffq6zYdVXay.jpg\" data-alt=\"Powerful Electric wheelchair trailer\/electric wheelchair handcycle\/wheelchair handbike for old people\" data-src=\"\"><\/a><\/p>\n<\/div>\n<\/div>\n<div id=\"ali-anchor-AliPostDhMb-vv6n9\" style=\"padding-top: 8px;\" data-section=\"AliPostDhMb-vv6n9\" data-section-title=\"Product Categories\">\n<div id=\"ali-title-AliPostDhMb-vv6n9\" style=\"padding: 8px 0; border-bottom: 1px solid #ddd;\"><span style=\"background-color: #ddd; color: #333; font-weight: bold; padding: 8px 10px; line-height: 12px;\">cat\u00e9gories de produits<\/span><\/div>\n<div style=\"padding: 10px 0;\">\n<p> <a href=\"https:\/\/abj-medical.en.alibaba.com\/productgrouplist-804871560\/Electric_wheelchair_and_apparatus.html?spm=a2700.icbuShop.88.30.704a44ebaAhP4D\" target=\"_blank\" rel=\"noopener\"><img decoding=\"async\" src=\"https:\/\/anbanjia.com.cn\/wp-content\/uploads\/2022\/05\/HTB1ERWiSFXXXXasXXXXq6xXFXXXw.jpg\" data-alt=\"Powerful Electric wheelchair trailer\/electric wheelchair handcycle\/wheelchair handbike for old people\" data-src=\"\"><\/a><\/p>\n<\/div>\n<\/div>\n<div id=\"ali-anchor-AliPostDhMb-ub5hb\" style=\"padding-top: 8px;\" data-section=\"AliPostDhMb-ub5hb\" data-section-title=\"certificate\">\n<div id=\"ali-title-AliPostDhMb-ub5hb\" style=\"padding: 8px 0; border-bottom: 1px solid #ddd;\"><span style=\"background-color: #ddd; color: #333; font-weight: bold; padding: 8px 10px; line-height: 12px;\">certificat<\/span><\/div>\n<div style=\"padding: 10px 0;\">\n<p><img decoding=\"async\" src=\"https:\/\/anbanjia.com.cn\/wp-content\/uploads\/2022\/05\/HTB1Z1olSpXXXXctXXXXq6xXFXXXu-1.jpg\" data-alt=\"Powerful Electric wheelchair trailer\/electric wheelchair handcycle\/wheelchair handbike for old people\" data-src=\"\"><\/p>\n<\/div>\n<\/div>\n<div id=\"ali-anchor-AliPostDhMb-yhho8\" style=\"padding-top: 8px;\" data-section=\"AliPostDhMb-yhho8\" data-section-title=\"company information\">\n<div id=\"ali-title-AliPostDhMb-yhho8\" style=\"padding: 8px 0; border-bottom: 1px solid #ddd;\"><span style=\"background-color: #ddd; color: #333; font-weight: bold; padding: 8px 10px; line-height: 12px;\">Informations sur la soci\u00e9t\u00e9<\/span><\/div>\n<div style=\"padding: 10px 0;\">\n<p><img decoding=\"async\" src=\"https:\/\/anbanjia.com.cn\/wp-content\/uploads\/2022\/05\/HTB1HgKPcQ5E3KVjSZFCq6zuzXXay.jpg\" data-src=\"\"><\/p>\n<\/div>\n<\/div>\n<\/div>\n","protected":false},"excerpt":{"rendered":"<p>&nbsp;<\/p>\n<div style=\"width: auto;\">\n<div style=\"min-width: 300px; max-width: 300px; word-wrap: break-word; float: left;\">Nom de marque : ABJ-Q1<\/div>\n<div style=\"min-width: 300px; max-width: 300px; word-wrap: break-word; float: left;\">batterie : lithium 36V\/15AH<\/div>\n<\/div>\n<div style=\"width: auto;\">\n<div style=\"min-width: 300px; max-width: 300px; word-wrap: break-word; float: left;\">Moteur :Moteur sans balai 450W<\/div>\n<div style=\"min-width: 300px; max-width: 300px; word-wrap: break-word; float: left;\">poids total&nbsp;: 11&nbsp;kg<\/div>\n<\/div>\n<div style=\"width: auto;\">\n<div style=\"min-width: 300px; max-width: 300px; word-wrap: break-word; float: left;\">taille d&#8217;emballage : 110*30*40<\/div>\n<div style=\"min-width: 300px; max-width: 300px; word-wrap: break-word; float: left;\">capacit\u00e9 : 100kg<\/div>\n<\/div>\n<div style=\"width: auto;\">\n<div style=\"min-width: 300px; max-width: 300px; word-wrap: break-word; float: left;\">port\u00e9e&nbsp;: 30-40&nbsp;km<\/div>\n<div style=\"min-width: 300px; max-width: 300px; word-wrap: break-word; float: left;\">vitesse maximale&nbsp;: 20-25&nbsp;km\/h<\/div>\n<\/div>\n<div style=\"width: auto;\">\n<div style=\"min-width: 300px; max-width: 300px; word-wrap: break-word; float: left;\">type de bec: freiner<\/div>\n<div style=\"min-width: 300px; max-width: 300px; word-wrap: break-word; float: left;\">capacit\u00e9 d&rsquo;inclinaison: 8 degr\u00e9s<\/div>\n<\/div>\n<div>Logo personnalis\u00e9(Min. Commande : 500 pi\u00e8ces)<\/div>\n<div>Emballage personnalis\u00e9(Min. Commande : 500 Pi\u00e8ces)<\/div>\n","protected":false},"featured_media":7257,"comment_status":"closed","ping_status":"closed","template":"","meta":[],"product_cat":[128],"product_tag":[],"class_list":["post-12991","product","type-product","status-publish","has-post-thumbnail","hentry","product_cat-fauteuil-roulant-electrique"],"_links":{"self":[{"href":"https:\/\/anbanjia.com.cn\/fr\/wp-json\/wp\/v2\/product\/12991","targetHints":{"allow":["GET"]}}],"collection":[{"href":"https:\/\/anbanjia.com.cn\/fr\/wp-json\/wp\/v2\/product"}],"about":[{"href":"https:\/\/anbanjia.com.cn\/fr\/wp-json\/wp\/v2\/types\/product"}],"replies":[{"embeddable":true,"href":"https:\/\/anbanjia.com.cn\/fr\/wp-json\/wp\/v2\/comments?post=12991"}],"wp:featuredmedia":[{"embeddable":true,"href":"https:\/\/anbanjia.com.cn\/fr\/wp-json\/wp\/v2\/media\/7257"}],"wp:attachment":[{"href":"https:\/\/anbanjia.com.cn\/fr\/wp-json\/wp\/v2\/media?parent=12991"}],"wp:term":[{"taxonomy":"product_cat","embeddable":true,"href":"https:\/\/anbanjia.com.cn\/fr\/wp-json\/wp\/v2\/product_cat?post=12991"},{"taxonomy":"product_tag","embeddable":true,"href":"https:\/\/anbanjia.com.cn\/fr\/wp-json\/wp\/v2\/product_tag?post=12991"}],"curies":[{"name":"wp","href":"https:\/\/api.w.org\/{rel}","templated":true}]}}