{"id":12988,"date":"2022-05-02T18:03:04","date_gmt":"2022-05-02T18:03:04","guid":{"rendered":"https:\/\/www.anbanjia.com.cn\/product\/tasses-a-ventouses-hijama-a-aspiration-unique-pour-soins-a-domicile-traditionnels-chinois\/"},"modified":"2022-05-02T18:03:04","modified_gmt":"2022-05-02T18:03:04","slug":"soins-a-domicile-traditionnels-chinois-jetables-vide-therapie-simple-aspiration-hijama-ventouses-ventouses","status":"publish","type":"product","link":"https:\/\/anbanjia.com.cn\/fr\/produit\/soins-a-domicile-traditionnels-chinois-jetables-vide-therapie-simple-aspiration-hijama-ventouses-ventouses\/","title":{"rendered":"Tasses \u00e0 ventouses hijama \u00e0 aspiration unique pour soins \u00e0 domicile traditionnels chinois"},"content":{"rendered":"<div style=\"max-width: 750px;margin: 0 auto;\">\n<p><span style=\"font-size: 24px;\">Tasses \u00e0 ventouses hijama \u00e0 aspiration unique pour soins \u00e0 domicile traditionnels chinois<\/span><\/p>\n<\/p>\n<p><span style=\"font-size: 24px;\">1 tasse\/10 tasses dans un OPP. 500 pi\u00e8ces\/ctn (selon l&rsquo;exigence du client)<\/span><\/p>\n<p><span style=\"font-size: 24px;\">le m\u00eame diam\u00e8tre avec la tasse B (0 #, 1 #, 2 #, 3 #, 4 #)<\/span><\/p>\n<table border=\"1\" style=\"border-collapse: collapse; background-color: #ffffff; width: 100.574%;\">\n<tbody>\n<tr>\n<td style=\"width: 41%;\"><span style=\"font-size: 24px;\">Diam\u00e8tre Diam\u00e8tre<\/span><\/td>\n<td style=\"width: 81.2121%;\"><span style=\"font-size: 24px;\">int\u00e9rieur, diam\u00e8tre ext\u00e9rieur, poids net &#8211; mesur\u00e9 \u00e0 la main<\/span><\/td>\n<\/tr>\n<tr>\n<td style=\"width: 41%;\"><span style=\"font-size: 24px;\">K0<\/span><\/td>\n<td style=\"width: 81.2121%;\"><span style=\"font-size: 24px;\">6.5cm, 7.8cm, 18g<\/span><\/td>\n<\/tr>\n<tr>\n<td style=\"width: 41%;\"><span style=\"font-size: 24px;\">K1<\/span><\/td>\n<td style=\"width: 81.2121%;\"><span style=\"font-size: 24px;\">5.8cm, 7.0cm, 16g<\/span><\/td>\n<\/tr>\n<tr>\n<td style=\"width: 41%;\"><span style=\"font-size: 24px;\">K2<\/span><\/td>\n<td style=\"width: 81.2121%;\"><span style=\"font-size: 24px;\">5.0cm, 6.0cm, 14g<\/span><\/td>\n<\/tr>\n<tr>\n<td style=\"width: 41%;\"><span style=\"font-size: 24px;\">K3<\/span><\/td>\n<td style=\"width: 81.2121%;\"><span style=\"font-size: 24px;\">4.2cm, 5.3cm, 10g<\/span><\/td>\n<\/tr>\n<tr>\n<td style=\"width: 41%;\"><span style=\"font-size: 24px;\">K4<\/span><\/td>\n<td style=\"width: 81.2121%;\"><span style=\"font-size: 24px;\">3.5cm, 4.6cm, 8g<\/span><\/td>\n<\/tr>\n<\/tbody>\n<\/table>\n<p><span style=\"font-size: 24px;\"><img decoding=\"async\" data-alt=\"Chinese traditional homecare disposable vacuum therapy single suction hijama cupping cups\" data-height=\"801\" data-src=\"\" data-width=\"801\" ori-height=\"1000\" ori-width=\"1000\" src=\"https:\/\/anbanjia.com.cn\/wp-content\/uploads\/2022\/05\/HTB1GWW1XlWD3KVjSZKPq6yp7FXaA.jpg\" style=\"max-width: 750;\"><img decoding=\"async\" data-alt=\"Chinese traditional homecare disposable vacuum therapy single suction hijama cupping cups\" data-height=\"806\" data-src=\"\" data-width=\"806\" ori-height=\"800\" ori-width=\"800\" src=\"https:\/\/anbanjia.com.cn\/wp-content\/uploads\/2022\/05\/HTB1luKWcBCw3KVjSZR0q6zcUpXao.jpg\"><img decoding=\"async\" data-alt=\"Chinese traditional homecare disposable vacuum therapy single suction hijama cupping cups\" data-height=\"275\" data-src=\"\" data-width=\"809\" ori-height=\"340\" ori-width=\"1000\" src=\"https:\/\/anbanjia.com.cn\/wp-content\/uploads\/2022\/05\/HTB1x2LXXgmH3KVjSZKzq6z2OXXa0.jpg\"><\/span><\/p>\n<\/p>\n<p><span style=\"font-size: 24px;\"><img decoding=\"async\" data-alt=\"Chinese traditional homecare disposable vacuum therapy single suction hijama cupping cups\" data-src=\"\" ori-height=\"1153\" ori-width=\"750\" src=\"https:\/\/anbanjia.com.cn\/wp-content\/uploads\/2022\/05\/HTB1wTSPcECF3KVjSZJnq6znHFXaB.jpg\"><\/span><\/p>\n<\/div>\n","protected":false},"excerpt":{"rendered":"<div style=\"width:auto\">\n<div style=\"min-width: 300px;max-width: 300px;word-wrap: break-word;float: left\">Lieu d&rsquo;origine&nbsp;: Jiangsu, Chine <\/div>\n<div style=\"min-width: 300px;max-width: 300px;word-wrap: break-word;float: left\">Nom de marque: Puci<\/div>\n<\/p><\/div>\n<div style=\"width:auto\">\n<div style=\"min-width: 300px;max-width: 300px;word-wrap: break-word;float: left\">Num\u00e9ro de mod\u00e8le&nbsp;: b <\/div>\n<div style=\"min-width: 300px;max-width: 300px;word-wrap: break-word;float: left\">Classification des instruments&nbsp;: classe&nbsp;I<\/div>\n<\/p><\/div>\n<div style=\"width:auto\">\n<div style=\"min-width: 300px;max-width: 300px;word-wrap: break-word;float: left\">Propri\u00e9t\u00e9s&nbsp;: appareil de m\u00e9decine chinoise <\/div>\n<div style=\"min-width: 300px;max-width: 300px;word-wrap: break-word;float: left\">Type : tasse \u00e0 ventouses.<\/div>\n<\/p><\/div>\n<div style=\"width:auto\">\n<div style=\"min-width: 300px;max-width: 300px;word-wrap: break-word;float: left\">Mat\u00e9riel:Plastique <\/div>\n<div style=\"min-width: 300px;max-width: 300px;word-wrap: break-word;float: left\">Tailles&nbsp;: B1\/B2\/B3\/B4\/B5\/B6<\/div>\n<\/p><\/div>\n<div style=\"width:auto\">\n<div style=\"min-width: 300px;max-width: 300px;word-wrap: break-word;float: left\">Emballage:Sac Pp <\/div>\n<div style=\"min-width: 300px;max-width: 300px;word-wrap: break-word;float: left\">Quantit\u00e9 minimale de commande&nbsp;: 500&nbsp;pi\u00e8ces<\/div>\n<\/p><\/div>\n","protected":false},"featured_media":7093,"comment_status":"closed","ping_status":"closed","template":"","meta":[],"product_cat":[134],"product_tag":[],"class_list":["post-12988","product","type-product","status-publish","has-post-thumbnail","hentry","product_cat-tasse-a-ventouses"],"_links":{"self":[{"href":"https:\/\/anbanjia.com.cn\/fr\/wp-json\/wp\/v2\/product\/12988","targetHints":{"allow":["GET"]}}],"collection":[{"href":"https:\/\/anbanjia.com.cn\/fr\/wp-json\/wp\/v2\/product"}],"about":[{"href":"https:\/\/anbanjia.com.cn\/fr\/wp-json\/wp\/v2\/types\/product"}],"replies":[{"embeddable":true,"href":"https:\/\/anbanjia.com.cn\/fr\/wp-json\/wp\/v2\/comments?post=12988"}],"wp:featuredmedia":[{"embeddable":true,"href":"https:\/\/anbanjia.com.cn\/fr\/wp-json\/wp\/v2\/media\/7093"}],"wp:attachment":[{"href":"https:\/\/anbanjia.com.cn\/fr\/wp-json\/wp\/v2\/media?parent=12988"}],"wp:term":[{"taxonomy":"product_cat","embeddable":true,"href":"https:\/\/anbanjia.com.cn\/fr\/wp-json\/wp\/v2\/product_cat?post=12988"},{"taxonomy":"product_tag","embeddable":true,"href":"https:\/\/anbanjia.com.cn\/fr\/wp-json\/wp\/v2\/product_tag?post=12988"}],"curies":[{"name":"wp","href":"https:\/\/api.w.org\/{rel}","templated":true}]}}