{"id":12986,"date":"2022-05-02T18:03:10","date_gmt":"2022-05-02T18:03:10","guid":{"rendered":"https:\/\/www.anbanjia.com.cn\/product\/grosses-soldes-36v-350w-500w-e-wheelchair-tractor-kit-de-convention-pour-fauteuil-roulant-electrique-fixation-handbike-kit\/"},"modified":"2022-05-02T18:03:10","modified_gmt":"2022-05-02T18:03:10","slug":"vente-chaude-36v-350w-500w-e-fauteuil-roulant-tracteur-fauteuil-roulant-electrique-convention-kit-attache-handcycle-kit","status":"publish","type":"product","link":"https:\/\/anbanjia.com.cn\/fr\/produit\/vente-chaude-36v-350w-500w-e-fauteuil-roulant-tracteur-fauteuil-roulant-electrique-convention-kit-attache-handcycle-kit\/","title":{"rendered":"Grosses soldes! 36V 350W \/ 500W e-Wheelchair Tractor Kit de convention pour fauteuil roulant \u00e9lectrique Fixation Handbike kit"},"content":{"rendered":"<div style=\"max-width: 750px; margin: 0 auto;\">\n<p><strong><span style=\"font-size: 24px; font-family: 'comic sans ms', sans-serif;\">Le plus r\u00e9cent 36V 350W 12 pouces Suspension Fourche \u00c9lectrique Fauteuil Roulant Tracteur Attachement Handbike Handbike DIY Kits de Conversion et 36V 8.8AH Thunder Type Lithium ion Batterie avec Chargeur 2A<\/span><\/strong><\/p>\n<div id=\"ali-anchor-AliPostDhMb-104l7\" class=\"mceSectionContainer\" style=\"padding-top: 8px;\" data-section=\"AliPostDhMb-104l7\" data-section-title=\"Product Description\">\n<div id=\"ali-title-AliPostDhMb-104l7\" style=\"padding: 8px 0; border-bottom: 1px solid #ddd;\"><span style=\"background-color: #ddd; color: #333; font-weight: bold; padding: 8px 10px; line-height: 12px;\">Description du produit<\/span><\/div>\n<div style=\"padding: 10px 0;\">\n<p> <span style=\"font-family: Calibri, 'zapf dingbats'; font-size: 24px;\">Mat\u00e9riau du cadre : cadre en alliage d&rsquo;aluminium<\/span><br \/>\n<span style=\"font-family: Calibri, 'zapf dingbats'; font-size: 24px;\">Moteur : 36V 350W en moteur roue<\/span><br \/>\n<span style=\"font-family: Calibri, 'zapf dingbats'; font-size: 24px;\">Batterie : type tonnerre 36V 8.8AH<\/span><br \/>\n<span style=\"font-family: Calibri, 'zapf dingbats'; font-size: 24px;\">Contr\u00f4leur&nbsp;: contr\u00f4leur intelligent<\/span><br \/>\n<span style=\"font-family: Calibri, 'zapf dingbats'; font-size: 24px;\">Chargeur : AC 100V-240V, chargeur intelligent 2 amp\u00e8res<\/span><br \/>\n<span style=\"font-family: Calibri, 'zapf dingbats'; font-size: 24px;\">Pneu : KENDA 12\u00bd*1.75*2\u00bc<\/span><br \/>\n<span style=\"font-family: Calibri, 'zapf dingbats'; font-size: 24px;\">Limite de vitesse&nbsp;: 15-18&nbsp;km\/h<\/span><br \/>\n<span style=\"font-family: Calibri, 'zapf dingbats'; font-size: 24px;\">Frein : frein \u00e0 disque, frein \u00e0 main<\/span><br \/>\n<span style=\"font-family: Calibri, 'zapf dingbats'; font-size: 24px;\">Lumi\u00e8re&nbsp;: lumi\u00e8re LED avant avec klaxon<\/span><br \/>\n<span style=\"font-family: Calibri, 'zapf dingbats'; font-size: 24px;\">Affichage&nbsp;: \u00e9cran LCD005<\/span><br \/>\n<span style=\"font-family: Calibri, 'zapf dingbats'; font-size: 24px;\">Acc\u00e9l\u00e9rateur&nbsp;: acc\u00e9l\u00e9rateur \u00e0 demi-tour<\/span><\/p>\n<p><strong><span style=\"font-family: Calibri, 'zapf dingbats'; font-size: 24px; color: #ff0000;\">* Si vous avez besoin d&rsquo;un mod\u00e8le plus puissant, vous pouvez contacter le vendeur pour v\u00e9rifier.<\/span><\/strong><\/p>\n<p><img decoding=\"async\" style=\"max-width: 750;\" src=\"https:\/\/anbanjia.com.cn\/wp-content\/uploads\/2022\/05\/H55a9ea2d4bbb488ea71287951712930aB.png\" data-alt=\"Hot sale! 36V 350W\/500W e-Wheelchair Tractor Electric wheelchair convention kit Attachment Handcycle kit\" data-src=\"\"><img decoding=\"async\" src=\"https:\/\/anbanjia.com.cn\/wp-content\/uploads\/2022\/05\/H5956f4c8da88410abc86277fcce5dd7e5.jpg\" data-alt=\"Hot sale! 36V 350W\/500W e-Wheelchair Tractor Electric wheelchair convention kit Attachment Handcycle kit\" data-src=\"\"><img decoding=\"async\" src=\"https:\/\/anbanjia.com.cn\/wp-content\/uploads\/2022\/05\/H137c3e7e8d794cf1961241c365b53514h.jpg\" data-alt=\"Hot sale! 36V 350W\/500W e-Wheelchair Tractor Electric wheelchair convention kit Attachment Handcycle kit\" data-src=\"\"><img decoding=\"async\" src=\"https:\/\/anbanjia.com.cn\/wp-content\/uploads\/2022\/05\/Hadef36fe57834319a1b8ae1aa8676788x.jpg\" data-alt=\"Hot sale! 36V 350W\/500W e-Wheelchair Tractor Electric wheelchair convention kit Attachment Handcycle kit\" data-src=\"\"><img decoding=\"async\" src=\"https:\/\/anbanjia.com.cn\/wp-content\/uploads\/2022\/05\/Hcf7e3252e89748269390d3804f9d43f4m.jpg\" data-alt=\"Hot sale! 36V 350W\/500W e-Wheelchair Tractor Electric wheelchair convention kit Attachment Handcycle kit\" data-src=\"\"><img decoding=\"async\" src=\"https:\/\/anbanjia.com.cn\/wp-content\/uploads\/2022\/05\/H1c8ffa30fb72430c948478864f2d6cd2o.jpg\" data-alt=\"Hot sale! 36V 350W\/500W e-Wheelchair Tractor Electric wheelchair convention kit Attachment Handcycle kit\" data-src=\"\"><img decoding=\"async\" src=\"https:\/\/anbanjia.com.cn\/wp-content\/uploads\/2022\/05\/H935c47a9b6bf49d89d2ef95e0c798afec.jpg\" data-alt=\"Hot sale! 36V 350W\/500W e-Wheelchair Tractor Electric wheelchair convention kit Attachment Handcycle kit\" data-src=\"\"><img decoding=\"async\" src=\"https:\/\/anbanjia.com.cn\/wp-content\/uploads\/2022\/05\/H940282dbd9b64882a995b30e97b83ce6S.jpg\" data-alt=\"Hot sale! 36V 350W\/500W e-Wheelchair Tractor Electric wheelchair convention kit Attachment Handcycle kit\" data-src=\"\"><img decoding=\"async\" src=\"https:\/\/anbanjia.com.cn\/wp-content\/uploads\/2022\/05\/Hc56dc219c016426f9007e7d7a80f7c6dz.jpg\" data-alt=\"Hot sale! 36V 350W\/500W e-Wheelchair Tractor Electric wheelchair convention kit Attachment Handcycle kit\" data-src=\"\"><img decoding=\"async\" src=\"https:\/\/anbanjia.com.cn\/wp-content\/uploads\/2022\/05\/H137c3e7e8d794cf1961241c365b53514h.jpg\" data-alt=\"Hot sale! 36V 350W\/500W e-Wheelchair Tractor Electric wheelchair convention kit Attachment Handcycle kit\" data-src=\"\"><img decoding=\"async\" src=\"https:\/\/anbanjia.com.cn\/wp-content\/uploads\/2022\/05\/Hadef36fe57834319a1b8ae1aa8676788x.jpg\" data-alt=\"Hot sale! 36V 350W\/500W e-Wheelchair Tractor Electric wheelchair convention kit Attachment Handcycle kit\" data-src=\"\"><\/p>\n<\/div>\n<\/div>\n<div id=\"ali-anchor-AliPostDhMb-kl2bh\" class=\"mceSectionContainer\" style=\"padding-top: 8px;\" data-section=\"AliPostDhMb-kl2bh\" data-section-title=\"Contact information\">\n<div id=\"ali-title-AliPostDhMb-kl2bh\" style=\"padding: 8px 0; border-bottom: 1px solid #ddd;\"><span style=\"background-color: #ddd; color: #333; font-weight: bold; padding: 8px 10px; line-height: 12px;\">Informations de contact<\/span><\/div>\n<div style=\"padding: 10px 0;\">\n<p><img decoding=\"async\" src=\"https:\/\/anbanjia.com.cn\/wp-content\/uploads\/2022\/05\/H10fdde19478c4022952b6ef21b37e97bx.jpg\" data-alt=\"Hot sale! 36V 350W\/500W e-Wheelchair Tractor Electric wheelchair convention kit Attachment Handcycle kit\" data-src=\"\"><\/p>\n<\/div>\n<\/div>\n<div id=\"ali-anchor-AliPostDhMb-b1tjz\" class=\"mceSectionContainer\" style=\"padding-top: 8px;\" data-section=\"AliPostDhMb-b1tjz\" data-section-title=\"Shipping and payment\">\n<div id=\"ali-title-AliPostDhMb-b1tjz\" style=\"padding: 8px 0; border-bottom: 1px solid #ddd;\"><span style=\"background-color: #ddd; color: #333; font-weight: bold; padding: 8px 10px; line-height: 12px;\">Exp\u00e9dition et paiement<\/span><\/div>\n<div style=\"padding: 10px 0;\">\n<p><img decoding=\"async\" src=\"https:\/\/anbanjia.com.cn\/wp-content\/uploads\/2022\/05\/HTB1dO4eSFXXXXX8XVXXq6xXFXXXe.jpg\" data-alt=\"Hot sale! 36V 350W\/500W e-Wheelchair Tractor Electric wheelchair convention kit Attachment Handcycle kit\" data-src=\"\"><\/p>\n<\/div>\n<\/div>\n<div id=\"ali-anchor-AliPostDhMb-yfenf\" class=\"mceSectionContainer\" style=\"padding-top: 8px;\" data-section=\"AliPostDhMb-yfenf\" data-section-title=\"certificate 444\">\n<div id=\"ali-title-AliPostDhMb-yfenf\" style=\"padding: 8px 0; border-bottom: 1px solid #ddd;\"><span style=\"background-color: #ddd; color: #333; font-weight: bold; padding: 8px 10px; line-height: 12px;\">certificat 444<\/span><\/div>\n<div style=\"padding: 10px 0;\">\n<p><img decoding=\"async\" src=\"https:\/\/anbanjia.com.cn\/wp-content\/uploads\/2022\/05\/HTB1dCJESFXXXXa5XXXXq6xXFXXXO.jpg\" data-alt=\"Hot sale! 36V 350W\/500W e-Wheelchair Tractor Electric wheelchair convention kit Attachment Handcycle kit\" data-src=\"\"><\/p>\n<\/div>\n<\/div>\n<div id=\"ali-anchor-AliPostDhMb-wj35h\" class=\"mceSectionContainer\" style=\"padding-top: 8px;\" data-section=\"AliPostDhMb-wj35h\" data-section-title=\"Company Information\">\n<div id=\"ali-title-AliPostDhMb-wj35h\" style=\"padding: 8px 0; border-bottom: 1px solid #ddd;\"><span style=\"background-color: #ddd; color: #333; font-weight: bold; padding: 8px 10px; line-height: 12px;\">Informations sur la soci\u00e9t\u00e9<\/span><\/div>\n<div style=\"padding: 10px 0;\">\n<p><img decoding=\"async\" src=\"https:\/\/anbanjia.com.cn\/wp-content\/uploads\/2022\/05\/Ha43def8a2df44eac925e2c3ab5a1b97b2.jpg\" data-alt=\"Hot sale! 36V 350W\/500W e-Wheelchair Tractor Electric wheelchair convention kit Attachment Handcycle kit\" data-src=\"\"><\/p>\n<\/div>\n<\/div>\n<\/div>\n","protected":false},"excerpt":{"rendered":"<p>&nbsp;<\/p>\n<div style=\"width: auto;\">\n<div style=\"min-width: 300px; max-width: 300px; word-wrap: break-word; float: left;\">Propri\u00e9t\u00e9s : fournitures de th\u00e9rapie de r\u00e9adaptation.<\/div>\n<div style=\"min-width: 300px; max-width: 300px; word-wrap: break-word; float: left;\">Lieu d&rsquo;origine : Chine<\/div>\n<\/div>\n<div style=\"width: auto;\">\n<div style=\"min-width: 300px; max-width: 300px; word-wrap: break-word; float: left;\">Type: Trottinettes Handicap\u00e9es<\/div>\n<div style=\"min-width: 300px; max-width: 300px; word-wrap: break-word; float: left;\">Mat\u00e9riau du cadre : alliage d&rsquo;aluminium<\/div>\n<\/div>\n<div style=\"width: auto;\">\n<div style=\"min-width: 300px; max-width: 300px; word-wrap: break-word; float: left;\">Moteur : 36V 350W<\/div>\n<div style=\"min-width: 300px; max-width: 300px; word-wrap: break-word; float: left;\">Vitesse MAX&nbsp;: 10&nbsp;km\/h<\/div>\n<\/div>\n<div style=\"width: auto;\">\n<div style=\"min-width: 300px; max-width: 300px; word-wrap: break-word; float: left;\">Batterie&nbsp;: 36&nbsp;V 8,8&nbsp;Ah<\/div>\n<div style=\"min-width: 300px; max-width: 300px; word-wrap: break-word; float: left;\">Acc\u00e9l\u00e9rateur&nbsp;: acc\u00e9l\u00e9rateur \u00e0 demi-tour<\/div>\n<\/div>\n<div style=\"width: auto;\">\n<div style=\"min-width: 300px; max-width: 300px; word-wrap: break-word; float: left;\">Paquet:70*38*23cm, 20kg<\/div>\n<div style=\"min-width: 300px; max-width: 300px; word-wrap: break-word; float: left;\">Frein&nbsp;: frein \u00e0 disque<\/div>\n<\/div>\n<div style=\"width: auto;\">\n<div style=\"min-width: 300px; max-width: 300px; word-wrap: break-word; float: left;\">Fonction : alimentation en fauteuil roulant.<\/div>\n<div style=\"min-width: 300px; max-width: 300px; word-wrap: break-word; float: left;\">Affichage&nbsp;: \u00e9cran LCD005<\/div>\n<\/div>\n","protected":false},"featured_media":12779,"comment_status":"closed","ping_status":"closed","template":"","meta":[],"product_cat":[128],"product_tag":[],"class_list":["post-12986","product","type-product","status-publish","has-post-thumbnail","hentry","product_cat-fauteuil-roulant-electrique"],"_links":{"self":[{"href":"https:\/\/anbanjia.com.cn\/fr\/wp-json\/wp\/v2\/product\/12986","targetHints":{"allow":["GET"]}}],"collection":[{"href":"https:\/\/anbanjia.com.cn\/fr\/wp-json\/wp\/v2\/product"}],"about":[{"href":"https:\/\/anbanjia.com.cn\/fr\/wp-json\/wp\/v2\/types\/product"}],"replies":[{"embeddable":true,"href":"https:\/\/anbanjia.com.cn\/fr\/wp-json\/wp\/v2\/comments?post=12986"}],"wp:featuredmedia":[{"embeddable":true,"href":"https:\/\/anbanjia.com.cn\/fr\/wp-json\/wp\/v2\/media\/12779"}],"wp:attachment":[{"href":"https:\/\/anbanjia.com.cn\/fr\/wp-json\/wp\/v2\/media?parent=12986"}],"wp:term":[{"taxonomy":"product_cat","embeddable":true,"href":"https:\/\/anbanjia.com.cn\/fr\/wp-json\/wp\/v2\/product_cat?post=12986"},{"taxonomy":"product_tag","embeddable":true,"href":"https:\/\/anbanjia.com.cn\/fr\/wp-json\/wp\/v2\/product_tag?post=12986"}],"curies":[{"name":"wp","href":"https:\/\/api.w.org\/{rel}","templated":true}]}}